{"id":394911,"date":"2024-10-27T11:55:20","date_gmt":"2024-10-27T10:55:20","guid":{"rendered":"https:\/\/www.redgrasscreative.com\/lampengarantie\/"},"modified":"2024-10-27T11:57:58","modified_gmt":"2024-10-27T10:57:58","slug":"lampengarantie","status":"publish","type":"page","link":"https:\/\/www.redgrasscreative.com\/de\/lampengarantie\/","title":{"rendered":"Lampengarantie"},"content":{"rendered":"\t\t<div data-elementor-type=\"wp-page\" data-elementor-id=\"394911\" class=\"elementor elementor-394911 elementor-350357\" data-elementor-post-type=\"page\">\n\t\t\t\t\t\t<section class=\"elementor-section elementor-top-section elementor-element elementor-element-ac52a28 elementor-section-boxed elementor-section-height-default elementor-section-height-default\" data-id=\"ac52a28\" data-element_type=\"section\" data-e-type=\"section\">\n\t\t\t\t\t\t<div class=\"elementor-container elementor-column-gap-default\">\n\t\t\t\t\t<div class=\"elementor-column elementor-col-100 elementor-top-column elementor-element elementor-element-c0b5c96\" data-id=\"c0b5c96\" data-element_type=\"column\" data-e-type=\"column\">\n\t\t\t<div class=\"elementor-widget-wrap elementor-element-populated\">\n\t\t\t\t\t\t<div class=\"elementor-element elementor-element-d3ceee3 elementor-widget elementor-widget-text-editor\" data-id=\"d3ceee3\" data-element_type=\"widget\" data-e-type=\"widget\" data-widget_type=\"text-editor.default\">\n\t\t\t\t<div class=\"elementor-widget-container\">\n\t\t\t\t\t\t\t\t\t<header class=\"entry-header\" style=\"box-sizing: inherit; color: #222222; font-family: -apple-system, system-ui, 'system-ui', 'Segoe UI', Helvetica, Arial, sans-serif, 'Apple Color Emoji', 'Segoe UI Emoji', 'Segoe UI Symbol'; font-size: 17px;\" aria-label=\"Content\">\n<h1 class=\"entry-title\" style=\"box-sizing: inherit;\">Redgrass Einj\u00e4hrige Eingeschr\u00e4nkte Garantie<\/h1>\n<\/header>\n<div class=\"entry-content\" style=\"box-sizing: inherit; counter-reset: footnotes 0; margin-top: 2em; color: #222222; font-family: -apple-system, system-ui, 'system-ui', 'Segoe UI', Helvetica, Arial, sans-serif, 'Apple Color Emoji', 'Segoe UI Emoji', 'Segoe UI Symbol'; font-size: 17px;\">\n<p style=\"box-sizing: inherit;\">Eine englische \u00dcbersetzung der Redgrass Einj\u00e4hrigen Eingeschr\u00e4nkten Garantie wird zur Bequemlichkeit und ist rechtlich nicht bindend am Ende dieses Dokuments bereitgestellt. Bitte beziehen Sie sich auf die franz\u00f6sischen Garantiebedingungen \u201eGarantie limit\u00e9e d\u2019un an Redgrass\u201c f\u00fcr die rechtlich bindende Version der Bedingungen: <\/p>\n<p style=\"box-sizing: inherit;\"><span style=\"box-sizing: inherit; font-weight: bold;\">Garantie limit\u00e9e d\u2019un an Redgrass.<\/span><\/p>\n<p style=\"box-sizing: inherit;\"><em style=\"box-sizing: inherit;\">Redgrass R9 Schreibtischlampe \u2013 Kickstarter<\/em><\/p>\n<p style=\"box-sizing: inherit;\"><em style=\"box-sizing: inherit;\">Dieses Dokument beschreibt die einj\u00e4hrige eingeschr\u00e4nkte Garantie, die von Redgrass SA \u2013 \u201eRedgrass\u201c f\u00fcr die Redgrass R9 Schreibtischlampe im Rahmen der Kickstarter-Kampagne angeboten wird.<\/em><\/p>\n<p style=\"box-sizing: inherit;\"><em style=\"box-sizing: inherit;\"><span style=\"box-sizing: inherit; font-weight: bold;\">Wie steht diese Garantie im Verh\u00e4ltnis zu den Verbraucherschutzgesetzen?<\/span><\/em><\/p>\n<p style=\"box-sizing: inherit;\"><em style=\"box-sizing: inherit;\">Bitte beachten Sie, dass diese eingeschr\u00e4nkte Garantie zus\u00e4tzlich zu allen Verbraucherschutzgesetzen gilt, die auf Ihre Situation anwendbar sein k\u00f6nnten. Sie beeintr\u00e4chtigt in keiner Weise die gesetzlichen Rechte, die Sie gegen\u00fcber Redgrass oder einer anderen Person haben. Diese Rechte k\u00f6nnen je nach Land variieren und bleiben durch diese Garantie unber\u00fchrt.  <\/em><\/p>\n<p style=\"box-sizing: inherit;\"><em style=\"box-sizing: inherit;\"><span style=\"box-sizing: inherit; font-weight: bold;\">Was deckt die Garantie ab?<\/span><\/em><\/p>\n<p style=\"box-sizing: inherit;\"><em style=\"box-sizing: inherit;\">Redgrass garantiert, dass die R9 Schreibtischlampe, die Sie w\u00e4hrend der Kickstarter-Kampagne oder den sp\u00e4ten Zusagen kaufen, bei normalem Gebrauch durch einen Verbraucher w\u00e4hrend der Garantiezeit frei von Material- oder Herstellungsfehlern ist, vorausgesetzt, Sie befolgen die unten aufgef\u00fchrten Bedingungen. Die Garantiezeit betr\u00e4gt ein (1) Jahr ab dem Kaufdatum durch den Endk\u00e4ufer. Sie muss von der Originalkaufquittung begleitet sein. Die Einheiten sind durch ihre Seriennummer der KS-Serie identifiziert. Wenn w\u00e4hrend dieser Garantiezeit Probleme mit der R9 Schreibtischlampe auftreten, entscheidet Redgrass, ob das Produkt repariert oder ersetzt wird. Alle im Rahmen dieser Garantie ausgetauschten Teile und ersetzten Redgrass-Produkte werden Eigentum von Redgrass.     <\/em><\/p>\n<p style=\"box-sizing: inherit;\"><em style=\"box-sizing: inherit;\"><span style=\"box-sizing: inherit; font-weight: bold;\">Was ist nicht durch die Garantie abgedeckt?<\/span><\/em><\/p>\n<p style=\"box-sizing: inherit;\"><em style=\"box-sizing: inherit;\">Diese Garantie gilt nicht:<\/em><\/p>\n<ul>\n<li style=\"box-sizing: inherit;\"><em style=\"box-sizing: inherit;\">f\u00fcr kosmetische Sch\u00e4den, einschlie\u00dflich, aber nicht beschr\u00e4nkt auf Kratzer, Dellen und gebrochenes Plastik, es sei denn, der Ausfall ist auf einen Material- oder Herstellungsfehler zur\u00fcckzuf\u00fchren;<\/em><\/li>\n<li style=\"box-sizing: inherit;\"><em style=\"box-sizing: inherit;\">f\u00fcr Sch\u00e4den, die durch einen Unfall, Missbrauch, unsachgem\u00e4\u00dfe Verwendung, Feuer, Erdbeben oder andere externe Ursachen verursacht wurden;<\/em><\/li>\n<li style=\"box-sizing: inherit;\"><em style=\"box-sizing: inherit;\">f\u00fcr Verbrauchsteile, wie z. B. Schutzbeschichtungen, die im Laufe der Zeit abnehmen sollen, es sei denn, der Ausfall ist auf einen Material- oder Herstellungsfehler zur\u00fcckzuf\u00fchren;<\/em><\/li>\n<li style=\"box-sizing: inherit;\"><em style=\"box-sizing: inherit;\">f\u00fcr Sch\u00e4den, die durch die Verwendung mit einem Drittkomponenten verursacht wurden;<\/em><\/li>\n<li style=\"box-sizing: inherit;\"><em style=\"box-sizing: inherit;\">f\u00fcr Sch\u00e4den, die durch die Verwendung des Redgrass R9 Produkts au\u00dferhalb der von Redgrass ver\u00f6ffentlichten Richtlinien verursacht wurden;<\/em><\/li>\n<li style=\"box-sizing: inherit;\"><em style=\"box-sizing: inherit;\">f\u00fcr Sch\u00e4den, die durch nicht autorisierte \u00c4nderungen und\/oder Reparaturen verursacht wurden;<\/em><\/li>\n<li style=\"box-sizing: inherit;\"><em style=\"box-sizing: inherit;\">f\u00fcr ein Redgrass-Produkt, das modifiziert wurde, um seine Funktionalit\u00e4t oder F\u00e4higkeiten ohne schriftliche Genehmigung von Redgrass zu ver\u00e4ndern;<\/em><\/li>\n<li style=\"box-sizing: inherit;\"><em style=\"box-sizing: inherit;\">f\u00fcr Sch\u00e4den, die durch normalen Verschlei\u00df oder anderweitig durch die normale Alterung des Redgrass-Produkts verursacht wurden;<\/em><\/li>\n<li style=\"box-sizing: inherit;\"><em style=\"box-sizing: inherit;\">wenn eine Seriennummer auf dem Redgrass-Produkt entfernt oder ver\u00e4ndert wurde;<\/em><\/li>\n<\/ul>\n<p style=\"box-sizing: inherit;\"><em style=\"box-sizing: inherit;\"><span style=\"box-sizing: inherit; font-weight: bold;\">Wie wird eine Garantieabwicklung durchgef\u00fchrt?<\/span><\/em><\/p>\n<p style=\"box-sizing: inherit;\"><em style=\"box-sizing: inherit;\">Bitte konsultieren Sie unsere FAQ- und Support-Seiten auf <a style=\"box-sizing: inherit; text-decoration-line: underline; color: var(--accent);\" href=\"http:\/\/www.redgrasscreative.com\/\">www.redgrasscreative.com<\/a>, bevor Sie einen Garantieanspruch stellen. Wenn Ihr Problem nicht gel\u00f6st wird, verwenden Sie bitte die Kontaktformulare in unserem FAQ- und Support-Bereich, um Redgrass zu kontaktieren und Unterst\u00fctzung zu erhalten. <\/em><\/p>\n<p style=\"box-sizing: inherit;\"><em style=\"box-sizing: inherit;\"><span style=\"box-sizing: inherit; font-weight: bold;\">Garantie-Service-Optionen:<\/span><\/em><\/p>\n<p style=\"box-sizing: inherit;\"><em style=\"box-sizing: inherit;\">Wenn der Garantieanspruch g\u00fcltig ist, wird Redgrass den Garantie-Service nach einer der folgenden Optionen bereitstellen:<\/em><\/p>\n<p style=\"box-sizing: inherit;\"><em style=\"box-sizing: inherit;\">Do-it-yourself-Service<span style=\"box-sizing: inherit; font-weight: bold;\">:<\/span> Wenn Redgrass sich entscheidet, den Service \u00fcber die Option \u201eDo-it-yourself-Service\u201c anzubieten, wird Redgrass Ihnen ein Ersatzprodukt oder leicht austauschbare Teile oder Zubeh\u00f6rteile des Produkts zur Verf\u00fcgung stellen, die ohne Werkzeuge ausgetauscht werden k\u00f6nnen. Redgrass ist nicht verantwortlich f\u00fcr Arbeitskosten, die Ihnen im Zusammenhang mit der \u201eDo-it-yourself\u201c-Option entstehen k\u00f6nnten. <\/em><\/p>\n<p style=\"box-sizing: inherit;\"><em style=\"box-sizing: inherit;\">R\u00fcckgabe- und Reparatur-\/Ersatzservice: Wenn Redgrass sich entscheidet, den Service \u00fcber die R\u00fcckgabe- und Reparatur-\/Ersatzoption anzubieten, m\u00fcssen Sie Ihr Redgrass-Produkt an den angegebenen Serviceort senden. F\u00fcr das Vereinigte K\u00f6nigreich, die Vereinigten Staaten von Amerika und die Europ\u00e4ische Union erhalten Sie vorfrankierte Versandetiketten und Anweisungen, wie Sie Ihr Redgrass-Produkt richtig verpacken und adressieren. F\u00fcr den Rest der Welt m\u00fcssen Sie die Lampe mit Sendungsverfolgung und Versicherung an den angegebenen Serviceort zur\u00fccksenden. Nach Abschluss des Service wird Redgrass das Redgrass-Produkt an Ihre Adresse zur\u00fccksenden und alle anfallenden Versandkosten \u00fcbernehmen.   <\/em><\/p>\n<p style=\"box-sizing: inherit;\"><em style=\"box-sizing: inherit;\"><span style=\"box-sizing: inherit; font-weight: bold;\">Einschr\u00e4nkung der Garantie:<\/span><\/em><\/p>\n<p style=\"box-sizing: inherit;\"><em style=\"box-sizing: inherit;\">Mit Ausnahme der Ihnen gem\u00e4\u00df den Verbraucherschutzgesetzen gew\u00e4hrten Rechte, wie zu Beginn dieses Dokuments erw\u00e4hnt, deckt diese einj\u00e4hrige eingeschr\u00e4nkte Garantie von Redgrass nur die hier ausdr\u00fccklich genannten Garantien, Bedingungen und Bestimmungen ab.<\/em><\/p>\n<p style=\"box-sizing: inherit;\"><em style=\"box-sizing: inherit;\">Redgrass gibt keine zus\u00e4tzlichen Zusagen, Bedingungen oder Garantien in Bezug auf den Service. Redgrass haftet nicht f\u00fcr Sch\u00e4den, die nicht direkt von Redgrass verursacht wurden. F\u00fcr Unternehmer haftet Redgrass nicht f\u00fcr entgangene Gewinne oder Vorteile.  <\/em><\/p>\n<p style=\"box-sizing: inherit;\"><em style=\"box-sizing: inherit;\">Wenn ein Begriff nach dem Gesetz als illegal oder nicht durchsetzbar erachtet wird, wird er von der Garantie ausgeschlossen, aber die Legalit\u00e4t oder Durchsetzbarkeit der verbleibenden Begriffe bleibt unver\u00e4ndert.<\/em><\/p>\n<p style=\"box-sizing: inherit;\"><span style=\"box-sizing: inherit; font-weight: bold;\">Englische \u00dcbersetzung \u2013 nicht verbindlich<\/span><\/p>\n<p style=\"box-sizing: inherit;\">Redgrass Einj\u00e4hrige Beschr\u00e4nkte Garantie \u2013 F\u00fcr Redgrass R9 Desk Lamp \u2013 Kickstarter<\/p>\n<p style=\"box-sizing: inherit;\"><em style=\"box-sizing: inherit;\">Dieses Dokument beschreibt die einj\u00e4hrige (1) beschr\u00e4nkte Garantie, die von Redgrass SA \u2013 \u201eRedgrass\u201c f\u00fcr die Redgrass R9 Desk Lamp gew\u00e4hrt wird.<\/em><\/p>\n<p style=\"box-sizing: inherit;\"><em style=\"box-sizing: inherit;\"><span style=\"box-sizing: inherit; font-weight: bold;\">Wie steht es im Zusammenhang mit Verbraucherschutzgesetzen?<\/span><\/em><\/p>\n<p style=\"box-sizing: inherit;\"><em style=\"box-sizing: inherit;\">Bitte beachten Sie, dass diese beschr\u00e4nkte Garantie zus\u00e4tzlich zu allen Verbraucherschutzgesetzen gilt, die f\u00fcr Sie anwendbar sein k\u00f6nnen. Sie beeintr\u00e4chtigt keine gesetzlichen Rechte, die Sie gegen Redgrass oder eine andere Person haben. Diese Rechte k\u00f6nnen je nach Land variieren und bleiben von dieser Garantie unber\u00fchrt.  <\/em><\/p>\n<p style=\"box-sizing: inherit;\"><span style=\"box-sizing: inherit; font-weight: bold;\"><em style=\"box-sizing: inherit;\">Was wird von der Garantie abgedeckt?<\/em><\/span><\/p>\n<p style=\"box-sizing: inherit;\"><em style=\"box-sizing: inherit;\">Redgrass garantiert, dass die R9 Desk Lamp, die Sie w\u00e4hrend der Kickstarter-Kampagne oder bei sp\u00e4teren Zusagen kaufen, w\u00e4hrend der Garantiezeit bei normalem Verbrauch frei von Material- oder Verarbeitungsfehlern ist, sofern Sie die unten aufgef\u00fchrten Bedingungen einhalten. Die Garantiezeit betr\u00e4gt ein (1) Jahr ab dem Kaufdatum durch den Endverbraucher. Sie muss von der Originalkaufquittung begleitet sein. Die Einheiten sind durch ihre KS-Serienkennung identifizierbar. Wenn w\u00e4hrend dieser Garantiezeit Probleme mit der R9 Desk Lamp auftreten, entscheidet Redgrass, ob das Produkt repariert oder ersetzt wird, wie es als angemessen erachtet wird. Alle ausgetauschten Teile und unter dieser Garantie ersetzten Redgrass-Produkte gehen in das Eigentum von Redgrass \u00fcber.     <\/em><\/p>\n<p style=\"box-sizing: inherit;\"><span style=\"box-sizing: inherit; font-weight: bold;\"><em style=\"box-sizing: inherit;\">Was wird von der Garantie nicht abgedeckt?<\/em><\/span><\/p>\n<p style=\"box-sizing: inherit;\">Diese Garantie gilt nicht:<\/p>\n<ul>\n<li style=\"box-sizing: inherit;\"><em style=\"box-sizing: inherit;\">f\u00fcr kosmetische Sch\u00e4den, einschlie\u00dflich, aber nicht beschr\u00e4nkt auf Kratzer, Dellen und gebrochenes Plastik, es sei denn, der Ausfall ist auf einen Material- oder Verarbeitungsfehler zur\u00fcckzuf\u00fchren;<\/em><\/li>\n<li style=\"box-sizing: inherit;\"><em style=\"box-sizing: inherit;\">f\u00fcr Sch\u00e4den, die durch Unfall, Missbrauch, unsachgem\u00e4\u00dfe Verwendung, Feuer, Erdbeben oder andere \u00e4u\u00dfere Ursachen verursacht wurden;<\/em><\/li>\n<li style=\"box-sizing: inherit;\"><em style=\"box-sizing: inherit;\">f\u00fcr Verbrauchsteile, wie Schutzbeschichtungen, die dazu bestimmt sind, im Laufe der Zeit abzunutzen, es sei denn, der Ausfall ist auf einen Material- oder Verarbeitungsfehler zur\u00fcckzuf\u00fchren;<\/em><\/li>\n<li style=\"box-sizing: inherit;\"><em style=\"box-sizing: inherit;\">f\u00fcr Sch\u00e4den, die durch die Verwendung mit einer Komponente eines Drittanbieters verursacht wurden;<\/em><\/li>\n<li style=\"box-sizing: inherit;\"><em style=\"box-sizing: inherit;\">f\u00fcr Sch\u00e4den, die durch den Betrieb des Redgrass R9 Produkts au\u00dferhalb der von Redgrass ver\u00f6ffentlichten Richtlinien verursacht wurden;<\/em><\/li>\n<li style=\"box-sizing: inherit;\"><em style=\"box-sizing: inherit;\">f\u00fcr Sch\u00e4den, die verursacht werden, wenn unbefugte Personen \u00c4nderungen und\/oder Reparaturen vornehmen;<\/em><\/li>\n<li style=\"box-sizing: inherit;\"><em style=\"box-sizing: inherit;\">f\u00fcr ein Redgrass-Produkt, das ohne schriftliche Genehmigung von Redgrass modifiziert wurde, um die Funktionalit\u00e4t oder F\u00e4higkeit zu \u00e4ndern;<\/em><\/li>\n<li style=\"box-sizing: inherit;\"><em style=\"box-sizing: inherit;\">f\u00fcr Sch\u00e4den, die durch normalen Verschlei\u00df oder anderweitig durch das normale Altern des Redgrass-Produkts verursacht wurden;<\/em><\/li>\n<li style=\"box-sizing: inherit;\"><em style=\"box-sizing: inherit;\">wenn eine Seriennummer vom Redgrass-Produkt entfernt oder unkenntlich gemacht wurde;<\/em><\/li>\n<\/ul>\n<p style=\"box-sizing: inherit;\"><span style=\"box-sizing: inherit; font-weight: bold;\"><em style=\"box-sizing: inherit;\">Wie erh\u00e4lt man Garantieservice?<\/em><\/span><\/p>\n<p style=\"box-sizing: inherit;\"><em style=\"box-sizing: inherit;\">Bitte greifen Sie auf unsere FAQ- und Support-Seiten auf <a style=\"box-sizing: inherit; text-decoration-line: underline; color: var(--accent);\" href=\"http:\/\/www.redgrasscreative.com\/\">www.redgrasscreative.com<\/a> zu und \u00fcberpr\u00fcfen Sie diese, bevor Sie Garantieservice in Anspruch nehmen.<\/em><\/p>\n<p style=\"box-sizing: inherit;\"><em style=\"box-sizing: inherit;\">Falls Ihr Problem nicht gel\u00f6st wird, verwenden Sie bitte die Kontaktformulare in unserem FAQ- und Support-Bereich, um Redgrass um Unterst\u00fctzung zu bitten.<\/em><\/p>\n<p style=\"box-sizing: inherit;\"><span style=\"box-sizing: inherit; font-weight: bold;\"><em style=\"box-sizing: inherit;\">Garantieservice-Optionen:<\/em><\/span><\/p>\n<p style=\"box-sizing: inherit;\"><em style=\"box-sizing: inherit;\">Wenn der Garantieantrag g\u00fcltig ist, wird Redgrass den Garantieservice durch eine der folgenden Optionen bereitstellen:<\/em><\/p>\n<p style=\"box-sizing: inherit;\"><em style=\"box-sizing: inherit;\"> <span style=\"box-sizing: inherit; font-weight: bold;\">Do-it-yourself-Service: <\/span>Wenn Redgrass sich entscheidet, den Service \u00fcber die Do-it-yourself-Service-Option anzubieten, wird Redgrass Ihnen ein Ersatzprodukt oder leicht austauschbare Teile oder Zubeh\u00f6rteile des Produkts zur Verf\u00fcgung stellen, die ohne Werkzeuge ausgetauscht werden k\u00f6nnen. Redgrass haftet nicht f\u00fcr Arbeitskosten, die Ihnen im Zusammenhang mit der Do-it-yourself-Service-Option entstehen.  <\/em><\/p>\n<p style=\"box-sizing: inherit;\"><em style=\"box-sizing: inherit;\"><span style=\"box-sizing: inherit; font-weight: bold;\">R\u00fcckgabe- und Reparatur-\/Ersatzservice:<\/span> Wenn Redgrass sich entscheidet, den Service \u00fcber die R\u00fcckgabe- und Reparatur-\/Ersatzoption anzubieten, m\u00fcssen Sie Ihr Redgrass-Produkt an den angegebenen Serviceort senden. F\u00fcr das Vereinigte K\u00f6nigreich, die Vereinigten Staaten von Amerika und die Europ\u00e4ische Union erhalten Sie vorausbezahlte Frachtbriefe und Anweisungen, wie Sie Ihr Redgrass-Produkt richtig verpacken und adressieren. F\u00fcr den Rest der Welt m\u00fcssen Sie die Lampe mit Sendungsverfolgung und Versicherung an den angegebenen Serviceort zur\u00fccksenden. Sobald der Service abgeschlossen ist, wird Redgrass das Redgrass-Produkt an Ihre Adresse zur\u00fccksenden und die anfallenden Versandkosten \u00fcbernehmen.   <\/em><\/p>\n<p style=\"box-sizing: inherit;\"><span style=\"box-sizing: inherit; font-weight: bold;\"><em style=\"box-sizing: inherit;\">Beschr\u00e4nkung der Garantie:<\/em><\/span><\/p>\n<p style=\"box-sizing: inherit;\"><em style=\"box-sizing: inherit;\">Mit Ausnahme der Ihnen gem\u00e4\u00df den Verbraucherschutzgesetzen gew\u00e4hrten Rechte, wie zu Beginn dieses Dokuments erw\u00e4hnt, deckt diese einj\u00e4hrige beschr\u00e4nkte Garantie von Redgrass nur die hier ausdr\u00fccklich genannten Garantien, Bedingungen und Bestimmungen ab. Redgrass gibt keine zus\u00e4tzlichen Zusagen, Bedingungen oder Garantien bez\u00fcglich des Services. <\/em><\/p>\n<p style=\"box-sizing: inherit;\"><em style=\"box-sizing: inherit;\">Redgrass haftet nicht f\u00fcr Sch\u00e4den, die nicht direkt von Redgrass verursacht wurden. F\u00fcr Unternehmer haftet Redgrass nicht f\u00fcr entgangene Gewinne oder Vorteile. <\/em><\/p>\n<p style=\"box-sizing: inherit;\"><em style=\"box-sizing: inherit;\">Wenn ein Begriff als illegal oder nicht durchsetzbar erachtet wird, wird er von der Garantie ausgeschlossen, aber die Legalit\u00e4t oder Durchsetzbarkeit der verbleibenden Begriffe bleibt unver\u00e4ndert.<\/em><\/p>\n<\/div>\n\t\t\t\t\t\t\t\t<\/div>\n\t\t\t\t<\/div>\n\t\t\t\t\t<\/div>\n\t\t<\/div>\n\t\t\t\t\t<\/div>\n\t\t<\/section>\n\t\t\t\t<\/div>\n\t\t","protected":false},"excerpt":{"rendered":"<p>Redgrass Einj\u00e4hrige Eingeschr\u00e4nkte Garantie Eine englische \u00dcbersetzung der Redgrass Einj\u00e4hrigen Eingeschr\u00e4nkten Garantie wird zur Bequemlichkeit und ist rechtlich nicht bindend am Ende dieses Dokuments bereitgestellt. Bitte beziehen Sie sich auf die franz\u00f6sischen Garantiebedingungen \u201eGarantie limit\u00e9e d\u2019un an Redgrass\u201c f\u00fcr die rechtlich bindende Version der Bedingungen: Garantie limit\u00e9e d\u2019un an Redgrass. Redgrass R9 Schreibtischlampe \u2013 Kickstarter [&hellip;]<\/p>\n","protected":false},"author":2,"featured_media":0,"parent":0,"menu_order":0,"comment_status":"closed","ping_status":"closed","template":"","meta":{"_acf_changed":false,"footnotes":""},"class_list":["post-394911","page","type-page","status-publish","hentry"],"acf":[],"_links":{"self":[{"href":"https:\/\/www.redgrasscreative.com\/de\/wp-json\/wp\/v2\/pages\/394911","targetHints":{"allow":["GET"]}}],"collection":[{"href":"https:\/\/www.redgrasscreative.com\/de\/wp-json\/wp\/v2\/pages"}],"about":[{"href":"https:\/\/www.redgrasscreative.com\/de\/wp-json\/wp\/v2\/types\/page"}],"author":[{"embeddable":true,"href":"https:\/\/www.redgrasscreative.com\/de\/wp-json\/wp\/v2\/users\/2"}],"replies":[{"embeddable":true,"href":"https:\/\/www.redgrasscreative.com\/de\/wp-json\/wp\/v2\/comments?post=394911"}],"version-history":[{"count":2,"href":"https:\/\/www.redgrasscreative.com\/de\/wp-json\/wp\/v2\/pages\/394911\/revisions"}],"predecessor-version":[{"id":395518,"href":"https:\/\/www.redgrasscreative.com\/de\/wp-json\/wp\/v2\/pages\/394911\/revisions\/395518"}],"wp:attachment":[{"href":"https:\/\/www.redgrasscreative.com\/de\/wp-json\/wp\/v2\/media?parent=394911"}],"curies":[{"name":"wp","href":"https:\/\/api.w.org\/{rel}","templated":true}]}}