{"id":394934,"date":"2024-10-27T11:55:25","date_gmt":"2024-10-27T10:55:25","guid":{"rendered":"https:\/\/www.redgrasscreative.com\/light-learning-center\/"},"modified":"2024-10-27T11:55:29","modified_gmt":"2024-10-27T10:55:29","slug":"light-learning-center","status":"publish","type":"page","link":"https:\/\/www.redgrasscreative.com\/de\/light-learning-center\/","title":{"rendered":"Light Learning Center\u200b"},"content":{"rendered":"\t\t<div data-elementor-type=\"wp-page\" data-elementor-id=\"394934\" class=\"elementor elementor-394934 elementor-343152\" data-elementor-post-type=\"page\">\n\t\t\t\t\t\t<section class=\"elementor-section elementor-top-section elementor-element elementor-element-44887633 elementor-section-boxed elementor-section-height-default elementor-section-height-default\" data-id=\"44887633\" data-element_type=\"section\" data-e-type=\"section\">\n\t\t\t\t\t\t<div class=\"elementor-container elementor-column-gap-default\">\n\t\t\t\t\t<div class=\"elementor-column elementor-col-100 elementor-top-column elementor-element elementor-element-3784dd0c\" data-id=\"3784dd0c\" data-element_type=\"column\" data-e-type=\"column\">\n\t\t\t<div class=\"elementor-widget-wrap elementor-element-populated\">\n\t\t\t\t\t\t\t<\/div>\n\t\t<\/div>\n\t\t\t\t\t<\/div>\n\t\t<\/section>\n\t\t\t\t<section class=\"elementor-section elementor-top-section elementor-element elementor-element-386c63c9 elementor-section-stretched elementor-section-boxed elementor-section-height-default elementor-section-height-default\" data-id=\"386c63c9\" data-element_type=\"section\" data-e-type=\"section\" data-settings=\"{&quot;stretch_section&quot;:&quot;section-stretched&quot;}\">\n\t\t\t\t\t\t<div class=\"elementor-container elementor-column-gap-default\">\n\t\t\t\t\t<div class=\"elementor-column elementor-col-100 elementor-top-column elementor-element elementor-element-7aea650b\" data-id=\"7aea650b\" data-element_type=\"column\" data-e-type=\"column\">\n\t\t\t<div class=\"elementor-widget-wrap elementor-element-populated\">\n\t\t\t\t\t\t<div class=\"elementor-element elementor-element-66e34491 elementor-widget elementor-widget-image\" data-id=\"66e34491\" data-element_type=\"widget\" data-e-type=\"widget\" data-widget_type=\"image.default\">\n\t\t\t\t<div class=\"elementor-widget-container\">\n\t\t\t\t\t\t\t\t\t\t\t\t\t\t\t<img fetchpriority=\"high\" decoding=\"async\" width=\"1920\" height=\"250\" src=\"https:\/\/www.redgrasscreative.com\/wp-content\/uploads\/2023\/11\/light-learning-center.jpg\" class=\"attachment-full size-full wp-image-394936\" alt=\"\" srcset=\"https:\/\/www.redgrasscreative.com\/wp-content\/uploads\/2023\/11\/light-learning-center.jpg 1920w, https:\/\/www.redgrasscreative.com\/wp-content\/uploads\/2023\/11\/light-learning-center-510x66.jpg 510w, https:\/\/www.redgrasscreative.com\/wp-content\/uploads\/2023\/11\/light-learning-center-150x20.jpg 150w, https:\/\/www.redgrasscreative.com\/wp-content\/uploads\/2023\/11\/light-learning-center-1440x188.jpg 1440w, https:\/\/www.redgrasscreative.com\/wp-content\/uploads\/2023\/11\/light-learning-center-330x43.jpg 330w, https:\/\/www.redgrasscreative.com\/wp-content\/uploads\/2023\/11\/light-learning-center-768x100.jpg 768w, https:\/\/www.redgrasscreative.com\/wp-content\/uploads\/2023\/11\/light-learning-center-1536x200.jpg 1536w, https:\/\/www.redgrasscreative.com\/wp-content\/uploads\/2023\/11\/light-learning-center-360x47.jpg 360w, https:\/\/www.redgrasscreative.com\/wp-content\/uploads\/2023\/11\/light-learning-center-60x8.jpg 60w, https:\/\/www.redgrasscreative.com\/wp-content\/uploads\/2023\/11\/light-learning-center-110x14.jpg 110w\" sizes=\"(max-width: 1920px) 100vw, 1920px\" \/>\t\t\t\t\t\t\t\t\t\t\t\t\t\t\t<\/div>\n\t\t\t\t<\/div>\n\t\t\t\t<div class=\"elementor-element elementor-element-2f18e34 elementor-nav-menu__align-center elementor-nav-menu__text-align-center elementor-nav-menu--dropdown-tablet elementor-widget elementor-widget-nav-menu\" data-id=\"2f18e34\" data-element_type=\"widget\" data-e-type=\"widget\" data-settings=\"{&quot;_animation_mobile&quot;:&quot;slideInDown&quot;,&quot;layout&quot;:&quot;horizontal&quot;,&quot;submenu_icon&quot;:{&quot;value&quot;:&quot;&lt;svg aria-hidden=\\&quot;true\\&quot; class=\\&quot;e-font-icon-svg e-fas-caret-down\\&quot; viewBox=\\&quot;0 0 320 512\\&quot; xmlns=\\&quot;http:\\\/\\\/www.w3.org\\\/2000\\\/svg\\&quot;&gt;&lt;path d=\\&quot;M31.3 192h257.3c17.8 0 26.7 21.5 14.1 34.1L174.1 354.8c-7.8 7.8-20.5 7.8-28.3 0L17.2 226.1C4.6 213.5 13.5 192 31.3 192z\\&quot;&gt;&lt;\\\/path&gt;&lt;\\\/svg&gt;&quot;,&quot;library&quot;:&quot;fa-solid&quot;}}\" data-widget_type=\"nav-menu.default\">\n\t\t\t\t<div class=\"elementor-widget-container\">\n\t\t\t\t\t\t\t\t<nav aria-label=\"Men\u00fc\" class=\"elementor-nav-menu--main elementor-nav-menu__container elementor-nav-menu--layout-horizontal e--pointer-underline e--animation-slide\">\n\t\t\t\t<ul id=\"menu-1-2f18e34\" class=\"elementor-nav-menu\"><li class=\"menu-item menu-item-type-custom menu-item-object-custom menu-item-has-children menu-item-396484\"><a href=\"https:\/\/www.redgrasscreative.com\/miniature-painting\/\" class=\"elementor-item\">Miniature Painting<\/a>\n<ul class=\"sub-menu elementor-nav-menu--dropdown\">\n\t<li class=\"menu-item menu-item-type-post_type menu-item-object-page menu-item-396485\"><a href=\"https:\/\/www.redgrasscreative.com\/de\/angel-giraldez\/\" class=\"elementor-sub-item\">Angel Giraldez<div class=\"icon-wrapper\"> <\/div><\/a><\/li>\n\t<li class=\"menu-item menu-item-type-post_type menu-item-object-page menu-item-396486\"><a href=\"https:\/\/www.redgrasscreative.com\/de\/miniaturmalerei-anfaenger-tipps\/\" class=\"elementor-sub-item\">Miniaturmalerei Anf\u00e4nger-Tipps<div class=\"icon-wrapper\"> <\/div><\/a><\/li>\n<\/ul>\n<\/li>\n<li class=\"menu-item menu-item-type-post_type menu-item-object-page menu-item-396483\"><a href=\"https:\/\/www.redgrasscreative.com\/de\/light-learning-center\/\" class=\"elementor-item\">Light Learning Center\u200b<div class=\"icon-wrapper\"> <\/div><\/a><\/li>\n<li class=\"menu-item menu-item-type-post_type menu-item-object-page menu-item-396487\"><a href=\"https:\/\/www.redgrasscreative.com\/de\/miniaturmalerei-leicht-gemacht\/\" class=\"elementor-item\">Miniaturmalerei leicht gemacht<div class=\"icon-wrapper\"> <\/div><\/a><\/li>\n<\/ul>\t\t\t<\/nav>\n\t\t\t\t\t\t<nav class=\"elementor-nav-menu--dropdown elementor-nav-menu__container\" aria-hidden=\"true\">\n\t\t\t\t<ul id=\"menu-2-2f18e34\" class=\"elementor-nav-menu\"><li class=\"menu-item menu-item-type-custom menu-item-object-custom menu-item-has-children menu-item-396484\"><a href=\"https:\/\/www.redgrasscreative.com\/miniature-painting\/\" class=\"elementor-item\" tabindex=\"-1\">Miniature Painting<\/a>\n<ul class=\"sub-menu elementor-nav-menu--dropdown\">\n\t<li class=\"menu-item menu-item-type-post_type menu-item-object-page menu-item-396485\"><a href=\"https:\/\/www.redgrasscreative.com\/de\/angel-giraldez\/\" class=\"elementor-sub-item\" tabindex=\"-1\">Angel Giraldez<div class=\"icon-wrapper\"> <\/div><\/a><\/li>\n\t<li class=\"menu-item menu-item-type-post_type menu-item-object-page menu-item-396486\"><a href=\"https:\/\/www.redgrasscreative.com\/de\/miniaturmalerei-anfaenger-tipps\/\" class=\"elementor-sub-item\" tabindex=\"-1\">Miniaturmalerei Anf\u00e4nger-Tipps<div class=\"icon-wrapper\"> <\/div><\/a><\/li>\n<\/ul>\n<\/li>\n<li class=\"menu-item menu-item-type-post_type menu-item-object-page menu-item-396483\"><a href=\"https:\/\/www.redgrasscreative.com\/de\/light-learning-center\/\" class=\"elementor-item\" tabindex=\"-1\">Light Learning Center\u200b<div class=\"icon-wrapper\"> <\/div><\/a><\/li>\n<li class=\"menu-item menu-item-type-post_type menu-item-object-page menu-item-396487\"><a href=\"https:\/\/www.redgrasscreative.com\/de\/miniaturmalerei-leicht-gemacht\/\" class=\"elementor-item\" tabindex=\"-1\">Miniaturmalerei leicht gemacht<div class=\"icon-wrapper\"> <\/div><\/a><\/li>\n<\/ul>\t\t\t<\/nav>\n\t\t\t\t\t\t<\/div>\n\t\t\t\t<\/div>\n\t\t\t\t<div class=\"elementor-element elementor-element-fa2a2c7 elementor-widget-divider--view-line elementor-widget elementor-widget-divider\" data-id=\"fa2a2c7\" data-element_type=\"widget\" data-e-type=\"widget\" data-widget_type=\"divider.default\">\n\t\t\t\t<div class=\"elementor-widget-container\">\n\t\t\t\t\t\t\t<div class=\"elementor-divider\">\n\t\t\t<span class=\"elementor-divider-separator\">\n\t\t\t\t\t\t<\/span>\n\t\t<\/div>\n\t\t\t\t\t\t<\/div>\n\t\t\t\t<\/div>\n\t\t\t\t\t<\/div>\n\t\t<\/div>\n\t\t\t\t\t<\/div>\n\t\t<\/section>\n\t\t\t\t<section class=\"elementor-section elementor-top-section elementor-element elementor-element-4e62c58c elementor-section-boxed elementor-section-height-default elementor-section-height-default\" data-id=\"4e62c58c\" data-element_type=\"section\" data-e-type=\"section\">\n\t\t\t\t\t\t<div class=\"elementor-container elementor-column-gap-default\">\n\t\t\t\t\t<div class=\"elementor-column elementor-col-100 elementor-top-column elementor-element elementor-element-5d265766\" data-id=\"5d265766\" data-element_type=\"column\" data-e-type=\"column\">\n\t\t\t<div class=\"elementor-widget-wrap elementor-element-populated\">\n\t\t\t\t\t\t<div class=\"elementor-element elementor-element-24da1641 elementor-grid-2 elementor-posts--align-center elementor-grid-tablet-2 elementor-grid-mobile-1 elementor-posts--thumbnail-top elementor-card-shadow-yes elementor-posts__hover-gradient elementor-widget elementor-widget-posts\" data-id=\"24da1641\" data-element_type=\"widget\" data-e-type=\"widget\" data-settings=\"{&quot;cards_columns&quot;:&quot;2&quot;,&quot;cards_masonry&quot;:&quot;yes&quot;,&quot;pagination_type&quot;:&quot;load_more_infinite_scroll&quot;,&quot;cards_columns_tablet&quot;:&quot;2&quot;,&quot;cards_columns_mobile&quot;:&quot;1&quot;,&quot;cards_row_gap&quot;:{&quot;unit&quot;:&quot;px&quot;,&quot;size&quot;:35,&quot;sizes&quot;:[]},&quot;cards_row_gap_tablet&quot;:{&quot;unit&quot;:&quot;px&quot;,&quot;size&quot;:&quot;&quot;,&quot;sizes&quot;:[]},&quot;cards_row_gap_mobile&quot;:{&quot;unit&quot;:&quot;px&quot;,&quot;size&quot;:&quot;&quot;,&quot;sizes&quot;:[]},&quot;load_more_spinner&quot;:{&quot;value&quot;:&quot;fas fa-spinner&quot;,&quot;library&quot;:&quot;fa-solid&quot;}}\" data-widget_type=\"posts.cards\">\n\t\t\t\t<div class=\"elementor-widget-container\">\n\t\t\t\t\t\t\t<div class=\"elementor-posts-container elementor-posts elementor-posts--skin-cards elementor-grid\" role=\"list\">\n\t\t\t\t<article class=\"elementor-post elementor-grid-item post-395468 page type-page status-publish has-post-thumbnail hentry\" role=\"listitem\">\n\t\t\t<div class=\"elementor-post__card\">\n\t\t\t\t<a class=\"elementor-post__thumbnail__link\" href=\"https:\/\/www.redgrasscreative.com\/de\/beste-beleuchtung-fuer-kunst-und-handwerk\/\" tabindex=\"-1\" ><div class=\"elementor-post__thumbnail\"><img decoding=\"async\" width=\"1080\" height=\"1080\" src=\"https:\/\/www.redgrasscreative.com\/wp-content\/uploads\/2023\/12\/Untitled-design-100.jpg\" class=\"attachment-full size-full wp-image-394834\" alt=\"\" srcset=\"https:\/\/www.redgrasscreative.com\/wp-content\/uploads\/2023\/12\/Untitled-design-100.jpg 1080w, https:\/\/www.redgrasscreative.com\/wp-content\/uploads\/2023\/12\/Untitled-design-100-510x510.jpg 510w, https:\/\/www.redgrasscreative.com\/wp-content\/uploads\/2023\/12\/Untitled-design-100-150x150.jpg 150w, https:\/\/www.redgrasscreative.com\/wp-content\/uploads\/2023\/12\/Untitled-design-100-330x330.jpg 330w, https:\/\/www.redgrasscreative.com\/wp-content\/uploads\/2023\/12\/Untitled-design-100-768x768.jpg 768w, https:\/\/www.redgrasscreative.com\/wp-content\/uploads\/2023\/12\/Untitled-design-100-360x360.jpg 360w, https:\/\/www.redgrasscreative.com\/wp-content\/uploads\/2023\/12\/Untitled-design-100-60x60.jpg 60w, https:\/\/www.redgrasscreative.com\/wp-content\/uploads\/2023\/12\/Untitled-design-100-110x110.jpg 110w, https:\/\/www.redgrasscreative.com\/wp-content\/uploads\/2023\/12\/Untitled-design-100-32x32.jpg 32w\" sizes=\"(max-width: 1080px) 100vw, 1080px\" \/><\/div><\/a>\n\t\t\t\t<div class=\"elementor-post__text\">\n\t\t\t\t<h2 class=\"elementor-post__title\">\n\t\t\t<a href=\"https:\/\/www.redgrasscreative.com\/de\/beste-beleuchtung-fuer-kunst-und-handwerk\/\" >\n\t\t\t\tBeste Beleuchtung f\u00fcr Kunst und Handwerk\t\t\t<\/a>\n\t\t<\/h2>\n\t\t\n\t\t<a class=\"elementor-post__read-more\" href=\"https:\/\/www.redgrasscreative.com\/de\/beste-beleuchtung-fuer-kunst-und-handwerk\/\" aria-label=\"Mehr \u00fcber Beste Beleuchtung f\u00fcr Kunst und Handwerk\" tabindex=\"-1\" >\n\t\t\tEntdecken \u00bb\t\t<\/a>\n\n\t\t\t\t<\/div>\n\t\t\t\t<div class=\"elementor-post__meta-data\">\n\t\t\t\t\t<span class=\"elementor-post-date\">\n\t\t\t27. Oktober 2024\t\t<\/span>\n\t\t\t\t<\/div>\n\t\t\t\t\t<\/div>\n\t\t<\/article>\n\t\t\t\t<article class=\"elementor-post elementor-grid-item post-394822 page type-page status-publish has-post-thumbnail hentry\" role=\"listitem\">\n\t\t\t<div class=\"elementor-post__card\">\n\t\t\t\t<a class=\"elementor-post__thumbnail__link\" href=\"https:\/\/www.redgrasscreative.com\/de\/top-kuenstler-bewertete-schreibtischlampe-fuer-kunst-und-handwerk-die-beste-wahl\/\" tabindex=\"-1\" ><div class=\"elementor-post__thumbnail\"><img decoding=\"async\" width=\"1080\" height=\"1080\" src=\"https:\/\/www.redgrasscreative.com\/wp-content\/uploads\/2023\/05\/Peter-draws-R9-desk-lamp.jpg\" class=\"attachment-full size-full wp-image-394865\" alt=\"\" srcset=\"https:\/\/www.redgrasscreative.com\/wp-content\/uploads\/2023\/05\/Peter-draws-R9-desk-lamp.jpg 1080w, https:\/\/www.redgrasscreative.com\/wp-content\/uploads\/2023\/05\/Peter-draws-R9-desk-lamp-510x510.jpg 510w, https:\/\/www.redgrasscreative.com\/wp-content\/uploads\/2023\/05\/Peter-draws-R9-desk-lamp-150x150.jpg 150w, https:\/\/www.redgrasscreative.com\/wp-content\/uploads\/2023\/05\/Peter-draws-R9-desk-lamp-330x330.jpg 330w, https:\/\/www.redgrasscreative.com\/wp-content\/uploads\/2023\/05\/Peter-draws-R9-desk-lamp-768x768.jpg 768w, https:\/\/www.redgrasscreative.com\/wp-content\/uploads\/2023\/05\/Peter-draws-R9-desk-lamp-360x360.jpg 360w, https:\/\/www.redgrasscreative.com\/wp-content\/uploads\/2023\/05\/Peter-draws-R9-desk-lamp-32x32.jpg 32w\" sizes=\"(max-width: 1080px) 100vw, 1080px\" \/><\/div><\/a>\n\t\t\t\t<div class=\"elementor-post__text\">\n\t\t\t\t<h2 class=\"elementor-post__title\">\n\t\t\t<a href=\"https:\/\/www.redgrasscreative.com\/de\/top-kuenstler-bewertete-schreibtischlampe-fuer-kunst-und-handwerk-die-beste-wahl\/\" >\n\t\t\t\tTop-K\u00fcnstler bewertete Schreibtischlampe f\u00fcr Kunst und Handwerk: Die beste Wahl\t\t\t<\/a>\n\t\t<\/h2>\n\t\t\n\t\t<a class=\"elementor-post__read-more\" href=\"https:\/\/www.redgrasscreative.com\/de\/top-kuenstler-bewertete-schreibtischlampe-fuer-kunst-und-handwerk-die-beste-wahl\/\" aria-label=\"Mehr \u00fcber Top-K\u00fcnstler bewertete Schreibtischlampe f\u00fcr Kunst und Handwerk: Die beste Wahl\" tabindex=\"-1\" >\n\t\t\tEntdecken \u00bb\t\t<\/a>\n\n\t\t\t\t<\/div>\n\t\t\t\t<div class=\"elementor-post__meta-data\">\n\t\t\t\t\t<span class=\"elementor-post-date\">\n\t\t\t27. Oktober 2024\t\t<\/span>\n\t\t\t\t<\/div>\n\t\t\t\t\t<\/div>\n\t\t<\/article>\n\t\t\t\t<\/div>\n\t\t\t\t\t<span class=\"e-load-more-spinner\">\n\t\t\t\t<svg aria-hidden=\"true\" class=\"e-font-icon-svg e-fas-spinner\" viewBox=\"0 0 512 512\" xmlns=\"http:\/\/www.w3.org\/2000\/svg\"><path d=\"M304 48c0 26.51-21.49 48-48 48s-48-21.49-48-48 21.49-48 48-48 48 21.49 48 48zm-48 368c-26.51 0-48 21.49-48 48s21.49 48 48 48 48-21.49 48-48-21.49-48-48-48zm208-208c-26.51 0-48 21.49-48 48s21.49 48 48 48 48-21.49 48-48-21.49-48-48-48zM96 256c0-26.51-21.49-48-48-48S0 229.49 0 256s21.49 48 48 48 48-21.49 48-48zm12.922 99.078c-26.51 0-48 21.49-48 48s21.49 48 48 48 48-21.49 48-48c0-26.509-21.491-48-48-48zm294.156 0c-26.51 0-48 21.49-48 48s21.49 48 48 48 48-21.49 48-48c0-26.509-21.49-48-48-48zM108.922 60.922c-26.51 0-48 21.49-48 48s21.49 48 48 48 48-21.49 48-48-21.491-48-48-48z\"><\/path><\/svg>\t\t\t<\/span>\n\t\t\n\t\t\t\t\t\t<\/div>\n\t\t\t\t<\/div>\n\t\t\t\t\t<\/div>\n\t\t<\/div>\n\t\t\t\t\t<\/div>\n\t\t<\/section>\n\t\t\t\t<\/div>\n\t\t","protected":false},"excerpt":{"rendered":"","protected":false},"author":1,"featured_media":0,"parent":0,"menu_order":0,"comment_status":"closed","ping_status":"closed","template":"","meta":{"_acf_changed":false,"footnotes":""},"class_list":["post-394934","page","type-page","status-publish","hentry"],"acf":[],"_links":{"self":[{"href":"https:\/\/www.redgrasscreative.com\/de\/wp-json\/wp\/v2\/pages\/394934","targetHints":{"allow":["GET"]}}],"collection":[{"href":"https:\/\/www.redgrasscreative.com\/de\/wp-json\/wp\/v2\/pages"}],"about":[{"href":"https:\/\/www.redgrasscreative.com\/de\/wp-json\/wp\/v2\/types\/page"}],"author":[{"embeddable":true,"href":"https:\/\/www.redgrasscreative.com\/de\/wp-json\/wp\/v2\/users\/1"}],"replies":[{"embeddable":true,"href":"https:\/\/www.redgrasscreative.com\/de\/wp-json\/wp\/v2\/comments?post=394934"}],"version-history":[{"count":1,"href":"https:\/\/www.redgrasscreative.com\/de\/wp-json\/wp\/v2\/pages\/394934\/revisions"}],"predecessor-version":[{"id":394937,"href":"https:\/\/www.redgrasscreative.com\/de\/wp-json\/wp\/v2\/pages\/394934\/revisions\/394937"}],"wp:attachment":[{"href":"https:\/\/www.redgrasscreative.com\/de\/wp-json\/wp\/v2\/media?parent=394934"}],"curies":[{"name":"wp","href":"https:\/\/api.w.org\/{rel}","templated":true}]}}