{"id":395013,"date":"2024-10-27T11:55:37","date_gmt":"2024-10-27T10:55:37","guid":{"rendered":"https:\/\/www.redgrasscreative.com\/miniaturmalerei-anfaenger-tipps\/"},"modified":"2024-10-27T11:55:38","modified_gmt":"2024-10-27T10:55:38","slug":"miniaturmalerei-anfaenger-tipps","status":"publish","type":"page","link":"https:\/\/www.redgrasscreative.com\/de\/miniaturmalerei-anfaenger-tipps\/","title":{"rendered":"Miniaturmalerei Anf\u00e4nger-Tipps"},"content":{"rendered":"\t\t<div data-elementor-type=\"wp-page\" data-elementor-id=\"395013\" class=\"elementor elementor-395013 elementor-312240\" data-elementor-post-type=\"page\">\n\t\t\t\t\t\t<section class=\"elementor-section elementor-top-section elementor-element elementor-element-a0bedd9 elementor-section-boxed elementor-section-height-default elementor-section-height-default\" data-id=\"a0bedd9\" data-element_type=\"section\" data-e-type=\"section\">\n\t\t\t\t\t\t<div class=\"elementor-container elementor-column-gap-default\">\n\t\t\t\t\t<div class=\"elementor-column elementor-col-100 elementor-top-column elementor-element elementor-element-9315d19\" data-id=\"9315d19\" data-element_type=\"column\" data-e-type=\"column\">\n\t\t\t<div class=\"elementor-widget-wrap elementor-element-populated\">\n\t\t\t\t\t\t<div class=\"elementor-element elementor-element-290836f elementor-widget elementor-widget-heading\" data-id=\"290836f\" data-element_type=\"widget\" data-e-type=\"widget\" data-widget_type=\"heading.default\">\n\t\t\t\t<div class=\"elementor-widget-container\">\n\t\t\t\t\t<h2 class=\"elementor-heading-title elementor-size-default\"><span style=\"color: #5abadf;text-transform: uppercase;font-size: min(100px, max(36px, 5.92592vw + 14.6667px));line-height: .8;letter-spacing: -.8px;margin: 0\">ANF\u00c4NGER-TIPPS<\/span><\/h2>\t\t\t\t<\/div>\n\t\t\t\t<\/div>\n\t\t\t\t<div class=\"elementor-element elementor-element-d144f1a elementor-widget elementor-widget-text-editor\" data-id=\"d144f1a\" data-element_type=\"widget\" data-e-type=\"widget\" data-widget_type=\"text-editor.default\">\n\t\t\t\t<div class=\"elementor-widget-container\">\n\t\t\t\t\t\t\t\t\t<p style=\"text-align: center;\">Willkommen in unserer Sammlung von Miniaturmalerei-Anf\u00e4nger-Tipps, perfekt f\u00fcr Neulinge, die ihre ersten Miniaturen bemalen m\u00f6chten, und Gelegenheitsmaler, die ihre F\u00e4higkeiten verbessern wollen. Diese Blogbeitr\u00e4ge decken wesentliche Tipps ab \u2013 von der Auswahl der richtigen Werkzeuge bis hin zum Beherrschen grundlegender Techniken wie der Verwendung einer Nasspalette. <\/p>\n\t\t\t\t\t\t\t\t<\/div>\n\t\t\t\t<\/div>\n\t\t\t\t\t<\/div>\n\t\t<\/div>\n\t\t\t\t\t<\/div>\n\t\t<\/section>\n\t\t\t\t<section class=\"elementor-section elementor-top-section elementor-element elementor-element-eac4ba9 elementor-section-boxed elementor-section-height-default elementor-section-height-default\" data-id=\"eac4ba9\" data-element_type=\"section\" data-e-type=\"section\">\n\t\t\t\t\t\t<div class=\"elementor-container elementor-column-gap-default\">\n\t\t\t\t\t<div class=\"elementor-column elementor-col-100 elementor-top-column elementor-element elementor-element-5e50a3b\" data-id=\"5e50a3b\" data-element_type=\"column\" data-e-type=\"column\">\n\t\t\t<div class=\"elementor-widget-wrap elementor-element-populated\">\n\t\t\t\t\t\t<div class=\"elementor-element elementor-element-527829c elementor-nav-menu__align-center elementor-nav-menu__text-align-center elementor-nav-menu--dropdown-tablet elementor-widget elementor-widget-nav-menu\" data-id=\"527829c\" data-element_type=\"widget\" data-e-type=\"widget\" data-settings=\"{&quot;_animation_mobile&quot;:&quot;slideInDown&quot;,&quot;layout&quot;:&quot;horizontal&quot;,&quot;submenu_icon&quot;:{&quot;value&quot;:&quot;&lt;svg aria-hidden=\\&quot;true\\&quot; class=\\&quot;e-font-icon-svg e-fas-caret-down\\&quot; viewBox=\\&quot;0 0 320 512\\&quot; xmlns=\\&quot;http:\\\/\\\/www.w3.org\\\/2000\\\/svg\\&quot;&gt;&lt;path d=\\&quot;M31.3 192h257.3c17.8 0 26.7 21.5 14.1 34.1L174.1 354.8c-7.8 7.8-20.5 7.8-28.3 0L17.2 226.1C4.6 213.5 13.5 192 31.3 192z\\&quot;&gt;&lt;\\\/path&gt;&lt;\\\/svg&gt;&quot;,&quot;library&quot;:&quot;fa-solid&quot;}}\" data-widget_type=\"nav-menu.default\">\n\t\t\t\t<div class=\"elementor-widget-container\">\n\t\t\t\t\t\t\t\t<nav aria-label=\"Men\u00fc\" class=\"elementor-nav-menu--main elementor-nav-menu__container elementor-nav-menu--layout-horizontal e--pointer-underline e--animation-slide\">\n\t\t\t\t<ul id=\"menu-1-527829c\" class=\"elementor-nav-menu\"><li class=\"menu-item menu-item-type-custom menu-item-object-custom menu-item-has-children menu-item-396484\"><a href=\"https:\/\/www.redgrasscreative.com\/miniature-painting\/\" class=\"elementor-item\">Miniature Painting<\/a>\n<ul class=\"sub-menu elementor-nav-menu--dropdown\">\n\t<li class=\"menu-item menu-item-type-post_type menu-item-object-page menu-item-396485\"><a href=\"https:\/\/www.redgrasscreative.com\/de\/angel-giraldez\/\" class=\"elementor-sub-item\">Angel Giraldez<div class=\"icon-wrapper\"> <\/div><\/a><\/li>\n\t<li class=\"menu-item menu-item-type-post_type menu-item-object-page menu-item-396486\"><a href=\"https:\/\/www.redgrasscreative.com\/de\/miniaturmalerei-anfaenger-tipps\/\" class=\"elementor-sub-item\">Miniaturmalerei Anf\u00e4nger-Tipps<div class=\"icon-wrapper\"> <\/div><\/a><\/li>\n<\/ul>\n<\/li>\n<li class=\"menu-item menu-item-type-post_type menu-item-object-page menu-item-396483\"><a href=\"https:\/\/www.redgrasscreative.com\/de\/light-learning-center\/\" class=\"elementor-item\">Light Learning Center\u200b<div class=\"icon-wrapper\"> <\/div><\/a><\/li>\n<li class=\"menu-item menu-item-type-post_type menu-item-object-page menu-item-396487\"><a href=\"https:\/\/www.redgrasscreative.com\/de\/miniaturmalerei-leicht-gemacht\/\" class=\"elementor-item\">Miniaturmalerei leicht gemacht<div class=\"icon-wrapper\"> <\/div><\/a><\/li>\n<\/ul>\t\t\t<\/nav>\n\t\t\t\t\t\t<nav class=\"elementor-nav-menu--dropdown elementor-nav-menu__container\" aria-hidden=\"true\">\n\t\t\t\t<ul id=\"menu-2-527829c\" class=\"elementor-nav-menu\"><li class=\"menu-item menu-item-type-custom menu-item-object-custom menu-item-has-children menu-item-396484\"><a href=\"https:\/\/www.redgrasscreative.com\/miniature-painting\/\" class=\"elementor-item\" tabindex=\"-1\">Miniature Painting<\/a>\n<ul class=\"sub-menu elementor-nav-menu--dropdown\">\n\t<li class=\"menu-item menu-item-type-post_type menu-item-object-page menu-item-396485\"><a href=\"https:\/\/www.redgrasscreative.com\/de\/angel-giraldez\/\" class=\"elementor-sub-item\" tabindex=\"-1\">Angel Giraldez<div class=\"icon-wrapper\"> <\/div><\/a><\/li>\n\t<li class=\"menu-item menu-item-type-post_type menu-item-object-page menu-item-396486\"><a href=\"https:\/\/www.redgrasscreative.com\/de\/miniaturmalerei-anfaenger-tipps\/\" class=\"elementor-sub-item\" tabindex=\"-1\">Miniaturmalerei Anf\u00e4nger-Tipps<div class=\"icon-wrapper\"> <\/div><\/a><\/li>\n<\/ul>\n<\/li>\n<li class=\"menu-item menu-item-type-post_type menu-item-object-page menu-item-396483\"><a href=\"https:\/\/www.redgrasscreative.com\/de\/light-learning-center\/\" class=\"elementor-item\" tabindex=\"-1\">Light Learning Center\u200b<div class=\"icon-wrapper\"> <\/div><\/a><\/li>\n<li class=\"menu-item menu-item-type-post_type menu-item-object-page menu-item-396487\"><a href=\"https:\/\/www.redgrasscreative.com\/de\/miniaturmalerei-leicht-gemacht\/\" class=\"elementor-item\" tabindex=\"-1\">Miniaturmalerei leicht gemacht<div class=\"icon-wrapper\"> <\/div><\/a><\/li>\n<\/ul>\t\t\t<\/nav>\n\t\t\t\t\t\t<\/div>\n\t\t\t\t<\/div>\n\t\t\t\t<div class=\"elementor-element elementor-element-a5dfc95 elementor-widget-divider--view-line elementor-widget elementor-widget-divider\" data-id=\"a5dfc95\" data-element_type=\"widget\" data-e-type=\"widget\" data-widget_type=\"divider.default\">\n\t\t\t\t<div class=\"elementor-widget-container\">\n\t\t\t\t\t\t\t<div class=\"elementor-divider\">\n\t\t\t<span class=\"elementor-divider-separator\">\n\t\t\t\t\t\t<\/span>\n\t\t<\/div>\n\t\t\t\t\t\t<\/div>\n\t\t\t\t<\/div>\n\t\t\t\t\t<\/div>\n\t\t<\/div>\n\t\t\t\t\t<\/div>\n\t\t<\/section>\n\t\t\t\t<section class=\"elementor-section elementor-top-section elementor-element elementor-element-469e985 elementor-section-boxed elementor-section-height-default elementor-section-height-default\" data-id=\"469e985\" data-element_type=\"section\" data-e-type=\"section\">\n\t\t\t\t\t\t<div class=\"elementor-container elementor-column-gap-default\">\n\t\t\t\t\t<div class=\"elementor-column elementor-col-100 elementor-top-column elementor-element elementor-element-f10716c\" data-id=\"f10716c\" data-element_type=\"column\" data-e-type=\"column\">\n\t\t\t<div class=\"elementor-widget-wrap elementor-element-populated\">\n\t\t\t\t\t\t\t<\/div>\n\t\t<\/div>\n\t\t\t\t\t<\/div>\n\t\t<\/section>\n\t\t\t\t<\/div>\n\t\t","protected":false},"excerpt":{"rendered":"<p>ANF\u00c4NGER-TIPPS Willkommen in unserer Sammlung von Miniaturmalerei-Anf\u00e4nger-Tipps, perfekt f\u00fcr Neulinge, die ihre ersten Miniaturen bemalen m\u00f6chten, und Gelegenheitsmaler, die ihre F\u00e4higkeiten verbessern wollen. Diese Blogbeitr\u00e4ge decken wesentliche Tipps ab \u2013 von der Auswahl der richtigen Werkzeuge bis hin zum Beherrschen grundlegender Techniken wie der Verwendung einer Nasspalette.<\/p>\n","protected":false},"author":2,"featured_media":0,"parent":0,"menu_order":0,"comment_status":"closed","ping_status":"closed","template":"","meta":{"_acf_changed":false,"footnotes":""},"class_list":["post-395013","page","type-page","status-publish","hentry"],"acf":[],"_links":{"self":[{"href":"https:\/\/www.redgrasscreative.com\/de\/wp-json\/wp\/v2\/pages\/395013","targetHints":{"allow":["GET"]}}],"collection":[{"href":"https:\/\/www.redgrasscreative.com\/de\/wp-json\/wp\/v2\/pages"}],"about":[{"href":"https:\/\/www.redgrasscreative.com\/de\/wp-json\/wp\/v2\/types\/page"}],"author":[{"embeddable":true,"href":"https:\/\/www.redgrasscreative.com\/de\/wp-json\/wp\/v2\/users\/2"}],"replies":[{"embeddable":true,"href":"https:\/\/www.redgrasscreative.com\/de\/wp-json\/wp\/v2\/comments?post=395013"}],"version-history":[{"count":1,"href":"https:\/\/www.redgrasscreative.com\/de\/wp-json\/wp\/v2\/pages\/395013\/revisions"}],"predecessor-version":[{"id":395015,"href":"https:\/\/www.redgrasscreative.com\/de\/wp-json\/wp\/v2\/pages\/395013\/revisions\/395015"}],"wp:attachment":[{"href":"https:\/\/www.redgrasscreative.com\/de\/wp-json\/wp\/v2\/media?parent=395013"}],"curies":[{"name":"wp","href":"https:\/\/api.w.org\/{rel}","templated":true}]}}