{"id":395118,"date":"2024-10-27T11:56:15","date_gmt":"2024-10-27T10:56:15","guid":{"rendered":"https:\/\/www.redgrasscreative.com\/newsletter-von-redgrasscreative\/"},"modified":"2024-10-27T11:56:16","modified_gmt":"2024-10-27T10:56:16","slug":"newsletter-von-redgrasscreative","status":"publish","type":"page","link":"https:\/\/www.redgrasscreative.com\/de\/newsletter-von-redgrasscreative\/","title":{"rendered":"Newsletter von RedGrasscreative"},"content":{"rendered":"\t\t<div data-elementor-type=\"wp-page\" data-elementor-id=\"395118\" class=\"elementor elementor-395118 elementor-221176\" data-elementor-post-type=\"page\">\n\t\t\t\t\t\t<section class=\"elementor-section elementor-top-section elementor-element elementor-element-fc663c6 elementor-section-boxed elementor-section-height-default elementor-section-height-default\" data-id=\"fc663c6\" data-element_type=\"section\" data-e-type=\"section\" data-settings=\"{&quot;background_background&quot;:&quot;classic&quot;}\">\n\t\t\t\t\t\t<div class=\"elementor-container elementor-column-gap-default\">\n\t\t\t\t\t<div class=\"elementor-column elementor-col-100 elementor-top-column elementor-element elementor-element-8b0827e\" data-id=\"8b0827e\" data-element_type=\"column\" data-e-type=\"column\">\n\t\t\t<div class=\"elementor-widget-wrap elementor-element-populated\">\n\t\t\t\t\t\t<div class=\"elementor-element elementor-element-752ab31 elementor-widget elementor-widget-image\" data-id=\"752ab31\" data-element_type=\"widget\" data-e-type=\"widget\" data-widget_type=\"image.default\">\n\t\t\t\t<div class=\"elementor-widget-container\">\n\t\t\t\t\t\t\t\t\t\t\t\t\t\t\t<img fetchpriority=\"high\" decoding=\"async\" width=\"1080\" height=\"154\" src=\"https:\/\/www.redgrasscreative.com\/wp-content\/uploads\/2024\/09\/newsletter-website-redgrasscreative.jpg\" class=\"attachment-full size-full wp-image-392914\" alt=\"newsletter website redgrasscreative\" srcset=\"https:\/\/www.redgrasscreative.com\/wp-content\/uploads\/2024\/09\/newsletter-website-redgrasscreative.jpg 1080w, https:\/\/www.redgrasscreative.com\/wp-content\/uploads\/2024\/09\/newsletter-website-redgrasscreative-510x73.jpg 510w, https:\/\/www.redgrasscreative.com\/wp-content\/uploads\/2024\/09\/newsletter-website-redgrasscreative-150x21.jpg 150w, https:\/\/www.redgrasscreative.com\/wp-content\/uploads\/2024\/09\/newsletter-website-redgrasscreative-330x47.jpg 330w, https:\/\/www.redgrasscreative.com\/wp-content\/uploads\/2024\/09\/newsletter-website-redgrasscreative-768x110.jpg 768w, https:\/\/www.redgrasscreative.com\/wp-content\/uploads\/2024\/09\/newsletter-website-redgrasscreative-360x51.jpg 360w, https:\/\/www.redgrasscreative.com\/wp-content\/uploads\/2024\/09\/newsletter-website-redgrasscreative-60x9.jpg 60w, https:\/\/www.redgrasscreative.com\/wp-content\/uploads\/2024\/09\/newsletter-website-redgrasscreative-110x16.jpg 110w\" sizes=\"(max-width: 1080px) 100vw, 1080px\" \/>\t\t\t\t\t\t\t\t\t\t\t\t\t\t\t<\/div>\n\t\t\t\t<\/div>\n\t\t\t\t<div class=\"elementor-element elementor-element-94fa0fb elementor-widget__width-initial elementor-widget elementor-widget-text-editor\" data-id=\"94fa0fb\" data-element_type=\"widget\" data-e-type=\"widget\" data-widget_type=\"text-editor.default\">\n\t\t\t\t<div class=\"elementor-widget-container\">\n\t\t\t\t\t\t\t\t\t<p>Abonnieren Sie jetzt und gewinnen Sie eine R9 Desk Lamp in unserem Jubil\u00e4ums-Gewinnspiel! Verpassen Sie nicht Ihre Chance! <\/p>\n\t\t\t\t\t\t\t\t<\/div>\n\t\t\t\t<\/div>\n\t\t\t\t<div class=\"elementor-element elementor-element-6f18b5c elementor-widget__width-initial elementor-hidden-desktop elementor-hidden-tablet elementor-hidden-mobile elementor-widget elementor-widget-text-editor\" data-id=\"6f18b5c\" data-element_type=\"widget\" data-e-type=\"widget\" data-widget_type=\"text-editor.default\">\n\t\t\t\t<div class=\"elementor-widget-container\">\n\t\t\t\t\t\t\t\t\t<p>Abonnieren Sie jetzt und gewinnen Sie eine von sechs R9 Desk Lamps in unseren mehreren Gewinnspielen im Jahr 2025! Verpassen Sie nicht Ihre Chance! <\/p>\n\t\t\t\t\t\t\t\t<\/div>\n\t\t\t\t<\/div>\n\t\t\t\t\t<\/div>\n\t\t<\/div>\n\t\t\t\t\t<\/div>\n\t\t<\/section>\n\t\t\t\t<footer class=\"elementor-section elementor-top-section elementor-element elementor-element-1bf6980 elementor-section-boxed elementor-section-height-default elementor-section-height-default\" data-id=\"1bf6980\" data-element_type=\"section\" data-e-type=\"section\" data-settings=\"{&quot;background_background&quot;:&quot;classic&quot;}\">\n\t\t\t\t\t\t<div class=\"elementor-container elementor-column-gap-default\">\n\t\t\t\t\t<footer class=\"elementor-column elementor-col-100 elementor-top-column elementor-element elementor-element-21c7080\" data-id=\"21c7080\" data-element_type=\"column\" data-e-type=\"column\" data-settings=\"{&quot;background_background&quot;:&quot;classic&quot;}\">\n\t\t\t<div class=\"elementor-widget-wrap elementor-element-populated\">\n\t\t\t\t\t\t<div class=\"elementor-element elementor-element-4661a20 elementor-widget elementor-widget-image\" data-id=\"4661a20\" data-element_type=\"widget\" data-e-type=\"widget\" data-widget_type=\"image.default\">\n\t\t\t\t<div class=\"elementor-widget-container\">\n\t\t\t\t\t\t\t\t\t\t\t\t\t\t\t<img decoding=\"async\" width=\"1170\" height=\"334\" src=\"https:\/\/www.redgrasscreative.com\/wp-content\/uploads\/2024\/09\/Subscribe-to-win-1.jpg\" class=\"attachment-large size-large wp-image-394767\" alt=\"\" srcset=\"https:\/\/www.redgrasscreative.com\/wp-content\/uploads\/2024\/09\/Subscribe-to-win-1.jpg 1400w, https:\/\/www.redgrasscreative.com\/wp-content\/uploads\/2024\/09\/Subscribe-to-win-1-510x146.jpg 510w, https:\/\/www.redgrasscreative.com\/wp-content\/uploads\/2024\/09\/Subscribe-to-win-1-150x43.jpg 150w, https:\/\/www.redgrasscreative.com\/wp-content\/uploads\/2024\/09\/Subscribe-to-win-1-330x94.jpg 330w, https:\/\/www.redgrasscreative.com\/wp-content\/uploads\/2024\/09\/Subscribe-to-win-1-768x219.jpg 768w, https:\/\/www.redgrasscreative.com\/wp-content\/uploads\/2024\/09\/Subscribe-to-win-1-360x103.jpg 360w, https:\/\/www.redgrasscreative.com\/wp-content\/uploads\/2024\/09\/Subscribe-to-win-1-60x17.jpg 60w, https:\/\/www.redgrasscreative.com\/wp-content\/uploads\/2024\/09\/Subscribe-to-win-1-110x31.jpg 110w\" sizes=\"(max-width: 1170px) 100vw, 1170px\" \/>\t\t\t\t\t\t\t\t\t\t\t\t\t\t\t<\/div>\n\t\t\t\t<\/div>\n\t\t\t\t<div class=\"elementor-element elementor-element-547517d elementor-widget elementor-widget-text-editor\" data-id=\"547517d\" data-element_type=\"widget\" data-e-type=\"widget\" data-widget_type=\"text-editor.default\">\n\t\t\t\t<div class=\"elementor-widget-container\">\n\t\t\t\t\t\t\t\t\t<p>Regelm\u00e4\u00dfige Gewinnspiele, neueste Produkte, Sonderangebote und mehr<\/p>\n\t\t\t\t\t\t\t\t<\/div>\n\t\t\t\t<\/div>\n\t\t\t\t<div class=\"elementor-element elementor-element-0f7f0cd elementor-widget elementor-widget-shortcode\" data-id=\"0f7f0cd\" data-element_type=\"widget\" data-e-type=\"widget\" data-widget_type=\"shortcode.default\">\n\t\t\t\t<div class=\"elementor-widget-container\">\n\t\t\t\t\t\t\t<div class=\"elementor-shortcode\">[swp-forms id=\"340604\"]<\/div>\n\t\t\t\t\t\t<\/div>\n\t\t\t\t<\/div>\n\t\t\t\t\t<\/div>\n\t\t<\/footer>\n\t\t\t\t\t<\/div>\n\t\t<\/footer>\n\t\t\t\t<section class=\"elementor-section elementor-top-section elementor-element elementor-element-4c4b75b elementor-section-boxed elementor-section-height-default elementor-section-height-default\" data-id=\"4c4b75b\" data-element_type=\"section\" data-e-type=\"section\" data-settings=\"{&quot;background_background&quot;:&quot;classic&quot;}\">\n\t\t\t\t\t\t<div class=\"elementor-container elementor-column-gap-default\">\n\t\t\t\t\t<div class=\"elementor-column elementor-col-100 elementor-top-column elementor-element elementor-element-ea41b28\" data-id=\"ea41b28\" data-element_type=\"column\" data-e-type=\"column\">\n\t\t\t<div class=\"elementor-widget-wrap elementor-element-populated\">\n\t\t\t\t\t\t<div class=\"elementor-element elementor-element-56ffe27 elementor-widget__width-initial elementor-widget elementor-widget-text-editor\" data-id=\"56ffe27\" data-element_type=\"widget\" data-e-type=\"widget\" data-widget_type=\"text-editor.default\">\n\t\t\t\t<div class=\"elementor-widget-container\">\n\t\t\t\t\t\t\t\t\t<p class=\"p1\">F\u00fcr vollst\u00e4ndige Details konsultieren Sie bitte die offiziellen Regeln unter <a href=\"https:\/\/www.redgrasscreative.com\/de\/redgrass-wettbewerbsregeln\/\" target=\"_blank\" rel=\"noopener\">https:\/\/www.redgrasscreative.com\/contest-rules\/<\/a><\/p>\n\t\t\t\t\t\t\t\t<\/div>\n\t\t\t\t<\/div>\n\t\t\t\t<div class=\"elementor-element elementor-element-58b9511 elementor-widget-divider--view-line elementor-widget elementor-widget-divider\" data-id=\"58b9511\" data-element_type=\"widget\" data-e-type=\"widget\" data-widget_type=\"divider.default\">\n\t\t\t\t<div class=\"elementor-widget-container\">\n\t\t\t\t\t\t\t<div class=\"elementor-divider\">\n\t\t\t<span class=\"elementor-divider-separator\">\n\t\t\t\t\t\t<\/span>\n\t\t<\/div>\n\t\t\t\t\t\t<\/div>\n\t\t\t\t<\/div>\n\t\t\t\t\t<\/div>\n\t\t<\/div>\n\t\t\t\t\t<\/div>\n\t\t<\/section>\n\t\t\t\t<\/div>\n\t\t","protected":false},"excerpt":{"rendered":"<p>Abonnieren Sie jetzt und gewinnen Sie eine R9 Desk Lamp in unserem Jubil\u00e4ums-Gewinnspiel! Verpassen Sie nicht Ihre Chance! Abonnieren Sie jetzt und gewinnen Sie eine von sechs R9 Desk Lamps in unseren mehreren Gewinnspielen im Jahr 2025! Verpassen Sie nicht Ihre Chance! Regelm\u00e4\u00dfige Gewinnspiele, neueste Produkte, Sonderangebote und mehr [swp-forms id=&#8220;340604&#8243;] F\u00fcr vollst\u00e4ndige Details konsultieren [&hellip;]<\/p>\n","protected":false},"author":1,"featured_media":0,"parent":0,"menu_order":0,"comment_status":"closed","ping_status":"closed","template":"","meta":{"_acf_changed":false,"footnotes":""},"class_list":["post-395118","page","type-page","status-publish","hentry"],"acf":[],"_links":{"self":[{"href":"https:\/\/www.redgrasscreative.com\/de\/wp-json\/wp\/v2\/pages\/395118","targetHints":{"allow":["GET"]}}],"collection":[{"href":"https:\/\/www.redgrasscreative.com\/de\/wp-json\/wp\/v2\/pages"}],"about":[{"href":"https:\/\/www.redgrasscreative.com\/de\/wp-json\/wp\/v2\/types\/page"}],"author":[{"embeddable":true,"href":"https:\/\/www.redgrasscreative.com\/de\/wp-json\/wp\/v2\/users\/1"}],"replies":[{"embeddable":true,"href":"https:\/\/www.redgrasscreative.com\/de\/wp-json\/wp\/v2\/comments?post=395118"}],"version-history":[{"count":1,"href":"https:\/\/www.redgrasscreative.com\/de\/wp-json\/wp\/v2\/pages\/395118\/revisions"}],"predecessor-version":[{"id":395121,"href":"https:\/\/www.redgrasscreative.com\/de\/wp-json\/wp\/v2\/pages\/395118\/revisions\/395121"}],"wp:attachment":[{"href":"https:\/\/www.redgrasscreative.com\/de\/wp-json\/wp\/v2\/media?parent=395118"}],"curies":[{"name":"wp","href":"https:\/\/api.w.org\/{rel}","templated":true}]}}