{"id":395218,"date":"2024-10-27T11:56:38","date_gmt":"2024-10-27T10:56:38","guid":{"rendered":"https:\/\/www.redgrasscreative.com\/faq\/"},"modified":"2024-10-27T11:56:38","modified_gmt":"2024-10-27T10:56:38","slug":"faq","status":"publish","type":"page","link":"https:\/\/www.redgrasscreative.com\/de\/faq\/","title":{"rendered":"FAQ"},"content":{"rendered":"\t\t<div data-elementor-type=\"wp-page\" data-elementor-id=\"395218\" class=\"elementor elementor-395218 elementor-235\" data-elementor-post-type=\"page\">\n\t\t\t\t\t\t<section class=\"elementor-section elementor-top-section elementor-element elementor-element-ebd3db6 elementor-section-boxed elementor-section-height-default elementor-section-height-default\" data-id=\"ebd3db6\" data-element_type=\"section\" data-e-type=\"section\">\n\t\t\t\t\t\t<div class=\"elementor-container elementor-column-gap-default\">\n\t\t\t\t\t<div class=\"elementor-column elementor-col-100 elementor-top-column elementor-element elementor-element-b5514c6\" data-id=\"b5514c6\" data-element_type=\"column\" data-e-type=\"column\">\n\t\t\t<div class=\"elementor-widget-wrap elementor-element-populated\">\n\t\t\t\t\t\t<div class=\"elementor-element elementor-element-c7aa113 elementor-widget elementor-widget-spacer\" data-id=\"c7aa113\" data-element_type=\"widget\" data-e-type=\"widget\" data-widget_type=\"spacer.default\">\n\t\t\t\t<div class=\"elementor-widget-container\">\n\t\t\t\t\t\t\t<div class=\"elementor-spacer\">\n\t\t\t<div class=\"elementor-spacer-inner\"><\/div>\n\t\t<\/div>\n\t\t\t\t\t\t<\/div>\n\t\t\t\t<\/div>\n\t\t\t\t<div class=\"elementor-element elementor-element-3fe5c69 elementor-widget elementor-widget-text-editor\" data-id=\"3fe5c69\" data-element_type=\"widget\" data-e-type=\"widget\" data-widget_type=\"text-editor.default\">\n\t\t\t\t<div class=\"elementor-widget-container\">\n\t\t\t\t\t\t\t\t\t<p style=\"text-align: center;\"><em>Wir werden hier h\u00e4ufig gestellte Fragen aus der Online-Community, Foren und sozialen Netzwerken zusammenfassen.<br \/>Fragen werden vor und w\u00e4hrend der Kickstarter-Kampagne hinzugef\u00fcgt.<\/em><\/p>\n\t\t\t\t\t\t\t\t<\/div>\n\t\t\t\t<\/div>\n\t\t\t\t\t<\/div>\n\t\t<\/div>\n\t\t\t\t\t<\/div>\n\t\t<\/section>\n\t\t\t\t<section class=\"elementor-section elementor-top-section elementor-element elementor-element-18de592 elementor-section-boxed elementor-section-height-default elementor-section-height-default\" data-id=\"18de592\" data-element_type=\"section\" data-e-type=\"section\">\n\t\t\t\t\t\t<div class=\"elementor-container elementor-column-gap-default\">\n\t\t\t\t\t<div class=\"elementor-column elementor-col-100 elementor-top-column elementor-element elementor-element-6c037b8\" data-id=\"6c037b8\" data-element_type=\"column\" data-e-type=\"column\">\n\t\t\t<div class=\"elementor-widget-wrap elementor-element-populated\">\n\t\t\t\t\t\t<div class=\"elementor-element elementor-element-bf7b2d9 elementor-widget elementor-widget-text-editor\" data-id=\"bf7b2d9\" data-element_type=\"widget\" data-e-type=\"widget\" data-widget_type=\"text-editor.default\">\n\t\t\t\t<div class=\"elementor-widget-container\">\n\t\t\t\t\t\t\t\t\t<p><strong>F#0. Was ist eine Wet Palette und warum brauche ich eine? <\/strong><\/p>\n<p>Eine Wet Palette ist ein unverzichtbares Werkzeug f\u00fcr jeden Miniaturmaler. Das Hauptarbeitsprinzip der Wet Palette besteht darin, die Farbe zu befeuchten, damit sie beim Gebrauch nicht austrocknet. W\u00e4hrend eine trockene Palette dazu neigt, zu schnell zu trocknen, neigen die meisten normalen Wet Palettes dazu, die Farbe mit Wasser zu \u00fcberfluten.  <br><b>Das Besondere an der Everlasting Wet Palette ist, dass der Verd\u00fcnnungsgrad dank unseres Hydrationssystems sehr stabil ist:<\/b> Einmal eingestellt, trocknet die Farbe nicht aus und wird auch nicht mit Wasser \u00fcberflutet.<br>Der erste offensichtliche Vorteil ist, dass <b>es Farbverschwendung begrenzt<\/b>, da die Farbe lange Zeit feucht und verarbeitbar bleibt (Stunden, wenn offen, Tage, wenn der Deckel geschlossen ist).<br>Der zweite Vorteil ist, dass <b>es Ihnen Zeit spart<\/b>, da Sie nicht immer wieder die gleichen Farben mischen oder den Verd\u00fcnnungsgrad der Farbe jede Minute anpassen m\u00fcssen.<br>Der dritte Vorteil ist, dass <b>es Ihnen den Zugang zu fortgeschrittenen Maltechniken erleichtert<\/b>, da Sie nicht gegen zu schnell trocknende oder zu stark verd\u00fcnnte Farbe k\u00e4mpfen m\u00fcssen.<\/p>\t\t\t\t\t\t\t\t<\/div>\n\t\t\t\t<\/div>\n\t\t\t\t\t<\/div>\n\t\t<\/div>\n\t\t\t\t\t<\/div>\n\t\t<\/section>\n\t\t\t\t<section class=\"elementor-section elementor-top-section elementor-element elementor-element-ba96cfc elementor-section-boxed elementor-section-height-default elementor-section-height-default\" data-id=\"ba96cfc\" data-element_type=\"section\" data-e-type=\"section\">\n\t\t\t\t\t\t<div class=\"elementor-container elementor-column-gap-default\">\n\t\t\t\t\t<div class=\"elementor-column elementor-col-100 elementor-top-column elementor-element elementor-element-e7a7437\" data-id=\"e7a7437\" data-element_type=\"column\" data-e-type=\"column\">\n\t\t\t<div class=\"elementor-widget-wrap elementor-element-populated\">\n\t\t\t\t\t\t<div class=\"elementor-element elementor-element-73bbe25 elementor-widget elementor-widget-spacer\" data-id=\"73bbe25\" data-element_type=\"widget\" data-e-type=\"widget\" data-widget_type=\"spacer.default\">\n\t\t\t\t<div class=\"elementor-widget-container\">\n\t\t\t\t\t\t\t<div class=\"elementor-spacer\">\n\t\t\t<div class=\"elementor-spacer-inner\"><\/div>\n\t\t<\/div>\n\t\t\t\t\t\t<\/div>\n\t\t\t\t<\/div>\n\t\t\t\t<div class=\"elementor-element elementor-element-692b79f elementor-widget elementor-widget-text-editor\" data-id=\"692b79f\" data-element_type=\"widget\" data-e-type=\"widget\" data-widget_type=\"text-editor.default\">\n\t\t\t\t<div class=\"elementor-widget-container\">\n\t\t\t\t\t\t\t\t\t<p><b>F#5. Welche Art von Farben kann ich verwenden? <\/b><\/p>\n<p><span style=\"color: var( --e-global-color-text ); font-family: var( --e-global-typography-text-font-family ), Sans-serif; font-weight: var( --e-global-typography-text-font-weight );\">Die Everlasting Wet Palette wurde f\u00fcr die Verwendung mit Hobbyfarben und dem Verd\u00fcnnungsgrad, der beim Miniaturmalen verwendet wird, entwickelt. Wir haben sie ausgiebig mit dieser Art von Farben getestet, insbesondere: Citadel, Vallejo\/Prince August, P3, Army Painter, AK47, Scale Colors\/75, &#8230; bei verschiedenen Verd\u00fcnnungsgraden. <\/span><\/p>\n<p>Abgesehen von Hobbyfarben gibt es viele verschiedene Farbmarken und es ist unm\u00f6glich, alles zu testen. Die Ergebnisse k\u00f6nnen variieren. Aber solange es sich um Acrylfarben handelt, sollte es funktionieren. Wenn Sie wirklich trockene Acrylfarben verwenden, m\u00fcssen Sie m\u00f6glicherweise den Feuchtigkeitsgrad anpassen, den Sie in den Schaumstoff einbringen.   <\/p>\n\t\t\t\t\t\t\t\t<\/div>\n\t\t\t\t<\/div>\n\t\t\t\t\t<\/div>\n\t\t<\/div>\n\t\t\t\t\t<\/div>\n\t\t<\/section>\n\t\t\t\t<section class=\"elementor-section elementor-top-section elementor-element elementor-element-416b667 elementor-section-boxed elementor-section-height-default elementor-section-height-default\" data-id=\"416b667\" data-element_type=\"section\" data-e-type=\"section\">\n\t\t\t\t\t\t<div class=\"elementor-container elementor-column-gap-default\">\n\t\t\t\t\t<div class=\"elementor-column elementor-col-100 elementor-top-column elementor-element elementor-element-b79cf3c\" data-id=\"b79cf3c\" data-element_type=\"column\" data-e-type=\"column\">\n\t\t\t<div class=\"elementor-widget-wrap elementor-element-populated\">\n\t\t\t\t\t\t<div class=\"elementor-element elementor-element-d786544 elementor-widget elementor-widget-spacer\" data-id=\"d786544\" data-element_type=\"widget\" data-e-type=\"widget\" data-widget_type=\"spacer.default\">\n\t\t\t\t<div class=\"elementor-widget-container\">\n\t\t\t\t\t\t\t<div class=\"elementor-spacer\">\n\t\t\t<div class=\"elementor-spacer-inner\"><\/div>\n\t\t<\/div>\n\t\t\t\t\t\t<\/div>\n\t\t\t\t<\/div>\n\t\t\t\t<div class=\"elementor-element elementor-element-d938a17 elementor-widget elementor-widget-text-editor\" data-id=\"d938a17\" data-element_type=\"widget\" data-e-type=\"widget\" data-widget_type=\"text-editor.default\">\n\t\t\t\t<div class=\"elementor-widget-container\">\n\t\t\t\t\t\t\t\t\t<p><b>F#6. Ich habe von einer wiederverwendbaren Membran geh\u00f6rt, werdet ihr diese herausbringen? <\/b><\/p>\n<p><span style=\"color: var( --e-global-color-text ); font-family: var( --e-global-typography-text-font-family ), Sans-serif; font-weight: var( --e-global-typography-text-font-weight );\">Die Everlasting Wet Palette ist ein facettenreiches Projekt. Ein Teil bestand darin, das beste Geh\u00e4use und Benutzererlebnis zu entwickeln. Ein weiterer Teil bestand darin, das beste Hydrationssystem zu entwickeln, und der letzte Teil bestand darin, schlie\u00dflich eine wiederverwendbare Membran zu schaffen.  <\/span><\/p>\n<p>Die Benutzer waren sehr begeistert von unserem Geh\u00e4use und dem papierbasierten Hydrationssystem. Sie waren nicht an der Wiederverwendbarkeit interessiert. Da es fertig ist, haben wir beschlossen, es herauszubringen. Sie werden 100 Bl\u00e4tter zum Malen haben, es sollte eine lange Zeit dauern, bevor Sie keine mehr haben&#8230;   <\/p>\n<p>F\u00fcr den wiederverwendbaren Teil hat unsere wiederverwendbare Membran leider noch nicht unsere Qualit\u00e4tsanforderungen erf\u00fcllt. Wir haben einen guten Prototyp, aber die Qualit\u00e4t ist nicht konsistent, wenn wir die Produktionsphase erreichen. Da wir nichts verkaufen wollen, von dem wir nicht 100% sicher sind, dass wir es produzieren k\u00f6nnen, haben wir es vorgezogen, den Start der wiederverwendbaren Membran zu verschieben. Wir sind uns nicht sicher, ob wir sie produzieren k\u00f6nnen. Aber wenn Sie heute an der Kickstarter-Kampagne teilnehmen, haben Sie die M\u00f6glichkeit, die Membran mit kostenlosem Versand zu kaufen, wenn sie herauskommt.    <\/p>\n\t\t\t\t\t\t\t\t<\/div>\n\t\t\t\t<\/div>\n\t\t\t\t\t<\/div>\n\t\t<\/div>\n\t\t\t\t\t<\/div>\n\t\t<\/section>\n\t\t\t\t<section class=\"elementor-section elementor-top-section elementor-element elementor-element-bec3a6a elementor-section-boxed elementor-section-height-default elementor-section-height-default\" data-id=\"bec3a6a\" data-element_type=\"section\" data-e-type=\"section\">\n\t\t\t\t\t\t<div class=\"elementor-container elementor-column-gap-default\">\n\t\t\t\t\t<div class=\"elementor-column elementor-col-100 elementor-top-column elementor-element elementor-element-c6e2a09\" data-id=\"c6e2a09\" data-element_type=\"column\" data-e-type=\"column\">\n\t\t\t<div class=\"elementor-widget-wrap elementor-element-populated\">\n\t\t\t\t\t\t\t<\/div>\n\t\t<\/div>\n\t\t\t\t\t<\/div>\n\t\t<\/section>\n\t\t\t\t<\/div>\n\t\t","protected":false},"excerpt":{"rendered":"<p>Wir werden hier h\u00e4ufig gestellte Fragen aus der Online-Community, Foren und sozialen Netzwerken zusammenfassen.Fragen werden vor und w\u00e4hrend der Kickstarter-Kampagne hinzugef\u00fcgt. F#0. Was ist eine Wet Palette und warum brauche ich eine? Eine Wet Palette ist ein unverzichtbares Werkzeug f\u00fcr jeden Miniaturmaler. Das Hauptarbeitsprinzip der Wet Palette besteht darin, die Farbe zu befeuchten, damit sie [&hellip;]<\/p>\n","protected":false},"author":2,"featured_media":0,"parent":0,"menu_order":0,"comment_status":"closed","ping_status":"closed","template":"","meta":{"_acf_changed":false,"footnotes":""},"class_list":["post-395218","page","type-page","status-publish","hentry"],"acf":[],"_links":{"self":[{"href":"https:\/\/www.redgrasscreative.com\/de\/wp-json\/wp\/v2\/pages\/395218","targetHints":{"allow":["GET"]}}],"collection":[{"href":"https:\/\/www.redgrasscreative.com\/de\/wp-json\/wp\/v2\/pages"}],"about":[{"href":"https:\/\/www.redgrasscreative.com\/de\/wp-json\/wp\/v2\/types\/page"}],"author":[{"embeddable":true,"href":"https:\/\/www.redgrasscreative.com\/de\/wp-json\/wp\/v2\/users\/2"}],"replies":[{"embeddable":true,"href":"https:\/\/www.redgrasscreative.com\/de\/wp-json\/wp\/v2\/comments?post=395218"}],"version-history":[{"count":1,"href":"https:\/\/www.redgrasscreative.com\/de\/wp-json\/wp\/v2\/pages\/395218\/revisions"}],"predecessor-version":[{"id":395234,"href":"https:\/\/www.redgrasscreative.com\/de\/wp-json\/wp\/v2\/pages\/395218\/revisions\/395234"}],"wp:attachment":[{"href":"https:\/\/www.redgrasscreative.com\/de\/wp-json\/wp\/v2\/media?parent=395218"}],"curies":[{"name":"wp","href":"https:\/\/api.w.org\/{rel}","templated":true}]}}