{"id":402376,"date":"2025-01-17T15:42:21","date_gmt":"2025-01-17T14:42:21","guid":{"rendered":"https:\/\/www.redgrasscreative.com\/geschaeftsbedingungen\/"},"modified":"2025-01-17T15:42:22","modified_gmt":"2025-01-17T14:42:22","slug":"geschaeftsbedingungen","status":"publish","type":"page","link":"https:\/\/www.redgrasscreative.com\/de\/geschaeftsbedingungen\/","title":{"rendered":"Gesch\u00e4ftsbedingungen"},"content":{"rendered":"<p>Eine englische \u00dcbersetzung der Allgemeinen Gesch\u00e4ftsbedingungen wird am Ende dieses Dokuments zur Verf\u00fcgung gestellt und ist rechtlich nicht bindend. Bitte beziehen Sie sich auf die franz\u00f6sischen Allgemeinen Gesch\u00e4ftsbedingungen &#8222;Conditions G\u00e9n\u00e9rales de Ventes&#8220; f\u00fcr die rechtlich bindende Version der Allgemeinen Gesch\u00e4ftsbedingungen: <\/p>\n<p>Diese Allgemeinen Gesch\u00e4ftsbedingungen (die &#8222;Allgemeinen Bedingungen&#8220;) gelten f\u00fcr Produktbestellungen, die \u00fcber das Internet und mobile Ger\u00e4te bei Redgrass SA get\u00e4tigt werden. Mit der Aufgabe einer Bestellung bei Redgrass SA akzeptiert der Verbraucher (der &#8222;K\u00e4ufer&#8220;) die Anwendung dieser Allgemeinen Gesch\u00e4ftsbedingungen. <\/p>\n<p><em><strong>Preise<\/strong><br \/>Die in diesem Katalog angegebenen Preise verstehen sich in Euro, als Nettobetr\u00e4ge, inklusive Mehrwertsteuer und sind garantiert.<br \/>F\u00fcr Artikel, die einer Garantie unterliegen, gelten die zum Zeitpunkt des Kaufs g\u00fcltigen Angebotsbedingungen. Die Garantie tritt am Lieferdatum des Artikels in Kraft, was durch das Begleitdokument (Rechnung) belegt wird, welches wir Sie bitten, sorgf\u00e4ltig aufzubewahren. Nicht abgedeckt sind: Sch\u00e4den aufgrund unsachgem\u00e4\u00dfer Wartung, Nichtbeachtung der Gebrauchsanweisung oder normaler Abnutzung.  <\/em><\/p>\n<p><em><strong>Verf\u00fcgbarkeit<\/strong> <br \/>Unsere Lieferverpflichtung ist nichtig im Falle eines Ausfalls oder der Nichteinhaltung von Lieferfristen seitens unserer eigenen Lieferanten, und soweit diese Nichtverf\u00fcgbarkeit nicht Redgrass SA zuzuschreiben ist. Im Falle der Nichtverf\u00fcgbarkeit eines Produkts werden wir Sie schnellstm\u00f6glich informieren. <\/em><\/p>\n<p><em><strong>Zahlungsmodalit\u00e4ten<\/strong><br \/>Zahlungsmethoden: Zahlung \u00fcber STRIPE.<\/em><\/p>\n<p><em><strong>Lieferung und Transport<\/strong><br \/>Der Versand verf\u00fcgbarer Artikel erfolgt per Post <u>innerhalb von etwa 5 bis 8 Tagen<\/u>. Eine einmalige Beteiligung Ihrerseits wird pro Bestellung erhoben.<br \/>BITTE BEACHTEN SIE: <u>Redgrass SA<\/u> liefert keine Pakete an Postf\u00e4cher und liefert keine Waren an minderj\u00e4hrige Kunden oder Kunden unter Vormundschaft, es sei denn, es liegt eine schriftliche Genehmigung der Eltern oder des Vormunds vor. <\/em><\/p>\n<p><em><strong>R\u00fccksendung oder Umtausch von Waren<\/strong><br \/>Die Artikel m\u00fcssen innerhalb von 7 Tagen nach Erhalt Ihres Pakets unversehrt und vollst\u00e4ndig in ihrer Originalverpackung (mit den Etiketten, die ihre Referenzen enthalten) zusammen mit dem Lieferschein zur\u00fcckgesandt werden. Die mit der R\u00fccksendung verbundenen Versandkosten gehen zu Ihren Lasten, und die R\u00fccksendung muss versichert sein und \u00fcber eine Sendungsverfolgungsnummer verf\u00fcgen. Kontaktieren Sie support@redgrassgames.com, um eine Genehmigung und Anweisungen f\u00fcr Ihre R\u00fccksendung zu erhalten.  <\/em><\/p>\n<p><strong>Gesetzliche Garantie<\/strong><br \/>\u00dcberpr\u00fcfen Sie den Zustand der gelieferten Waren unverz\u00fcglich, um offensichtliche Material- und Herstellungsfehler sowie Transportsch\u00e4den auszuschlie\u00dfen. Gem\u00e4\u00df dem Gesetz sind Sie verpflichtet, uns jeden Mangel oder jede Anomalie, die die gelieferten Waren betrifft, mitzuteilen, damit wir Abhilfe schaffen k\u00f6nnen. <\/p>\n<p><em><strong>Datenschutz<\/strong><br \/>Alle personenbezogenen Daten werden als vertraulich behandelt. Die f\u00fcr die Bearbeitung der Bestellung erforderlichen Informationen werden elektronisch verarbeitet und k\u00f6nnen im Rahmen der Bestellabwicklung an assoziierte Unternehmen weitergegeben werden. <\/em><\/p>\n<p><em><strong>Anwendbares Recht und Gerichtsstand<\/strong><\/em><br \/><em>Das anwendbare Recht ist das Schweizer Recht, und alle Streitigkeiten werden vom Bezirksgericht Lausanne, West-Lausanne, behandelt<\/em><\/p>\n\n<p><strong>Rechtliche Hinweise<br\/><br\/>Adresse:<\/strong><br\/>Redgrass SA<br\/>Rue du Centre 65a, 1025 Saint-Sulpice.<\/p>\n\n<p><strong>E-Mail: <\/strong>support@redgrassgames.com<br\/><strong>UID-Nummer: <\/strong>CHE-463.413.717<br\/><strong>Handelsregisteramt: <\/strong>Handelsregisteramt des Kantons Waadt<\/p>\n\n<p><strong>Englische \u00dcbersetzung &#8211; nicht bindend<\/strong><\/p>\n\n<p>Diese Allgemeinen Gesch\u00e4ftsbedingungen (die &#8222;Allgemeinen Bedingungen&#8220;) gelten f\u00fcr Produktbestellungen, die \u00fcber das Internet und mobile Ger\u00e4te bei Redgrass SA get\u00e4tigt werden. Mit der Aufgabe einer Bestellung bei Redgrass SA akzeptiert der Verbraucher (der &#8222;K\u00e4ufer&#8220;) die Anwendung dieser Allgemeinen Gesch\u00e4ftsbedingungen. <\/p>\n\n<p>Preise<br\/>Die in diesem Katalog angegebenen Preise verstehen sich in Euro, als Nettobetr\u00e4ge, inklusive Mehrwertsteuer und sind garantiert.<br\/>F\u00fcr Artikel, die einer Garantie unterliegen, gelten die zum Zeitpunkt des Kaufs g\u00fcltigen Angebotsbedingungen. Die Garantie tritt am Lieferdatum des Artikels in Kraft, was durch das Begleitdokument (Rechnung) belegt wird, welches wir Sie bitten, sorgf\u00e4ltig aufzubewahren. Nicht abgedeckt sind: Sch\u00e4den aufgrund unsachgem\u00e4\u00dfer Wartung, Nichtbeachtung der Gebrauchsanweisung oder normaler Abnutzung.  <\/p>\n\n<p>Verf\u00fcgbarkeit<br\/>Unsere Lieferzusage erlischt im Falle eines Vers\u00e4umnisses oder einer Nichteinhaltung von Lieferfristen seitens unserer eigenen Zulieferer, und insofern diese Nichtverf\u00fcgbarkeit nicht der Redgrass SA zuzuschreiben ist. Sollte ein Produkt nicht verf\u00fcgbar sein, werden wir Sie schnellstm\u00f6glich dar\u00fcber in Kenntnis setzen. <\/p>\n\n<p>Zahlungsbedingungen<br\/>Zahlungsmethoden: Zahlung \u00fcber STRIPE.<\/p>\n\n<p>Lieferung und Transport<br\/>Verf\u00fcgbare Artikel werden innerhalb von etwa 5 bis 8 Tagen per Post versandt. Eine Beteiligung Ihrerseits wird nur einmal pro Bestellung erbeten.<br\/>BITTE BEACHTEN SIE: Redgrass SA liefert keine Pakete an Postf\u00e4cher und liefert keine Waren an minderj\u00e4hrige Kunden oder Personen unter Vormundschaft, es sei denn, eine schriftliche Genehmigung der Eltern oder des Vormunds liegt vor. <\/p>\n\n<p>R\u00fcckgabe oder Umtausch von Waren<br\/>Die Artikel m\u00fcssen unversehrt und vollst\u00e4ndig in ihrer Originalverpackung (mit den Etiketten, die ihre Referenzen tragen) zusammen mit dem Lieferschein innerhalb von 7 Tagen nach Erhalt Ihres Pakets zur\u00fcckgesandt werden. Die mit der R\u00fccksendung verbundenen Versandkosten gehen zu Ihren Lasten, die R\u00fccksendung muss versichert und nachverfolgbar sein. Im Falle einer Umtauschbestellung werden Ihnen die Versandkosten f\u00fcr Ihre neue Bestellung erlassen. Bitte kontaktieren Sie support@redgrassgames.com, um Ihre R\u00fccksendung zu autorisieren.   <\/p>\n\n<p>Gesetzliche Garantien<br\/>\u00dcberpr\u00fcfen Sie unverz\u00fcglich den Zustand der gelieferten Waren, um offensichtliche Material- und Verarbeitungsfehler sowie Transportsch\u00e4den auszuschlie\u00dfen. Gem\u00e4\u00df dem Gesetz sind Sie verpflichtet, uns \u00fcber etwaige M\u00e4ngel oder Anomalien, die die gelieferten Waren betreffen, zu informieren, damit wir Abhilfe schaffen k\u00f6nnen. <\/p>\n\n<p>Datenschutz<br\/>Alle personenbezogenen Daten werden als vertraulich betrachtet. Die f\u00fcr die Bestellabwicklung erforderlichen Informationen werden elektronisch verarbeitet und k\u00f6nnen im Rahmen der Bestellabwicklung an verbundene Unternehmen weitergegeben werden. <\/p>\n\n<p>Anwendbares Recht und Gerichtsstand<br\/>Das anwendbare Recht ist das schweizerische Recht, und etwaige Streitigkeiten werden vom Bezirksgericht Lausanne, Bezirk West-Lausanne, behandelt.<\/p>\n","protected":false},"excerpt":{"rendered":"<p>Eine englische \u00dcbersetzung der Allgemeinen Gesch\u00e4ftsbedingungen wird am Ende dieses Dokuments zur Verf\u00fcgung gestellt und ist rechtlich nicht bindend. Bitte beziehen Sie sich auf die franz\u00f6sischen Allgemeinen Gesch\u00e4ftsbedingungen &#8222;Conditions G\u00e9n\u00e9rales de Ventes&#8220; f\u00fcr die rechtlich bindende Version der Allgemeinen Gesch\u00e4ftsbedingungen: Diese Allgemeinen Gesch\u00e4ftsbedingungen (die &#8222;Allgemeinen Bedingungen&#8220;) gelten f\u00fcr Produktbestellungen, die \u00fcber das Internet und mobile [&hellip;]<\/p>\n","protected":false},"author":2,"featured_media":0,"parent":0,"menu_order":0,"comment_status":"closed","ping_status":"closed","template":"","meta":{"_acf_changed":false,"footnotes":""},"class_list":["post-402376","page","type-page","status-publish","hentry"],"acf":[],"_links":{"self":[{"href":"https:\/\/www.redgrasscreative.com\/de\/wp-json\/wp\/v2\/pages\/402376","targetHints":{"allow":["GET"]}}],"collection":[{"href":"https:\/\/www.redgrasscreative.com\/de\/wp-json\/wp\/v2\/pages"}],"about":[{"href":"https:\/\/www.redgrasscreative.com\/de\/wp-json\/wp\/v2\/types\/page"}],"author":[{"embeddable":true,"href":"https:\/\/www.redgrasscreative.com\/de\/wp-json\/wp\/v2\/users\/2"}],"replies":[{"embeddable":true,"href":"https:\/\/www.redgrasscreative.com\/de\/wp-json\/wp\/v2\/comments?post=402376"}],"version-history":[{"count":1,"href":"https:\/\/www.redgrasscreative.com\/de\/wp-json\/wp\/v2\/pages\/402376\/revisions"}],"predecessor-version":[{"id":402377,"href":"https:\/\/www.redgrasscreative.com\/de\/wp-json\/wp\/v2\/pages\/402376\/revisions\/402377"}],"wp:attachment":[{"href":"https:\/\/www.redgrasscreative.com\/de\/wp-json\/wp\/v2\/media?parent=402376"}],"curies":[{"name":"wp","href":"https:\/\/api.w.org\/{rel}","templated":true}]}}