{"id":403800,"date":"2025-02-10T15:41:27","date_gmt":"2025-02-10T14:41:27","guid":{"rendered":"https:\/\/www.redgrasscreative.com\/malerwerkzeug\/"},"modified":"2025-02-10T15:52:50","modified_gmt":"2025-02-10T14:52:50","slug":"malerwerkzeug","status":"publish","type":"page","link":"https:\/\/www.redgrasscreative.com\/de\/malerwerkzeug\/","title":{"rendered":"Malerwerkzeug"},"content":{"rendered":"\t\t<div data-elementor-type=\"wp-page\" data-elementor-id=\"403800\" class=\"elementor elementor-403800 elementor-366109\" data-elementor-post-type=\"page\">\n\t\t\t\t\t\t<section class=\"elementor-section elementor-top-section elementor-element elementor-element-0154c29 elementor-section-boxed elementor-section-height-default elementor-section-height-default\" data-id=\"0154c29\" data-element_type=\"section\" data-e-type=\"section\" data-settings=\"{&quot;background_background&quot;:&quot;classic&quot;}\">\n\t\t\t\t\t\t<div class=\"elementor-container elementor-column-gap-wider\">\n\t\t\t\t\t<div class=\"elementor-column elementor-col-100 elementor-top-column elementor-element elementor-element-52be7b5\" data-id=\"52be7b5\" data-element_type=\"column\" data-e-type=\"column\">\n\t\t\t<div class=\"elementor-widget-wrap elementor-element-populated\">\n\t\t\t\t\t\t<div class=\"elementor-element elementor-element-78a3725 elementor-widget elementor-widget-heading\" data-id=\"78a3725\" data-element_type=\"widget\" data-e-type=\"widget\" data-widget_type=\"heading.default\">\n\t\t\t\t<div class=\"elementor-widget-container\">\n\t\t\t\t\t<h2 class=\"elementor-heading-title elementor-size-default\"><span style=\"color: #fdc950;font-size: min(60px, max(36px, 5.92592vw + 14.6667px));line-height: .9;letter-spacing: -.8px;margin: 0\">Malerwerkzeug<\/span><\/h2>\t\t\t\t<\/div>\n\t\t\t\t<\/div>\n\t\t\t\t<div class=\"elementor-element elementor-element-d686d7f elementor-widget elementor-widget-heading\" data-id=\"d686d7f\" data-element_type=\"widget\" data-e-type=\"widget\" data-widget_type=\"heading.default\">\n\t\t\t\t<div class=\"elementor-widget-container\">\n\t\t\t\t\t<h2 class=\"elementor-heading-title elementor-size-default\">Tutorialkarten f\u00fcr Miniaturmalerei<\/h2>\t\t\t\t<\/div>\n\t\t\t\t<\/div>\n\t\t\t\t\t<\/div>\n\t\t<\/div>\n\t\t\t\t\t<\/div>\n\t\t<\/section>\n\t\t\t\t<section class=\"elementor-section elementor-top-section elementor-element elementor-element-1d4c11d elementor-section-content-middle elementor-section-boxed elementor-section-height-default elementor-section-height-default\" data-id=\"1d4c11d\" data-element_type=\"section\" data-e-type=\"section\" data-settings=\"{&quot;background_background&quot;:&quot;classic&quot;}\">\n\t\t\t\t\t\t<div class=\"elementor-container elementor-column-gap-no\">\n\t\t\t\t\t<header class=\"elementor-column elementor-col-100 elementor-top-column elementor-element elementor-element-7d33837\" data-id=\"7d33837\" data-element_type=\"column\" data-e-type=\"column\" data-settings=\"{&quot;background_background&quot;:&quot;classic&quot;}\">\n\t\t\t<div class=\"elementor-widget-wrap elementor-element-populated\">\n\t\t\t\t\t\t<div class=\"elementor-element elementor-element-86fefc0 elementor-widget elementor-widget-image\" data-id=\"86fefc0\" data-element_type=\"widget\" data-e-type=\"widget\" data-widget_type=\"image.default\">\n\t\t\t\t<div class=\"elementor-widget-container\">\n\t\t\t\t\t\t\t\t\t\t\t\t\t\t\t<img fetchpriority=\"high\" decoding=\"async\" width=\"1080\" height=\"1080\" src=\"https:\/\/www.redgrasscreative.com\/wp-content\/uploads\/2025\/01\/redgrass-card-tutorial-painter-arsenal.jpg\" class=\"attachment-large size-large wp-image-402922\" alt=\"painters arsenal\" srcset=\"https:\/\/www.redgrasscreative.com\/wp-content\/uploads\/2025\/01\/redgrass-card-tutorial-painter-arsenal.jpg 1080w, https:\/\/www.redgrasscreative.com\/wp-content\/uploads\/2025\/01\/redgrass-card-tutorial-painter-arsenal-510x510.jpg 510w, https:\/\/www.redgrasscreative.com\/wp-content\/uploads\/2025\/01\/redgrass-card-tutorial-painter-arsenal-150x150.jpg 150w, https:\/\/www.redgrasscreative.com\/wp-content\/uploads\/2025\/01\/redgrass-card-tutorial-painter-arsenal-330x330.jpg 330w, https:\/\/www.redgrasscreative.com\/wp-content\/uploads\/2025\/01\/redgrass-card-tutorial-painter-arsenal-768x768.jpg 768w, https:\/\/www.redgrasscreative.com\/wp-content\/uploads\/2025\/01\/redgrass-card-tutorial-painter-arsenal-360x360.jpg 360w, https:\/\/www.redgrasscreative.com\/wp-content\/uploads\/2025\/01\/redgrass-card-tutorial-painter-arsenal-60x60.jpg 60w, https:\/\/www.redgrasscreative.com\/wp-content\/uploads\/2025\/01\/redgrass-card-tutorial-painter-arsenal-110x110.jpg 110w, https:\/\/www.redgrasscreative.com\/wp-content\/uploads\/2025\/01\/redgrass-card-tutorial-painter-arsenal-32x32.jpg 32w\" sizes=\"(max-width: 1080px) 100vw, 1080px\" \/>\t\t\t\t\t\t\t\t\t\t\t\t\t\t\t<\/div>\n\t\t\t\t<\/div>\n\t\t\t\t<div class=\"elementor-element elementor-element-b06925a elementor-widget elementor-widget-spacer\" data-id=\"b06925a\" data-element_type=\"widget\" data-e-type=\"widget\" data-widget_type=\"spacer.default\">\n\t\t\t\t<div class=\"elementor-widget-container\">\n\t\t\t\t\t\t\t<div class=\"elementor-spacer\">\n\t\t\t<div class=\"elementor-spacer-inner\"><\/div>\n\t\t<\/div>\n\t\t\t\t\t\t<\/div>\n\t\t\t\t<\/div>\n\t\t\t\t<div class=\"elementor-element elementor-element-7f4c2d6 elementor-widget elementor-widget-text-editor\" data-id=\"7f4c2d6\" data-element_type=\"widget\" data-e-type=\"widget\" data-widget_type=\"text-editor.default\">\n\t\t\t\t<div class=\"elementor-widget-container\">\n\t\t\t\t\t\t\t\t\t<p>Eine einzigartige Sammlung von Miniaturmalerei-Tutorials<\/p>\n\t\t\t\t\t\t\t\t<\/div>\n\t\t\t\t<\/div>\n\t\t\t\t<div class=\"elementor-element elementor-element-9f1cd2a elementor-widget elementor-widget-spacer\" data-id=\"9f1cd2a\" data-element_type=\"widget\" data-e-type=\"widget\" data-widget_type=\"spacer.default\">\n\t\t\t\t<div class=\"elementor-widget-container\">\n\t\t\t\t\t\t\t<div class=\"elementor-spacer\">\n\t\t\t<div class=\"elementor-spacer-inner\"><\/div>\n\t\t<\/div>\n\t\t\t\t\t\t<\/div>\n\t\t\t\t<\/div>\n\t\t\t\t<div class=\"elementor-element elementor-element-3c3537b elementor-widget elementor-widget-text-editor\" data-id=\"3c3537b\" data-element_type=\"widget\" data-e-type=\"widget\" data-settings=\"{&quot;motion_fx_motion_fx_scrolling&quot;:&quot;yes&quot;,&quot;motion_fx_translateY_effect&quot;:&quot;yes&quot;,&quot;motion_fx_translateY_direction&quot;:&quot;negative&quot;,&quot;motion_fx_translateY_affectedRange&quot;:{&quot;unit&quot;:&quot;%&quot;,&quot;size&quot;:&quot;&quot;,&quot;sizes&quot;:{&quot;start&quot;:30,&quot;end&quot;:85}},&quot;motion_fx_translateY_speed&quot;:{&quot;unit&quot;:&quot;px&quot;,&quot;size&quot;:4,&quot;sizes&quot;:[]},&quot;motion_fx_devices&quot;:[&quot;desktop&quot;,&quot;tablet&quot;,&quot;mobile&quot;]}\" data-widget_type=\"text-editor.default\">\n\t\t\t\t<div class=\"elementor-widget-container\">\n\t\t\t\t\t\t\t\t\t<p>von Spitzenk\u00fcnstlern aus der ganzen Welt<\/p>\n\t\t\t\t\t\t\t\t<\/div>\n\t\t\t\t<\/div>\n\t\t\t\t<div class=\"elementor-element elementor-element-39f3773 elementor-widget elementor-widget-spacer\" data-id=\"39f3773\" data-element_type=\"widget\" data-e-type=\"widget\" data-widget_type=\"spacer.default\">\n\t\t\t\t<div class=\"elementor-widget-container\">\n\t\t\t\t\t\t\t<div class=\"elementor-spacer\">\n\t\t\t<div class=\"elementor-spacer-inner\"><\/div>\n\t\t<\/div>\n\t\t\t\t\t\t<\/div>\n\t\t\t\t<\/div>\n\t\t\t\t<div class=\"elementor-element elementor-element-12bdb65 elementor-widget elementor-widget-spacer\" data-id=\"12bdb65\" data-element_type=\"widget\" data-e-type=\"widget\" data-widget_type=\"spacer.default\">\n\t\t\t\t<div class=\"elementor-widget-container\">\n\t\t\t\t\t\t\t<div class=\"elementor-spacer\">\n\t\t\t<div class=\"elementor-spacer-inner\"><\/div>\n\t\t<\/div>\n\t\t\t\t\t\t<\/div>\n\t\t\t\t<\/div>\n\t\t\t\t\t<\/div>\n\t\t<\/header>\n\t\t\t\t\t<\/div>\n\t\t<\/section>\n\t\t\t\t<section class=\"elementor-section elementor-top-section elementor-element elementor-element-00c1f84 elementor-section-boxed elementor-section-height-default elementor-section-height-default\" data-id=\"00c1f84\" data-element_type=\"section\" data-e-type=\"section\">\n\t\t\t\t\t\t<div class=\"elementor-container elementor-column-gap-default\">\n\t\t\t\t\t<div class=\"elementor-column elementor-col-25 elementor-top-column elementor-element elementor-element-9dab2a9\" data-id=\"9dab2a9\" data-element_type=\"column\" data-e-type=\"column\" data-settings=\"{&quot;background_background&quot;:&quot;classic&quot;}\">\n\t\t\t<div class=\"elementor-widget-wrap elementor-element-populated\">\n\t\t\t\t\t\t<div class=\"elementor-element elementor-element-e89f56e elementor-position-top elementor-widget elementor-widget-image-box\" data-id=\"e89f56e\" data-element_type=\"widget\" data-e-type=\"widget\" data-widget_type=\"image-box.default\">\n\t\t\t\t<div class=\"elementor-widget-container\">\n\t\t\t\t\t<div class=\"elementor-image-box-wrapper\"><figure class=\"elementor-image-box-img\"><a href=\"#lite\" tabindex=\"-1\"><img decoding=\"async\" width=\"1080\" height=\"1080\" src=\"https:\/\/www.redgrasscreative.com\/wp-content\/uploads\/2025\/01\/Painters-arsenal-painting-technique.jpg\" class=\"elementor-animation-grow attachment-full size-full wp-image-402947\" alt=\"\" srcset=\"https:\/\/www.redgrasscreative.com\/wp-content\/uploads\/2025\/01\/Painters-arsenal-painting-technique.jpg 1080w, https:\/\/www.redgrasscreative.com\/wp-content\/uploads\/2025\/01\/Painters-arsenal-painting-technique-510x510.jpg 510w, https:\/\/www.redgrasscreative.com\/wp-content\/uploads\/2025\/01\/Painters-arsenal-painting-technique-150x150.jpg 150w, https:\/\/www.redgrasscreative.com\/wp-content\/uploads\/2025\/01\/Painters-arsenal-painting-technique-330x330.jpg 330w, https:\/\/www.redgrasscreative.com\/wp-content\/uploads\/2025\/01\/Painters-arsenal-painting-technique-768x768.jpg 768w, https:\/\/www.redgrasscreative.com\/wp-content\/uploads\/2025\/01\/Painters-arsenal-painting-technique-360x360.jpg 360w, https:\/\/www.redgrasscreative.com\/wp-content\/uploads\/2025\/01\/Painters-arsenal-painting-technique-60x60.jpg 60w, https:\/\/www.redgrasscreative.com\/wp-content\/uploads\/2025\/01\/Painters-arsenal-painting-technique-110x110.jpg 110w, https:\/\/www.redgrasscreative.com\/wp-content\/uploads\/2025\/01\/Painters-arsenal-painting-technique-32x32.jpg 32w\" sizes=\"(max-width: 1080px) 100vw, 1080px\" \/><\/a><\/figure><div class=\"elementor-image-box-content\"><h3 class=\"elementor-image-box-title\"><a href=\"#lite\">MALTECHNIKEN<\/a><\/h3><p class=\"elementor-image-box-description\">Was ist Punktieren? \u00c4hnelt es dem Trockenb\u00fcrsten? Erlernen Sie hier die Techniken zur Verwendung der Karten.  <\/p><\/div><\/div>\t\t\t\t<\/div>\n\t\t\t\t<\/div>\n\t\t\t\t\t<\/div>\n\t\t<\/div>\n\t\t\t\t<div class=\"elementor-column elementor-col-25 elementor-top-column elementor-element elementor-element-d5e9ab4\" data-id=\"d5e9ab4\" data-element_type=\"column\" data-e-type=\"column\" data-settings=\"{&quot;background_background&quot;:&quot;classic&quot;}\">\n\t\t\t<div class=\"elementor-widget-wrap elementor-element-populated\">\n\t\t\t\t\t\t<div class=\"elementor-element elementor-element-0c29386 elementor-position-top elementor-widget elementor-widget-image-box\" data-id=\"0c29386\" data-element_type=\"widget\" data-e-type=\"widget\" data-widget_type=\"image-box.default\">\n\t\t\t\t<div class=\"elementor-widget-container\">\n\t\t\t\t\t<div class=\"elementor-image-box-wrapper\"><figure class=\"elementor-image-box-img\"><a href=\"#v2\" tabindex=\"-1\"><img decoding=\"async\" width=\"1080\" height=\"1080\" src=\"https:\/\/www.redgrasscreative.com\/wp-content\/uploads\/2025\/01\/Must-have-miniature-painting-tools.jpg\" class=\"elementor-animation-grow attachment-full size-full wp-image-402938\" alt=\"\" srcset=\"https:\/\/www.redgrasscreative.com\/wp-content\/uploads\/2025\/01\/Must-have-miniature-painting-tools.jpg 1080w, https:\/\/www.redgrasscreative.com\/wp-content\/uploads\/2025\/01\/Must-have-miniature-painting-tools-510x510.jpg 510w, https:\/\/www.redgrasscreative.com\/wp-content\/uploads\/2025\/01\/Must-have-miniature-painting-tools-150x150.jpg 150w, https:\/\/www.redgrasscreative.com\/wp-content\/uploads\/2025\/01\/Must-have-miniature-painting-tools-330x330.jpg 330w, https:\/\/www.redgrasscreative.com\/wp-content\/uploads\/2025\/01\/Must-have-miniature-painting-tools-768x768.jpg 768w, https:\/\/www.redgrasscreative.com\/wp-content\/uploads\/2025\/01\/Must-have-miniature-painting-tools-360x360.jpg 360w, https:\/\/www.redgrasscreative.com\/wp-content\/uploads\/2025\/01\/Must-have-miniature-painting-tools-60x60.jpg 60w, https:\/\/www.redgrasscreative.com\/wp-content\/uploads\/2025\/01\/Must-have-miniature-painting-tools-110x110.jpg 110w, https:\/\/www.redgrasscreative.com\/wp-content\/uploads\/2025\/01\/Must-have-miniature-painting-tools-32x32.jpg 32w\" sizes=\"(max-width: 1080px) 100vw, 1080px\" \/><\/a><\/figure><div class=\"elementor-image-box-content\"><h3 class=\"elementor-image-box-title\"><a href=\"#v2\">UNVERZICHTBARE MALWERKZEUGE<\/a><\/h3><p class=\"elementor-image-box-description\">Alle Malutensilien, die Sie ben\u00f6tigen, um die Karten wie ein Profi zu verwenden!<\/p><\/div><\/div>\t\t\t\t<\/div>\n\t\t\t\t<\/div>\n\t\t\t\t\t<\/div>\n\t\t<\/div>\n\t\t\t\t<div class=\"elementor-column elementor-col-25 elementor-top-column elementor-element elementor-element-1895d9d\" data-id=\"1895d9d\" data-element_type=\"column\" data-e-type=\"column\" data-settings=\"{&quot;background_background&quot;:&quot;classic&quot;}\">\n\t\t\t<div class=\"elementor-widget-wrap elementor-element-populated\">\n\t\t\t\t\t\t<div class=\"elementor-element elementor-element-c9fdc9f elementor-position-top elementor-widget elementor-widget-image-box\" data-id=\"c9fdc9f\" data-element_type=\"widget\" data-e-type=\"widget\" data-widget_type=\"image-box.default\">\n\t\t\t\t<div class=\"elementor-widget-container\">\n\t\t\t\t\t<div class=\"elementor-image-box-wrapper\"><figure class=\"elementor-image-box-img\"><a href=\"https:\/\/www.redgrasscreative.com\/de\/glass-palette-pflegehinweise\/\" tabindex=\"-1\"><img loading=\"lazy\" decoding=\"async\" width=\"800\" height=\"800\" src=\"https:\/\/www.redgrasscreative.com\/wp-content\/uploads\/2025\/01\/buy-redgrass-painting-tools.png\" class=\"elementor-animation-grow attachment-full size-full wp-image-402941\" alt=\"\" srcset=\"https:\/\/www.redgrasscreative.com\/wp-content\/uploads\/2025\/01\/buy-redgrass-painting-tools.png 800w, https:\/\/www.redgrasscreative.com\/wp-content\/uploads\/2025\/01\/buy-redgrass-painting-tools-510x510.png 510w, https:\/\/www.redgrasscreative.com\/wp-content\/uploads\/2025\/01\/buy-redgrass-painting-tools-150x150.png 150w, https:\/\/www.redgrasscreative.com\/wp-content\/uploads\/2025\/01\/buy-redgrass-painting-tools-330x330.png 330w, https:\/\/www.redgrasscreative.com\/wp-content\/uploads\/2025\/01\/buy-redgrass-painting-tools-768x768.png 768w, https:\/\/www.redgrasscreative.com\/wp-content\/uploads\/2025\/01\/buy-redgrass-painting-tools-360x360.png 360w, https:\/\/www.redgrasscreative.com\/wp-content\/uploads\/2025\/01\/buy-redgrass-painting-tools-60x60.png 60w, https:\/\/www.redgrasscreative.com\/wp-content\/uploads\/2025\/01\/buy-redgrass-painting-tools-110x110.png 110w, https:\/\/www.redgrasscreative.com\/wp-content\/uploads\/2025\/01\/buy-redgrass-painting-tools-32x32.png 32w\" sizes=\"(max-width: 800px) 100vw, 800px\" \/><\/a><\/figure><div class=\"elementor-image-box-content\"><h3 class=\"elementor-image-box-title\"><a href=\"https:\/\/www.redgrasscreative.com\/de\/glass-palette-pflegehinweise\/\">GESCH\u00c4FT<\/a><\/h3><p class=\"elementor-image-box-description\">Suchen Sie nach den perfekten Malwerkzeugen oder einer Lampe mit Color Perfect-Technologie?<\/p><\/div><\/div>\t\t\t\t<\/div>\n\t\t\t\t<\/div>\n\t\t\t\t\t<\/div>\n\t\t<\/div>\n\t\t\t\t<div class=\"elementor-column elementor-col-25 elementor-top-column elementor-element elementor-element-ddb21e0\" data-id=\"ddb21e0\" data-element_type=\"column\" data-e-type=\"column\" data-settings=\"{&quot;background_background&quot;:&quot;classic&quot;}\">\n\t\t\t<div class=\"elementor-widget-wrap elementor-element-populated\">\n\t\t\t\t\t\t<div class=\"elementor-element elementor-element-2c5293f elementor-position-top elementor-widget elementor-widget-image-box\" data-id=\"2c5293f\" data-element_type=\"widget\" data-e-type=\"widget\" data-widget_type=\"image-box.default\">\n\t\t\t\t<div class=\"elementor-widget-container\">\n\t\t\t\t\t<div class=\"elementor-image-box-wrapper\"><figure class=\"elementor-image-box-img\"><a href=\"#art\" tabindex=\"-1\"><img loading=\"lazy\" decoding=\"async\" width=\"1080\" height=\"1080\" src=\"https:\/\/www.redgrasscreative.com\/wp-content\/uploads\/2025\/01\/redgrass-card-tutorial-painter-arsenal.jpg\" class=\"elementor-animation-grow attachment-full size-full wp-image-402922\" alt=\"painters arsenal\" srcset=\"https:\/\/www.redgrasscreative.com\/wp-content\/uploads\/2025\/01\/redgrass-card-tutorial-painter-arsenal.jpg 1080w, https:\/\/www.redgrasscreative.com\/wp-content\/uploads\/2025\/01\/redgrass-card-tutorial-painter-arsenal-510x510.jpg 510w, https:\/\/www.redgrasscreative.com\/wp-content\/uploads\/2025\/01\/redgrass-card-tutorial-painter-arsenal-150x150.jpg 150w, https:\/\/www.redgrasscreative.com\/wp-content\/uploads\/2025\/01\/redgrass-card-tutorial-painter-arsenal-330x330.jpg 330w, https:\/\/www.redgrasscreative.com\/wp-content\/uploads\/2025\/01\/redgrass-card-tutorial-painter-arsenal-768x768.jpg 768w, https:\/\/www.redgrasscreative.com\/wp-content\/uploads\/2025\/01\/redgrass-card-tutorial-painter-arsenal-360x360.jpg 360w, https:\/\/www.redgrasscreative.com\/wp-content\/uploads\/2025\/01\/redgrass-card-tutorial-painter-arsenal-60x60.jpg 60w, https:\/\/www.redgrasscreative.com\/wp-content\/uploads\/2025\/01\/redgrass-card-tutorial-painter-arsenal-110x110.jpg 110w, https:\/\/www.redgrasscreative.com\/wp-content\/uploads\/2025\/01\/redgrass-card-tutorial-painter-arsenal-32x32.jpg 32w\" sizes=\"(max-width: 1080px) 100vw, 1080px\" \/><\/a><\/figure><div class=\"elementor-image-box-content\"><h3 class=\"elementor-image-box-title\"><a href=\"#art\">KARTEN-GUTHABEN<\/a><\/h3><p class=\"elementor-image-box-description\">Wer ist dieser bemerkenswerte K\u00fcnstler? Erfahren Sie, wer hinter unseren au\u00dfergew\u00f6hnlichen Painters' Arsenal-Karten steckt! <\/p><\/div><\/div>\t\t\t\t<\/div>\n\t\t\t\t<\/div>\n\t\t\t\t\t<\/div>\n\t\t<\/div>\n\t\t\t\t\t<\/div>\n\t\t<\/section>\n\t\t\t\t<section class=\"elementor-section elementor-top-section elementor-element elementor-element-e3f9051 elementor-section-boxed elementor-section-height-default elementor-section-height-default\" data-id=\"e3f9051\" data-element_type=\"section\" data-e-type=\"section\" data-settings=\"{&quot;background_background&quot;:&quot;classic&quot;}\">\n\t\t\t\t\t\t<div class=\"elementor-container elementor-column-gap-default\">\n\t\t\t\t\t<div class=\"elementor-column elementor-col-100 elementor-top-column elementor-element elementor-element-abaf024\" data-id=\"abaf024\" data-element_type=\"column\" data-e-type=\"column\">\n\t\t\t<div class=\"elementor-widget-wrap elementor-element-populated\">\n\t\t\t\t\t\t<div class=\"elementor-element elementor-element-9b35c5a elementor-widget elementor-widget-spacer\" data-id=\"9b35c5a\" data-element_type=\"widget\" data-e-type=\"widget\" data-widget_type=\"spacer.default\">\n\t\t\t\t<div class=\"elementor-widget-container\">\n\t\t\t\t\t\t\t<div class=\"elementor-spacer\">\n\t\t\t<div class=\"elementor-spacer-inner\"><\/div>\n\t\t<\/div>\n\t\t\t\t\t\t<\/div>\n\t\t\t\t<\/div>\n\t\t\t\t<div class=\"elementor-element elementor-element-0adb687 elementor-invisible elementor-widget elementor-widget-heading\" data-id=\"0adb687\" data-element_type=\"widget\" data-e-type=\"widget\" data-settings=\"{&quot;_animation&quot;:&quot;slideInUp&quot;,&quot;_animation_delay&quot;:50}\" data-widget_type=\"heading.default\">\n\t\t\t\t<div class=\"elementor-widget-container\">\n\t\t\t\t\t<h2 class=\"elementor-heading-title elementor-size-default\">Halten Sie Ihre Farbe nass und in einem stabilen Zustand.\n<\/h2>\t\t\t\t<\/div>\n\t\t\t\t<\/div>\n\t\t\t\t<div class=\"elementor-element elementor-element-f07710c elementor-widget elementor-widget-text-editor\" data-id=\"f07710c\" data-element_type=\"widget\" data-e-type=\"widget\" data-widget_type=\"text-editor.default\">\n\t\t\t\t<div class=\"elementor-widget-container\">\n\t\t\t\t\t\t\t\t\t<p>Die Everlasting Nasspalette Studio XL Art ist ein revolution\u00e4res Malwerkzeug, das entwickelt wurde, um Ihre Heavy Body Acryl- und Gouachefarben l\u00e4nger frisch zu halten, in der von Ihnen gew\u00e4hlten Konsistenz. <\/p>\n<p>Es gibt keine ausgetrocknete oder verd\u00fcnnte Farbe mehr, sodass Sie sich ganz auf Ihre Kunst konzentrieren k\u00f6nnen!<\/p>\n\t\t\t\t\t\t\t\t<\/div>\n\t\t\t\t<\/div>\n\t\t\t\t<div class=\"elementor-element elementor-element-a1c3d2b elementor-hidden-desktop elementor-widget elementor-widget-image\" data-id=\"a1c3d2b\" data-element_type=\"widget\" data-e-type=\"widget\" data-widget_type=\"image.default\">\n\t\t\t\t<div class=\"elementor-widget-container\">\n\t\t\t\t\t\t\t\t\t\t\t\t\t\t\t<img loading=\"lazy\" decoding=\"async\" width=\"1170\" height=\"1170\" src=\"https:\/\/www.redgrasscreative.com\/wp-content\/uploads\/2024\/02\/Wet-palette-artist-studio-XL-art-redgrass-mobile-2.jpg\" class=\"attachment-large size-large wp-image-377858\" alt=\"wet palette studio XL artist art painter hobbytools\" srcset=\"https:\/\/www.redgrasscreative.com\/wp-content\/uploads\/2024\/02\/Wet-palette-artist-studio-XL-art-redgrass-mobile-2.jpg 1400w, https:\/\/www.redgrasscreative.com\/wp-content\/uploads\/2024\/02\/Wet-palette-artist-studio-XL-art-redgrass-mobile-2-510x510.jpg 510w, https:\/\/www.redgrasscreative.com\/wp-content\/uploads\/2024\/02\/Wet-palette-artist-studio-XL-art-redgrass-mobile-2-150x150.jpg 150w, https:\/\/www.redgrasscreative.com\/wp-content\/uploads\/2024\/02\/Wet-palette-artist-studio-XL-art-redgrass-mobile-2-330x330.jpg 330w, https:\/\/www.redgrasscreative.com\/wp-content\/uploads\/2024\/02\/Wet-palette-artist-studio-XL-art-redgrass-mobile-2-768x768.jpg 768w, https:\/\/www.redgrasscreative.com\/wp-content\/uploads\/2024\/02\/Wet-palette-artist-studio-XL-art-redgrass-mobile-2-360x360.jpg 360w, https:\/\/www.redgrasscreative.com\/wp-content\/uploads\/2024\/02\/Wet-palette-artist-studio-XL-art-redgrass-mobile-2-60x60.jpg 60w, https:\/\/www.redgrasscreative.com\/wp-content\/uploads\/2024\/02\/Wet-palette-artist-studio-XL-art-redgrass-mobile-2-110x110.jpg 110w, https:\/\/www.redgrasscreative.com\/wp-content\/uploads\/2024\/02\/Wet-palette-artist-studio-XL-art-redgrass-mobile-2-32x32.jpg 32w\" sizes=\"(max-width: 1170px) 100vw, 1170px\" \/>\t\t\t\t\t\t\t\t\t\t\t\t\t\t\t<\/div>\n\t\t\t\t<\/div>\n\t\t\t\t<div class=\"elementor-element elementor-element-83f213a elementor-hidden-tablet elementor-hidden-mobile elementor-widget elementor-widget-image\" data-id=\"83f213a\" data-element_type=\"widget\" data-e-type=\"widget\" data-widget_type=\"image.default\">\n\t\t\t\t<div class=\"elementor-widget-container\">\n\t\t\t\t\t\t\t\t\t\t\t\t\t\t\t<img loading=\"lazy\" decoding=\"async\" width=\"1170\" height=\"658\" src=\"https:\/\/www.redgrasscreative.com\/wp-content\/uploads\/2024\/02\/Wet-palette-artist-studio-XL-art-redgrass-wide-2.jpg\" class=\"attachment-large size-large wp-image-377853\" alt=\"portrait painted with a wet palette in front\" srcset=\"https:\/\/www.redgrasscreative.com\/wp-content\/uploads\/2024\/02\/Wet-palette-artist-studio-XL-art-redgrass-wide-2.jpg 1400w, https:\/\/www.redgrasscreative.com\/wp-content\/uploads\/2024\/02\/Wet-palette-artist-studio-XL-art-redgrass-wide-2-510x287.jpg 510w, https:\/\/www.redgrasscreative.com\/wp-content\/uploads\/2024\/02\/Wet-palette-artist-studio-XL-art-redgrass-wide-2-150x84.jpg 150w, https:\/\/www.redgrasscreative.com\/wp-content\/uploads\/2024\/02\/Wet-palette-artist-studio-XL-art-redgrass-wide-2-330x186.jpg 330w, https:\/\/www.redgrasscreative.com\/wp-content\/uploads\/2024\/02\/Wet-palette-artist-studio-XL-art-redgrass-wide-2-768x432.jpg 768w, https:\/\/www.redgrasscreative.com\/wp-content\/uploads\/2024\/02\/Wet-palette-artist-studio-XL-art-redgrass-wide-2-360x202.jpg 360w, https:\/\/www.redgrasscreative.com\/wp-content\/uploads\/2024\/02\/Wet-palette-artist-studio-XL-art-redgrass-wide-2-60x34.jpg 60w, https:\/\/www.redgrasscreative.com\/wp-content\/uploads\/2024\/02\/Wet-palette-artist-studio-XL-art-redgrass-wide-2-110x62.jpg 110w\" sizes=\"(max-width: 1170px) 100vw, 1170px\" \/>\t\t\t\t\t\t\t\t\t\t\t\t\t\t\t<\/div>\n\t\t\t\t<\/div>\n\t\t\t\t\t<\/div>\n\t\t<\/div>\n\t\t\t\t\t<\/div>\n\t\t<\/section>\n\t\t\t\t<\/div>\n\t\t","protected":false},"excerpt":{"rendered":"<p>Malerwerkzeug Tutorialkarten f\u00fcr Miniaturmalerei Eine einzigartige Sammlung von Miniaturmalerei-Tutorials von Spitzenk\u00fcnstlern aus der ganzen Welt MALTECHNIKEN Was ist Punktieren? \u00c4hnelt es dem Trockenb\u00fcrsten? Erlernen Sie hier die Techniken zur Verwendung der Karten. UNVERZICHTBARE MALWERKZEUGE Alle Malutensilien, die Sie ben\u00f6tigen, um die Karten wie ein Profi zu verwenden! GESCH\u00c4FT Suchen Sie nach den perfekten Malwerkzeugen oder [&hellip;]<\/p>\n","protected":false},"author":2,"featured_media":402922,"parent":0,"menu_order":0,"comment_status":"closed","ping_status":"closed","template":"","meta":{"_acf_changed":false,"footnotes":""},"class_list":["post-403800","page","type-page","status-publish","has-post-thumbnail","hentry"],"acf":[],"_links":{"self":[{"href":"https:\/\/www.redgrasscreative.com\/de\/wp-json\/wp\/v2\/pages\/403800","targetHints":{"allow":["GET"]}}],"collection":[{"href":"https:\/\/www.redgrasscreative.com\/de\/wp-json\/wp\/v2\/pages"}],"about":[{"href":"https:\/\/www.redgrasscreative.com\/de\/wp-json\/wp\/v2\/types\/page"}],"author":[{"embeddable":true,"href":"https:\/\/www.redgrasscreative.com\/de\/wp-json\/wp\/v2\/users\/2"}],"replies":[{"embeddable":true,"href":"https:\/\/www.redgrasscreative.com\/de\/wp-json\/wp\/v2\/comments?post=403800"}],"version-history":[{"count":6,"href":"https:\/\/www.redgrasscreative.com\/de\/wp-json\/wp\/v2\/pages\/403800\/revisions"}],"predecessor-version":[{"id":403826,"href":"https:\/\/www.redgrasscreative.com\/de\/wp-json\/wp\/v2\/pages\/403800\/revisions\/403826"}],"wp:featuredmedia":[{"embeddable":true,"href":"https:\/\/www.redgrasscreative.com\/de\/wp-json\/wp\/v2\/media\/402922"}],"wp:attachment":[{"href":"https:\/\/www.redgrasscreative.com\/de\/wp-json\/wp\/v2\/media?parent=403800"}],"curies":[{"name":"wp","href":"https:\/\/api.w.org\/{rel}","templated":true}]}}