{"id":395652,"date":"2020-10-07T13:33:55","date_gmt":"2020-10-07T11:33:55","guid":{"rendered":"https:\/\/www.redgrasscreative.com\/product\/bundle-pack-rgg360-miniature-holder-4-caps\/"},"modified":"2025-02-28T15:40:47","modified_gmt":"2025-02-28T14:40:47","slug":"bundle-pack-rgg360-miniature-holder-4-caps","status":"publish","type":"product","link":"https:\/\/www.redgrasscreative.com\/de\/produkt\/bundle-pack-rgg360-miniature-holder-4-caps\/","title":{"rendered":"Bundle Pack &#8211; RGG360 Miniature Holder + 4 Caps"},"content":{"rendered":"<p>RGG 360\u00b0 (Designpatent) ist der einzige nat\u00fcrlich ergonomische Miniaturhalter, der entwickelt wurde, um die bestm\u00f6gliche Verbindung zwischen Ihnen und Ihrer Miniatur herzustellen, Ihnen dabei zu helfen, die optimale Malposition einzunehmen und unn\u00f6tige Bewegungen zu minimieren.<br \/>\n\u2013 Universelle Befestigungsknete: Befestigen Sie Miniaturen mit Basen von 10 bis 50 mm<br \/>\n\u2013 Der einzige Halter mit reibungsloser 360\u00b0-Rotation, der Ihnen hilft, in jedem Winkel ein besseres Malergebnis zu erzielen. M\u00fchelos!<br \/>\n\u2013 Austauschbare Kappe: Sie k\u00f6nnen jetzt mehrere Miniaturen mit nur einem Halter bemalen (zus\u00e4tzliche Kappen separat erh\u00e4ltlich).<br \/>\n\u2013 Magnetische Dockingstation f\u00fcr verbesserte Stabilit\u00e4t<\/p>\n<p><strong>Inhalt:<\/strong><\/p>\n<ul>\n<li>1 RGG360\u00b0 V2<\/li>\n<li>4x Zus\u00e4tzliche Kappen<\/li>\n<li>3x 15g Montageknete<\/li>\n<li>1x Metall-Dockingplatte<\/li>\n<\/ul>\n","protected":false},"excerpt":{"rendered":"<p><a href=\"https:\/\/www.redgrasscreative.com\/wp-content\/uploads\/2020\/12\/Oops.jpg\"><img decoding=\"async\" class=\"alignnone size-medium wp-image-371145\" src=\"https:\/\/www.redgrasscreative.com\/wp-content\/uploads\/2020\/12\/Oops-330x132.jpg\" alt=\"\" width=\"330\" height=\"132\" srcset=\"https:\/\/www.redgrasscreative.com\/wp-content\/uploads\/2020\/12\/Oops-330x132.jpg 330w, https:\/\/www.redgrasscreative.com\/wp-content\/uploads\/2020\/12\/Oops-150x60.jpg 150w, https:\/\/www.redgrasscreative.com\/wp-content\/uploads\/2020\/12\/Oops-360x144.jpg 360w, https:\/\/www.redgrasscreative.com\/wp-content\/uploads\/2020\/12\/Oops-60x24.jpg 60w, https:\/\/www.redgrasscreative.com\/wp-content\/uploads\/2020\/12\/Oops-110x44.jpg 110w, https:\/\/www.redgrasscreative.com\/wp-content\/uploads\/2020\/12\/Oops.jpg 500w\" sizes=\"(max-width: 330px) 100vw, 330px\" \/><\/a><\/p>\n<p>Es gibt eine <a style=\"color: white; text-decoration: underline;\" href=\"https:\/\/www.redgrasscreative.com\/product-category\/miniature-handle\/\">neuere Version<\/a> dieses Produkts.<\/p>\n","protected":false},"featured_media":395647,"comment_status":"closed","ping_status":"closed","template":"","meta":{"_acf_changed":false},"product_brand":[],"product_cat":[1236,960],"product_tag":[964,965,966,963],"class_list":{"0":"post-395652","1":"product","2":"type-product","3":"status-publish","4":"has-post-thumbnail","6":"product_cat-einzelhandel","7":"product_cat-rgg-360-painting-handle","8":"product_tag-halter","9":"product_tag-malen","10":"product_tag-miniatur","11":"product_tag-zubehor","13":"first","14":"outofstock","15":"virtual","16":"taxable","17":"purchasable","18":"product-type-simple"},"acf":[],"_links":{"self":[{"href":"https:\/\/www.redgrasscreative.com\/de\/wp-json\/wp\/v2\/product\/395652","targetHints":{"allow":["GET"]}}],"collection":[{"href":"https:\/\/www.redgrasscreative.com\/de\/wp-json\/wp\/v2\/product"}],"about":[{"href":"https:\/\/www.redgrasscreative.com\/de\/wp-json\/wp\/v2\/types\/product"}],"replies":[{"embeddable":true,"href":"https:\/\/www.redgrasscreative.com\/de\/wp-json\/wp\/v2\/comments?post=395652"}],"version-history":[{"count":2,"href":"https:\/\/www.redgrasscreative.com\/de\/wp-json\/wp\/v2\/product\/395652\/revisions"}],"predecessor-version":[{"id":404670,"href":"https:\/\/www.redgrasscreative.com\/de\/wp-json\/wp\/v2\/product\/395652\/revisions\/404670"}],"wp:featuredmedia":[{"embeddable":true,"href":"https:\/\/www.redgrasscreative.com\/de\/wp-json\/wp\/v2\/media\/395647"}],"wp:attachment":[{"href":"https:\/\/www.redgrasscreative.com\/de\/wp-json\/wp\/v2\/media?parent=395652"}],"wp:term":[{"taxonomy":"product_brand","embeddable":true,"href":"https:\/\/www.redgrasscreative.com\/de\/wp-json\/wp\/v2\/product_brand?post=395652"},{"taxonomy":"product_cat","embeddable":true,"href":"https:\/\/www.redgrasscreative.com\/de\/wp-json\/wp\/v2\/product_cat?post=395652"},{"taxonomy":"product_tag","embeddable":true,"href":"https:\/\/www.redgrasscreative.com\/de\/wp-json\/wp\/v2\/product_tag?post=395652"}],"curies":[{"name":"wp","href":"https:\/\/api.w.org\/{rel}","templated":true}]}}