{"id":395712,"date":"2017-10-18T16:30:45","date_gmt":"2017-10-18T14:30:45","guid":{"rendered":"https:\/\/www.redgrasscreative.com\/product\/50-x-hydratationspapierblaetter-fuer-studio-xl\/"},"modified":"2026-01-11T13:48:39","modified_gmt":"2026-01-11T12:48:39","slug":"50-x-hydratationspapierblaetter-fuer-studio-xl","status":"publish","type":"product","link":"https:\/\/www.redgrasscreative.com\/de\/produkt\/50-x-hydratationspapierblaetter-fuer-studio-xl\/","title":{"rendered":"50 x Hydratationspapierbl\u00e4tter f\u00fcr Studio XL"},"content":{"rendered":"<p>Dieses Hydratationspapier ist die <b>perfekte Erg\u00e4nzung<\/b> f\u00fcr unseren Schaumstoff. Es haftet daran und bildet keine Blasen. <b>100% des Papiers<\/b> stehen in Kontakt mit dem Schaumstoff, f\u00fcr <b>perfekte Hydratation<\/b>. Es wird sich nach der einfachen Einrichtung nicht kr\u00e4useln. Es wurde speziell ausgew\u00e4hlt, um die <b>beste Leistung mit Hobbyfarben<\/b> und dem Verd\u00fcnnungsgrad, der beim Hobby-Malen verwendet wird, zu bieten.   <\/p>\n","protected":false},"excerpt":{"rendered":"<p>Dieses Hydratationspapier ist die perfekte Erg\u00e4nzung f\u00fcr unseren Schaumstoff. Es haftet daran und bildet keine Blasen. 100% des Papiers stehen in Kontakt mit dem Schaumstoff, f\u00fcr perfekte Hydratation. Es wird sich nach der einfachen Einrichtung nicht kr\u00e4useln. Es wurde speziell ausgew\u00e4hlt, um die beste Leistung mit Hobbyfarben und dem Verd\u00fcnnungsgrad, der beim Hobby-Malen verwendet wird, [&hellip;]<\/p>\n","protected":false},"featured_media":395714,"comment_status":"open","ping_status":"closed","template":"","meta":{"_acf_changed":false},"product_brand":[],"product_cat":[961,1236,977,968],"product_tag":[969,970],"class_list":{"0":"post-395712","1":"product","2":"type-product","3":"status-publish","4":"has-post-thumbnail","6":"product_cat-black-friday-de","7":"product_cat-einzelhandel","8":"product_cat-everlasting-wet-palette-nachfullpackungen","9":"product_cat-zubehor","10":"product_tag-ewig","11":"product_tag-nasspalette","13":"first","14":"instock","15":"taxable","16":"shipping-taxable","17":"purchasable","18":"product-type-variable"},"acf":[],"_links":{"self":[{"href":"https:\/\/www.redgrasscreative.com\/de\/wp-json\/wp\/v2\/product\/395712","targetHints":{"allow":["GET"]}}],"collection":[{"href":"https:\/\/www.redgrasscreative.com\/de\/wp-json\/wp\/v2\/product"}],"about":[{"href":"https:\/\/www.redgrasscreative.com\/de\/wp-json\/wp\/v2\/types\/product"}],"replies":[{"embeddable":true,"href":"https:\/\/www.redgrasscreative.com\/de\/wp-json\/wp\/v2\/comments?post=395712"}],"version-history":[{"count":1,"href":"https:\/\/www.redgrasscreative.com\/de\/wp-json\/wp\/v2\/product\/395712\/revisions"}],"predecessor-version":[{"id":398876,"href":"https:\/\/www.redgrasscreative.com\/de\/wp-json\/wp\/v2\/product\/395712\/revisions\/398876"}],"wp:featuredmedia":[{"embeddable":true,"href":"https:\/\/www.redgrasscreative.com\/de\/wp-json\/wp\/v2\/media\/395714"}],"wp:attachment":[{"href":"https:\/\/www.redgrasscreative.com\/de\/wp-json\/wp\/v2\/media?parent=395712"}],"wp:term":[{"taxonomy":"product_brand","embeddable":true,"href":"https:\/\/www.redgrasscreative.com\/de\/wp-json\/wp\/v2\/product_brand?post=395712"},{"taxonomy":"product_cat","embeddable":true,"href":"https:\/\/www.redgrasscreative.com\/de\/wp-json\/wp\/v2\/product_cat?post=395712"},{"taxonomy":"product_tag","embeddable":true,"href":"https:\/\/www.redgrasscreative.com\/de\/wp-json\/wp\/v2\/product_tag?post=395712"}],"curies":[{"name":"wp","href":"https:\/\/api.w.org\/{rel}","templated":true}]}}