{"id":395719,"date":"2018-10-16T18:34:51","date_gmt":"2018-10-16T16:34:51","guid":{"rendered":"https:\/\/www.redgrasscreative.com\/product\/pinsel-groesse-2-0\/"},"modified":"2026-01-02T23:26:31","modified_gmt":"2026-01-02T22:26:31","slug":"pinsel-groesse-2-0","status":"publish","type":"product","link":"https:\/\/www.redgrasscreative.com\/de\/produkt\/pinsel-groesse-2-0\/","title":{"rendered":"Pinsel: Gr\u00f6\u00dfe 2\/0"},"content":{"rendered":"<h3 style=\"font-size: 18px;\">MALEN WIE EIN PROFI<\/h3>\n<p>Wir haben die besten Pinsel f\u00fcr die Miniaturmalerei entwickelt. Mit ihren feinsten Spitzen und gro\u00dfen B\u00e4uchen decken sie alle Ihre Malbed\u00fcrfnisse ab, mit dem besten verf\u00fcgbaren nat\u00fcrlichen Zobelhaar. Doppel-0 (Gr\u00f6\u00dfe 2\/0) ist der perfekte Pinsel f\u00fcr h\u00f6chste Pr\u00e4zision.  <\/p>\n","protected":false},"excerpt":{"rendered":"<ul>\n<li><strong>Perfekt f\u00fcr Augen, kleine Details und mehr<\/strong><\/li>\n<li><strong>Erzielen Sie m\u00fchelos scharfe Linien<\/strong><\/li>\n<li><strong>Nadelf\u00f6rmige Spitze<\/strong><\/li>\n<li><strong>Konische Spitze f\u00fcr perfekte Kontrolle<\/strong><\/li>\n<li><strong>Hergestellt aus nat\u00fcrlichem Zobelhaar<\/strong><\/li>\n<li><strong>Verkauft in einer Plastikr\u00f6hre<\/strong><\/li>\n<\/ul>\n","protected":false},"featured_media":395720,"comment_status":"open","ping_status":"closed","template":"","meta":{"_acf_changed":false},"product_brand":[],"product_cat":[1236,971],"product_tag":[978],"class_list":{"0":"post-395719","1":"product","2":"type-product","3":"status-publish","4":"has-post-thumbnail","6":"product_cat-einzelhandel","7":"product_cat-premium-pinsel","8":"product_tag-pinsel","10":"first","11":"instock","12":"taxable","13":"shipping-taxable","14":"purchasable","15":"product-type-variable"},"acf":[],"_links":{"self":[{"href":"https:\/\/www.redgrasscreative.com\/de\/wp-json\/wp\/v2\/product\/395719","targetHints":{"allow":["GET"]}}],"collection":[{"href":"https:\/\/www.redgrasscreative.com\/de\/wp-json\/wp\/v2\/product"}],"about":[{"href":"https:\/\/www.redgrasscreative.com\/de\/wp-json\/wp\/v2\/types\/product"}],"replies":[{"embeddable":true,"href":"https:\/\/www.redgrasscreative.com\/de\/wp-json\/wp\/v2\/comments?post=395719"}],"version-history":[{"count":1,"href":"https:\/\/www.redgrasscreative.com\/de\/wp-json\/wp\/v2\/product\/395719\/revisions"}],"predecessor-version":[{"id":397942,"href":"https:\/\/www.redgrasscreative.com\/de\/wp-json\/wp\/v2\/product\/395719\/revisions\/397942"}],"wp:featuredmedia":[{"embeddable":true,"href":"https:\/\/www.redgrasscreative.com\/de\/wp-json\/wp\/v2\/media\/395720"}],"wp:attachment":[{"href":"https:\/\/www.redgrasscreative.com\/de\/wp-json\/wp\/v2\/media?parent=395719"}],"wp:term":[{"taxonomy":"product_brand","embeddable":true,"href":"https:\/\/www.redgrasscreative.com\/de\/wp-json\/wp\/v2\/product_brand?post=395719"},{"taxonomy":"product_cat","embeddable":true,"href":"https:\/\/www.redgrasscreative.com\/de\/wp-json\/wp\/v2\/product_cat?post=395719"},{"taxonomy":"product_tag","embeddable":true,"href":"https:\/\/www.redgrasscreative.com\/de\/wp-json\/wp\/v2\/product_tag?post=395719"}],"curies":[{"name":"wp","href":"https:\/\/api.w.org\/{rel}","templated":true}]}}