{"id":395725,"date":"2017-10-18T16:29:25","date_gmt":"2017-10-18T14:29:25","guid":{"rendered":"https:\/\/www.redgrasscreative.com\/product\/50-x-hydratationspapierblaetter-fuer-painter-v1-und-lite\/"},"modified":"2026-04-27T19:22:48","modified_gmt":"2026-04-27T17:22:48","slug":"50-x-hydratationspapierblaetter-fuer-painter-v1-und-lite","status":"publish","type":"product","link":"https:\/\/www.redgrasscreative.com\/de\/produkt\/50-x-hydratationspapierblaetter-fuer-painter-v1-und-lite\/","title":{"rendered":"50 x Hydratationspapierbl\u00e4tter f\u00fcr Painter v1 und Lite"},"content":{"rendered":"<p>Dieses Hydrationspapier f\u00fcr die <a href=\"https:\/\/www.redgrasscreative.com\/everlasting-wet-palette\/everlasting-wet-palette-painter\/\">Nasspalette<\/a> ist die <b>perfekte Erg\u00e4nzung<\/b> zu <a href=\"https:\/\/www.redgrasscreative.com\/product\/extra-foam-for-painter\/\">unserem Schaumstoff<\/a>. Es haftet darauf und bildet keine Blasen. <b>100% des Papiers<\/b> stehen in Kontakt mit dem Schaumstoff, was f\u00fcr eine <b>optimale Hydration<\/b> sorgt. Nach der einfachen Einrichtung wird es sich nicht wellen. Es wurde speziell ausgew\u00e4hlt, um die <b>beste Leistung mit Hobbyfarben<\/b> und dem in der Hobbyfarbgestaltung verwendeten Verd\u00fcnnungsgrad zu bieten.   <\/p>\n","protected":false},"excerpt":{"rendered":"<p>Dieses Hydrationspapier f\u00fcr die Nasspalette ist die perfekte Erg\u00e4nzung zu unserem Schaumstoff. Es haftet darauf und bildet keine Blasen. 100% des Papiers stehen in Kontakt mit dem Schaumstoff, was f\u00fcr eine optimale Hydration sorgt. Nach der einfachen Einrichtung wird es sich nicht wellen. Es wurde speziell ausgew\u00e4hlt, um die beste Leistung mit Hobbyfarben und dem [&hellip;]<\/p>\n","protected":false},"featured_media":395727,"comment_status":"open","ping_status":"closed","template":"","meta":{"_acf_changed":false},"product_brand":[],"product_cat":[961,1236,977,968],"product_tag":[969,970,963],"class_list":{"0":"post-395725","1":"product","2":"type-product","3":"status-publish","4":"has-post-thumbnail","6":"product_cat-black-friday-de","7":"product_cat-einzelhandel","8":"product_cat-everlasting-wet-palette-nachfullpackungen","9":"product_cat-zubehor","10":"product_tag-ewig","11":"product_tag-nasspalette","12":"product_tag-zubehor","14":"first","15":"instock","16":"taxable","17":"shipping-taxable","18":"purchasable","19":"product-type-variable"},"acf":[],"_links":{"self":[{"href":"https:\/\/www.redgrasscreative.com\/de\/wp-json\/wp\/v2\/product\/395725","targetHints":{"allow":["GET"]}}],"collection":[{"href":"https:\/\/www.redgrasscreative.com\/de\/wp-json\/wp\/v2\/product"}],"about":[{"href":"https:\/\/www.redgrasscreative.com\/de\/wp-json\/wp\/v2\/types\/product"}],"replies":[{"embeddable":true,"href":"https:\/\/www.redgrasscreative.com\/de\/wp-json\/wp\/v2\/comments?post=395725"}],"version-history":[{"count":1,"href":"https:\/\/www.redgrasscreative.com\/de\/wp-json\/wp\/v2\/product\/395725\/revisions"}],"predecessor-version":[{"id":398879,"href":"https:\/\/www.redgrasscreative.com\/de\/wp-json\/wp\/v2\/product\/395725\/revisions\/398879"}],"wp:featuredmedia":[{"embeddable":true,"href":"https:\/\/www.redgrasscreative.com\/de\/wp-json\/wp\/v2\/media\/395727"}],"wp:attachment":[{"href":"https:\/\/www.redgrasscreative.com\/de\/wp-json\/wp\/v2\/media?parent=395725"}],"wp:term":[{"taxonomy":"product_brand","embeddable":true,"href":"https:\/\/www.redgrasscreative.com\/de\/wp-json\/wp\/v2\/product_brand?post=395725"},{"taxonomy":"product_cat","embeddable":true,"href":"https:\/\/www.redgrasscreative.com\/de\/wp-json\/wp\/v2\/product_cat?post=395725"},{"taxonomy":"product_tag","embeddable":true,"href":"https:\/\/www.redgrasscreative.com\/de\/wp-json\/wp\/v2\/product_tag?post=395725"}],"curies":[{"name":"wp","href":"https:\/\/api.w.org\/{rel}","templated":true}]}}