{"id":395812,"date":"2024-06-24T12:20:01","date_gmt":"2024-06-24T10:20:01","guid":{"rendered":"https:\/\/www.redgrasscreative.com\/product\/4-xl-austauschbare-grosse-kappen-fuer-rgg360-painting-handle\/"},"modified":"2026-04-28T12:36:37","modified_gmt":"2026-04-28T10:36:37","slug":"4-xl-austauschbare-grosse-kappen-fuer-rgg360-painting-handle","status":"publish","type":"product","link":"https:\/\/www.redgrasscreative.com\/de\/produkt\/4-xl-austauschbare-grosse-kappen-fuer-rgg360-painting-handle\/","title":{"rendered":"4 XL austauschbare gro\u00dfe Kappen f\u00fcr RGG360 Painting Handle"},"content":{"rendered":"\t\t<div data-elementor-type=\"product-post\" data-elementor-id=\"395812\" class=\"elementor elementor-395812 elementor-388605\" data-elementor-post-type=\"product\">\n\t\t\t\t\t\t<section class=\"elementor-section elementor-top-section elementor-element elementor-element-42236061 elementor-section-boxed elementor-section-height-default elementor-section-height-default\" data-id=\"42236061\" data-element_type=\"section\" data-e-type=\"section\">\n\t\t\t\t\t\t<div class=\"elementor-container elementor-column-gap-default\">\n\t\t\t\t\t<div class=\"elementor-column elementor-col-100 elementor-top-column elementor-element elementor-element-1cbb1d4c\" data-id=\"1cbb1d4c\" data-element_type=\"column\" data-e-type=\"column\">\n\t\t\t<div class=\"elementor-widget-wrap elementor-element-populated\">\n\t\t\t\t\t\t<div class=\"elementor-element elementor-element-33e4f4ab elementor-widget elementor-widget-text-editor\" data-id=\"33e4f4ab\" data-element_type=\"widget\" data-e-type=\"widget\" data-widget_type=\"text-editor.default\">\n\t\t\t\t<div class=\"elementor-widget-container\">\n\t\t\t\t\t\t\t\t\t4 XL austauschbare gro\u00dfe Kappen f\u00fcr den RGG360\u00b0 Miniaturhalter V2.\nTauschen Sie Ihre Miniaturen nach Belieben, ohne sie zu ber\u00fchren. Beschleunigen Sie Ihr Batch-Painting. Jede Packung enth\u00e4lt 4 zus\u00e4tzliche XL gro\u00dfe Kappen f\u00fcr den RGG360\u00b0 \n\n\t\t\t\t\t\t\t\t<\/div>\n\t\t\t\t<\/div>\n\t\t\t\t\t<\/div>\n\t\t<\/div>\n\t\t\t\t\t<\/div>\n\t\t<\/section>\n\t\t\t\t<section class=\"elementor-section elementor-top-section elementor-element elementor-element-91b7f29 elementor-section-boxed elementor-section-height-default elementor-section-height-default\" data-id=\"91b7f29\" data-element_type=\"section\" data-e-type=\"section\">\n\t\t\t\t\t\t<div class=\"elementor-container elementor-column-gap-default\">\n\t\t\t\t\t<div class=\"elementor-column elementor-col-100 elementor-top-column elementor-element elementor-element-8c493fc\" data-id=\"8c493fc\" data-element_type=\"column\" data-e-type=\"column\">\n\t\t\t<div class=\"elementor-widget-wrap elementor-element-populated\">\n\t\t\t\t\t\t<div class=\"elementor-element elementor-element-d7fae3a elementor-widget elementor-widget-image\" data-id=\"d7fae3a\" data-element_type=\"widget\" data-e-type=\"widget\" data-widget_type=\"image.default\">\n\t\t\t\t<div class=\"elementor-widget-container\">\n\t\t\t\t\t\t\t\t\t\t\t\t\t\t\t<img fetchpriority=\"high\" decoding=\"async\" width=\"1170\" height=\"323\" src=\"https:\/\/www.redgrasscreative.com\/wp-content\/uploads\/2024\/02\/titre-KS-XL-caps-welcoming-the-giants.png\" class=\"attachment-large size-large wp-image-376338\" alt=\"\" srcset=\"https:\/\/www.redgrasscreative.com\/wp-content\/uploads\/2024\/02\/titre-KS-XL-caps-welcoming-the-giants.png 1400w, https:\/\/www.redgrasscreative.com\/wp-content\/uploads\/2024\/02\/titre-KS-XL-caps-welcoming-the-giants-510x141.png 510w, https:\/\/www.redgrasscreative.com\/wp-content\/uploads\/2024\/02\/titre-KS-XL-caps-welcoming-the-giants-150x41.png 150w, https:\/\/www.redgrasscreative.com\/wp-content\/uploads\/2024\/02\/titre-KS-XL-caps-welcoming-the-giants-330x91.png 330w, https:\/\/www.redgrasscreative.com\/wp-content\/uploads\/2024\/02\/titre-KS-XL-caps-welcoming-the-giants-768x212.png 768w, https:\/\/www.redgrasscreative.com\/wp-content\/uploads\/2024\/02\/titre-KS-XL-caps-welcoming-the-giants-360x99.png 360w, https:\/\/www.redgrasscreative.com\/wp-content\/uploads\/2024\/02\/titre-KS-XL-caps-welcoming-the-giants-60x17.png 60w, https:\/\/www.redgrasscreative.com\/wp-content\/uploads\/2024\/02\/titre-KS-XL-caps-welcoming-the-giants-110x30.png 110w\" sizes=\"(max-width: 1170px) 100vw, 1170px\" \/>\t\t\t\t\t\t\t\t\t\t\t\t\t\t\t<\/div>\n\t\t\t\t<\/div>\n\t\t\t\t<div class=\"elementor-element elementor-element-d0b0211 elementor-widget elementor-widget-text-editor\" data-id=\"d0b0211\" data-element_type=\"widget\" data-e-type=\"widget\" data-widget_type=\"text-editor.default\">\n\t\t\t\t<div class=\"elementor-widget-container\">\n\t\t\t\t\t\t\t\t\t<p>Aufgrund der hohen Nachfrage unserer Community haben wir die neue XL-Kappe entworfen, die kurviger, l\u00e4nger und gr\u00f6\u00dfer ist. Diese Innovation erm\u00f6glicht es Ihnen, gr\u00f6\u00dfere Miniaturen bequem zu halten und bietet eine l\u00e4ngere Kappenoption, ideal f\u00fcr diejenigen mit gr\u00f6\u00dferen H\u00e4nden. <\/p>\n\t\t\t\t\t\t\t\t<\/div>\n\t\t\t\t<\/div>\n\t\t\t\t<div class=\"elementor-element elementor-element-1b1dfc3 elementor-widget elementor-widget-image\" data-id=\"1b1dfc3\" data-element_type=\"widget\" data-e-type=\"widget\" data-widget_type=\"image.default\">\n\t\t\t\t<div class=\"elementor-widget-container\">\n\t\t\t\t\t\t\t\t\t\t\t\t\t\t\t<img decoding=\"async\" width=\"1170\" height=\"780\" src=\"https:\/\/www.redgrasscreative.com\/wp-content\/uploads\/2024\/02\/swappable-Xl-cap.jpg\" class=\"attachment-large size-large wp-image-376344\" alt=\"Miniature holder: a painting handle featuring swappable, interchangeable caps.\" srcset=\"https:\/\/www.redgrasscreative.com\/wp-content\/uploads\/2024\/02\/swappable-Xl-cap.jpg 1400w, https:\/\/www.redgrasscreative.com\/wp-content\/uploads\/2024\/02\/swappable-Xl-cap-510x340.jpg 510w, https:\/\/www.redgrasscreative.com\/wp-content\/uploads\/2024\/02\/swappable-Xl-cap-150x100.jpg 150w, https:\/\/www.redgrasscreative.com\/wp-content\/uploads\/2024\/02\/swappable-Xl-cap-330x220.jpg 330w, https:\/\/www.redgrasscreative.com\/wp-content\/uploads\/2024\/02\/swappable-Xl-cap-768x512.jpg 768w, https:\/\/www.redgrasscreative.com\/wp-content\/uploads\/2024\/02\/swappable-Xl-cap-360x240.jpg 360w, https:\/\/www.redgrasscreative.com\/wp-content\/uploads\/2024\/02\/swappable-Xl-cap-60x40.jpg 60w, https:\/\/www.redgrasscreative.com\/wp-content\/uploads\/2024\/02\/swappable-Xl-cap-110x73.jpg 110w\" sizes=\"(max-width: 1170px) 100vw, 1170px\" \/>\t\t\t\t\t\t\t\t\t\t\t\t\t\t\t<\/div>\n\t\t\t\t<\/div>\n\t\t\t\t<div class=\"elementor-element elementor-element-1260d3b elementor-widget elementor-widget-text-editor\" data-id=\"1260d3b\" data-element_type=\"widget\" data-e-type=\"widget\" data-widget_type=\"text-editor.default\">\n\t\t\t\t<div class=\"elementor-widget-container\">\n\t\t\t\t\t\t\t\t\t<p>Unsere Herausforderung bestand darin, das perfekte Gleichgewicht zwischen Breite und L\u00e4nge zu finden, um sicherzustellen, dass die XL-Kappe auch f\u00fcr durchschnittliche Handgr\u00f6\u00dfen (wie unsere!) bequem bleibt. Wenn Sie bereits den RGG360\u00b0 Painting Handle verwenden, wird diese neue XL-Kappe eine wertvolle und vielseitige Erg\u00e4nzung zu Ihrem Malarsenal sein. <\/p>\n\t\t\t\t\t\t\t\t<\/div>\n\t\t\t\t<\/div>\n\t\t\t\t<div class=\"elementor-element elementor-element-a30b2b5 elementor-widget elementor-widget-image\" data-id=\"a30b2b5\" data-element_type=\"widget\" data-e-type=\"widget\" data-widget_type=\"image.default\">\n\t\t\t\t<div class=\"elementor-widget-container\">\n\t\t\t\t\t\t\t\t\t\t\t\t\t\t\t<img decoding=\"async\" width=\"1170\" height=\"780\" src=\"https:\/\/www.redgrasscreative.com\/wp-content\/uploads\/2024\/02\/RGG360-XL-minis_.jpg\" class=\"attachment-large size-large wp-image-376346\" alt=\"\" srcset=\"https:\/\/www.redgrasscreative.com\/wp-content\/uploads\/2024\/02\/RGG360-XL-minis_.jpg 1400w, https:\/\/www.redgrasscreative.com\/wp-content\/uploads\/2024\/02\/RGG360-XL-minis_-510x340.jpg 510w, https:\/\/www.redgrasscreative.com\/wp-content\/uploads\/2024\/02\/RGG360-XL-minis_-150x100.jpg 150w, https:\/\/www.redgrasscreative.com\/wp-content\/uploads\/2024\/02\/RGG360-XL-minis_-330x220.jpg 330w, https:\/\/www.redgrasscreative.com\/wp-content\/uploads\/2024\/02\/RGG360-XL-minis_-768x512.jpg 768w, https:\/\/www.redgrasscreative.com\/wp-content\/uploads\/2024\/02\/RGG360-XL-minis_-360x240.jpg 360w, https:\/\/www.redgrasscreative.com\/wp-content\/uploads\/2024\/02\/RGG360-XL-minis_-60x40.jpg 60w, https:\/\/www.redgrasscreative.com\/wp-content\/uploads\/2024\/02\/RGG360-XL-minis_-110x73.jpg 110w\" sizes=\"(max-width: 1170px) 100vw, 1170px\" \/>\t\t\t\t\t\t\t\t\t\t\t\t\t\t\t<\/div>\n\t\t\t\t<\/div>\n\t\t\t\t\t<\/div>\n\t\t<\/div>\n\t\t\t\t\t<\/div>\n\t\t<\/section>\n\t\t\t\t<\/div>\n\t\t","protected":false},"excerpt":{"rendered":"<div class=\"serp-preview\">\n<div class=\"serp-preview-wrapper\">\n<div class=\"serp-preview-body\" tabindex=\"0\" role=\"button\">\n<div class=\"group\">\n<div class=\"serp-description\">4 XL austauschbare gro\u00dfe Kappen f\u00fcr den RGG360\u00b0 Miniaturhalter V2. Tauschen Sie Ihre Miniaturen nach Belieben, ohne sie zu ber\u00fchren. Beschleunigen Sie Ihr Batch-Painting.<\/div>\n<\/div>\n<\/div>\n<\/div>\n<\/div>\n","protected":false},"featured_media":395813,"comment_status":"open","ping_status":"closed","template":"elementor_theme","meta":{"_acf_changed":false},"product_brand":[],"product_cat":[961,1236,1132,960],"product_tag":[],"class_list":{"0":"post-395812","1":"product","2":"type-product","3":"status-publish","4":"has-post-thumbnail","6":"product_cat-black-friday-de","7":"product_cat-einzelhandel","8":"product_cat-neu","9":"product_cat-rgg-360-painting-handle","11":"first","12":"instock","13":"taxable","14":"shipping-taxable","15":"purchasable","16":"product-type-variable"},"acf":[],"_links":{"self":[{"href":"https:\/\/www.redgrasscreative.com\/de\/wp-json\/wp\/v2\/product\/395812","targetHints":{"allow":["GET"]}}],"collection":[{"href":"https:\/\/www.redgrasscreative.com\/de\/wp-json\/wp\/v2\/product"}],"about":[{"href":"https:\/\/www.redgrasscreative.com\/de\/wp-json\/wp\/v2\/types\/product"}],"replies":[{"embeddable":true,"href":"https:\/\/www.redgrasscreative.com\/de\/wp-json\/wp\/v2\/comments?post=395812"}],"version-history":[{"count":2,"href":"https:\/\/www.redgrasscreative.com\/de\/wp-json\/wp\/v2\/product\/395812\/revisions"}],"predecessor-version":[{"id":397547,"href":"https:\/\/www.redgrasscreative.com\/de\/wp-json\/wp\/v2\/product\/395812\/revisions\/397547"}],"wp:featuredmedia":[{"embeddable":true,"href":"https:\/\/www.redgrasscreative.com\/de\/wp-json\/wp\/v2\/media\/395813"}],"wp:attachment":[{"href":"https:\/\/www.redgrasscreative.com\/de\/wp-json\/wp\/v2\/media?parent=395812"}],"wp:term":[{"taxonomy":"product_brand","embeddable":true,"href":"https:\/\/www.redgrasscreative.com\/de\/wp-json\/wp\/v2\/product_brand?post=395812"},{"taxonomy":"product_cat","embeddable":true,"href":"https:\/\/www.redgrasscreative.com\/de\/wp-json\/wp\/v2\/product_cat?post=395812"},{"taxonomy":"product_tag","embeddable":true,"href":"https:\/\/www.redgrasscreative.com\/de\/wp-json\/wp\/v2\/product_tag?post=395812"}],"curies":[{"name":"wp","href":"https:\/\/api.w.org\/{rel}","templated":true}]}}