{"id":395816,"date":"2024-06-03T12:42:57","date_gmt":"2024-06-03T10:42:57","guid":{"rendered":"https:\/\/www.redgrasscreative.com\/product\/15x-studio-xl-art-palette-membranen\/"},"modified":"2026-03-24T22:22:04","modified_gmt":"2026-03-24T21:22:04","slug":"15x-studio-xl-art-palette-membranen","status":"publish","type":"product","link":"https:\/\/www.redgrasscreative.com\/de\/produkt\/15x-studio-xl-art-palette-membranen\/","title":{"rendered":"15x Studio XL ART Palette Membranen"},"content":{"rendered":"<p>Unsere neueren Membranen f\u00fcr Studio XL ART Paletten, speziell entwickelt f\u00fcr die Studio XL Art Wet Palette. Perfekt f\u00fcr feine Kunstfarben, insbesondere Heavy Body Acrylfarben und Gouache. <\/p>\n<ul>\n<li class=\"list-disc\">15x Studio XL Art Membranen<\/li>\n<\/ul>\n","protected":false},"excerpt":{"rendered":"<p>Einf\u00fchrung der Studio Art Membranen, speziell entwickelt f\u00fcr die Studio XL Art Wet Palette. Entwickelt f\u00fcr die feine Kunstmalerei, arbeiten diese Membranen nahtlos mit unserem komplett \u00fcberarbeiteten Hydrationssystem.  Perfekt f\u00fcr Feinmalfarben, insbesondere Heavy Body Acrylfarben und Gouache, sorgen diese Membranen f\u00fcr eine au\u00dfergew\u00f6hnliche Feuchtigkeitskapazit\u00e4t und \u00fcberlegene Leistung. Ihre Haltbarkeit und Effizienz machen sie zur besten Wahl f\u00fcr professionelle K\u00fcnstler und fortgeschrittene Maler. Verbessern Sie Ihre technische Malleistung mit den zuverl\u00e4ssigen und effizienten Studio Art Membranen. <\/p>\n","protected":false},"featured_media":395818,"comment_status":"open","ping_status":"closed","template":"","meta":{"_acf_changed":false},"product_brand":[],"product_cat":[961,1236,979,1000,1001],"product_tag":[],"class_list":{"0":"post-395816","1":"product","2":"type-product","3":"status-publish","4":"has-post-thumbnail","6":"product_cat-black-friday-de","7":"product_cat-einzelhandel","8":"product_cat-everlasting-wet-palettes","9":"product_cat-export-de","10":"product_cat-kickstarterv2-de","12":"first","13":"instock","14":"taxable","15":"shipping-taxable","16":"purchasable","17":"product-type-variable"},"acf":[],"_links":{"self":[{"href":"https:\/\/www.redgrasscreative.com\/de\/wp-json\/wp\/v2\/product\/395816","targetHints":{"allow":["GET"]}}],"collection":[{"href":"https:\/\/www.redgrasscreative.com\/de\/wp-json\/wp\/v2\/product"}],"about":[{"href":"https:\/\/www.redgrasscreative.com\/de\/wp-json\/wp\/v2\/types\/product"}],"replies":[{"embeddable":true,"href":"https:\/\/www.redgrasscreative.com\/de\/wp-json\/wp\/v2\/comments?post=395816"}],"version-history":[{"count":3,"href":"https:\/\/www.redgrasscreative.com\/de\/wp-json\/wp\/v2\/product\/395816\/revisions"}],"predecessor-version":[{"id":397861,"href":"https:\/\/www.redgrasscreative.com\/de\/wp-json\/wp\/v2\/product\/395816\/revisions\/397861"}],"wp:featuredmedia":[{"embeddable":true,"href":"https:\/\/www.redgrasscreative.com\/de\/wp-json\/wp\/v2\/media\/395818"}],"wp:attachment":[{"href":"https:\/\/www.redgrasscreative.com\/de\/wp-json\/wp\/v2\/media?parent=395816"}],"wp:term":[{"taxonomy":"product_brand","embeddable":true,"href":"https:\/\/www.redgrasscreative.com\/de\/wp-json\/wp\/v2\/product_brand?post=395816"},{"taxonomy":"product_cat","embeddable":true,"href":"https:\/\/www.redgrasscreative.com\/de\/wp-json\/wp\/v2\/product_cat?post=395816"},{"taxonomy":"product_tag","embeddable":true,"href":"https:\/\/www.redgrasscreative.com\/de\/wp-json\/wp\/v2\/product_tag?post=395816"}],"curies":[{"name":"wp","href":"https:\/\/api.w.org\/{rel}","templated":true}]}}