{"id":395840,"date":"2022-01-10T23:20:42","date_gmt":"2022-01-10T22:20:42","guid":{"rendered":"https:\/\/www.redgrasscreative.com\/product\/rgg-malunterlage-a3-schnittfest\/"},"modified":"2026-03-02T15:24:32","modified_gmt":"2026-03-02T14:24:32","slug":"rgg-malunterlage-a3-schnittfest","status":"publish","type":"product","link":"https:\/\/www.redgrasscreative.com\/de\/produkt\/rgg-malunterlage-a3-schnittfest\/","title":{"rendered":"RGG Malunterlage A3 &#8211; Schnittfest"},"content":{"rendered":"<p>RGG Malunterlage A3 \u2013 Schnittfest<\/p>\n<p>Sch\u00fctzen Sie Ihren Schreibtisch mit der Redgrassgames Schneid- und Malmatte f\u00fcr Miniaturmalerei. Diese ma\u00dfgefertigte Malmatte pr\u00e4sentiert sich in einem neutralen Grau, um Ihre Konzentration w\u00e4hrend der Malsitzung zu f\u00f6rdern. Erh\u00e4ltlich im A3-Format, bietet sie eine sorgf\u00e4ltig abgestimmte Auswahl n\u00fctzlicher Hilfslinien. Runde und quadratische Schachbrettmuster, Verd\u00fcnnungsverh\u00e4ltnisse f\u00fcr Anf\u00e4nger, ein Zoll\/cm-Lineal sowie das Redgrass-Farbrad sind integriert. Zudem eignet sie sich hervorragend als Schneidunterlage f\u00fcr all Ihre Hobbys. Dank ihrer selbstheilenden Eigenschaften und der beidseitigen Verwendbarkeit wird sie Ihnen lange Zeit gute Dienste leisten.     <\/p>\n","protected":false},"excerpt":{"rendered":"<p>Sch\u00fctzen Sie Ihren Schreibtisch mit der Redgrass Schneide- und Malunterlage f\u00fcr Miniaturmalerei.<\/p>\n<p>Gr\u00f6\u00dfe: A3-Format 29,7 x 42 cm 11,7 x 16,5 in<\/p>\n<p>1 x Farbkreis enthalten.<\/p>\n","protected":false},"featured_media":395842,"comment_status":"open","ping_status":"closed","template":"","meta":{"_acf_changed":false},"product_brand":[],"product_cat":[1236,972],"product_tag":[],"class_list":{"0":"post-395840","1":"product","2":"type-product","3":"status-publish","4":"has-post-thumbnail","6":"product_cat-einzelhandel","7":"product_cat-hobbywerkzeuge","9":"first","10":"instock","11":"taxable","12":"shipping-taxable","13":"purchasable","14":"product-type-variable"},"acf":[],"_links":{"self":[{"href":"https:\/\/www.redgrasscreative.com\/de\/wp-json\/wp\/v2\/product\/395840","targetHints":{"allow":["GET"]}}],"collection":[{"href":"https:\/\/www.redgrasscreative.com\/de\/wp-json\/wp\/v2\/product"}],"about":[{"href":"https:\/\/www.redgrasscreative.com\/de\/wp-json\/wp\/v2\/types\/product"}],"replies":[{"embeddable":true,"href":"https:\/\/www.redgrasscreative.com\/de\/wp-json\/wp\/v2\/comments?post=395840"}],"version-history":[{"count":2,"href":"https:\/\/www.redgrasscreative.com\/de\/wp-json\/wp\/v2\/product\/395840\/revisions"}],"predecessor-version":[{"id":404650,"href":"https:\/\/www.redgrasscreative.com\/de\/wp-json\/wp\/v2\/product\/395840\/revisions\/404650"}],"wp:featuredmedia":[{"embeddable":true,"href":"https:\/\/www.redgrasscreative.com\/de\/wp-json\/wp\/v2\/media\/395842"}],"wp:attachment":[{"href":"https:\/\/www.redgrasscreative.com\/de\/wp-json\/wp\/v2\/media?parent=395840"}],"wp:term":[{"taxonomy":"product_brand","embeddable":true,"href":"https:\/\/www.redgrasscreative.com\/de\/wp-json\/wp\/v2\/product_brand?post=395840"},{"taxonomy":"product_cat","embeddable":true,"href":"https:\/\/www.redgrasscreative.com\/de\/wp-json\/wp\/v2\/product_cat?post=395840"},{"taxonomy":"product_tag","embeddable":true,"href":"https:\/\/www.redgrasscreative.com\/de\/wp-json\/wp\/v2\/product_tag?post=395840"}],"curies":[{"name":"wp","href":"https:\/\/api.w.org\/{rel}","templated":true}]}}