{"id":395866,"date":"2021-06-10T15:42:36","date_gmt":"2021-06-10T13:42:36","guid":{"rendered":"https:\/\/www.redgrasscreative.com\/product\/anti-spill-topfhalter\/"},"modified":"2025-12-02T01:02:59","modified_gmt":"2025-12-02T00:02:59","slug":"anti-spill-topfhalter","status":"publish","type":"product","link":"https:\/\/www.redgrasscreative.com\/de\/produkt\/anti-spill-topfhalter\/","title":{"rendered":"Anti-Spill-Topfhalter"},"content":{"rendered":"<p>Unser neuer Anti-Spill-Topfhalter mit unserem neuen Schiebeschloss-System f\u00fcr Zubeh\u00f6r macht es noch einfacher, Zubeh\u00f6r sicher an Ihrer Palette zu befestigen. Der Anti-Spill-Topfhalter ist ideal, um Ihre Farben und Tinten vor dem Versch\u00fctten zu bewahren! <\/p>\n","protected":false},"excerpt":{"rendered":"<p>Die beste Nasspalette f\u00fcr Miniaturen ist zur\u00fcck, komplett transformiert mit einer Vielzahl neuer Funktionen. Das Anti-Spill-Topfhalter-Zubeh\u00f6r ist ideal, um Ihre Farben und Tinten vor dem Versch\u00fctten zu bewahren! <\/p>\n","protected":false},"featured_media":395867,"comment_status":"open","ping_status":"closed","template":"","meta":{"_acf_changed":false},"product_brand":[],"product_cat":[961,1236,968],"product_tag":[963],"class_list":{"0":"post-395866","1":"product","2":"type-product","3":"status-publish","4":"has-post-thumbnail","6":"product_cat-black-friday-de","7":"product_cat-einzelhandel","8":"product_cat-zubehor","9":"product_tag-zubehor","11":"first","12":"instock","13":"taxable","14":"shipping-taxable","15":"purchasable","16":"product-type-variable"},"acf":[],"_links":{"self":[{"href":"https:\/\/www.redgrasscreative.com\/de\/wp-json\/wp\/v2\/product\/395866","targetHints":{"allow":["GET"]}}],"collection":[{"href":"https:\/\/www.redgrasscreative.com\/de\/wp-json\/wp\/v2\/product"}],"about":[{"href":"https:\/\/www.redgrasscreative.com\/de\/wp-json\/wp\/v2\/types\/product"}],"replies":[{"embeddable":true,"href":"https:\/\/www.redgrasscreative.com\/de\/wp-json\/wp\/v2\/comments?post=395866"}],"version-history":[{"count":1,"href":"https:\/\/www.redgrasscreative.com\/de\/wp-json\/wp\/v2\/product\/395866\/revisions"}],"predecessor-version":[{"id":397763,"href":"https:\/\/www.redgrasscreative.com\/de\/wp-json\/wp\/v2\/product\/395866\/revisions\/397763"}],"wp:featuredmedia":[{"embeddable":true,"href":"https:\/\/www.redgrasscreative.com\/de\/wp-json\/wp\/v2\/media\/395867"}],"wp:attachment":[{"href":"https:\/\/www.redgrasscreative.com\/de\/wp-json\/wp\/v2\/media?parent=395866"}],"wp:term":[{"taxonomy":"product_brand","embeddable":true,"href":"https:\/\/www.redgrasscreative.com\/de\/wp-json\/wp\/v2\/product_brand?post=395866"},{"taxonomy":"product_cat","embeddable":true,"href":"https:\/\/www.redgrasscreative.com\/de\/wp-json\/wp\/v2\/product_cat?post=395866"},{"taxonomy":"product_tag","embeddable":true,"href":"https:\/\/www.redgrasscreative.com\/de\/wp-json\/wp\/v2\/product_tag?post=395866"}],"curies":[{"name":"wp","href":"https:\/\/api.w.org\/{rel}","templated":true}]}}