{"id":395877,"date":"2021-06-10T14:41:58","date_gmt":"2021-06-10T12:41:58","guid":{"rendered":"https:\/\/www.redgrasscreative.com\/product\/15x-studio-v2-wiederverwendbare-membranen-fuer-everlasting-wet-palette\/"},"modified":"2026-04-05T11:56:17","modified_gmt":"2026-04-05T09:56:17","slug":"15x-studio-v2-wiederverwendbare-membranen-fuer-everlasting-wet-palette","status":"publish","type":"product","link":"https:\/\/www.redgrasscreative.com\/de\/produkt\/15x-studio-v2-wiederverwendbare-membranen-fuer-everlasting-wet-palette\/","title":{"rendered":"15x Studio v2 Wiederverwendbare Membranen f\u00fcr Everlasting Wet Palette"},"content":{"rendered":"<p>Unsere neueren wiederverwendbaren Membranen f\u00fcr Studio v2.<\/p>\n<ul>\n<li class=\"list-disc\">15x Studio v2 Wiederverwendbare Membranen<\/li>\n<\/ul>\n","protected":false},"excerpt":{"rendered":"<p>Die beste Nasspalette f\u00fcr Miniaturen ist zur\u00fcck, vollst\u00e4ndig transformiert mit einer Vielzahl neuer Funktionen. Mit diesem Paket f\u00fcgen Sie 15 wiederverwendbare Membranen mit beeindruckender Hydratationsleistung hinzu. F\u00fcr Studio v2, ebenfalls kompatibel mit Studio v1 und Studio Lite.  <\/p>\n","protected":false},"featured_media":395878,"comment_status":"open","ping_status":"closed","template":"","meta":{"_acf_changed":false},"product_brand":[],"product_cat":[961,1236,979,1001],"product_tag":[],"class_list":{"0":"post-395877","1":"product","2":"type-product","3":"status-publish","4":"has-post-thumbnail","6":"product_cat-black-friday-de","7":"product_cat-einzelhandel","8":"product_cat-everlasting-wet-palettes","9":"product_cat-kickstarterv2-de","11":"first","12":"instock","13":"taxable","14":"shipping-taxable","15":"purchasable","16":"product-type-variable"},"acf":[],"_links":{"self":[{"href":"https:\/\/www.redgrasscreative.com\/de\/wp-json\/wp\/v2\/product\/395877","targetHints":{"allow":["GET"]}}],"collection":[{"href":"https:\/\/www.redgrasscreative.com\/de\/wp-json\/wp\/v2\/product"}],"about":[{"href":"https:\/\/www.redgrasscreative.com\/de\/wp-json\/wp\/v2\/types\/product"}],"replies":[{"embeddable":true,"href":"https:\/\/www.redgrasscreative.com\/de\/wp-json\/wp\/v2\/comments?post=395877"}],"version-history":[{"count":3,"href":"https:\/\/www.redgrasscreative.com\/de\/wp-json\/wp\/v2\/product\/395877\/revisions"}],"predecessor-version":[{"id":404696,"href":"https:\/\/www.redgrasscreative.com\/de\/wp-json\/wp\/v2\/product\/395877\/revisions\/404696"}],"wp:featuredmedia":[{"embeddable":true,"href":"https:\/\/www.redgrasscreative.com\/de\/wp-json\/wp\/v2\/media\/395878"}],"wp:attachment":[{"href":"https:\/\/www.redgrasscreative.com\/de\/wp-json\/wp\/v2\/media?parent=395877"}],"wp:term":[{"taxonomy":"product_brand","embeddable":true,"href":"https:\/\/www.redgrasscreative.com\/de\/wp-json\/wp\/v2\/product_brand?post=395877"},{"taxonomy":"product_cat","embeddable":true,"href":"https:\/\/www.redgrasscreative.com\/de\/wp-json\/wp\/v2\/product_cat?post=395877"},{"taxonomy":"product_tag","embeddable":true,"href":"https:\/\/www.redgrasscreative.com\/de\/wp-json\/wp\/v2\/product_tag?post=395877"}],"curies":[{"name":"wp","href":"https:\/\/api.w.org\/{rel}","templated":true}]}}