{"id":395883,"date":"2021-06-10T13:40:39","date_gmt":"2021-06-10T11:40:39","guid":{"rendered":"https:\/\/www.redgrasscreative.com\/product\/studio-xl-v2-wet-palette\/"},"modified":"2026-03-26T02:15:57","modified_gmt":"2026-03-26T01:15:57","slug":"studio-xl-v2-wet-palette","status":"publish","type":"product","link":"https:\/\/www.redgrasscreative.com\/de\/produkt\/studio-xl-v2-wet-palette\/","title":{"rendered":"Studio XL v2 Wet Palette"},"content":{"rendered":"<p>Die beste Nasspalette f\u00fcr Miniaturen ist zur\u00fcck, vollst\u00e4ndig transformiert mit einer Vielzahl neuer Funktionen. Dies beinhaltet das bemerkenswerte Hydrationssystem. Die weltweit erste wiederverwendbare Membran. Au\u00dfergew\u00f6hnliche Feuchtigkeitskapazit\u00e4t. Dickere Schaumstoffe. Das am dichtesten schlie\u00dfende Geh\u00e4use. Studio v2 ist die beste Wahl f\u00fcr professionelle Maler und fortgeschrittene Hobbyk\u00fcnstler. All diese Eigenschaften werden Ihre technische Malleistung verbessern.       <\/p>\n<p>Im Lieferumfang enthalten:<\/p>\n<ul>\n<li class=\"list-disc\">Everlasting Wet Palette Studio v2 &#8211; Ice Blue<\/li>\n<li class=\"list-disc\">15x Studio v2 Wiederverwendbare Membranen<\/li>\n<li class=\"list-disc\"><span class=\"bold\">2\u00d7<\/span> Studio v2 Hydrationsschaum<\/li>\n<\/ul>\n<p>WAVY2 UND TOPFHALTER SEPARAT ERH\u00c4LTLICH<\/p>\n","protected":false},"excerpt":{"rendered":"<p>Die gr\u00f6\u00dfte Nasspalette f\u00fcr Miniaturmalerei. F\u00fcr Profis und fortgeschrittene Hobbyk\u00fcnstler. Ma\u00dfe: 20,5 cm x 30,5 cm (8 \u201ex 12\u201c).  <\/p>\n<p>Im Lieferumfang enthalten:<\/p>\n<ul>\n<li class=\"list-disc\">Everlasting Wet Palette Studio v2 &#8211; Ice Blue<\/li>\n<li class=\"list-disc\">15x Studio v2 Wiederverwendbare Membranen<\/li>\n<li class=\"list-disc\"><span class=\"bold\">2\u00d7<\/span> Studio v2 Hydrationsschaum<\/li>\n<\/ul>\n","protected":false},"featured_media":395885,"comment_status":"open","ping_status":"closed","template":"","meta":{"_acf_changed":false},"product_brand":[],"product_cat":[1236,1011,979,1001],"product_tag":[970],"class_list":{"0":"post-395883","1":"product","2":"type-product","3":"status-publish","4":"has-post-thumbnail","6":"product_cat-einzelhandel","7":"product_cat-everlasting-v2-wet-palette","8":"product_cat-everlasting-wet-palettes","9":"product_cat-kickstarterv2-de","10":"product_tag-nasspalette","12":"first","13":"instock","14":"taxable","15":"shipping-taxable","16":"purchasable","17":"product-type-variable"},"acf":[],"_links":{"self":[{"href":"https:\/\/www.redgrasscreative.com\/de\/wp-json\/wp\/v2\/product\/395883","targetHints":{"allow":["GET"]}}],"collection":[{"href":"https:\/\/www.redgrasscreative.com\/de\/wp-json\/wp\/v2\/product"}],"about":[{"href":"https:\/\/www.redgrasscreative.com\/de\/wp-json\/wp\/v2\/types\/product"}],"replies":[{"embeddable":true,"href":"https:\/\/www.redgrasscreative.com\/de\/wp-json\/wp\/v2\/comments?post=395883"}],"version-history":[{"count":2,"href":"https:\/\/www.redgrasscreative.com\/de\/wp-json\/wp\/v2\/product\/395883\/revisions"}],"predecessor-version":[{"id":404690,"href":"https:\/\/www.redgrasscreative.com\/de\/wp-json\/wp\/v2\/product\/395883\/revisions\/404690"}],"wp:featuredmedia":[{"embeddable":true,"href":"https:\/\/www.redgrasscreative.com\/de\/wp-json\/wp\/v2\/media\/395885"}],"wp:attachment":[{"href":"https:\/\/www.redgrasscreative.com\/de\/wp-json\/wp\/v2\/media?parent=395883"}],"wp:term":[{"taxonomy":"product_brand","embeddable":true,"href":"https:\/\/www.redgrasscreative.com\/de\/wp-json\/wp\/v2\/product_brand?post=395883"},{"taxonomy":"product_cat","embeddable":true,"href":"https:\/\/www.redgrasscreative.com\/de\/wp-json\/wp\/v2\/product_cat?post=395883"},{"taxonomy":"product_tag","embeddable":true,"href":"https:\/\/www.redgrasscreative.com\/de\/wp-json\/wp\/v2\/product_tag?post=395883"}],"curies":[{"name":"wp","href":"https:\/\/api.w.org\/{rel}","templated":true}]}}