{"id":395891,"date":"2021-06-10T15:01:22","date_gmt":"2021-06-10T13:01:22","guid":{"rendered":"https:\/\/www.redgrasscreative.com\/product\/painter-v2-wet-palette\/"},"modified":"2026-04-19T17:31:24","modified_gmt":"2026-04-19T15:31:24","slug":"painter-v2-wet-palette","status":"publish","type":"product","link":"https:\/\/www.redgrasscreative.com\/de\/produkt\/painter-v2-wet-palette\/","title":{"rendered":"Painter v2 Wet Palette"},"content":{"rendered":"<p>Die beste Na\u00dfpalette f\u00fcr Miniaturen ist zur\u00fcck, vollst\u00e4ndig transformiert mit einer Vielzahl neuer Funktionen. Dies beinhaltet das bemerkenswerte Hydratationssystem. Die weltweit erste wiederverwendbare Membran. Au\u00dfergew\u00f6hnliche Feuchtigkeitskapazit\u00e4t. Dickere Schaumstoffeinlagen. Das am dichtesten schlie\u00dfende Geh\u00e4use. Painter v2 ist nun gr\u00f6\u00dfer mit bis zu 20% mehr Malfl\u00e4che im Vergleich zu fr\u00fcheren Generationen. All diese Eigenschaften werden Ihre technische Malleistung verbessern.       <\/p>\n<p>Im Lieferumfang enthalten:<\/p>\n<ul>\n<li class=\"list-disc\">Everlasting Wet Palette Painter v2 \u2013 Feuerrot<\/li>\n<li class=\"list-disc\">15x Painter v2 Wiederverwendbare Membranen<\/li>\n<li class=\"list-disc\"><span class=\"bold\">2\u00d7<\/span> Painter v2 Hydrationsschaum<\/li>\n<\/ul>\n<p>WAVY2 UND TOPFHALTER SEPARAT ERH\u00c4LTLICH<\/p>\n","protected":false},"excerpt":{"rendered":"<p>Die neue, breitere Standardgr\u00f6\u00dfe neu definiert, einfach zu lagern und zu transportieren. F\u00fcr kleine bis mittlere Arbeitsfl\u00e4chen. Gr\u00f6\u00dfe: 16,5 cm x 24 cm (6,5 \u201ex 9,44\u201c).  <\/p>\n<p>Im Lieferumfang enthalten:<\/p>\n<ul>\n<li class=\"list-disc\">Everlasting Wet Palette Painter v2 &#8211; Feuerrot<\/li>\n<li class=\"list-disc\">15x Painter v2 Wiederverwendbare Membranen<\/li>\n<li class=\"list-disc\"><span class=\"bold\">2\u00d7<\/span> Painter v2 Hydrationsschaum<\/li>\n<\/ul>\n","protected":false},"featured_media":395892,"comment_status":"open","ping_status":"closed","template":"","meta":{"_acf_changed":false},"product_brand":[],"product_cat":[1236,1011,979,1001],"product_tag":[1013,970],"class_list":{"0":"post-395891","1":"product","2":"type-product","3":"status-publish","4":"has-post-thumbnail","6":"product_cat-einzelhandel","7":"product_cat-everlasting-v2-wet-palette","8":"product_cat-everlasting-wet-palettes","9":"product_cat-kickstarterv2-de","10":"product_tag-am-besten","11":"product_tag-nasspalette","13":"first","14":"instock","15":"taxable","16":"shipping-taxable","17":"purchasable","18":"product-type-variable"},"acf":[],"_links":{"self":[{"href":"https:\/\/www.redgrasscreative.com\/de\/wp-json\/wp\/v2\/product\/395891","targetHints":{"allow":["GET"]}}],"collection":[{"href":"https:\/\/www.redgrasscreative.com\/de\/wp-json\/wp\/v2\/product"}],"about":[{"href":"https:\/\/www.redgrasscreative.com\/de\/wp-json\/wp\/v2\/types\/product"}],"replies":[{"embeddable":true,"href":"https:\/\/www.redgrasscreative.com\/de\/wp-json\/wp\/v2\/comments?post=395891"}],"version-history":[{"count":3,"href":"https:\/\/www.redgrasscreative.com\/de\/wp-json\/wp\/v2\/product\/395891\/revisions"}],"predecessor-version":[{"id":404701,"href":"https:\/\/www.redgrasscreative.com\/de\/wp-json\/wp\/v2\/product\/395891\/revisions\/404701"}],"wp:featuredmedia":[{"embeddable":true,"href":"https:\/\/www.redgrasscreative.com\/de\/wp-json\/wp\/v2\/media\/395892"}],"wp:attachment":[{"href":"https:\/\/www.redgrasscreative.com\/de\/wp-json\/wp\/v2\/media?parent=395891"}],"wp:term":[{"taxonomy":"product_brand","embeddable":true,"href":"https:\/\/www.redgrasscreative.com\/de\/wp-json\/wp\/v2\/product_brand?post=395891"},{"taxonomy":"product_cat","embeddable":true,"href":"https:\/\/www.redgrasscreative.com\/de\/wp-json\/wp\/v2\/product_cat?post=395891"},{"taxonomy":"product_tag","embeddable":true,"href":"https:\/\/www.redgrasscreative.com\/de\/wp-json\/wp\/v2\/product_tag?post=395891"}],"curies":[{"name":"wp","href":"https:\/\/api.w.org\/{rel}","templated":true}]}}