{"id":395901,"date":"2020-12-03T11:21:36","date_gmt":"2020-12-03T10:21:36","guid":{"rendered":"https:\/\/www.redgrasscreative.com\/product\/miniaturmalerei-premium-anfaengergeschenk-redgrassgames-kostenloses-malbuch\/"},"modified":"2025-02-28T15:40:51","modified_gmt":"2025-02-28T14:40:51","slug":"miniaturmalerei-premium-anfaengergeschenk-redgrassgames-kostenloses-malbuch","status":"publish","type":"product","link":"https:\/\/www.redgrasscreative.com\/de\/produkt\/miniaturmalerei-premium-anfaengergeschenk-redgrassgames-kostenloses-malbuch\/","title":{"rendered":"Miniaturmalerei Premium-Anf\u00e4ngergeschenk &#8211; Redgrassgames &#8211; Kostenloses Malbuch"},"content":{"rendered":"<h4>Miniaturmalerei Premium-Anf\u00e4ngergeschenk zu Weihnachten.<\/h4>\n<p>Wenn Sie mit dem Malen von Miniaturen beginnen, ben\u00f6tigen Sie die besten Malwerkzeuge: unser Miniaturmalerei Premium-Anf\u00e4ngergeschenk. Eine Everlasting Nasspalette, ein ergonomischer Malgriff RGG360 und ein Premium-Pinselset werden Ihnen schnell den Einstieg erleichtern.<br \/>\nDie meisten Hobbyisten nehmen das Hobby-Malen ernst, aber einige mehr als andere. F\u00fcr Anf\u00e4nger haben wir die besten Malwerkzeuge und ein kostenloses Malbuch von Angel Giraldez erstellt.  <\/p>\n<h4>Die besten Werkzeuge helfen Ihnen, Ihre Malerei schnell zu verbessern<\/h4>\n<p>Mit dem <a href=\"https:\/\/www.redgrasscreative.com\/painter-starter-pack\/\">Everlasting Painter Wet Palette Starter<\/a> k\u00f6nnen Sie ein schnelles Projekt malen oder Ihre Malerei unterwegs fortf\u00fchren. Unsere Nasstpaletten halten Ihre Farbe frisch und einsatzbereit, sch\u00fctzen Ihre Mischungen und Verd\u00fcnnungen und helfen Ihnen, Zeit und Farbe zu sparen sowie fortgeschrittene Techniken zu meistern. Dies ist tats\u00e4chlich eines der essenziellen Werkzeuge f\u00fcr ernsthaft engagierte Hobbyk\u00fcnstler.  <\/p>\n<p>Um Ihre Miniaturen zu handhaben, greifen Sie zu einem unserer Malgriffe <a href=\"https:\/\/www.redgrasscreative.com\/holder\/\">RGG360 V2<\/a> mit 4 zus\u00e4tzlichen Aufs\u00e4tzen. Diese verleihen Ihnen Pr\u00e4zision und Geschwindigkeit bei gleichzeitiger Verbesserung Ihres allgemeinen Malkomforts. Der Miniaturhalter besitzt eine einzigartige ergonomische Form. Die 360\u00b0 ged\u00e4mpften, rotierenden und austauschbaren Aufs\u00e4tze beschleunigen Ihren Malprozess. Das magnetische Andocksystem stabilisiert Ihre Miniatur zwischen den Malsitzungen.    <\/p>\n<p>Unsere <a href=\"https:\/\/www.redgrasscreative.com\/miniature-painting-brushes\/\">vollst\u00e4ndigen Pinselsets<\/a> werden Sie auf ein neues Malniveau heben. Feine Spitzen und gro\u00dfe B\u00e4uche charakterisieren sie am besten. Die Gr\u00f6\u00dfe #2 wird Ihr Hauptpinsel sein, w\u00e4hrend Double 0 Ihnen die ultimative Pr\u00e4zision zum Malen von Augen und feinsten Details verleiht.  <\/p>\n<h4>Unser kostenloses Malbuch ist eine unsch\u00e4tzbare Ressource f\u00fcr jeden Anf\u00e4nger<\/h4>\n<p>Um unsere von professionellen Malern hochgelobten Produkte zu erg\u00e4nzen, bieten wir ein Malbuch von einem der renommiertesten Miniaturmaler an: Angel Giraldez. Mit diesem Malbuch erlernen Sie alle grundlegenden Techniken: Farbtheorie, Verd\u00fcnnungstechniken, Grundlagen der Pinself\u00fchrung, Verblendungstechniken, Trockenpinseltechnik, Lasurtechnik, Punktiertechnik, Waschtechniken, das Malen von Augen&#8230; <\/p>\n<p>Machen Sie dann das beste Geschenk von Redgrassgames und beginnen Sie, mit unserem Premium-Anf\u00e4nger-Geschenkset f\u00fcr Miniaturmalerei besser zu malen.<\/p>\n","protected":false},"excerpt":{"rendered":"<p><strong>Achtung, wir haben den Verkauf dieses Produkts eingestellt.<\/strong><\/p>\n<p><strong>Aber keine Sorge, st\u00f6bern Sie gerne in unserem <a href=\"https:\/\/www.redgrasscreative.com\/redgrassgames-the-best-place-to-buy-your-miniature-painting-tools\/\">Shop nach weiteren coolen Sachen!<\/a><\/strong><\/p>\n<p><a href=\"https:\/\/www.redgrasscreative.com\/redgrassgames-the-best-place-to-buy-your-miniature-painting-tools\/\"><img fetchpriority=\"high\" decoding=\"async\" class=\"wp-image-371145 size-full alignnone\" src=\"https:\/\/www.redgrasscreative.com\/wp-content\/uploads\/2020\/12\/Oops.jpg\" alt=\"\" width=\"500\" height=\"200\" srcset=\"https:\/\/www.redgrasscreative.com\/wp-content\/uploads\/2020\/12\/Oops.jpg 500w, https:\/\/www.redgrasscreative.com\/wp-content\/uploads\/2020\/12\/Oops-150x60.jpg 150w, https:\/\/www.redgrasscreative.com\/wp-content\/uploads\/2020\/12\/Oops-330x132.jpg 330w, https:\/\/www.redgrasscreative.com\/wp-content\/uploads\/2020\/12\/Oops-360x144.jpg 360w, https:\/\/www.redgrasscreative.com\/wp-content\/uploads\/2020\/12\/Oops-60x24.jpg 60w, https:\/\/www.redgrasscreative.com\/wp-content\/uploads\/2020\/12\/Oops-110x44.jpg 110w\" sizes=\"(max-width: 500px) 100vw, 500px\" \/><\/a><\/p>\n","protected":false},"featured_media":395884,"comment_status":"closed","ping_status":"closed","template":"","meta":{"_acf_changed":false},"product_brand":[],"product_cat":[956,1236,955],"product_tag":[1010],"class_list":{"0":"post-395901","1":"product","2":"type-product","3":"status-publish","4":"has-post-thumbnail","6":"product_cat-bundles-de","7":"product_cat-einzelhandel","8":"product_cat-weihnachten","9":"product_tag-anfanger","11":"first","12":"outofstock","13":"virtual","14":"taxable","15":"purchasable","16":"product-type-simple"},"acf":[],"_links":{"self":[{"href":"https:\/\/www.redgrasscreative.com\/de\/wp-json\/wp\/v2\/product\/395901","targetHints":{"allow":["GET"]}}],"collection":[{"href":"https:\/\/www.redgrasscreative.com\/de\/wp-json\/wp\/v2\/product"}],"about":[{"href":"https:\/\/www.redgrasscreative.com\/de\/wp-json\/wp\/v2\/types\/product"}],"replies":[{"embeddable":true,"href":"https:\/\/www.redgrasscreative.com\/de\/wp-json\/wp\/v2\/comments?post=395901"}],"version-history":[{"count":1,"href":"https:\/\/www.redgrasscreative.com\/de\/wp-json\/wp\/v2\/product\/395901\/revisions"}],"predecessor-version":[{"id":404678,"href":"https:\/\/www.redgrasscreative.com\/de\/wp-json\/wp\/v2\/product\/395901\/revisions\/404678"}],"wp:featuredmedia":[{"embeddable":true,"href":"https:\/\/www.redgrasscreative.com\/de\/wp-json\/wp\/v2\/media\/395884"}],"wp:attachment":[{"href":"https:\/\/www.redgrasscreative.com\/de\/wp-json\/wp\/v2\/media?parent=395901"}],"wp:term":[{"taxonomy":"product_brand","embeddable":true,"href":"https:\/\/www.redgrasscreative.com\/de\/wp-json\/wp\/v2\/product_brand?post=395901"},{"taxonomy":"product_cat","embeddable":true,"href":"https:\/\/www.redgrasscreative.com\/de\/wp-json\/wp\/v2\/product_cat?post=395901"},{"taxonomy":"product_tag","embeddable":true,"href":"https:\/\/www.redgrasscreative.com\/de\/wp-json\/wp\/v2\/product_tag?post=395901"}],"curies":[{"name":"wp","href":"https:\/\/api.w.org\/{rel}","templated":true}]}}