{"id":395907,"date":"2020-12-02T22:20:39","date_gmt":"2020-12-02T21:20:39","guid":{"rendered":"https:\/\/www.redgrasscreative.com\/product\/all-in-redgrassgames-ultimatives-geschenk-fuer-miniaturmalerei-kostenloses-malbuch\/"},"modified":"2025-02-28T15:40:52","modified_gmt":"2025-02-28T14:40:52","slug":"all-in-redgrassgames-ultimatives-geschenk-fuer-miniaturmalerei-kostenloses-malbuch","status":"publish","type":"product","link":"https:\/\/www.redgrasscreative.com\/de\/produkt\/all-in-redgrassgames-ultimatives-geschenk-fuer-miniaturmalerei-kostenloses-malbuch\/","title":{"rendered":"All In &#8211; Redgrassgames &#8211; Ultimatives Geschenk f\u00fcr Miniaturmalerei &#8211; Kostenloses Malbuch"},"content":{"rendered":"<p>Das ultimative Weihnachtsgeschenk f\u00fcr die Miniaturmalerei.<\/p>\n<p>Zum ersten Mal alle Produkte von Redgrassgames in einem gro\u00dfen Paket.<br \/>\nDie meisten Hobbyisten nehmen das Hobbymalen ernst, einige jedoch mehr als andere. F\u00fcr diese haben wir das ultimative Geschenk f\u00fcr die Miniaturmalerei kreiert: Ein vollst\u00e4ndiges Set von Redgrassgames-Produkten, mit den besten Werkzeugen und einem Malbuch von Angel Giraldez. <\/p>\n<p>Mit der <a href=\"https:\/\/www.redgrasscreative.com\/everlasting-wet-palette\/everlasting-wet-palette-painter\/\">Everlasting Painter Wet Palette<\/a> k\u00f6nnen Sie ein schnelles Projekt malen oder Ihr Malen unterwegs fortsetzen. Wenn Sie ein gro\u00dfes Armeeprojekt beginnen m\u00f6chten, steht Ihnen die <a href=\"https:\/\/www.redgrasscreative.com\/everlasting-wet-palette\/everlasting-wet-palette-studio-xl\/\">Studio Wet Palette<\/a> zur Verf\u00fcgung. Unabh\u00e4ngig vom Modell halten unsere Nasspaletten Ihre Farbe frisch und einsatzbereit, sch\u00fctzen Ihre Mischungen und Verd\u00fcnnungen und helfen Ihnen, Zeit zu sparen, Farbe zu sparen und fortgeschrittene Techniken zu meistern.<br \/>\nUm Ihre Miniaturen zu handhaben, greifen Sie zu zwei unserer Malgriffe <a href=\"https:\/\/www.redgrasscreative.com\/holder\/\">RGG360 V2<\/a> mit zus\u00e4tzlichen Kappen. Diese verleihen Ihnen Pr\u00e4zision und Geschwindigkeit, w\u00e4hrend sie Ihren gesamten Malkomfort verbessern.<br \/>\nUnsere <a href=\"https:\/\/www.redgrasscreative.com\/miniature-painting-brushes\/\">vollst\u00e4ndigen Pinselsets<\/a> bringen Sie auf ein neues Malniveau. Feine Spitzen und gro\u00dfe B\u00e4uche zeichnen sie besonders aus.<br \/>\nZur Vorbereitung Ihrer Miniaturen haben wir auch den besten auf dem Markt verf\u00fcgbaren Seitenschneider beigef\u00fcgt. Sie werden durch Plastik schneiden wie ein hei\u00dfes Messer durch Butter.     <\/p>\n<p>Und um unsere von professionellen Malern hochgelobten Produkte zu erg\u00e4nzen, was w\u00e4re besser als ein Malbuch von einem der renommiertesten Miniaturmaler: Angel Giraldez.<\/p>\n<p>Machen Sie das ultimative Geschenk von Redgrassgames und beginnen Sie, besser zu malen.<\/p>\n","protected":false},"excerpt":{"rendered":"<p><strong>Achtung, wir haben den Verkauf dieses Produkts eingestellt.<\/strong><\/p>\n<p><strong>Aber keine Sorge, st\u00f6bern Sie gerne in unserem <a href=\"https:\/\/www.redgrasscreative.com\/redgrassgames-the-best-place-to-buy-your-miniature-painting-tools\/\">Shop nach weiteren coolen Sachen!<\/a><\/strong><\/p>\n<p><a href=\"https:\/\/www.redgrasscreative.com\/redgrassgames-the-best-place-to-buy-your-miniature-painting-tools\/\"><img fetchpriority=\"high\" decoding=\"async\" class=\"wp-image-371145 size-full alignnone\" src=\"https:\/\/www.redgrasscreative.com\/wp-content\/uploads\/2020\/12\/Oops.jpg\" alt=\"\" width=\"500\" height=\"200\" srcset=\"https:\/\/www.redgrasscreative.com\/wp-content\/uploads\/2020\/12\/Oops.jpg 500w, https:\/\/www.redgrasscreative.com\/wp-content\/uploads\/2020\/12\/Oops-150x60.jpg 150w, https:\/\/www.redgrasscreative.com\/wp-content\/uploads\/2020\/12\/Oops-330x132.jpg 330w, https:\/\/www.redgrasscreative.com\/wp-content\/uploads\/2020\/12\/Oops-360x144.jpg 360w, https:\/\/www.redgrasscreative.com\/wp-content\/uploads\/2020\/12\/Oops-60x24.jpg 60w, https:\/\/www.redgrasscreative.com\/wp-content\/uploads\/2020\/12\/Oops-110x44.jpg 110w\" sizes=\"(max-width: 500px) 100vw, 500px\" \/><\/a><\/p>\n","protected":false},"featured_media":395908,"comment_status":"closed","ping_status":"closed","template":"","meta":{"_acf_changed":false},"product_brand":[],"product_cat":[956,1236,955],"product_tag":[957],"class_list":{"0":"post-395907","1":"product","2":"type-product","3":"status-publish","4":"has-post-thumbnail","6":"product_cat-bundles-de","7":"product_cat-einzelhandel","8":"product_cat-weihnachten","9":"product_tag-all-in-de","11":"first","12":"outofstock","13":"virtual","14":"taxable","15":"purchasable","16":"product-type-simple"},"acf":[],"_links":{"self":[{"href":"https:\/\/www.redgrasscreative.com\/de\/wp-json\/wp\/v2\/product\/395907","targetHints":{"allow":["GET"]}}],"collection":[{"href":"https:\/\/www.redgrasscreative.com\/de\/wp-json\/wp\/v2\/product"}],"about":[{"href":"https:\/\/www.redgrasscreative.com\/de\/wp-json\/wp\/v2\/types\/product"}],"replies":[{"embeddable":true,"href":"https:\/\/www.redgrasscreative.com\/de\/wp-json\/wp\/v2\/comments?post=395907"}],"version-history":[{"count":1,"href":"https:\/\/www.redgrasscreative.com\/de\/wp-json\/wp\/v2\/product\/395907\/revisions"}],"predecessor-version":[{"id":404681,"href":"https:\/\/www.redgrasscreative.com\/de\/wp-json\/wp\/v2\/product\/395907\/revisions\/404681"}],"wp:featuredmedia":[{"embeddable":true,"href":"https:\/\/www.redgrasscreative.com\/de\/wp-json\/wp\/v2\/media\/395908"}],"wp:attachment":[{"href":"https:\/\/www.redgrasscreative.com\/de\/wp-json\/wp\/v2\/media?parent=395907"}],"wp:term":[{"taxonomy":"product_brand","embeddable":true,"href":"https:\/\/www.redgrasscreative.com\/de\/wp-json\/wp\/v2\/product_brand?post=395907"},{"taxonomy":"product_cat","embeddable":true,"href":"https:\/\/www.redgrasscreative.com\/de\/wp-json\/wp\/v2\/product_cat?post=395907"},{"taxonomy":"product_tag","embeddable":true,"href":"https:\/\/www.redgrasscreative.com\/de\/wp-json\/wp\/v2\/product_tag?post=395907"}],"curies":[{"name":"wp","href":"https:\/\/api.w.org\/{rel}","templated":true}]}}