{"id":396072,"date":"2021-10-21T22:37:16","date_gmt":"2021-10-21T20:37:16","guid":{"rendered":"https:\/\/www.redgrasscreative.com\/product\/rgg-glass-palette-studio-xl\/"},"modified":"2026-04-07T19:20:04","modified_gmt":"2026-04-07T17:20:04","slug":"rgg-glass-palette-studio-xl","status":"publish","type":"product","link":"https:\/\/www.redgrasscreative.com\/de\/produkt\/rgg-glass-palette-studio-xl\/","title":{"rendered":"RGG Glass Palette &#8211; Studio XL"},"content":{"rendered":"<p>RGG Glaspalette f\u00fcr Studio XL!<\/p>\n<p>\u00d6lfarben bieten Miniaturmalern eine einzigartige Kombination von Eigenschaften und Vorz\u00fcgen. Sie erm\u00f6glichen eine langanhaltende Bearbeitung, wodurch fortgeschrittene Effekte wie Schichtung und nahtlose \u00dcberg\u00e4nge m\u00fchelos erzielt werden k\u00f6nnen. <\/p>\n<p>Wir haben einen Glaseinsatz konzipiert, mit dem Sie Ihre RGG Nasspalette in eine Trockenpalette umwandeln k\u00f6nnen. Dies ist ideal f\u00fcr \u00d6lmalerei und Verwitterungstechniken. Bei Versiegelung in unserem Studio XL v1 oder v2 Geh\u00e4use bleiben Ihre \u00d6lfarben l\u00e4nger frisch. Ihre Farben sind jederzeit einsatzbereit, wann immer Sie sie das n\u00e4chste Mal verwenden m\u00f6chten.   <\/p>\n<p>Diese Trockenpalette wird Ihnen \u00fcber einen langen Zeitraum zuverl\u00e4ssig dienen. Die Palette besteht aus geh\u00e4rtetem Glas mit abgeschr\u00e4gten Kanten und abgerundeten Ecken f\u00fcr eine einfache und sichere Handhabung. Der neutrale graue Hintergrund bietet Ihnen die beste Farbwahrnehmung. Die Oberfl\u00e4che l\u00e4sst sich leicht reinigen. Vier stabile F\u00fc\u00dfe sorgen f\u00fcr einen sicheren Stand.    <\/p>\n<p>Die RGG Glaspalette Studio XL, kompatibel mit v1 und v2, bietet eine enorme Oberfl\u00e4che von mehr als 289 x 189 mm (11,4 \u201ex 7,4\u201c). Ebenfalls erh\u00e4ltlich f\u00fcr Painter v1 und Painter v2. <\/p>\n<p>Lieferumfang:<\/p>\n<ul>\n<li>RGG Glass Palette f\u00fcr Studio XL &#8211; Naturgrau<\/li>\n<li>4 langlebige F\u00fc\u00dfe<\/li>\n<\/ul>\n","protected":false},"excerpt":{"rendered":"<p>Die RGG Glaspalette Studio XL bietet eine enorme Oberfl\u00e4che von mehr als 289 x 189 mm (11,4 \u201ex 7,4\u201c)<\/p>\n<p>Kompatibel mit unseren Studio v1 und v2 Geh\u00e4usen, um Ihre Farben bei geschlossenem Zustand sicher und lange aufzubewahren.<\/p>\n<p>Gefertigt aus geh\u00e4rtetem Glas, mit abgeschr\u00e4gten Kanten und abgerundeten Ecken f\u00fcr eine einfache und sichere Handhabung, wird diese Trockenpalette Ihnen \u00fcber einen langen Zeitraum zuverl\u00e4ssig dienen.<\/p>\n<p>Speziell f\u00fcr \u00d6lfarben entwickelt, ist sie auch mit Acrylfarben kompatibel, wenn Sie mit trockenen Techniken arbeiten m\u00fcssen.<\/p>\n<p>Der von uns verwendete neutrale graue Hintergrund gew\u00e4hrleistet eine optimale Farbwahrnehmung.<\/p>\n<p>Die Oberfl\u00e4che l\u00e4sst sich m\u00fchelos reinigen. Vier Gummif\u00fc\u00dfe sorgen f\u00fcr Stabilit\u00e4t. <\/p>\n","protected":false},"featured_media":396074,"comment_status":"open","ping_status":"closed","template":"","meta":{"_acf_changed":false},"product_brand":[],"product_cat":[961,1236,1006],"product_tag":[],"class_list":{"0":"post-396072","1":"product","2":"type-product","3":"status-publish","4":"has-post-thumbnail","6":"product_cat-black-friday-de","7":"product_cat-einzelhandel","8":"product_cat-glass-palettes","10":"first","11":"instock","12":"taxable","13":"shipping-taxable","14":"purchasable","15":"product-type-variable"},"acf":[],"_links":{"self":[{"href":"https:\/\/www.redgrasscreative.com\/de\/wp-json\/wp\/v2\/product\/396072","targetHints":{"allow":["GET"]}}],"collection":[{"href":"https:\/\/www.redgrasscreative.com\/de\/wp-json\/wp\/v2\/product"}],"about":[{"href":"https:\/\/www.redgrasscreative.com\/de\/wp-json\/wp\/v2\/types\/product"}],"replies":[{"embeddable":true,"href":"https:\/\/www.redgrasscreative.com\/de\/wp-json\/wp\/v2\/comments?post=396072"}],"version-history":[{"count":3,"href":"https:\/\/www.redgrasscreative.com\/de\/wp-json\/wp\/v2\/product\/396072\/revisions"}],"predecessor-version":[{"id":404695,"href":"https:\/\/www.redgrasscreative.com\/de\/wp-json\/wp\/v2\/product\/396072\/revisions\/404695"}],"wp:featuredmedia":[{"embeddable":true,"href":"https:\/\/www.redgrasscreative.com\/de\/wp-json\/wp\/v2\/media\/396074"}],"wp:attachment":[{"href":"https:\/\/www.redgrasscreative.com\/de\/wp-json\/wp\/v2\/media?parent=396072"}],"wp:term":[{"taxonomy":"product_brand","embeddable":true,"href":"https:\/\/www.redgrasscreative.com\/de\/wp-json\/wp\/v2\/product_brand?post=396072"},{"taxonomy":"product_cat","embeddable":true,"href":"https:\/\/www.redgrasscreative.com\/de\/wp-json\/wp\/v2\/product_cat?post=396072"},{"taxonomy":"product_tag","embeddable":true,"href":"https:\/\/www.redgrasscreative.com\/de\/wp-json\/wp\/v2\/product_tag?post=396072"}],"curies":[{"name":"wp","href":"https:\/\/api.w.org\/{rel}","templated":true}]}}