{"id":396087,"date":"2021-10-21T23:05:42","date_gmt":"2021-10-21T21:05:42","guid":{"rendered":"https:\/\/www.redgrasscreative.com\/product\/rgg-glass-palette-painter-lite\/"},"modified":"2026-03-14T22:19:58","modified_gmt":"2026-03-14T21:19:58","slug":"rgg-glass-palette-painter-lite","status":"publish","type":"product","link":"https:\/\/www.redgrasscreative.com\/de\/produkt\/rgg-glass-palette-painter-lite\/","title":{"rendered":"RGG Glass Palette &#8211; Painter Lite"},"content":{"rendered":"<p><span style=\"vertical-align: inherit;\"><span style=\"vertical-align: inherit;\">RGG Glaspalette f\u00fcr GenericProductName Lite und v1!<\/span><\/span><\/p>\n<p><span style=\"vertical-align: inherit;\"><span style=\"vertical-align: inherit;\">\u00d6lfarben bieten Miniaturmalern eine einzigartige Kombination von Eigenschaften und Vorz\u00fcgen. Sie erm\u00f6glichen eine langanhaltende Bearbeitung, wodurch fortgeschrittene Effekte wie Schichtung und nahtlose \u00dcberg\u00e4nge m\u00fchelos erzielt werden k\u00f6nnen. <\/span><\/span><\/p>\n<p><span style=\"vertical-align: inherit;\"><span style=\"vertical-align: inherit;\">Wir haben eine Glaseinsatzplatte konzipiert, die es Ihnen erm\u00f6glicht, Ihre RGG Nasspalette in eine Trockenpalette umzuwandeln. Diese eignet sich hervorragend f\u00fcr \u00d6lmalerei und Verwitterungstechniken. Bei Aufbewahrung in unserem GenericProductName Lite oder v1 Geh\u00e4use bleiben Ihre \u00d6lfarben l\u00e4nger frisch. Ihre Farben sind somit stets einsatzbereit, wann und wo immer Sie sie ben\u00f6tigen.   <\/span><\/span><\/p>\n<p><span style=\"vertical-align: inherit;\"><span style=\"vertical-align: inherit;\">Diese Trockenpalette wird Ihnen \u00fcber einen langen Zeitraum zuverl\u00e4ssige Dienste leisten. Die Palette besteht aus geh\u00e4rtetem Glas mit abgeschr\u00e4gten Kanten und abgerundeten Ecken f\u00fcr eine einfache und sichere Handhabung. Der neutrale graue Hintergrund gew\u00e4hrleistet eine optimale Farbwahrnehmung. Die Oberfl\u00e4che l\u00e4sst sich m\u00fchelos reinigen. Vier robuste F\u00fc\u00dfe sorgen f\u00fcr Stabilit\u00e4t.    <\/span><\/span><\/p>\n<p><span style=\"vertical-align: inherit;\"><span style=\"vertical-align: inherit;\">Die RGG Glaspalette GenericProductName Lite, kompatibel mit GenericProductName v1 und Lite, bietet eine Arbeitsfl\u00e4che von 189 x 139 mm (7,4&#8243; x 5,5&#8243;).<\/span><\/span><\/p>\n<p><span style=\"vertical-align: inherit;\"><span style=\"vertical-align: inherit;\">Lieferumfang:<\/span><\/span><\/p>\n<ul>\n<li><span style=\"vertical-align: inherit;\"><span style=\"vertical-align: inherit;\">RGG Glass Palette f\u00fcr Painter Lite &#8211; Naturgrau<\/span><\/span><\/li>\n<li><span style=\"vertical-align: inherit;\"><span style=\"vertical-align: inherit;\">4 Gummif\u00fc\u00dfe<\/span><\/span><\/li>\n<\/ul>\n","protected":false},"excerpt":{"rendered":"<p><span style=\"vertical-align: inherit;\"><span style=\"vertical-align: inherit;\">Die RGG Glaspalette GenericProductName Lite und v1 bietet eine Oberfl\u00e4che von mehr als 189 x 139 mm (7,4&#8243; x 5,5&#8243;)<\/span><\/span><\/p>\n<p><span style=\"vertical-align: inherit;\"><span style=\"vertical-align: inherit;\">Kompatibel mit unseren GenericProductName Lite und v1 Geh\u00e4usen, um Ihre Farben bei geschlossenem Zustand sicher und langfristig aufzubewahren.<\/span><\/span><\/p>\n<p><span style=\"vertical-align: inherit;\"><span style=\"vertical-align: inherit;\">Gefertigt aus geh\u00e4rtetem Glas, mit abgeschr\u00e4gten Kanten und abgerundeten Ecken f\u00fcr eine einfache und sichere Handhabung, wird diese Trockenpalette Ihnen \u00fcber einen langen Zeitraum zuverl\u00e4ssige Dienste leisten.<\/span><\/span><\/p>\n<p><span style=\"vertical-align: inherit;\"><span style=\"vertical-align: inherit;\">Speziell f\u00fcr \u00d6lfarben entwickelt, ist sie auch f\u00fcr Acrylfarben geeignet, wenn Sie mit Trockentechniken arbeiten m\u00f6chten.<\/span><\/span><\/p>\n<p><span style=\"vertical-align: inherit;\"><span style=\"vertical-align: inherit;\">Der von uns verwendete neutrale graue Hintergrund gew\u00e4hrleistet eine optimale Farbwahrnehmung.<\/span><\/span><\/p>\n<p><span style=\"vertical-align: inherit;\"><span style=\"vertical-align: inherit;\">Die Oberfl\u00e4che l\u00e4sst sich m\u00fchelos reinigen. Vier Gummif\u00fc\u00dfe sorgen f\u00fcr Stabilit\u00e4t. <\/span><\/span><\/p>\n","protected":false},"featured_media":396089,"comment_status":"open","ping_status":"closed","template":"","meta":{"_acf_changed":false},"product_brand":[],"product_cat":[961,1236,1006],"product_tag":[],"class_list":{"0":"post-396087","1":"product","2":"type-product","3":"status-publish","4":"has-post-thumbnail","6":"product_cat-black-friday-de","7":"product_cat-einzelhandel","8":"product_cat-glass-palettes","10":"first","11":"instock","12":"taxable","13":"shipping-taxable","14":"purchasable","15":"product-type-variable"},"acf":[],"_links":{"self":[{"href":"https:\/\/www.redgrasscreative.com\/de\/wp-json\/wp\/v2\/product\/396087","targetHints":{"allow":["GET"]}}],"collection":[{"href":"https:\/\/www.redgrasscreative.com\/de\/wp-json\/wp\/v2\/product"}],"about":[{"href":"https:\/\/www.redgrasscreative.com\/de\/wp-json\/wp\/v2\/types\/product"}],"replies":[{"embeddable":true,"href":"https:\/\/www.redgrasscreative.com\/de\/wp-json\/wp\/v2\/comments?post=396087"}],"version-history":[{"count":2,"href":"https:\/\/www.redgrasscreative.com\/de\/wp-json\/wp\/v2\/product\/396087\/revisions"}],"predecessor-version":[{"id":398963,"href":"https:\/\/www.redgrasscreative.com\/de\/wp-json\/wp\/v2\/product\/396087\/revisions\/398963"}],"wp:featuredmedia":[{"embeddable":true,"href":"https:\/\/www.redgrasscreative.com\/de\/wp-json\/wp\/v2\/media\/396089"}],"wp:attachment":[{"href":"https:\/\/www.redgrasscreative.com\/de\/wp-json\/wp\/v2\/media?parent=396087"}],"wp:term":[{"taxonomy":"product_brand","embeddable":true,"href":"https:\/\/www.redgrasscreative.com\/de\/wp-json\/wp\/v2\/product_brand?post=396087"},{"taxonomy":"product_cat","embeddable":true,"href":"https:\/\/www.redgrasscreative.com\/de\/wp-json\/wp\/v2\/product_cat?post=396087"},{"taxonomy":"product_tag","embeddable":true,"href":"https:\/\/www.redgrasscreative.com\/de\/wp-json\/wp\/v2\/product_tag?post=396087"}],"curies":[{"name":"wp","href":"https:\/\/api.w.org\/{rel}","templated":true}]}}