{"id":396193,"date":"2023-09-06T12:10:54","date_gmt":"2023-09-06T10:10:54","guid":{"rendered":"https:\/\/www.redgrasscreative.com\/product\/netzteil-fuer-redgrass-r9-desk-lamp\/"},"modified":"2026-01-13T23:19:12","modified_gmt":"2026-01-13T22:19:12","slug":"netzteil-fuer-redgrass-r9-desk-lamp","status":"publish","type":"product","link":"https:\/\/www.redgrasscreative.com\/de\/produkt\/netzteil-fuer-redgrass-r9-desk-lamp\/","title":{"rendered":"Netzteil f\u00fcr Redgrass R9 Desk Lamp"},"content":{"rendered":"<p>Ersatznetzteil f\u00fcr Redgrass R9, erh\u00e4ltlich mit US-, UK-, EU- und AU-Steckern. Bitte w\u00e4hlen Sie die richtige Version f\u00fcr Ihr Land. <\/p>\n","protected":false},"excerpt":{"rendered":"<p>Ersatznetzteil f\u00fcr Redgrass R9, erh\u00e4ltlich mit US-, UK-, EU- und australischen Steckern. Bitte w\u00e4hlen Sie die richtige Version. <\/p>\n","protected":false},"featured_media":396194,"comment_status":"open","ping_status":"closed","template":"","meta":{"_acf_changed":false},"product_brand":[],"product_cat":[1002],"product_tag":[],"class_list":{"0":"post-396193","1":"product","2":"type-product","3":"status-publish","4":"has-post-thumbnail","6":"product_cat-redgrass-r9-schreibtischlampe","8":"first","9":"instock","10":"taxable","11":"shipping-taxable","12":"purchasable","13":"product-type-variable"},"acf":[],"_links":{"self":[{"href":"https:\/\/www.redgrasscreative.com\/de\/wp-json\/wp\/v2\/product\/396193","targetHints":{"allow":["GET"]}}],"collection":[{"href":"https:\/\/www.redgrasscreative.com\/de\/wp-json\/wp\/v2\/product"}],"about":[{"href":"https:\/\/www.redgrasscreative.com\/de\/wp-json\/wp\/v2\/types\/product"}],"replies":[{"embeddable":true,"href":"https:\/\/www.redgrasscreative.com\/de\/wp-json\/wp\/v2\/comments?post=396193"}],"version-history":[{"count":1,"href":"https:\/\/www.redgrasscreative.com\/de\/wp-json\/wp\/v2\/product\/396193\/revisions"}],"predecessor-version":[{"id":397782,"href":"https:\/\/www.redgrasscreative.com\/de\/wp-json\/wp\/v2\/product\/396193\/revisions\/397782"}],"wp:featuredmedia":[{"embeddable":true,"href":"https:\/\/www.redgrasscreative.com\/de\/wp-json\/wp\/v2\/media\/396194"}],"wp:attachment":[{"href":"https:\/\/www.redgrasscreative.com\/de\/wp-json\/wp\/v2\/media?parent=396193"}],"wp:term":[{"taxonomy":"product_brand","embeddable":true,"href":"https:\/\/www.redgrasscreative.com\/de\/wp-json\/wp\/v2\/product_brand?post=396193"},{"taxonomy":"product_cat","embeddable":true,"href":"https:\/\/www.redgrasscreative.com\/de\/wp-json\/wp\/v2\/product_cat?post=396193"},{"taxonomy":"product_tag","embeddable":true,"href":"https:\/\/www.redgrasscreative.com\/de\/wp-json\/wp\/v2\/product_tag?post=396193"}],"curies":[{"name":"wp","href":"https:\/\/api.w.org\/{rel}","templated":true}]}}