{"id":396203,"date":"2023-09-06T11:55:29","date_gmt":"2023-09-06T09:55:29","guid":{"rendered":"https:\/\/www.redgrasscreative.com\/product\/redgrass-r9-clamp\/"},"modified":"2026-04-26T19:52:40","modified_gmt":"2026-04-26T17:52:40","slug":"redgrass-r9-clamp","status":"publish","type":"product","link":"https:\/\/www.redgrasscreative.com\/de\/produkt\/redgrass-r9-clamp\/","title":{"rendered":"Redgrass R9 Clamp"},"content":{"rendered":"<p>Eine zus\u00e4tzliche Klemme f\u00fcr unsere Redgrass R9 Desk Lamp. Hergestellt aus Gussaluminium, mit einer gro\u00dfz\u00fcgigen Verl\u00e4ngerung von bis zu 71 mm (2,8 Zoll), kann sie an den meisten Schreibtischen und Werkb\u00e4nken befestigt werden. <\/p>\n","protected":false},"excerpt":{"rendered":"<p>Eine zus\u00e4tzliche Klemme f\u00fcr unsere Redgrass R9 Desk Lamp. Hergestellt aus Gussaluminium, mit einer gro\u00dfz\u00fcgigen Verl\u00e4ngerung von bis zu 71 mm (2,8 Zoll), kann sie an den meisten Schreibtischen und Werkb\u00e4nken befestigt werden. <\/p>\n","protected":false},"featured_media":396204,"comment_status":"open","ping_status":"closed","template":"","meta":{"_acf_changed":false},"product_brand":[],"product_cat":[1000,1002],"product_tag":[],"class_list":{"0":"post-396203","1":"product","2":"type-product","3":"status-publish","4":"has-post-thumbnail","6":"product_cat-export-de","7":"product_cat-redgrass-r9-schreibtischlampe","9":"first","10":"instock","11":"taxable","12":"shipping-taxable","13":"purchasable","14":"product-type-variable"},"acf":[],"_links":{"self":[{"href":"https:\/\/www.redgrasscreative.com\/de\/wp-json\/wp\/v2\/product\/396203","targetHints":{"allow":["GET"]}}],"collection":[{"href":"https:\/\/www.redgrasscreative.com\/de\/wp-json\/wp\/v2\/product"}],"about":[{"href":"https:\/\/www.redgrasscreative.com\/de\/wp-json\/wp\/v2\/types\/product"}],"replies":[{"embeddable":true,"href":"https:\/\/www.redgrasscreative.com\/de\/wp-json\/wp\/v2\/comments?post=396203"}],"version-history":[{"count":1,"href":"https:\/\/www.redgrasscreative.com\/de\/wp-json\/wp\/v2\/product\/396203\/revisions"}],"predecessor-version":[{"id":397222,"href":"https:\/\/www.redgrasscreative.com\/de\/wp-json\/wp\/v2\/product\/396203\/revisions\/397222"}],"wp:featuredmedia":[{"embeddable":true,"href":"https:\/\/www.redgrasscreative.com\/de\/wp-json\/wp\/v2\/media\/396204"}],"wp:attachment":[{"href":"https:\/\/www.redgrasscreative.com\/de\/wp-json\/wp\/v2\/media?parent=396203"}],"wp:term":[{"taxonomy":"product_brand","embeddable":true,"href":"https:\/\/www.redgrasscreative.com\/de\/wp-json\/wp\/v2\/product_brand?post=396203"},{"taxonomy":"product_cat","embeddable":true,"href":"https:\/\/www.redgrasscreative.com\/de\/wp-json\/wp\/v2\/product_cat?post=396203"},{"taxonomy":"product_tag","embeddable":true,"href":"https:\/\/www.redgrasscreative.com\/de\/wp-json\/wp\/v2\/product_tag?post=396203"}],"curies":[{"name":"wp","href":"https:\/\/api.w.org\/{rel}","templated":true}]}}