{"id":396232,"date":"2021-06-10T14:39:09","date_gmt":"2021-06-10T12:39:09","guid":{"rendered":"https:\/\/www.redgrasscreative.com\/product\/15x-wiederverwendbare-membranen-painter-v1-lite-fuer-everlasting-wet-palette\/"},"modified":"2026-03-24T23:17:48","modified_gmt":"2026-03-24T22:17:48","slug":"15x-wiederverwendbare-membranen-painter-v1-lite-fuer-everlasting-wet-palette","status":"publish","type":"product","link":"https:\/\/www.redgrasscreative.com\/de\/produkt\/15x-wiederverwendbare-membranen-painter-v1-lite-fuer-everlasting-wet-palette\/","title":{"rendered":"15x Wiederverwendbare Membranen Painter v1 &amp; Lite f\u00fcr Everlasting Wet Palette"},"content":{"rendered":"<p>Unsere neueren wiederverwendbaren Membranen f\u00fcr Painter v1. Dies ist f\u00fcr Legacy Everlasting Wet Palette Painter Orange und Painter Lite. <\/p>\n<ul>\n<li class=\"list-disc\">15x Painter v1 Wiederverwendbare Membranen<\/li>\n<\/ul>\n","protected":false},"excerpt":{"rendered":"<p>Mit diesem Pack f\u00fcgen Sie 15 wiederverwendbare Membranen mit erstaunlicher Hydrationsleistung hinzu, verbessern Sie Ihr Hydrationssystem f\u00fcr Ihren Painter v1 (orange) oder Lite.<\/p>\n","protected":false},"featured_media":396234,"comment_status":"open","ping_status":"closed","template":"","meta":{"_acf_changed":false},"product_brand":[],"product_cat":[1236,979,1001],"product_tag":[],"class_list":{"0":"post-396232","1":"product","2":"type-product","3":"status-publish","4":"has-post-thumbnail","6":"product_cat-einzelhandel","7":"product_cat-everlasting-wet-palettes","8":"product_cat-kickstarterv2-de","10":"first","11":"instock","12":"taxable","13":"shipping-taxable","14":"purchasable","15":"product-type-variable"},"acf":[],"_links":{"self":[{"href":"https:\/\/www.redgrasscreative.com\/de\/wp-json\/wp\/v2\/product\/396232","targetHints":{"allow":["GET"]}}],"collection":[{"href":"https:\/\/www.redgrasscreative.com\/de\/wp-json\/wp\/v2\/product"}],"about":[{"href":"https:\/\/www.redgrasscreative.com\/de\/wp-json\/wp\/v2\/types\/product"}],"replies":[{"embeddable":true,"href":"https:\/\/www.redgrasscreative.com\/de\/wp-json\/wp\/v2\/comments?post=396232"}],"version-history":[{"count":1,"href":"https:\/\/www.redgrasscreative.com\/de\/wp-json\/wp\/v2\/product\/396232\/revisions"}],"predecessor-version":[{"id":397764,"href":"https:\/\/www.redgrasscreative.com\/de\/wp-json\/wp\/v2\/product\/396232\/revisions\/397764"}],"wp:featuredmedia":[{"embeddable":true,"href":"https:\/\/www.redgrasscreative.com\/de\/wp-json\/wp\/v2\/media\/396234"}],"wp:attachment":[{"href":"https:\/\/www.redgrasscreative.com\/de\/wp-json\/wp\/v2\/media?parent=396232"}],"wp:term":[{"taxonomy":"product_brand","embeddable":true,"href":"https:\/\/www.redgrasscreative.com\/de\/wp-json\/wp\/v2\/product_brand?post=396232"},{"taxonomy":"product_cat","embeddable":true,"href":"https:\/\/www.redgrasscreative.com\/de\/wp-json\/wp\/v2\/product_cat?post=396232"},{"taxonomy":"product_tag","embeddable":true,"href":"https:\/\/www.redgrasscreative.com\/de\/wp-json\/wp\/v2\/product_tag?post=396232"}],"curies":[{"name":"wp","href":"https:\/\/api.w.org\/{rel}","templated":true}]}}