{"id":396238,"date":"2021-06-10T14:14:10","date_gmt":"2021-06-10T12:14:10","guid":{"rendered":"https:\/\/www.redgrasscreative.com\/product\/15x-painter-v2-wiederverwendbare-membranen-fuer-everlasting-wet-palette\/"},"modified":"2026-01-28T11:28:20","modified_gmt":"2026-01-28T10:28:20","slug":"15x-painter-v2-wiederverwendbare-membranen-fuer-everlasting-wet-palette","status":"publish","type":"product","link":"https:\/\/www.redgrasscreative.com\/de\/produkt\/15x-painter-v2-wiederverwendbare-membranen-fuer-everlasting-wet-palette\/","title":{"rendered":"15x Painter v2 Wiederverwendbare Membranen f\u00fcr Everlasting Wet Palette"},"content":{"rendered":"<p>Unsere neueren wiederverwendbaren Membranen f\u00fcr Painter v2.<\/p>\n<ul>\n<li class=\"list-disc\">15x Painter v2 Wiederverwendbare Membranen<\/li>\n<\/ul>\n","protected":false},"excerpt":{"rendered":"<p>Die beste Nasspalette f\u00fcr Miniaturen ist zur\u00fcck, vollst\u00e4ndig transformiert mit einer Vielzahl neuer Funktionen. Mit diesem Paket f\u00fcgen Sie 15 wiederverwendbare Membranen mit au\u00dfergew\u00f6hnlicher Hydratationsleistung hinzu. Ausschlie\u00dflich f\u00fcr Painter v2 geeignet.  <\/p>\n","protected":false},"featured_media":396239,"comment_status":"open","ping_status":"closed","template":"","meta":{"_acf_changed":false},"product_brand":[],"product_cat":[961,1236,979,1001],"product_tag":[],"class_list":{"0":"post-396238","1":"product","2":"type-product","3":"status-publish","4":"has-post-thumbnail","6":"product_cat-black-friday-de","7":"product_cat-einzelhandel","8":"product_cat-everlasting-wet-palettes","9":"product_cat-kickstarterv2-de","11":"first","12":"instock","13":"taxable","14":"shipping-taxable","15":"purchasable","16":"product-type-variable"},"acf":[],"_links":{"self":[{"href":"https:\/\/www.redgrasscreative.com\/de\/wp-json\/wp\/v2\/product\/396238","targetHints":{"allow":["GET"]}}],"collection":[{"href":"https:\/\/www.redgrasscreative.com\/de\/wp-json\/wp\/v2\/product"}],"about":[{"href":"https:\/\/www.redgrasscreative.com\/de\/wp-json\/wp\/v2\/types\/product"}],"replies":[{"embeddable":true,"href":"https:\/\/www.redgrasscreative.com\/de\/wp-json\/wp\/v2\/comments?post=396238"}],"version-history":[{"count":2,"href":"https:\/\/www.redgrasscreative.com\/de\/wp-json\/wp\/v2\/product\/396238\/revisions"}],"predecessor-version":[{"id":398122,"href":"https:\/\/www.redgrasscreative.com\/de\/wp-json\/wp\/v2\/product\/396238\/revisions\/398122"}],"wp:featuredmedia":[{"embeddable":true,"href":"https:\/\/www.redgrasscreative.com\/de\/wp-json\/wp\/v2\/media\/396239"}],"wp:attachment":[{"href":"https:\/\/www.redgrasscreative.com\/de\/wp-json\/wp\/v2\/media?parent=396238"}],"wp:term":[{"taxonomy":"product_brand","embeddable":true,"href":"https:\/\/www.redgrasscreative.com\/de\/wp-json\/wp\/v2\/product_brand?post=396238"},{"taxonomy":"product_cat","embeddable":true,"href":"https:\/\/www.redgrasscreative.com\/de\/wp-json\/wp\/v2\/product_cat?post=396238"},{"taxonomy":"product_tag","embeddable":true,"href":"https:\/\/www.redgrasscreative.com\/de\/wp-json\/wp\/v2\/product_tag?post=396238"}],"curies":[{"name":"wp","href":"https:\/\/api.w.org\/{rel}","templated":true}]}}