{"id":396297,"date":"2019-03-05T22:47:25","date_gmt":"2019-03-05T21:47:25","guid":{"rendered":"https:\/\/www.redgrasscreative.com\/product\/pinsel-groesse-2\/"},"modified":"2026-04-11T17:19:55","modified_gmt":"2026-04-11T15:19:55","slug":"pinsel-groesse-2","status":"publish","type":"product","link":"https:\/\/www.redgrasscreative.com\/de\/produkt\/pinsel-groesse-2\/","title":{"rendered":"Pinsel: Gr\u00f6\u00dfe 2"},"content":{"rendered":"<h3 style=\"font-size: 18px;\">MALEN WIE EIN PROFI<\/h3>\n<p>Wir haben die besten Pinsel f\u00fcr die Miniaturmalerei entwickelt. Mit ihren feinsten Spitzen und gro\u00dfen B\u00e4uchen decken sie all Ihre Malbed\u00fcrfnisse ab, hergestellt aus dem hochwertigsten verf\u00fcgbaren nat\u00fcrlichen Zobelhaar. GenericProductName in Gr\u00f6\u00dfe 2 ist der perfekte Pinsel f\u00fcr all Ihre Malbed\u00fcrfnisse, von der Grundierung bis zum Schichten.  <b style=\"font-size: 14px;\"><\/b><\/p>\n","protected":false},"excerpt":{"rendered":"<ul>\n<li><strong>Perfekt f\u00fcr Grundierung und Schichtung<\/strong><\/li>\n<li><strong>Gro\u00dfer Bauch<\/strong><\/li>\n<li><strong>Konische Spitze f\u00fcr perfekte Kontrolle<\/strong><\/li>\n<li><strong>Hergestellt aus nat\u00fcrlichem Zobelhaar<\/strong><\/li>\n<li><strong>Verkauft in einer Plastikr\u00f6hre<\/strong><\/li>\n<\/ul>\n","protected":false},"featured_media":396298,"comment_status":"open","ping_status":"closed","template":"","meta":{"_acf_changed":false},"product_brand":[],"product_cat":[1236,971],"product_tag":[],"class_list":{"0":"post-396297","1":"product","2":"type-product","3":"status-publish","4":"has-post-thumbnail","6":"product_cat-einzelhandel","7":"product_cat-premium-pinsel","9":"first","10":"instock","11":"taxable","12":"shipping-taxable","13":"purchasable","14":"product-type-variable"},"acf":[],"_links":{"self":[{"href":"https:\/\/www.redgrasscreative.com\/de\/wp-json\/wp\/v2\/product\/396297","targetHints":{"allow":["GET"]}}],"collection":[{"href":"https:\/\/www.redgrasscreative.com\/de\/wp-json\/wp\/v2\/product"}],"about":[{"href":"https:\/\/www.redgrasscreative.com\/de\/wp-json\/wp\/v2\/types\/product"}],"replies":[{"embeddable":true,"href":"https:\/\/www.redgrasscreative.com\/de\/wp-json\/wp\/v2\/comments?post=396297"}],"version-history":[{"count":1,"href":"https:\/\/www.redgrasscreative.com\/de\/wp-json\/wp\/v2\/product\/396297\/revisions"}],"predecessor-version":[{"id":397938,"href":"https:\/\/www.redgrasscreative.com\/de\/wp-json\/wp\/v2\/product\/396297\/revisions\/397938"}],"wp:featuredmedia":[{"embeddable":true,"href":"https:\/\/www.redgrasscreative.com\/de\/wp-json\/wp\/v2\/media\/396298"}],"wp:attachment":[{"href":"https:\/\/www.redgrasscreative.com\/de\/wp-json\/wp\/v2\/media?parent=396297"}],"wp:term":[{"taxonomy":"product_brand","embeddable":true,"href":"https:\/\/www.redgrasscreative.com\/de\/wp-json\/wp\/v2\/product_brand?post=396297"},{"taxonomy":"product_cat","embeddable":true,"href":"https:\/\/www.redgrasscreative.com\/de\/wp-json\/wp\/v2\/product_cat?post=396297"},{"taxonomy":"product_tag","embeddable":true,"href":"https:\/\/www.redgrasscreative.com\/de\/wp-json\/wp\/v2\/product_tag?post=396297"}],"curies":[{"name":"wp","href":"https:\/\/api.w.org\/{rel}","templated":true}]}}