{"id":396300,"date":"2017-10-18T13:13:27","date_gmt":"2017-10-18T11:13:27","guid":{"rendered":"https:\/\/www.redgrasscreative.com\/product\/painter-komplettpaket\/"},"modified":"2025-02-28T15:40:38","modified_gmt":"2025-02-28T14:40:38","slug":"painter-komplettpaket","status":"publish","type":"product","link":"https:\/\/www.redgrasscreative.com\/de\/produkt\/painter-komplettpaket\/","title":{"rendered":"Painter Komplettpaket"},"content":{"rendered":"<p><strong>Painter :<\/strong> F\u00fcr Miniaturmaler, die eine gut dimensionierte Nasspalette suchen, die kompakt und leicht zu transportieren ist. Sie ist perfekt f\u00fcr kleine bis mittelgro\u00dfe Malstationen. Die Everlasting Wet Palette kann durch die Verwendung des oberen Deckels als Seitenpalette erweitert werden.  <\/p>\n<p>&nbsp;<\/p>\n","protected":false},"excerpt":{"rendered":"<p><a href=\"https:\/\/www.redgrasscreative.com\/wp-content\/uploads\/2020\/12\/Oops.jpg\"><img decoding=\"async\" class=\"alignnone size-medium wp-image-371145\" src=\"https:\/\/www.redgrasscreative.com\/wp-content\/uploads\/2020\/12\/Oops-330x132.jpg\" alt=\"\" width=\"330\" height=\"132\" srcset=\"https:\/\/www.redgrasscreative.com\/wp-content\/uploads\/2020\/12\/Oops-330x132.jpg 330w, https:\/\/www.redgrasscreative.com\/wp-content\/uploads\/2020\/12\/Oops-150x60.jpg 150w, https:\/\/www.redgrasscreative.com\/wp-content\/uploads\/2020\/12\/Oops-360x144.jpg 360w, https:\/\/www.redgrasscreative.com\/wp-content\/uploads\/2020\/12\/Oops-60x24.jpg 60w, https:\/\/www.redgrasscreative.com\/wp-content\/uploads\/2020\/12\/Oops-110x44.jpg 110w, https:\/\/www.redgrasscreative.com\/wp-content\/uploads\/2020\/12\/Oops.jpg 500w\" sizes=\"(max-width: 330px) 100vw, 330px\" \/><\/a><\/p>\n<p class=\"woocommerce-message\"><strong>Es gibt eine <a style=\"color: white; text-decoration: underline;\" href=\"https:\/\/www.redgrasscreative.com\/product\/everlasting-wet-palette-painter-lite-for-miniature-painting\/\">neuere Version<\/a> dieses Produkts.<\/strong><\/p>\n<p>&nbsp;<\/p>\n<p>Einfach zu lagern und zu transportieren. F\u00fcr kleine bis mittlere Arbeitsfl\u00e4chen. Gr\u00f6\u00dfe: 15 cm x 20 cm (5,9 \u201ex 7,9\u201c)  <\/p>\n<p><strong>Inhalt<\/strong> :<\/p>\n<ul>\n<li><strong>1<\/strong> Everlasting Nasspalette in Malergr\u00f6\u00dfe<\/li>\n<li><strong>2<\/strong> Hydrationssch\u00e4ume<\/li>\n<li><strong>50<\/strong> Bl\u00e4tter Hydrationspapier<\/li>\n<li><strong>1<\/strong> Wavy-Zubeh\u00f6r<\/li>\n<li><strong>1<\/strong> Gurtband<\/li>\n<\/ul>\n","protected":false},"featured_media":396305,"comment_status":"closed","ping_status":"closed","template":"","meta":{"_acf_changed":false},"product_brand":[],"product_cat":[1236,979],"product_tag":[969,970],"class_list":{"0":"post-396300","1":"product","2":"type-product","3":"status-publish","4":"has-post-thumbnail","6":"product_cat-einzelhandel","7":"product_cat-everlasting-wet-palettes","8":"product_tag-ewig","9":"product_tag-nasspalette","11":"first","12":"outofstock","13":"taxable","14":"shipping-taxable","15":"purchasable","16":"product-type-simple"},"acf":[],"_links":{"self":[{"href":"https:\/\/www.redgrasscreative.com\/de\/wp-json\/wp\/v2\/product\/396300","targetHints":{"allow":["GET"]}}],"collection":[{"href":"https:\/\/www.redgrasscreative.com\/de\/wp-json\/wp\/v2\/product"}],"about":[{"href":"https:\/\/www.redgrasscreative.com\/de\/wp-json\/wp\/v2\/types\/product"}],"replies":[{"embeddable":true,"href":"https:\/\/www.redgrasscreative.com\/de\/wp-json\/wp\/v2\/comments?post=396300"}],"version-history":[{"count":1,"href":"https:\/\/www.redgrasscreative.com\/de\/wp-json\/wp\/v2\/product\/396300\/revisions"}],"predecessor-version":[{"id":404654,"href":"https:\/\/www.redgrasscreative.com\/de\/wp-json\/wp\/v2\/product\/396300\/revisions\/404654"}],"wp:featuredmedia":[{"embeddable":true,"href":"https:\/\/www.redgrasscreative.com\/de\/wp-json\/wp\/v2\/media\/396305"}],"wp:attachment":[{"href":"https:\/\/www.redgrasscreative.com\/de\/wp-json\/wp\/v2\/media?parent=396300"}],"wp:term":[{"taxonomy":"product_brand","embeddable":true,"href":"https:\/\/www.redgrasscreative.com\/de\/wp-json\/wp\/v2\/product_brand?post=396300"},{"taxonomy":"product_cat","embeddable":true,"href":"https:\/\/www.redgrasscreative.com\/de\/wp-json\/wp\/v2\/product_cat?post=396300"},{"taxonomy":"product_tag","embeddable":true,"href":"https:\/\/www.redgrasscreative.com\/de\/wp-json\/wp\/v2\/product_tag?post=396300"}],"curies":[{"name":"wp","href":"https:\/\/api.w.org\/{rel}","templated":true}]}}