{"id":397215,"date":"2024-07-02T15:42:49","date_gmt":"2024-07-02T13:42:49","guid":{"rendered":"https:\/\/www.redgrasscreative.com\/product\/1-x-extra-foam-fuer-studio-xl-art\/"},"modified":"2026-03-20T19:04:11","modified_gmt":"2026-03-20T18:04:11","slug":"1-x-extra-foam-fuer-studio-xl-art","status":"publish","type":"product","link":"https:\/\/www.redgrasscreative.com\/de\/produkt\/1-x-extra-foam-fuer-studio-xl-art\/","title":{"rendered":"1 x Extra Foam f\u00fcr Studio XL ART"},"content":{"rendered":"<ul>\n<li><strong><span style=\"color: #0000ff;\">Foam f\u00fcr Studio XL ART<\/span><\/strong>: Unser spezieller ART-Schaum ist <b>nat\u00fcrlich schimmelresistent<\/b>. Dem Schaum werden keine Anti-Schimmel-Chemikalien zugesetzt, und der Effekt l\u00e4sst im Laufe der Zeit nicht nach. Also kein schlechter Geruch nach ein paar Tagen, selbst wenn er nicht im K\u00fchlschrank aufbewahrt wird. Langlebig, Sie m\u00fcssen ihn nur von Zeit zu Zeit mit frischem Wasser absp\u00fclen.   <\/li>\n<\/ul>\n","protected":false},"excerpt":{"rendered":"<ul>\n<li><strong><span style=\"color: #0000ff;\">Foam f\u00fcr Studio XL ART<\/span><\/strong>: Unser spezieller ART-Schaum ist <b>nat\u00fcrlich schimmelresistent<\/b>. Dem Schaum werden keine Anti-Schimmel-Chemikalien zugesetzt, und der Effekt l\u00e4sst im Laufe der Zeit nicht nach. Also kein schlechter Geruch nach ein paar Tagen, selbst wenn er nicht im K\u00fchlschrank aufbewahrt wird. Langlebig, Sie m\u00fcssen ihn nur von Zeit zu Zeit mit frischem Wasser absp\u00fclen.   <\/li>\n<\/ul>\n","protected":false},"featured_media":397216,"comment_status":"open","ping_status":"closed","template":"","meta":{"_acf_changed":false},"product_brand":[],"product_cat":[961,1236,979,1000,1001,968],"product_tag":[969,970,963],"class_list":{"0":"post-397215","1":"product","2":"type-product","3":"status-publish","4":"has-post-thumbnail","6":"product_cat-black-friday-de","7":"product_cat-einzelhandel","8":"product_cat-everlasting-wet-palettes","9":"product_cat-export-de","10":"product_cat-kickstarterv2-de","11":"product_cat-zubehor","12":"product_tag-ewig","13":"product_tag-nasspalette","14":"product_tag-zubehor","16":"first","17":"instock","18":"taxable","19":"shipping-taxable","20":"purchasable","21":"product-type-variable"},"acf":[],"_links":{"self":[{"href":"https:\/\/www.redgrasscreative.com\/de\/wp-json\/wp\/v2\/product\/397215","targetHints":{"allow":["GET"]}}],"collection":[{"href":"https:\/\/www.redgrasscreative.com\/de\/wp-json\/wp\/v2\/product"}],"about":[{"href":"https:\/\/www.redgrasscreative.com\/de\/wp-json\/wp\/v2\/types\/product"}],"replies":[{"embeddable":true,"href":"https:\/\/www.redgrasscreative.com\/de\/wp-json\/wp\/v2\/comments?post=397215"}],"version-history":[{"count":1,"href":"https:\/\/www.redgrasscreative.com\/de\/wp-json\/wp\/v2\/product\/397215\/revisions"}],"predecessor-version":[{"id":397220,"href":"https:\/\/www.redgrasscreative.com\/de\/wp-json\/wp\/v2\/product\/397215\/revisions\/397220"}],"wp:featuredmedia":[{"embeddable":true,"href":"https:\/\/www.redgrasscreative.com\/de\/wp-json\/wp\/v2\/media\/397216"}],"wp:attachment":[{"href":"https:\/\/www.redgrasscreative.com\/de\/wp-json\/wp\/v2\/media?parent=397215"}],"wp:term":[{"taxonomy":"product_brand","embeddable":true,"href":"https:\/\/www.redgrasscreative.com\/de\/wp-json\/wp\/v2\/product_brand?post=397215"},{"taxonomy":"product_cat","embeddable":true,"href":"https:\/\/www.redgrasscreative.com\/de\/wp-json\/wp\/v2\/product_cat?post=397215"},{"taxonomy":"product_tag","embeddable":true,"href":"https:\/\/www.redgrasscreative.com\/de\/wp-json\/wp\/v2\/product_tag?post=397215"}],"curies":[{"name":"wp","href":"https:\/\/api.w.org\/{rel}","templated":true}]}}