{"id":397762,"date":"2022-05-04T14:17:58","date_gmt":"2022-05-04T12:17:58","guid":{"rendered":"https:\/\/www.redgrasscreative.com\/product\/1-x-zusaetzlicher-schaumstoff-fuer-painter-v2\/"},"modified":"2026-02-09T16:46:05","modified_gmt":"2026-02-09T15:46:05","slug":"1-x-zusaetzlicher-schaumstoff-fuer-painter-v2","status":"publish","type":"product","link":"https:\/\/www.redgrasscreative.com\/de\/produkt\/1-x-zusaetzlicher-schaumstoff-fuer-painter-v2\/","title":{"rendered":"1 x Zus\u00e4tzlicher Schaumstoff f\u00fcr Painter v2"},"content":{"rendered":"<ul>\n<li><strong><span style=\"color: #0000ff;\">Ausschlie\u00dflich f\u00fcr Painter v2<\/span><\/strong> Gr\u00f6\u00dfe: Unser NEUER spezieller Schaumstoff ist <b>von Natur aus schimmelresistent<\/b>. Dem Schaumstoff werden keine Anti-Schimmel-Chemikalien hinzugef\u00fcgt, und die Wirkung l\u00e4sst mit der Zeit nicht nach. Folglich entsteht selbst nach einigen Tagen kein unangenehmer Geruch, auch wenn der Schaumstoff nicht im K\u00fchlschrank aufbewahrt wird. Er ist langlebig; es gen\u00fcgt, ihn gelegentlich mit frischem Wasser abzusp\u00fclen.   <\/li>\n<\/ul>\n","protected":false},"excerpt":{"rendered":"<ul>\n<li><strong><span style=\"color: #0000ff;\">Ausschlie\u00dflich f\u00fcr Painter v2<\/span><\/strong> Gr\u00f6\u00dfe: Unser NEUER spezieller Schaumstoff ist <b>von Natur aus schimmelresistent<\/b>. Dem Schaumstoff werden keine Anti-Schimmel-Chemikalien hinzugef\u00fcgt, und die Wirkung l\u00e4sst mit der Zeit nicht nach. Folglich entsteht selbst nach einigen Tagen kein unangenehmer Geruch, auch wenn der Schaumstoff nicht im K\u00fchlschrank aufbewahrt wird. Er ist langlebig; es gen\u00fcgt, ihn gelegentlich mit frischem Wasser abzusp\u00fclen.   <\/li>\n<\/ul>\n","protected":false},"featured_media":395676,"comment_status":"open","ping_status":"closed","template":"","meta":{"_acf_changed":false},"product_brand":[],"product_cat":[961,1236,979,1001,968],"product_tag":[969,970,963],"class_list":{"0":"post-397762","1":"product","2":"type-product","3":"status-publish","4":"has-post-thumbnail","6":"product_cat-black-friday-de","7":"product_cat-einzelhandel","8":"product_cat-everlasting-wet-palettes","9":"product_cat-kickstarterv2-de","10":"product_cat-zubehor","11":"product_tag-ewig","12":"product_tag-nasspalette","13":"product_tag-zubehor","15":"first","16":"instock","17":"taxable","18":"shipping-taxable","19":"purchasable","20":"product-type-variable"},"acf":[],"_links":{"self":[{"href":"https:\/\/www.redgrasscreative.com\/de\/wp-json\/wp\/v2\/product\/397762","targetHints":{"allow":["GET"]}}],"collection":[{"href":"https:\/\/www.redgrasscreative.com\/de\/wp-json\/wp\/v2\/product"}],"about":[{"href":"https:\/\/www.redgrasscreative.com\/de\/wp-json\/wp\/v2\/types\/product"}],"replies":[{"embeddable":true,"href":"https:\/\/www.redgrasscreative.com\/de\/wp-json\/wp\/v2\/comments?post=397762"}],"version-history":[{"count":1,"href":"https:\/\/www.redgrasscreative.com\/de\/wp-json\/wp\/v2\/product\/397762\/revisions"}],"predecessor-version":[{"id":398130,"href":"https:\/\/www.redgrasscreative.com\/de\/wp-json\/wp\/v2\/product\/397762\/revisions\/398130"}],"wp:featuredmedia":[{"embeddable":true,"href":"https:\/\/www.redgrasscreative.com\/de\/wp-json\/wp\/v2\/media\/395676"}],"wp:attachment":[{"href":"https:\/\/www.redgrasscreative.com\/de\/wp-json\/wp\/v2\/media?parent=397762"}],"wp:term":[{"taxonomy":"product_brand","embeddable":true,"href":"https:\/\/www.redgrasscreative.com\/de\/wp-json\/wp\/v2\/product_brand?post=397762"},{"taxonomy":"product_cat","embeddable":true,"href":"https:\/\/www.redgrasscreative.com\/de\/wp-json\/wp\/v2\/product_cat?post=397762"},{"taxonomy":"product_tag","embeddable":true,"href":"https:\/\/www.redgrasscreative.com\/de\/wp-json\/wp\/v2\/product_tag?post=397762"}],"curies":[{"name":"wp","href":"https:\/\/api.w.org\/{rel}","templated":true}]}}