{"id":403492,"date":"2025-02-05T15:12:44","date_gmt":"2025-02-05T14:12:44","guid":{"rendered":"https:\/\/www.redgrasscreative.com\/product\/redgrass-r9-solo-desk-lamp\/"},"modified":"2026-04-30T12:50:36","modified_gmt":"2026-04-30T10:50:36","slug":"redgrass-r9-solo-desk-lamp","status":"publish","type":"product","link":"https:\/\/www.redgrasscreative.com\/de\/produkt\/redgrass-r9-solo-desk-lamp\/","title":{"rendered":"Redgrass R9 Solo Schreibtischlampe &#8211; Sp\u00e4te Zusage 06\/2025"},"content":{"rendered":"<p>Redgrass R9 Solo Schreibtischlampe \u2013 Komplettpaket<\/p>\n<p>Eine unserer R9 Solo Schreibtischlampen (Lampe + Netzteil + Basis) mit zus\u00e4tzlicher Klemme, Tragetasche und einem KS-exklusiven Deck von 30 Painters Arsenal Karten. Nur w\u00e4hrend der sp\u00e4ten Zusagekampagne erh\u00e4ltlich. <\/p>\n","protected":false},"excerpt":{"rendered":"<p>Eine unserer R9 Solo Schreibtischlampen (Lampe + Netzteil + Basis) mit zus\u00e4tzlicher Klemme, Tragetasche und einem KS-exklusiven Deck von 30 Painters Arsenal Karten. Nur w\u00e4hrend der sp\u00e4ten Zusagekampagne erh\u00e4ltlich. <\/p>\n","protected":false},"featured_media":415382,"comment_status":"closed","ping_status":"closed","template":"","meta":{"_acf_changed":false},"product_brand":[],"product_cat":[1003,1002],"product_tag":[],"class_list":{"0":"post-403492","1":"product","2":"type-product","3":"status-publish","4":"has-post-thumbnail","6":"product_cat-r9-lampen","7":"product_cat-redgrass-r9-schreibtischlampe","9":"first","10":"instock","11":"taxable","12":"shipping-taxable","13":"purchasable","14":"product-type-variable"},"acf":[],"_links":{"self":[{"href":"https:\/\/www.redgrasscreative.com\/de\/wp-json\/wp\/v2\/product\/403492","targetHints":{"allow":["GET"]}}],"collection":[{"href":"https:\/\/www.redgrasscreative.com\/de\/wp-json\/wp\/v2\/product"}],"about":[{"href":"https:\/\/www.redgrasscreative.com\/de\/wp-json\/wp\/v2\/types\/product"}],"replies":[{"embeddable":true,"href":"https:\/\/www.redgrasscreative.com\/de\/wp-json\/wp\/v2\/comments?post=403492"}],"version-history":[{"count":1,"href":"https:\/\/www.redgrasscreative.com\/de\/wp-json\/wp\/v2\/product\/403492\/revisions"}],"predecessor-version":[{"id":403524,"href":"https:\/\/www.redgrasscreative.com\/de\/wp-json\/wp\/v2\/product\/403492\/revisions\/403524"}],"wp:featuredmedia":[{"embeddable":true,"href":"https:\/\/www.redgrasscreative.com\/de\/wp-json\/wp\/v2\/media\/415382"}],"wp:attachment":[{"href":"https:\/\/www.redgrasscreative.com\/de\/wp-json\/wp\/v2\/media?parent=403492"}],"wp:term":[{"taxonomy":"product_brand","embeddable":true,"href":"https:\/\/www.redgrasscreative.com\/de\/wp-json\/wp\/v2\/product_brand?post=403492"},{"taxonomy":"product_cat","embeddable":true,"href":"https:\/\/www.redgrasscreative.com\/de\/wp-json\/wp\/v2\/product_cat?post=403492"},{"taxonomy":"product_tag","embeddable":true,"href":"https:\/\/www.redgrasscreative.com\/de\/wp-json\/wp\/v2\/product_tag?post=403492"}],"curies":[{"name":"wp","href":"https:\/\/api.w.org\/{rel}","templated":true}]}}