{"id":403851,"date":"2025-02-10T16:50:19","date_gmt":"2025-02-10T15:50:19","guid":{"rendered":"https:\/\/www.redgrasscreative.com\/product\/kuenstler-arsenal-erweiterungspaket\/"},"modified":"2026-05-04T17:39:16","modified_gmt":"2026-05-04T15:39:16","slug":"kuenstler-arsenal-erweiterungspaket","status":"publish","type":"product","link":"https:\/\/www.redgrasscreative.com\/de\/produkt\/kuenstler-arsenal-erweiterungspaket\/","title":{"rendered":"Kostenlose Beigabe &#8211; Malerausr\u00fcstungs-Erg\u00e4nzungspaket"},"content":{"rendered":"<p>Ein Satz von 8 unserer K\u00fcnstler-Arsenal-Erweiterungskarten.<\/p>\n<p>Nicht zum Weiterverkauf bestimmt.<\/p>\n","protected":false},"excerpt":{"rendered":"<p>Ein Satz von 8 unserer K\u00fcnstler-Arsenal-Erweiterungskarten. Nicht zum Weiterverkauf bestimmt.<\/p>\n","protected":false},"featured_media":403872,"comment_status":"closed","ping_status":"closed","template":"","meta":{"_acf_changed":false},"product_brand":[],"product_cat":[1050],"product_tag":[],"class_list":{"0":"post-403851","1":"product","2":"type-product","3":"status-publish","4":"has-post-thumbnail","6":"product_cat-nicht-kategorisiert","8":"first","9":"instock","10":"taxable","11":"shipping-taxable","12":"purchasable","13":"product-type-variable"},"acf":[],"_links":{"self":[{"href":"https:\/\/www.redgrasscreative.com\/de\/wp-json\/wp\/v2\/product\/403851","targetHints":{"allow":["GET"]}}],"collection":[{"href":"https:\/\/www.redgrasscreative.com\/de\/wp-json\/wp\/v2\/product"}],"about":[{"href":"https:\/\/www.redgrasscreative.com\/de\/wp-json\/wp\/v2\/types\/product"}],"replies":[{"embeddable":true,"href":"https:\/\/www.redgrasscreative.com\/de\/wp-json\/wp\/v2\/comments?post=403851"}],"version-history":[{"count":2,"href":"https:\/\/www.redgrasscreative.com\/de\/wp-json\/wp\/v2\/product\/403851\/revisions"}],"predecessor-version":[{"id":403880,"href":"https:\/\/www.redgrasscreative.com\/de\/wp-json\/wp\/v2\/product\/403851\/revisions\/403880"}],"wp:featuredmedia":[{"embeddable":true,"href":"https:\/\/www.redgrasscreative.com\/de\/wp-json\/wp\/v2\/media\/403872"}],"wp:attachment":[{"href":"https:\/\/www.redgrasscreative.com\/de\/wp-json\/wp\/v2\/media?parent=403851"}],"wp:term":[{"taxonomy":"product_brand","embeddable":true,"href":"https:\/\/www.redgrasscreative.com\/de\/wp-json\/wp\/v2\/product_brand?post=403851"},{"taxonomy":"product_cat","embeddable":true,"href":"https:\/\/www.redgrasscreative.com\/de\/wp-json\/wp\/v2\/product_cat?post=403851"},{"taxonomy":"product_tag","embeddable":true,"href":"https:\/\/www.redgrasscreative.com\/de\/wp-json\/wp\/v2\/product_tag?post=403851"}],"curies":[{"name":"wp","href":"https:\/\/api.w.org\/{rel}","templated":true}]}}