{"id":220173,"date":"2019-07-31T16:50:56","date_gmt":"2019-07-31T14:50:56","guid":{"rendered":"https:\/\/www.redgrasscreative.com\/trouver-un-magasin\/"},"modified":"2022-03-08T15:44:56","modified_gmt":"2022-03-08T14:44:56","slug":"trouver-un-magasin","status":"publish","type":"page","link":"https:\/\/www.redgrasscreative.com\/fr\/trouver-un-magasin\/","title":{"rendered":"Localisateur de magasin"},"content":{"rendered":"\t\t<div data-elementor-type=\"wp-page\" data-elementor-id=\"220173\" class=\"elementor elementor-220173 elementor-217202\" data-elementor-post-type=\"page\">\n\t\t\t\t\t\t<section class=\"elementor-section elementor-top-section elementor-element elementor-element-0a0d060 elementor-section-boxed elementor-section-height-default elementor-section-height-default\" data-id=\"0a0d060\" data-element_type=\"section\" data-e-type=\"section\">\n\t\t\t\t\t\t<div class=\"elementor-container elementor-column-gap-default\">\n\t\t\t\t\t<div class=\"elementor-column elementor-col-100 elementor-top-column elementor-element elementor-element-43ae624\" data-id=\"43ae624\" data-element_type=\"column\" data-e-type=\"column\">\n\t\t\t<div class=\"elementor-widget-wrap elementor-element-populated\">\n\t\t\t\t\t\t<div class=\"elementor-element elementor-element-b66e3df elementor-widget elementor-widget-text-editor\" data-id=\"b66e3df\" data-element_type=\"widget\" data-e-type=\"widget\" data-widget_type=\"text-editor.default\">\n\t\t\t\t<div class=\"elementor-widget-container\">\n\t\t\t\t\t\t\t\t\t<h1>Localisateur de magasin &#8211; O\u00f9 trouver les produits Redgrassgames en magasin ?<\/h1>\n<p>Trouvez tous les produits de Redgrassgames dans un magasin pr\u00e8s de chez vous gr\u00e2ce \u00e0 notre localisateur de magasin : Les Everlasting Wet Palettes Starter, Painter, Studio, poign\u00e9es et capuchon de poign\u00e9e de peinture Rgg360, pinces de pr\u00e9cision RGG, pinceaux RGG et plus encore. Vous pouvez \u00e9galement trouver toutes nos recharges, telles que notre excellent papier d&rsquo;hydratation et nos mousses d&rsquo;hydratation pour painter et studio dans votre magasin de jeux local.<\/p>\n<p>Si vous \u00eates un revendeur et souhaitez vendre nos produits. <a href=\"https:\/\/pro.www.redgrasscreative.com\/\" target=\"_blank\" rel=\"noopener noreferrer\">Cliquez ici<\/a><\/p>\n<h2>Entrez le lieu de votre choix dans notre localisateur de magasins ou cliquez sur notre liste de pays ci-dessous.<\/h2>\n<style>\r\n\t#wpsl-stores .wpsl-store-thumb {height:45px !important; width:45px !important;}\r\n\t#wpsl-stores, #wpsl-direction-details, #wpsl-gmap {height:350px !important;}\r\n\t#wpsl-gmap .wpsl-info-window {max-width:225px !important;}\r\n\t.wpsl-input label, #wpsl-radius label, #wpsl-category label {width:95px;}\r\n\t#wpsl-search-input  {width:179px;}\r\n<\/style>\r\n<div id=\"wpsl-wrap\">\r\n\t<div class=\"wpsl-search wpsl-clearfix \">\r\n\t\t<div id=\"wpsl-search-wrap\">\r\n\t\t\t<form autocomplete=\"off\">\r\n\t\t\t<div class=\"wpsl-input\">\r\n\t\t\t\t<div><label for=\"wpsl-search-input\">Votre emplacement<\/label><\/div>\r\n\t\t\t\t<input id=\"wpsl-search-input\" type=\"text\" value=\"\" name=\"wpsl-search-input\" placeholder=\"\" aria-required=\"true\" \/>\r\n\t\t\t<\/div>\r\n\t\t\t<div class=\"wpsl-select-wrap\">\r\n\t\t\t\t<div id=\"wpsl-radius\">\r\n\t\t\t\t\t<label for=\"wpsl-radius-dropdown\">P\u00e9rim\u00e8tre de recherche<\/label>\r\n\t\t\t\t\t<select id=\"wpsl-radius-dropdown\" class=\"wpsl-dropdown\" name=\"wpsl-radius\">\r\n\t\t\t\t\t\t<option value=\"10\">10 km<\/option><option value=\"25\">25 km<\/option><option value=\"50\">50 km<\/option><option value=\"100\">100 km<\/option><option selected=\"selected\" value=\"500\">500 km<\/option>\r\n\t\t\t\t\t<\/select>\r\n\t\t\t\t<\/div>\r\n\t\t\t<\/div>\r\n\t\t\t\t<div class=\"wpsl-search-btn-wrap\"><input id=\"wpsl-search-btn\" type=\"submit\" value=\"Rechercher\"><\/div>\r\n\t\t<\/form>\r\n\t\t<\/div>\r\n\t<\/div>\r\n\t<div id=\"wpsl-gmap\" class=\"wpsl-gmap-canvas\"><\/div>\r\n\t<div id=\"wpsl-result-list\">\r\n\t\t<div id=\"wpsl-stores\" >\r\n\t\t\t<ul><\/ul>\r\n\t\t<\/div>\r\n\t\t<div id=\"wpsl-direction-details\">\r\n\t\t\t<ul><\/ul>\r\n\t\t<\/div>\r\n\t<\/div>\r\n<\/div>\r\n\n<p>Nos outils de peinture sur figurines sont facilement disponibles partout dans le monde, des centaines de magasins stockent nos produits :<\/p>\n<p><a href=\"https:\/\/www.redgrasscreative.com\/store-category\/united-states-of-america\/\">\u00c9tats-Unis d&rsquo;Am\u00e9rique<\/a> ,<br \/>\n<a href=\"https:\/\/www.redgrasscreative.com\/store-category\/great-britain\/\">Grande-Bretagne<\/a> ,<br \/>\n<a href=\"https:\/\/www.redgrasscreative.com\/store-category\/france\/\">France<\/a> ,<br \/>\n<a href=\"https:\/\/www.redgrasscreative.com\/store-category\/germany\/\">Allemagne<\/a> ,<br \/>\n<a href=\"https:\/\/www.redgrasscreative.com\/store-category\/belgium\/\">Belgique<\/a> ,<br \/>\n<a href=\"https:\/\/www.redgrasscreative.com\/store-category\/spain\/\">Espagne<\/a> ,<br \/>\nPays- <a href=\"https:\/\/www.redgrasscreative.com\/store-category\/netherlands\/\">Bas<\/a> ,<br \/>\n<a href=\"https:\/\/www.redgrasscreative.com\/store-category\/denmark\/\">Danemark<\/a> ,<br \/>\n<a href=\"https:\/\/www.redgrasscreative.com\/store-category\/sweden\/\">Su\u00e8de<\/a> ,<br \/>\n<a href=\"https:\/\/www.redgrasscreative.com\/store-category\/canada\/\">Canada<\/a> ,<br \/>\n<a href=\"https:\/\/www.redgrasscreative.com\/store-category\/switzerland\/\">Suisse<\/a> ,<br \/>\n<a href=\"https:\/\/www.redgrasscreative.com\/store-category\/south-africa\/\">Afrique du Sud<\/a> ,<br \/>\n<a href=\"https:\/\/www.redgrasscreative.com\/store-category\/singapore\/\">Singapour<\/a> ,<br \/>\n<a href=\"https:\/\/www.redgrasscreative.com\/store-category\/hong-kong\/\">Hongkong<\/a> ,<br \/>\n<a href=\"https:\/\/www.redgrasscreative.com\/store-category\/china\/\">Chine<\/a> ,<br \/>\n<a href=\"https:\/\/www.redgrasscreative.com\/store-category\/norway\/\">Norv\u00e8ge<\/a> ,<br \/>\n<a href=\"https:\/\/www.redgrasscreative.com\/store-category\/taiwan\/\">Ta\u00efwan<\/a> ,<br \/>\n<a href=\"https:\/\/www.redgrasscreative.com\/store-category\/poland\/\">Pologne<\/a> ,<br \/>\n<a href=\"https:\/\/www.redgrasscreative.com\/store-category\/italy\/\">Italie<\/a> ,<br \/>\n<a href=\"https:\/\/www.redgrasscreative.com\/store-category\/australia\/\">Australie<\/a> ,<br \/>\n<a href=\"https:\/\/www.redgrasscreative.com\/store-category\/korea\/\">Cor\u00e9e<\/a> ,<br \/>\n<a href=\"https:\/\/www.redgrasscreative.com\/store-category\/mexico\/\">Mexique<\/a> ,<br \/>\n<a href=\"https:\/\/www.redgrasscreative.com\/store-category\/luxembourg\/\">Luxembourg<\/a> ,<br \/>\n<a href=\"https:\/\/www.redgrasscreative.com\/store-category\/finland\/\">Finlande<\/a> ,<br \/>\n<a href=\"https:\/\/www.redgrasscreative.com\/store-category\/chile\/\">Chili<\/a> ,<br \/>\n<a href=\"https:\/\/www.redgrasscreative.com\/store-category\/hungary\/\">Hongrie<\/a> ,<br \/>\n<a href=\"https:\/\/www.redgrasscreative.com\/store-category\/russia\/\">Russie<\/a> ,<br \/>\n<a href=\"https:\/\/www.redgrasscreative.com\/store-category\/thailand\/\">Tha\u00eflande<\/a> ,<br \/>\n<a href=\"https:\/\/www.redgrasscreative.com\/store-category\/czechia\/\">Tch\u00e9quie<\/a> ,<br \/>\n<a href=\"https:\/\/www.redgrasscreative.com\/store-category\/ukraine\/\">Ukraine<\/a> ,<br \/>\n<a href=\"https:\/\/www.redgrasscreative.com\/store-category\/new-caledonia\/\">Nouvelle-Cal\u00e9donie<\/a> ,<br \/>\n<a href=\"https:\/\/www.redgrasscreative.com\/store-category\/brazil\/\">Br\u00e9sil<\/a> ,<br \/>\n<a href=\"\/?wpsl_store_category=Japan\">Japon<\/a> ,<br \/>\n<a href=\"https:\/\/www.redgrasscreative.com\/store-category\/ecuador\/\">\u00c9quateur<\/a> ,<br \/>\n<a href=\"https:\/\/www.redgrasscreative.com\/store-category\/portugal\/\">Portugal<\/a> ,<br \/>\n<a href=\"https:\/\/www.redgrasscreative.com\/store-category\/ireland\/\">Irlande<\/a><\/p>\n<p>Nos emplacements augmentent chaque jour, n&rsquo;h\u00e9sitez pas \u00e0 parler \u00e0 votre magasin local du stockage de nos produits.<\/p>\n<p>Souhaitez-vous que votre magasin apparaisse dans notre liste ? <a href=\"https:\/\/pro.www.redgrasscreative.com\">ils peuvent nous contacter ici pour rejoindre notre programme de revendeurs.<\/a><\/p>\n\t\t\t\t\t\t\t\t<\/div>\n\t\t\t\t<\/div>\n\t\t\t\t\t<\/div>\n\t\t<\/div>\n\t\t\t\t\t<\/div>\n\t\t<\/section>\n\t\t\t\t<section class=\"elementor-section elementor-top-section elementor-element elementor-element-618d73b elementor-section-boxed elementor-section-height-default elementor-section-height-default\" data-id=\"618d73b\" data-element_type=\"section\" data-e-type=\"section\">\n\t\t\t\t\t\t<div class=\"elementor-container elementor-column-gap-default\">\n\t\t\t\t\t<div class=\"elementor-column elementor-col-100 elementor-top-column elementor-element elementor-element-0d6cb2c\" data-id=\"0d6cb2c\" data-element_type=\"column\" data-e-type=\"column\">\n\t\t\t<div class=\"elementor-widget-wrap elementor-element-populated\">\n\t\t\t\t\t\t\t<\/div>\n\t\t<\/div>\n\t\t\t\t\t<\/div>\n\t\t<\/section>\n\t\t\t\t<\/div>\n\t\t","protected":false},"excerpt":{"rendered":"<p>Localisateur de magasin &#8211; O\u00f9 trouver les produits Redgrassgames en magasin ? Trouvez tous les produits de Redgrassgames dans un magasin pr\u00e8s de chez vous gr\u00e2ce \u00e0 notre localisateur de magasin : Les Everlasting Wet Palettes Starter, Painter, Studio, poign\u00e9es et capuchon de poign\u00e9e de peinture Rgg360, pinces de pr\u00e9cision RGG, pinceaux RGG et plus [&hellip;]<\/p>\n","protected":false},"author":1,"featured_media":0,"parent":0,"menu_order":0,"comment_status":"closed","ping_status":"closed","template":"","meta":{"_acf_changed":false,"footnotes":""},"class_list":["post-220173","page","type-page","status-publish","hentry"],"acf":[],"_links":{"self":[{"href":"https:\/\/www.redgrasscreative.com\/fr\/wp-json\/wp\/v2\/pages\/220173","targetHints":{"allow":["GET"]}}],"collection":[{"href":"https:\/\/www.redgrasscreative.com\/fr\/wp-json\/wp\/v2\/pages"}],"about":[{"href":"https:\/\/www.redgrasscreative.com\/fr\/wp-json\/wp\/v2\/types\/page"}],"author":[{"embeddable":true,"href":"https:\/\/www.redgrasscreative.com\/fr\/wp-json\/wp\/v2\/users\/1"}],"replies":[{"embeddable":true,"href":"https:\/\/www.redgrasscreative.com\/fr\/wp-json\/wp\/v2\/comments?post=220173"}],"version-history":[{"count":0,"href":"https:\/\/www.redgrasscreative.com\/fr\/wp-json\/wp\/v2\/pages\/220173\/revisions"}],"wp:attachment":[{"href":"https:\/\/www.redgrasscreative.com\/fr\/wp-json\/wp\/v2\/media?parent=220173"}],"curies":[{"name":"wp","href":"https:\/\/api.w.org\/{rel}","templated":true}]}}