{"id":325744,"date":"2022-03-08T11:42:56","date_gmt":"2022-03-08T10:42:56","guid":{"rendered":"https:\/\/www.redgrasscreative.com\/faq\/"},"modified":"2022-03-08T11:42:57","modified_gmt":"2022-03-08T10:42:57","slug":"faq","status":"publish","type":"page","link":"https:\/\/www.redgrasscreative.com\/fr\/faq\/","title":{"rendered":"FAQ"},"content":{"rendered":"\t\t<div data-elementor-type=\"wp-page\" data-elementor-id=\"325744\" class=\"elementor elementor-325744 elementor-235\" data-elementor-post-type=\"page\">\n\t\t\t\t\t\t<section class=\"elementor-section elementor-top-section elementor-element elementor-element-ebd3db6 elementor-section-boxed elementor-section-height-default elementor-section-height-default\" data-id=\"ebd3db6\" data-element_type=\"section\" data-e-type=\"section\">\n\t\t\t\t\t\t<div class=\"elementor-container elementor-column-gap-default\">\n\t\t\t\t\t<div class=\"elementor-column elementor-col-100 elementor-top-column elementor-element elementor-element-b5514c6\" data-id=\"b5514c6\" data-element_type=\"column\" data-e-type=\"column\">\n\t\t\t<div class=\"elementor-widget-wrap elementor-element-populated\">\n\t\t\t\t\t\t<div class=\"elementor-element elementor-element-c7aa113 elementor-widget elementor-widget-spacer\" data-id=\"c7aa113\" data-element_type=\"widget\" data-e-type=\"widget\" data-widget_type=\"spacer.default\">\n\t\t\t\t<div class=\"elementor-widget-container\">\n\t\t\t\t\t\t\t<div class=\"elementor-spacer\">\n\t\t\t<div class=\"elementor-spacer-inner\"><\/div>\n\t\t<\/div>\n\t\t\t\t\t\t<\/div>\n\t\t\t\t<\/div>\n\t\t\t\t<div class=\"elementor-element elementor-element-3fe5c69 elementor-widget elementor-widget-text-editor\" data-id=\"3fe5c69\" data-element_type=\"widget\" data-e-type=\"widget\" data-widget_type=\"text-editor.default\">\n\t\t\t\t<div class=\"elementor-widget-container\">\n\t\t\t\t\t\t\t\t\t<p style=\"text-align: center;\"><em>Nous r\u00e9sumerons ici les questions fr\u00e9quemment pos\u00e9es de la communaut\u00e9 en ligne, des forums et des r\u00e9seaux sociaux.<br \/>Des questions seront ajout\u00e9es avant et pendant la campagne Kickstarter<\/em><\/p>\n\t\t\t\t\t\t\t\t<\/div>\n\t\t\t\t<\/div>\n\t\t\t\t\t<\/div>\n\t\t<\/div>\n\t\t\t\t\t<\/div>\n\t\t<\/section>\n\t\t\t\t<section class=\"elementor-section elementor-top-section elementor-element elementor-element-18de592 elementor-section-boxed elementor-section-height-default elementor-section-height-default\" data-id=\"18de592\" data-element_type=\"section\" data-e-type=\"section\">\n\t\t\t\t\t\t<div class=\"elementor-container elementor-column-gap-default\">\n\t\t\t\t\t<div class=\"elementor-column elementor-col-100 elementor-top-column elementor-element elementor-element-6c037b8\" data-id=\"6c037b8\" data-element_type=\"column\" data-e-type=\"column\">\n\t\t\t<div class=\"elementor-widget-wrap elementor-element-populated\">\n\t\t\t\t\t\t<div class=\"elementor-element elementor-element-bf7b2d9 elementor-widget elementor-widget-text-editor\" data-id=\"bf7b2d9\" data-element_type=\"widget\" data-e-type=\"widget\" data-widget_type=\"text-editor.default\">\n\t\t\t\t<div class=\"elementor-widget-container\">\n\t\t\t\t\t\t\t\t\t<p><strong>Q#0. Qu&rsquo;est-ce qu&rsquo;une palette humide et pourquoi en ai-je besoin ?<\/strong><\/p>\n<p>Une palette humide est un outil essentiel pour tout peintre sur figurines. Le principe de fonctionnement cl\u00e9 de la palette humide est d&rsquo;hydrater la peinture, afin qu&rsquo;elle ne s\u00e8che pas lorsque vous l&rsquo;utilisez. Cependant, alors que la palette s\u00e8che a tendance \u00e0 s\u00e9cher trop rapidement, la plupart des palettes humides ordinaires ont tendance \u00e0 inonder la peinture avec de l&rsquo;eau.<br \/><b>La particularit\u00e9 de l&rsquo;Everlasting Wet Palette, est que le niveau de dilution est tr\u00e8s stable gr\u00e2ce \u00e0 notre syst\u00e8me d&rsquo;hydratation :<\/b> une fois plac\u00e9e, elle ne s\u00e8che pas et n&rsquo;inonde pas la peinture avec de l&rsquo;eau.<br \/>Le premier avantage \u00e9vident est <b>qu&rsquo;elle limite le gaspillage de peinture<\/b> , car la peinture reste humide et maniable pendant une longue p\u00e9riode (des heures si ouverte, des jours lorsque le couvercle est ferm\u00e9).<br \/>Le deuxi\u00e8me avantage est qu&rsquo;elle <b>vous permet de gagner du temps<\/b> , car vous n&rsquo;avez pas \u00e0 m\u00e9langer encore et encore les m\u00eames peintures ou \u00e0 ajuster le niveau de dilution de la peinture toutes les deux minutes.<br \/>Le troisi\u00e8me avantage, est <b>qu&rsquo;elle vous donne acc\u00e8s \u00e0 des techniques de peinture avanc\u00e9es en toute simplicit\u00e9<\/b> car vous n&rsquo;avez pas \u00e0 vous battre avec une peinture qui s\u00e8che trop vite, ou qui est trop dilu\u00e9e.<\/p>\n\t\t\t\t\t\t\t\t<\/div>\n\t\t\t\t<\/div>\n\t\t\t\t\t<\/div>\n\t\t<\/div>\n\t\t\t\t\t<\/div>\n\t\t<\/section>\n\t\t\t\t<section class=\"elementor-section elementor-top-section elementor-element elementor-element-ba96cfc elementor-section-boxed elementor-section-height-default elementor-section-height-default\" data-id=\"ba96cfc\" data-element_type=\"section\" data-e-type=\"section\">\n\t\t\t\t\t\t<div class=\"elementor-container elementor-column-gap-default\">\n\t\t\t\t\t<div class=\"elementor-column elementor-col-100 elementor-top-column elementor-element elementor-element-e7a7437\" data-id=\"e7a7437\" data-element_type=\"column\" data-e-type=\"column\">\n\t\t\t<div class=\"elementor-widget-wrap elementor-element-populated\">\n\t\t\t\t\t\t<div class=\"elementor-element elementor-element-73bbe25 elementor-widget elementor-widget-spacer\" data-id=\"73bbe25\" data-element_type=\"widget\" data-e-type=\"widget\" data-widget_type=\"spacer.default\">\n\t\t\t\t<div class=\"elementor-widget-container\">\n\t\t\t\t\t\t\t<div class=\"elementor-spacer\">\n\t\t\t<div class=\"elementor-spacer-inner\"><\/div>\n\t\t<\/div>\n\t\t\t\t\t\t<\/div>\n\t\t\t\t<\/div>\n\t\t\t\t<div class=\"elementor-element elementor-element-692b79f elementor-widget elementor-widget-text-editor\" data-id=\"692b79f\" data-element_type=\"widget\" data-e-type=\"widget\" data-widget_type=\"text-editor.default\">\n\t\t\t\t<div class=\"elementor-widget-container\">\n\t\t\t\t\t\t\t\t\t<p><b>Q#5. Quel type de peinture puis-je utiliser ?<\/b><\/p>\n<p><span style=\"color: var( --e-global-color-text ); font-family: var( --e-global-typography-text-font-family ), Sans-serif; font-weight: var( --e-global-typography-text-font-weight );\">L&rsquo;Everlasting Wet Palette a \u00e9t\u00e9 con\u00e7ue pour \u00eatre utilis\u00e9e avec des peintures de hobby et un niveau de dilution utilis\u00e9 dans la peinture sur figurines. Nous l&rsquo;avons test\u00e9e intensivement avec ce type de peintures, notamment : Citadel, Vallejo\/Prince August, P3, Army Painter, AK47, Scale Colors\/75, &#8230; \u00e0 diff\u00e9rents niveaux de dilution.<\/span><\/p>\n<p>En dehors de la peinture de hobby , il existe de nombreuses marques de peinture diff\u00e9rentes et il est impossible de tout tester. Les r\u00e9sultats peuvent varier. Mais tant que c&rsquo;est de l&rsquo;acrylique, \u00e7a devrait marcher. Si vous utilisez des acryliques tr\u00e8s secs, vous devrez peut-\u00eatre adapter le niveau d&rsquo;humidit\u00e9 que vous mettez dans la mousse.<\/p>\n\t\t\t\t\t\t\t\t<\/div>\n\t\t\t\t<\/div>\n\t\t\t\t\t<\/div>\n\t\t<\/div>\n\t\t\t\t\t<\/div>\n\t\t<\/section>\n\t\t\t\t<section class=\"elementor-section elementor-top-section elementor-element elementor-element-416b667 elementor-section-boxed elementor-section-height-default elementor-section-height-default\" data-id=\"416b667\" data-element_type=\"section\" data-e-type=\"section\">\n\t\t\t\t\t\t<div class=\"elementor-container elementor-column-gap-default\">\n\t\t\t\t\t<div class=\"elementor-column elementor-col-100 elementor-top-column elementor-element elementor-element-b79cf3c\" data-id=\"b79cf3c\" data-element_type=\"column\" data-e-type=\"column\">\n\t\t\t<div class=\"elementor-widget-wrap elementor-element-populated\">\n\t\t\t\t\t\t<div class=\"elementor-element elementor-element-d786544 elementor-widget elementor-widget-spacer\" data-id=\"d786544\" data-element_type=\"widget\" data-e-type=\"widget\" data-widget_type=\"spacer.default\">\n\t\t\t\t<div class=\"elementor-widget-container\">\n\t\t\t\t\t\t\t<div class=\"elementor-spacer\">\n\t\t\t<div class=\"elementor-spacer-inner\"><\/div>\n\t\t<\/div>\n\t\t\t\t\t\t<\/div>\n\t\t\t\t<\/div>\n\t\t\t\t<div class=\"elementor-element elementor-element-d938a17 elementor-widget elementor-widget-text-editor\" data-id=\"d938a17\" data-element_type=\"widget\" data-e-type=\"widget\" data-widget_type=\"text-editor.default\">\n\t\t\t\t<div class=\"elementor-widget-container\">\n\t\t\t\t\t\t\t\t\t<p><b>Q#6. J&rsquo;ai entendu parler d&rsquo;une membrane r\u00e9utilisable, allez-vous la lancer ?<\/b><\/p>\n<p><span style=\"color: var( --e-global-color-text ); font-family: var( --e-global-typography-text-font-family ), Sans-serif; font-weight: var( --e-global-typography-text-font-weight );\">L&rsquo;Everlasting Wet Palette est un projet \u00e0 multiples facettes. Une partie consistait \u00e0 d\u00e9velopper le meilleur \u00e9tui et l&rsquo;exp\u00e9rience utilisateur. Une autre partie \u00e9tait de d\u00e9velopper le meilleur syst\u00e8me d&rsquo;hydratation, et la derni\u00e8re partie \u00e9tait de cr\u00e9er \u00e9ventuellement une membrane r\u00e9utilisable.<\/span><\/p>\n<p>Les utilisateurs \u00e9taient tr\u00e8s enthousiasm\u00e9s par notre \u00e9tui et notre syst\u00e8me d&rsquo;hydratation \u00e0 base de papier. Ils n&rsquo;\u00e9taient pas int\u00e9ress\u00e9s par la r\u00e9utilisation. Comme elle est pr\u00eate, nous avons d\u00e9cid\u00e9 de la sortir. Vous aurez 100 papiers pour peindre, cela devrait prendre pas mal de temps avant d&rsquo;en manquer&#8230;<\/p>\n<p>Pour la partie r\u00e9utilisable, malheureusement, notre membrane r\u00e9utilisable n&rsquo;a pas encore atteint nos attentes de qualit\u00e9. Nous avons un bon prototype, mais la qualit\u00e9 n&rsquo;est pas constante lorsque nous atteignons le stade de la production. Comme nous ne voulons pas vendre quelque chose dont nous ne sommes pas s\u00fbrs \u00e0 100% de produire, nous avons pr\u00e9f\u00e9r\u00e9 reporter le lancement de la membrane r\u00e9utilisable. Nous ne sommes pas certains de pouvoir la produire. Mais si vous participez au Kickstarter aujourd&rsquo;hui, vous aurez la possibilit\u00e9 d&rsquo;acheter la membrane avec la livraison gratuite, lors de sa sortie.<\/p>\n\t\t\t\t\t\t\t\t<\/div>\n\t\t\t\t<\/div>\n\t\t\t\t\t<\/div>\n\t\t<\/div>\n\t\t\t\t\t<\/div>\n\t\t<\/section>\n\t\t\t\t<section class=\"elementor-section elementor-top-section elementor-element elementor-element-bec3a6a elementor-section-boxed elementor-section-height-default elementor-section-height-default\" data-id=\"bec3a6a\" data-element_type=\"section\" data-e-type=\"section\">\n\t\t\t\t\t\t<div class=\"elementor-container elementor-column-gap-default\">\n\t\t\t\t\t<div class=\"elementor-column elementor-col-100 elementor-top-column elementor-element elementor-element-c6e2a09\" data-id=\"c6e2a09\" data-element_type=\"column\" data-e-type=\"column\">\n\t\t\t<div class=\"elementor-widget-wrap elementor-element-populated\">\n\t\t\t\t\t\t\t<\/div>\n\t\t<\/div>\n\t\t\t\t\t<\/div>\n\t\t<\/section>\n\t\t\t\t<\/div>\n\t\t","protected":false},"excerpt":{"rendered":"<p>Nous r\u00e9sumerons ici les questions fr\u00e9quemment pos\u00e9es de la communaut\u00e9 en ligne, des forums et des r\u00e9seaux sociaux.Des questions seront ajout\u00e9es avant et pendant la campagne Kickstarter Q#0. Qu&rsquo;est-ce qu&rsquo;une palette humide et pourquoi en ai-je besoin ? Une palette humide est un outil essentiel pour tout peintre sur figurines. Le principe de fonctionnement cl\u00e9 [&hellip;]<\/p>\n","protected":false},"author":2,"featured_media":0,"parent":0,"menu_order":0,"comment_status":"closed","ping_status":"closed","template":"","meta":{"_acf_changed":false,"footnotes":""},"class_list":["post-325744","page","type-page","status-publish","hentry"],"acf":[],"_links":{"self":[{"href":"https:\/\/www.redgrasscreative.com\/fr\/wp-json\/wp\/v2\/pages\/325744","targetHints":{"allow":["GET"]}}],"collection":[{"href":"https:\/\/www.redgrasscreative.com\/fr\/wp-json\/wp\/v2\/pages"}],"about":[{"href":"https:\/\/www.redgrasscreative.com\/fr\/wp-json\/wp\/v2\/types\/page"}],"author":[{"embeddable":true,"href":"https:\/\/www.redgrasscreative.com\/fr\/wp-json\/wp\/v2\/users\/2"}],"replies":[{"embeddable":true,"href":"https:\/\/www.redgrasscreative.com\/fr\/wp-json\/wp\/v2\/comments?post=325744"}],"version-history":[{"count":0,"href":"https:\/\/www.redgrasscreative.com\/fr\/wp-json\/wp\/v2\/pages\/325744\/revisions"}],"wp:attachment":[{"href":"https:\/\/www.redgrasscreative.com\/fr\/wp-json\/wp\/v2\/media?parent=325744"}],"curies":[{"name":"wp","href":"https:\/\/api.w.org\/{rel}","templated":true}]}}