{"id":326272,"date":"2022-03-10T10:06:09","date_gmt":"2022-03-10T09:06:09","guid":{"rendered":"https:\/\/www.redgrasscreative.com\/redgrassgames-suivi-de-mon-colis\/"},"modified":"2024-10-27T11:55:58","modified_gmt":"2024-10-27T10:55:58","slug":"redgrassgames-suivi-de-mon-colis","status":"publish","type":"page","link":"https:\/\/www.redgrasscreative.com\/fr\/redgrassgames-suivi-de-mon-colis\/","title":{"rendered":"Redgrassgames suivi de mon colis"},"content":{"rendered":"\t\t<div data-elementor-type=\"wp-page\" data-elementor-id=\"326272\" class=\"elementor elementor-326272 elementor-287963\" data-elementor-post-type=\"page\">\n\t\t\t\t\t\t<section class=\"elementor-section elementor-top-section elementor-element elementor-element-81f53dd elementor-section-boxed elementor-section-height-default elementor-section-height-default\" data-id=\"81f53dd\" data-element_type=\"section\" data-e-type=\"section\">\n\t\t\t\t\t\t<div class=\"elementor-container elementor-column-gap-default\">\n\t\t\t\t\t<div class=\"elementor-column elementor-col-100 elementor-top-column elementor-element elementor-element-41ce9ec\" data-id=\"41ce9ec\" data-element_type=\"column\" data-e-type=\"column\">\n\t\t\t<div class=\"elementor-widget-wrap elementor-element-populated\">\n\t\t\t\t\t\t<div class=\"elementor-element elementor-element-8042848 elementor-widget elementor-widget-heading\" data-id=\"8042848\" data-element_type=\"widget\" data-e-type=\"widget\" data-widget_type=\"heading.default\">\n\t\t\t\t<div class=\"elementor-widget-container\">\n\t\t\t\t\t<h2 class=\"elementor-heading-title elementor-size-default\">SUIVRE MON COLIS<\/h2>\t\t\t\t<\/div>\n\t\t\t\t<\/div>\n\t\t\t\t\t<\/div>\n\t\t<\/div>\n\t\t\t\t\t<\/div>\n\t\t<\/section>\n\t\t\t\t<section class=\"elementor-section elementor-top-section elementor-element elementor-element-8b5c01e elementor-section-boxed elementor-section-height-default elementor-section-height-default\" data-id=\"8b5c01e\" data-element_type=\"section\" data-e-type=\"section\">\n\t\t\t\t\t\t<div class=\"elementor-container elementor-column-gap-default\">\n\t\t\t\t\t<div class=\"elementor-column elementor-col-100 elementor-top-column elementor-element elementor-element-47c9406\" data-id=\"47c9406\" data-element_type=\"column\" data-e-type=\"column\">\n\t\t\t<div class=\"elementor-widget-wrap elementor-element-populated\">\n\t\t\t\t\t\t<div class=\"elementor-element elementor-element-17033bb elementor-widget elementor-widget-text-editor\" data-id=\"17033bb\" data-element_type=\"widget\" data-e-type=\"widget\" data-widget_type=\"text-editor.default\">\n\t\t\t\t<div class=\"elementor-widget-container\">\n\t\t\t\t\t\t\t\t\t<p style=\"text-align: center;\">Vous recevrez un email de notification de notre centre de distribution une fois que votre colis sera pr\u00eat \u00e0 \u00eatre exp\u00e9di\u00e9. Veuillez v\u00e9rifier votre bo\u00eete de r\u00e9ception et votre dossier spam. Actuellement, cela prend 3 \u00e0 10 jours. Pass\u00e9 ce d\u00e9lai, veuillez <a href=\"https:\/\/www.redgrasscreative.com\/fr\/support\/\">nous contacter<\/a> .<\/p>\n<\/p>\n<p style=\"text-align: center;\">\n\t\t\t\t\t\t\t\t<\/div>\n\t\t\t\t<\/div>\n\t\t\t\t\t<\/div>\n\t\t<\/div>\n\t\t\t\t\t<\/div>\n\t\t<\/section>\n\t\t\t\t<section class=\"elementor-section elementor-top-section elementor-element elementor-element-d5fe304 elementor-section-boxed elementor-section-height-default elementor-section-height-default\" data-id=\"d5fe304\" data-element_type=\"section\" data-e-type=\"section\">\n\t\t\t\t\t\t<div class=\"elementor-container elementor-column-gap-default\">\n\t\t\t\t\t<div class=\"elementor-column elementor-col-100 elementor-top-column elementor-element elementor-element-45b032e\" data-id=\"45b032e\" data-element_type=\"column\" data-e-type=\"column\">\n\t\t\t<div class=\"elementor-widget-wrap elementor-element-populated\">\n\t\t\t\t\t\t<div class=\"elementor-element elementor-element-80e4402 elementor-widget elementor-widget-text-editor\" data-id=\"80e4402\" data-element_type=\"widget\" data-e-type=\"widget\" data-widget_type=\"text-editor.default\">\n\t\t\t\t<div class=\"elementor-widget-container\">\n\t\t\t\t\t\t\t\t\t<p><b>O\u00f9 est ma commande?<\/b><\/p>\n<p>Pour suivre votre commande, veuillez entrer votre ID de commande dans la case ci-dessous et appuyer sur le bouton \u00ab\u00a0Suivre\u00a0\u00bb. Cela vous a \u00e9t\u00e9 donn\u00e9 sur votre re\u00e7u et dans l&#8217;email de confirmation que vous devriez avoir re\u00e7u. <\/p>\n<div class=\"woocommerce\"><\/div>\n<h2 style=\"font-family: Roboto, sans-serif; font-style: normal;\"> <\/h2>\n\t\t\t\t\t\t\t\t<\/div>\n\t\t\t\t<\/div>\n\t\t\t\t\t<\/div>\n\t\t<\/div>\n\t\t\t\t\t<\/div>\n\t\t<\/section>\n\t\t\t\t<section class=\"elementor-section elementor-top-section elementor-element elementor-element-48c71d1 elementor-section-boxed elementor-section-height-default elementor-section-height-default\" data-id=\"48c71d1\" data-element_type=\"section\" data-e-type=\"section\">\n\t\t\t\t\t\t<div class=\"elementor-container elementor-column-gap-default\">\n\t\t\t\t\t<div class=\"elementor-column elementor-col-100 elementor-top-column elementor-element elementor-element-ee86b1c\" data-id=\"ee86b1c\" data-element_type=\"column\" data-e-type=\"column\">\n\t\t\t<div class=\"elementor-widget-wrap elementor-element-populated\">\n\t\t\t\t\t\t<div class=\"elementor-element elementor-element-56fb8de elementor-widget elementor-widget-text-editor\" data-id=\"56fb8de\" data-element_type=\"widget\" data-e-type=\"widget\" data-widget_type=\"text-editor.default\">\n\t\t\t\t<div class=\"elementor-widget-container\">\n\t\t\t\t\t\t\t\t\t<p>Parfois, votre num\u00e9ro de suivi Deutsche Post n&rsquo;affiche rien une fois qu&rsquo;il est en dehors de l&rsquo;Allemagne.<\/p>\n<p>Vous pouvez soit vous rendre sur le site Web de votre bureau de poste local, soit utiliser ce lien qui fonctionne pour presque tous les pays : <a href=\"http:\/\/parcelsapp.com\/en\" target=\"_blank\" rel=\"noopener\">http:\/\/parcelsapp.com\/en<\/a><\/p>\n<p><a href=\"https:\/\/tools.usps.com\/go\/TrackConfirmAction_input\" target=\"_blank\" rel=\"noopener\">USPS<\/a><\/p>\n<p><a href=\"https:\/\/www.royalmail.com\/track-your-item#\/\" target=\"_blank\" rel=\"noopener\">RoyalMail<\/a><\/p>\n<p><a href=\"https:\/\/www.laposte.fr\/outils\/suivre-vos-envois\" target=\"_blank\" rel=\"noopener\">La poste<\/a> (fr)<\/p>\n\t\t\t\t\t\t\t\t<\/div>\n\t\t\t\t<\/div>\n\t\t\t\t\t<\/div>\n\t\t<\/div>\n\t\t\t\t\t<\/div>\n\t\t<\/section>\n\t\t\t\t<section class=\"elementor-section elementor-top-section elementor-element elementor-element-a333ad1 elementor-section-boxed elementor-section-height-default elementor-section-height-default\" data-id=\"a333ad1\" data-element_type=\"section\" data-e-type=\"section\">\n\t\t\t\t\t\t<div class=\"elementor-container elementor-column-gap-default\">\n\t\t\t\t\t<div class=\"elementor-column elementor-col-100 elementor-top-column elementor-element elementor-element-23c0b7f\" data-id=\"23c0b7f\" data-element_type=\"column\" data-e-type=\"column\">\n\t\t\t<div class=\"elementor-widget-wrap elementor-element-populated\">\n\t\t\t\t\t\t<div class=\"elementor-element elementor-element-b49eaa6 elementor-widget elementor-widget-image\" data-id=\"b49eaa6\" data-element_type=\"widget\" data-e-type=\"widget\" data-widget_type=\"image.default\">\n\t\t\t\t<div class=\"elementor-widget-container\">\n\t\t\t\t\t\t\t\t\t\t\t\t\t\t\t<img fetchpriority=\"high\" decoding=\"async\" width=\"1170\" height=\"593\" src=\"https:\/\/www.redgrasscreative.com\/wp-content\/uploads\/2020\/12\/redgrassgames-tracking-my-parcel-1440x730.png\" class=\"attachment-large size-large wp-image-287975\" alt=\"commander le num\u00e9ro de suivi de redgrassgames\" srcset=\"https:\/\/www.redgrasscreative.com\/wp-content\/uploads\/2020\/12\/redgrassgames-tracking-my-parcel-1440x730.png 1440w, https:\/\/www.redgrasscreative.com\/wp-content\/uploads\/2020\/12\/redgrassgames-tracking-my-parcel-e1608205300293-510x258.png 510w, https:\/\/www.redgrasscreative.com\/wp-content\/uploads\/2020\/12\/redgrassgames-tracking-my-parcel-e1608205300293-150x76.png 150w, https:\/\/www.redgrasscreative.com\/wp-content\/uploads\/2020\/12\/redgrassgames-tracking-my-parcel-330x167.png 330w, https:\/\/www.redgrasscreative.com\/wp-content\/uploads\/2020\/12\/redgrassgames-tracking-my-parcel-768x389.png 768w, https:\/\/www.redgrasscreative.com\/wp-content\/uploads\/2020\/12\/redgrassgames-tracking-my-parcel-1536x778.png 1536w, https:\/\/www.redgrasscreative.com\/wp-content\/uploads\/2020\/12\/redgrassgames-tracking-my-parcel-2048x1038.png 2048w, https:\/\/www.redgrasscreative.com\/wp-content\/uploads\/2020\/12\/redgrassgames-tracking-my-parcel-e1608205300293.png 1080w, https:\/\/www.redgrasscreative.com\/wp-content\/uploads\/2020\/12\/redgrassgames-tracking-my-parcel-1280x649.png 1280w, https:\/\/www.redgrasscreative.com\/wp-content\/uploads\/2020\/12\/redgrassgames-tracking-my-parcel-980x497.png 980w, https:\/\/www.redgrasscreative.com\/wp-content\/uploads\/2020\/12\/redgrassgames-tracking-my-parcel-480x243.png 480w\" sizes=\"(max-width: 1170px) 100vw, 1170px\" \/>\t\t\t\t\t\t\t\t\t\t\t\t\t\t\t<\/div>\n\t\t\t\t<\/div>\n\t\t\t\t\t<\/div>\n\t\t<\/div>\n\t\t\t\t\t<\/div>\n\t\t<\/section>\n\t\t\t\t<section class=\"elementor-section elementor-top-section elementor-element elementor-element-3e8b5b8 elementor-section-boxed elementor-section-height-default elementor-section-height-default\" data-id=\"3e8b5b8\" data-element_type=\"section\" data-e-type=\"section\">\n\t\t\t\t\t\t<div class=\"elementor-container elementor-column-gap-default\">\n\t\t\t\t\t<div class=\"elementor-column elementor-col-100 elementor-top-column elementor-element elementor-element-d1748d4\" data-id=\"d1748d4\" data-element_type=\"column\" data-e-type=\"column\">\n\t\t\t<div class=\"elementor-widget-wrap elementor-element-populated\">\n\t\t\t\t\t\t<div class=\"elementor-element elementor-element-ae78528 elementor-widget elementor-widget-text-editor\" data-id=\"ae78528\" data-element_type=\"widget\" data-e-type=\"widget\" data-widget_type=\"text-editor.default\">\n\t\t\t\t<div class=\"elementor-widget-container\">\n\t\t\t\t\t\t\t\t\t<p><b>J&rsquo;ai besoin d&rsquo;aide suppl\u00e9mentaire pour ma commande<\/b><\/p>\n<p>FAQ et plus <a href=\"https:\/\/www.redgrasscreative.com\/fr\/faq-commande-redgrassgames\/\">ici<\/a><\/p>\n\t\t\t\t\t\t\t\t<\/div>\n\t\t\t\t<\/div>\n\t\t\t\t\t<\/div>\n\t\t<\/div>\n\t\t\t\t\t<\/div>\n\t\t<\/section>\n\t\t\t\t<section class=\"elementor-section elementor-top-section elementor-element elementor-element-c83d5ff elementor-section-boxed elementor-section-height-default elementor-section-height-default\" data-id=\"c83d5ff\" data-element_type=\"section\" data-e-type=\"section\">\n\t\t\t\t\t\t<div class=\"elementor-container elementor-column-gap-default\">\n\t\t\t\t\t<div class=\"elementor-column elementor-col-100 elementor-top-column elementor-element elementor-element-0e4a04b\" data-id=\"0e4a04b\" data-element_type=\"column\" data-e-type=\"column\">\n\t\t\t<div class=\"elementor-widget-wrap elementor-element-populated\">\n\t\t\t\t\t\t\t<\/div>\n\t\t<\/div>\n\t\t\t\t\t<\/div>\n\t\t<\/section>\n\t\t\t\t<\/div>\n\t\t","protected":false},"excerpt":{"rendered":"<p>SUIVRE MON COLIS Vous recevrez un email de notification de notre centre de distribution une fois que votre colis sera pr\u00eat \u00e0 \u00eatre exp\u00e9di\u00e9. Veuillez v\u00e9rifier votre bo\u00eete de r\u00e9ception et votre dossier spam. Actuellement, cela prend 3 \u00e0 10 jours. Pass\u00e9 ce d\u00e9lai, veuillez nous contacter . O\u00f9 est ma commande? Pour suivre votre [&hellip;]<\/p>\n","protected":false},"author":2,"featured_media":0,"parent":0,"menu_order":0,"comment_status":"closed","ping_status":"closed","template":"elementor_header_footer","meta":{"_acf_changed":false,"footnotes":""},"class_list":["post-326272","page","type-page","status-publish","hentry"],"acf":[],"_links":{"self":[{"href":"https:\/\/www.redgrasscreative.com\/fr\/wp-json\/wp\/v2\/pages\/326272","targetHints":{"allow":["GET"]}}],"collection":[{"href":"https:\/\/www.redgrasscreative.com\/fr\/wp-json\/wp\/v2\/pages"}],"about":[{"href":"https:\/\/www.redgrasscreative.com\/fr\/wp-json\/wp\/v2\/types\/page"}],"author":[{"embeddable":true,"href":"https:\/\/www.redgrasscreative.com\/fr\/wp-json\/wp\/v2\/users\/2"}],"replies":[{"embeddable":true,"href":"https:\/\/www.redgrasscreative.com\/fr\/wp-json\/wp\/v2\/comments?post=326272"}],"version-history":[{"count":2,"href":"https:\/\/www.redgrasscreative.com\/fr\/wp-json\/wp\/v2\/pages\/326272\/revisions"}],"predecessor-version":[{"id":395069,"href":"https:\/\/www.redgrasscreative.com\/fr\/wp-json\/wp\/v2\/pages\/326272\/revisions\/395069"}],"wp:attachment":[{"href":"https:\/\/www.redgrasscreative.com\/fr\/wp-json\/wp\/v2\/media?parent=326272"}],"curies":[{"name":"wp","href":"https:\/\/api.w.org\/{rel}","templated":true}]}}