{"id":326285,"date":"2022-03-10T10:23:10","date_gmt":"2022-03-10T09:23:10","guid":{"rendered":"https:\/\/www.redgrasscreative.com\/conseils-pour-debutant\/"},"modified":"2024-10-27T11:55:38","modified_gmt":"2024-10-27T10:55:38","slug":"conseils-pour-debutant","status":"publish","type":"page","link":"https:\/\/www.redgrasscreative.com\/fr\/conseils-pour-debutant\/","title":{"rendered":"conseils pour d\u00e9butants en peinture de miniatures"},"content":{"rendered":"\t\t<div data-elementor-type=\"wp-page\" data-elementor-id=\"326285\" class=\"elementor elementor-326285 elementor-312240\" data-elementor-post-type=\"page\">\n\t\t\t\t\t\t<section class=\"elementor-section elementor-top-section elementor-element elementor-element-a0bedd9 elementor-section-boxed elementor-section-height-default elementor-section-height-default\" data-id=\"a0bedd9\" data-element_type=\"section\" data-e-type=\"section\">\n\t\t\t\t\t\t<div class=\"elementor-container elementor-column-gap-default\">\n\t\t\t\t\t<div class=\"elementor-column elementor-col-100 elementor-top-column elementor-element elementor-element-9315d19\" data-id=\"9315d19\" data-element_type=\"column\" data-e-type=\"column\">\n\t\t\t<div class=\"elementor-widget-wrap elementor-element-populated\">\n\t\t\t\t\t\t<div class=\"elementor-element elementor-element-290836f elementor-widget elementor-widget-heading\" data-id=\"290836f\" data-element_type=\"widget\" data-e-type=\"widget\" data-widget_type=\"heading.default\">\n\t\t\t\t<div class=\"elementor-widget-container\">\n\t\t\t\t\t<h2 class=\"elementor-heading-title elementor-size-default\"><span style=\"color: #5abadf;text-transform: uppercase;font-size: min(100px, max(36px, 5.92592vw + 14.6667px));line-height: .8;letter-spacing: -.8px;margin: 0\">CONSEILS POUR D\u00c9BUTANTS<\/span><\/h2>\t\t\t\t<\/div>\n\t\t\t\t<\/div>\n\t\t\t\t<div class=\"elementor-element elementor-element-d144f1a elementor-widget elementor-widget-text-editor\" data-id=\"d144f1a\" data-element_type=\"widget\" data-e-type=\"widget\" data-widget_type=\"text-editor.default\">\n\t\t\t\t<div class=\"elementor-widget-container\">\n\t\t\t\t\t\t\t\t\t<p style=\"text-align: center;\">Bienvenue dans notre collection de Conseils pour d\u00e9butants en peinture de miniatures, parfaite pour les nouveaux venus d\u00e9sireux de peindre leurs premi\u00e8res miniatures et les peintres occasionnels souhaitant am\u00e9liorer leurs comp\u00e9tences. Ces articles de blog couvrent des conseils essentiels, allant du choix des bons outils \u00e0 la ma\u00eetrise des techniques de base comme l&rsquo;utilisation d&rsquo;une palette humide. <\/p>\n\t\t\t\t\t\t\t\t<\/div>\n\t\t\t\t<\/div>\n\t\t\t\t\t<\/div>\n\t\t<\/div>\n\t\t\t\t\t<\/div>\n\t\t<\/section>\n\t\t\t\t<section class=\"elementor-section elementor-top-section elementor-element elementor-element-eac4ba9 elementor-section-boxed elementor-section-height-default elementor-section-height-default\" data-id=\"eac4ba9\" data-element_type=\"section\" data-e-type=\"section\">\n\t\t\t\t\t\t<div class=\"elementor-container elementor-column-gap-default\">\n\t\t\t\t\t<div class=\"elementor-column elementor-col-100 elementor-top-column elementor-element elementor-element-5e50a3b\" data-id=\"5e50a3b\" data-element_type=\"column\" data-e-type=\"column\">\n\t\t\t<div class=\"elementor-widget-wrap elementor-element-populated\">\n\t\t\t\t\t\t<div class=\"elementor-element elementor-element-527829c elementor-nav-menu__align-center elementor-nav-menu__text-align-center elementor-nav-menu--dropdown-tablet elementor-widget elementor-widget-nav-menu\" data-id=\"527829c\" data-element_type=\"widget\" data-e-type=\"widget\" data-settings=\"{&quot;_animation_mobile&quot;:&quot;slideInDown&quot;,&quot;layout&quot;:&quot;horizontal&quot;,&quot;submenu_icon&quot;:{&quot;value&quot;:&quot;&lt;svg aria-hidden=\\&quot;true\\&quot; class=\\&quot;e-font-icon-svg e-fas-caret-down\\&quot; viewBox=\\&quot;0 0 320 512\\&quot; xmlns=\\&quot;http:\\\/\\\/www.w3.org\\\/2000\\\/svg\\&quot;&gt;&lt;path d=\\&quot;M31.3 192h257.3c17.8 0 26.7 21.5 14.1 34.1L174.1 354.8c-7.8 7.8-20.5 7.8-28.3 0L17.2 226.1C4.6 213.5 13.5 192 31.3 192z\\&quot;&gt;&lt;\\\/path&gt;&lt;\\\/svg&gt;&quot;,&quot;library&quot;:&quot;fa-solid&quot;}}\" data-widget_type=\"nav-menu.default\">\n\t\t\t\t<div class=\"elementor-widget-container\">\n\t\t\t\t\t\t\t\t<nav aria-label=\"Menu\" class=\"elementor-nav-menu--main elementor-nav-menu__container elementor-nav-menu--layout-horizontal e--pointer-underline e--animation-slide\">\n\t\t\t\t<ul id=\"menu-1-527829c\" class=\"elementor-nav-menu\"><li class=\"menu-item menu-item-type-custom menu-item-object-custom menu-item-has-children menu-item-396480\"><a href=\"https:\/\/www.redgrasscreative.com\/miniature-painting\/\" class=\"elementor-item\">Miniature Painting<\/a>\n<ul class=\"sub-menu elementor-nav-menu--dropdown\">\n\t<li class=\"menu-item menu-item-type-post_type menu-item-object-page menu-item-396481\"><a href=\"https:\/\/www.redgrasscreative.com\/fr\/angel-giraldez\/\" class=\"elementor-sub-item\">Angel Giraldez<div class=\"icon-wrapper\"> <\/div><\/a><\/li>\n\t<li class=\"menu-item menu-item-type-post_type menu-item-object-page menu-item-396482\"><a href=\"https:\/\/www.redgrasscreative.com\/fr\/conseils-pour-debutant\/\" class=\"elementor-sub-item\">conseils pour d\u00e9butants en peinture de miniatures<div class=\"icon-wrapper\"> <\/div><\/a><\/li>\n<\/ul>\n<\/li>\n<li class=\"menu-item menu-item-type-post_type menu-item-object-page menu-item-396479\"><a href=\"https:\/\/www.redgrasscreative.com\/fr\/light-learning-center\/\" class=\"elementor-item\">Light Learning Center\u200b<div class=\"icon-wrapper\"> <\/div><\/a><\/li>\n<li class=\"menu-item menu-item-type-post_type menu-item-object-page menu-item-327815\"><a href=\"https:\/\/www.redgrasscreative.com\/fr\/bibliotheque-de-livres-de-peinture-sur-miniatures-gratuits-de-redgrassgames\/\" class=\"elementor-item\">Livres Gratuits<\/a><\/li>\n<\/ul>\t\t\t<\/nav>\n\t\t\t\t\t\t<nav class=\"elementor-nav-menu--dropdown elementor-nav-menu__container\" aria-hidden=\"true\">\n\t\t\t\t<ul id=\"menu-2-527829c\" class=\"elementor-nav-menu\"><li class=\"menu-item menu-item-type-custom menu-item-object-custom menu-item-has-children menu-item-396480\"><a href=\"https:\/\/www.redgrasscreative.com\/miniature-painting\/\" class=\"elementor-item\" tabindex=\"-1\">Miniature Painting<\/a>\n<ul class=\"sub-menu elementor-nav-menu--dropdown\">\n\t<li class=\"menu-item menu-item-type-post_type menu-item-object-page menu-item-396481\"><a href=\"https:\/\/www.redgrasscreative.com\/fr\/angel-giraldez\/\" class=\"elementor-sub-item\" tabindex=\"-1\">Angel Giraldez<div class=\"icon-wrapper\"> <\/div><\/a><\/li>\n\t<li class=\"menu-item menu-item-type-post_type menu-item-object-page menu-item-396482\"><a href=\"https:\/\/www.redgrasscreative.com\/fr\/conseils-pour-debutant\/\" class=\"elementor-sub-item\" tabindex=\"-1\">conseils pour d\u00e9butants en peinture de miniatures<div class=\"icon-wrapper\"> <\/div><\/a><\/li>\n<\/ul>\n<\/li>\n<li class=\"menu-item menu-item-type-post_type menu-item-object-page menu-item-396479\"><a href=\"https:\/\/www.redgrasscreative.com\/fr\/light-learning-center\/\" class=\"elementor-item\" tabindex=\"-1\">Light Learning Center\u200b<div class=\"icon-wrapper\"> <\/div><\/a><\/li>\n<li class=\"menu-item menu-item-type-post_type menu-item-object-page menu-item-327815\"><a href=\"https:\/\/www.redgrasscreative.com\/fr\/bibliotheque-de-livres-de-peinture-sur-miniatures-gratuits-de-redgrassgames\/\" class=\"elementor-item\" tabindex=\"-1\">Livres Gratuits<\/a><\/li>\n<\/ul>\t\t\t<\/nav>\n\t\t\t\t\t\t<\/div>\n\t\t\t\t<\/div>\n\t\t\t\t<div class=\"elementor-element elementor-element-a5dfc95 elementor-widget-divider--view-line elementor-widget elementor-widget-divider\" data-id=\"a5dfc95\" data-element_type=\"widget\" data-e-type=\"widget\" data-widget_type=\"divider.default\">\n\t\t\t\t<div class=\"elementor-widget-container\">\n\t\t\t\t\t\t\t<div class=\"elementor-divider\">\n\t\t\t<span class=\"elementor-divider-separator\">\n\t\t\t\t\t\t<\/span>\n\t\t<\/div>\n\t\t\t\t\t\t<\/div>\n\t\t\t\t<\/div>\n\t\t\t\t\t<\/div>\n\t\t<\/div>\n\t\t\t\t\t<\/div>\n\t\t<\/section>\n\t\t\t\t<section class=\"elementor-section elementor-top-section elementor-element elementor-element-469e985 elementor-section-boxed elementor-section-height-default elementor-section-height-default\" data-id=\"469e985\" data-element_type=\"section\" data-e-type=\"section\">\n\t\t\t\t\t\t<div class=\"elementor-container elementor-column-gap-default\">\n\t\t\t\t\t<div class=\"elementor-column elementor-col-100 elementor-top-column elementor-element elementor-element-f10716c\" data-id=\"f10716c\" data-element_type=\"column\" data-e-type=\"column\">\n\t\t\t<div class=\"elementor-widget-wrap elementor-element-populated\">\n\t\t\t\t\t\t\t<\/div>\n\t\t<\/div>\n\t\t\t\t\t<\/div>\n\t\t<\/section>\n\t\t\t\t<\/div>\n\t\t","protected":false},"excerpt":{"rendered":"<p>CONSEILS POUR D\u00c9BUTANTS Bienvenue dans notre collection de Conseils pour d\u00e9butants en peinture de miniatures, parfaite pour les nouveaux venus d\u00e9sireux de peindre leurs premi\u00e8res miniatures et les peintres occasionnels souhaitant am\u00e9liorer leurs comp\u00e9tences. Ces articles de blog couvrent des conseils essentiels, allant du choix des bons outils \u00e0 la ma\u00eetrise des techniques de base [&hellip;]<\/p>\n","protected":false},"author":2,"featured_media":0,"parent":0,"menu_order":0,"comment_status":"closed","ping_status":"closed","template":"","meta":{"_acf_changed":false,"footnotes":""},"class_list":["post-326285","page","type-page","status-publish","hentry"],"acf":[],"_links":{"self":[{"href":"https:\/\/www.redgrasscreative.com\/fr\/wp-json\/wp\/v2\/pages\/326285","targetHints":{"allow":["GET"]}}],"collection":[{"href":"https:\/\/www.redgrasscreative.com\/fr\/wp-json\/wp\/v2\/pages"}],"about":[{"href":"https:\/\/www.redgrasscreative.com\/fr\/wp-json\/wp\/v2\/types\/page"}],"author":[{"embeddable":true,"href":"https:\/\/www.redgrasscreative.com\/fr\/wp-json\/wp\/v2\/users\/2"}],"replies":[{"embeddable":true,"href":"https:\/\/www.redgrasscreative.com\/fr\/wp-json\/wp\/v2\/comments?post=326285"}],"version-history":[{"count":2,"href":"https:\/\/www.redgrasscreative.com\/fr\/wp-json\/wp\/v2\/pages\/326285\/revisions"}],"predecessor-version":[{"id":395011,"href":"https:\/\/www.redgrasscreative.com\/fr\/wp-json\/wp\/v2\/pages\/326285\/revisions\/395011"}],"wp:attachment":[{"href":"https:\/\/www.redgrasscreative.com\/fr\/wp-json\/wp\/v2\/media?parent=326285"}],"curies":[{"name":"wp","href":"https:\/\/api.w.org\/{rel}","templated":true}]}}