{"id":394899,"date":"2024-10-27T11:55:19","date_gmt":"2024-10-27T10:55:19","guid":{"rendered":"https:\/\/www.redgrasscreative.com\/lamp-warranty\/"},"modified":"2024-10-27T11:57:58","modified_gmt":"2024-10-27T10:57:58","slug":"lamp-warranty","status":"publish","type":"page","link":"https:\/\/www.redgrasscreative.com\/fr\/lamp-warranty\/","title":{"rendered":"Lamp-Warranty"},"content":{"rendered":"\t\t<div data-elementor-type=\"wp-page\" data-elementor-id=\"394899\" class=\"elementor elementor-394899 elementor-350357\" data-elementor-post-type=\"page\">\n\t\t\t\t\t\t<section class=\"elementor-section elementor-top-section elementor-element elementor-element-ac52a28 elementor-section-boxed elementor-section-height-default elementor-section-height-default\" data-id=\"ac52a28\" data-element_type=\"section\" data-e-type=\"section\">\n\t\t\t\t\t\t<div class=\"elementor-container elementor-column-gap-default\">\n\t\t\t\t\t<div class=\"elementor-column elementor-col-100 elementor-top-column elementor-element elementor-element-c0b5c96\" data-id=\"c0b5c96\" data-element_type=\"column\" data-e-type=\"column\">\n\t\t\t<div class=\"elementor-widget-wrap elementor-element-populated\">\n\t\t\t\t\t\t<div class=\"elementor-element elementor-element-d3ceee3 elementor-widget elementor-widget-text-editor\" data-id=\"d3ceee3\" data-element_type=\"widget\" data-e-type=\"widget\" data-widget_type=\"text-editor.default\">\n\t\t\t\t<div class=\"elementor-widget-container\">\n\t\t\t\t\t\t\t\t\t<header class=\"entry-header\" style=\"box-sizing: inherit; color: #222222; font-family: -apple-system, system-ui, 'system-ui', 'Segoe UI', Helvetica, Arial, sans-serif, 'Apple Color Emoji', 'Segoe UI Emoji', 'Segoe UI Symbol'; font-size: 17px;\" aria-label=\"Content\">\n<h1 class=\"entry-title\" style=\"box-sizing: inherit;\">Garantie limit\u00e9e d\u2019un an Redgrass<\/h1>\n<\/header>\n<div class=\"entry-content\" style=\"box-sizing: inherit; counter-reset: footnotes 0; margin-top: 2em; color: #222222; font-family: -apple-system, system-ui, 'system-ui', 'Segoe UI', Helvetica, Arial, sans-serif, 'Apple Color Emoji', 'Segoe UI Emoji', 'Segoe UI Symbol'; font-size: 17px;\">\n<p style=\"box-sizing: inherit;\">Une traduction anglaise de la Garantie limit\u00e9e d\u2019un an Redgrass est fournie \u00e0 titre de commodit\u00e9 et n\u2019a pas de valeur l\u00e9gale \u00e0 la fin de ce document. Veuillez vous r\u00e9f\u00e9rer aux termes et conditions de la garantie en fran\u00e7ais \u201cGarantie limit\u00e9e d\u2019un an Redgrass\u201d pour la version juridiquement contraignante des termes et conditions : <\/p>\n<p style=\"box-sizing: inherit;\"><span style=\"box-sizing: inherit; font-weight: bold;\">Garantie limit\u00e9e d\u2019un an Redgrass.<\/span><\/p>\n<p style=\"box-sizing: inherit;\"><em style=\"box-sizing: inherit;\">Lampe de Bureau Redgrass R9 \u2013 Kickstarter<\/em><\/p>\n<p style=\"box-sizing: inherit;\"><em style=\"box-sizing: inherit;\">Ce document d\u00e9crit la garantie limit\u00e9e d\u2019un (1) an offerte par Redgrass SA \u2013 \u201cRedgrass\u201d pour la Lampe de Bureau Redgrass R9 dans le cadre de la campagne Kickstarter.<\/em><\/p>\n<p style=\"box-sizing: inherit;\"><em style=\"box-sizing: inherit;\"><span style=\"box-sizing: inherit; font-weight: bold;\">Comment cette garantie se rapporte-t-elle aux lois sur la protection des consommateurs ?<\/span><\/em><\/p>\n<p style=\"box-sizing: inherit;\"><em style=\"box-sizing: inherit;\">Veuillez noter que cette garantie limit\u00e9e s\u2019ajoute \u00e0 toute loi sur la protection des consommateurs qui pourrait \u00eatre applicable \u00e0 votre situation. Elle n\u2019affecte en rien les droits l\u00e9gaux que vous avez \u00e0 l\u2019encontre de Redgrass ou de toute autre personne. Ces droits peuvent varier selon les pays et restent inchang\u00e9s par cette garantie.  <\/em><\/p>\n<p style=\"box-sizing: inherit;\"><em style=\"box-sizing: inherit;\"><span style=\"box-sizing: inherit; font-weight: bold;\">Que couvre la garantie ?<\/span><\/em><\/p>\n<p style=\"box-sizing: inherit;\"><em style=\"box-sizing: inherit;\">Redgrass garantit que la Lampe de Bureau R9 que vous achetez pendant la campagne Kickstarter ou les late pledges sera exempte de tout d\u00e9faut de mat\u00e9riau ou de fabrication lors d\u2019une utilisation normale par un consommateur pendant la p\u00e9riode de garantie, \u00e0 condition que vous suiviez les termes et conditions \u00e9nonc\u00e9s ci-dessous. La p\u00e9riode de garantie dure un (1) an \u00e0 compter de la date d\u2019achat par l\u2019acheteur final. Elle doit \u00eatre accompagn\u00e9e de la preuve d\u2019achat originale. Les unit\u00e9s sont identifi\u00e9es par leur num\u00e9ro de s\u00e9rie de la s\u00e9rie KS. Si des probl\u00e8mes surviennent avec la Lampe de Bureau R9 pendant cette p\u00e9riode de garantie, Redgrass d\u00e9cidera s\u2019il convient de r\u00e9parer ou de remplacer le produit. Toutes les pi\u00e8ces \u00e9chang\u00e9es et les produits Redgrass remplac\u00e9s dans le cadre de cette garantie deviendront la propri\u00e9t\u00e9 de Redgrass.     <\/em><\/p>\n<p style=\"box-sizing: inherit;\"><em style=\"box-sizing: inherit;\"><span style=\"box-sizing: inherit; font-weight: bold;\">Qu\u2019est ce qui n\u2019est pas couvert par la garantie ?<\/span><\/em><\/p>\n<p style=\"box-sizing: inherit;\"><em style=\"box-sizing: inherit;\">Cette garantie ne s\u2019applique pas :<\/em><\/p>\n<ul>\n<li style=\"box-sizing: inherit;\"><em style=\"box-sizing: inherit;\">aux dommages esth\u00e9tiques, y compris mais sans s\u2019y limiter aux rayures, bosses et plastique cass\u00e9, sauf si la d\u00e9faillance est due \u00e0 un d\u00e9faut de mat\u00e9riau ou de fabrication ;<\/em><\/li>\n<li style=\"box-sizing: inherit;\"><em style=\"box-sizing: inherit;\">aux dommages caus\u00e9s par un accident, un abus, une mauvaise utilisation, un incendie, un s\u00e9isme ou toute autre cause externe ;<\/em><\/li>\n<li style=\"box-sizing: inherit;\"><em style=\"box-sizing: inherit;\">aux pi\u00e8ces consommables, telles que les rev\u00eatements protecteurs con\u00e7us pour diminuer avec le temps, sauf si la d\u00e9faillance est due \u00e0 un d\u00e9faut de mat\u00e9riau ou de fabrication ;<\/em><\/li>\n<li style=\"box-sizing: inherit;\"><em style=\"box-sizing: inherit;\">aux dommages caus\u00e9s par l\u2019utilisation avec un composant tiers ;<\/em><\/li>\n<li style=\"box-sizing: inherit;\"><em style=\"box-sizing: inherit;\">aux dommages caus\u00e9s par une utilisation du Produit Redgrass R9 en dehors des directives publi\u00e9es par Redgrass ;<\/em><\/li>\n<li style=\"box-sizing: inherit;\"><em style=\"box-sizing: inherit;\">aux dommages caus\u00e9s si des personnes non autoris\u00e9es effectuent des modifications et\/ou des r\u00e9parations ;<\/em><\/li>\n<li style=\"box-sizing: inherit;\"><em style=\"box-sizing: inherit;\">\u00e0 un Produit Redgrass qui a \u00e9t\u00e9 modifi\u00e9 pour alt\u00e9rer sa fonctionnalit\u00e9 ou ses capacit\u00e9s sans l\u2019autorisation \u00e9crite de Redgrass ;<\/em><\/li>\n<li style=\"box-sizing: inherit;\"><em style=\"box-sizing: inherit;\">aux dommages caus\u00e9s par l\u2019usure normale ou autrement dus au vieillissement normal du Produit Redgrass ;<\/em><\/li>\n<li style=\"box-sizing: inherit;\"><em style=\"box-sizing: inherit;\">si tout num\u00e9ro de s\u00e9rie a \u00e9t\u00e9 retir\u00e9 ou alt\u00e9r\u00e9 sur le Produit Redgrass ;<\/em><\/li>\n<\/ul>\n<p style=\"box-sizing: inherit;\"><em style=\"box-sizing: inherit;\"><span style=\"box-sizing: inherit; font-weight: bold;\">Comment une prise en charge dans le cadre de la garantie ?<\/span><\/em><\/p>\n<p style=\"box-sizing: inherit;\"><em style=\"box-sizing: inherit;\">Veuillez consulter nos pages FAQ et support sur <a style=\"box-sizing: inherit; text-decoration-line: underline; color: var(--accent);\" href=\"http:\/\/www.redgrasscreative.com\/\">www.redgrasscreative.com<\/a> avant de faire une demande de prise en charge en garantie. Si votre probl\u00e8me n\u2019est pas r\u00e9solu, veuillez utiliser les formulaires de contact disponibles dans notre section FAQ et support pour contacter Redgrass afin d\u2019obtenir de l\u2019aide. <\/em><\/p>\n<p style=\"box-sizing: inherit;\"><em style=\"box-sizing: inherit;\"><span style=\"box-sizing: inherit; font-weight: bold;\">Options de service de garantie :<\/span><\/em><\/p>\n<p style=\"box-sizing: inherit;\"><em style=\"box-sizing: inherit;\">Si la demande de service de garantie est valide, Redgrass fournira le service de garantie selon l\u2019une des options suivantes :<\/em><\/p>\n<p style=\"box-sizing: inherit;\"><em style=\"box-sizing: inherit;\">Service Do-it-yourself<span style=\"box-sizing: inherit; font-weight: bold;\">:<\/span> si Redgrass choisit d\u2019offrir le service par le biais de son option \u201cService Do-it-yourself\u201d, Redgrass vous fournira un produit de remplacement ou des pi\u00e8ces ou accessoires facilement rempla\u00e7ables du produit, ce qui peut \u00eatre fait sans utiliser d\u2019outils. Redgrass n\u2019est pas responsable des co\u00fbts de main-d\u2019\u0153uvre que vous pourriez encourir li\u00e9s \u00e0 l\u2019option \u201cDo-it-yourself\u201d. <\/em><\/p>\n<p style=\"box-sizing: inherit;\"><em style=\"box-sizing: inherit;\">Service de retour et de r\u00e9paration\/remplacement : Si Redgrass choisit d\u2019offrir le service par le biais de son option de retour et de r\u00e9paration\/remplacement, vous devrez exp\u00e9dier votre produit Redgrass \u00e0 l\u2019emplacement de service d\u00e9sign\u00e9. Pour le Royaume-Uni, les \u00c9tats-Unis d\u2019Am\u00e9rique et l\u2019Union europ\u00e9enne, vous recevrez des \u00e9tiquettes d\u2019exp\u00e9dition pr\u00e9pay\u00e9es et des instructions sur la mani\u00e8re de bien emballer et d\u2019adresser correctement votre produit Redgrass. Pour le reste du monde, vous devrez retourner la lampe \u00e0 l\u2019emplacement de service d\u00e9sign\u00e9 avec suivi et assurance. Une fois le service termin\u00e9, Redgrass renverra le Produit Redgrass \u00e0 votre adresse en prenant en charge tous les frais d\u2019exp\u00e9dition impliqu\u00e9s.   <\/em><\/p>\n<p style=\"box-sizing: inherit;\"><em style=\"box-sizing: inherit;\"><span style=\"box-sizing: inherit; font-weight: bold;\">Limitation de la garantie :<\/span><\/em><\/p>\n<p style=\"box-sizing: inherit;\"><em style=\"box-sizing: inherit;\">A l\u2019exception des droits qui vous sont accord\u00e9s en vertu des lois sur la consommation, comme mentionn\u00e9 au d\u00e9but de ce document, cette garantie limit\u00e9e d\u2019un an de Redgrass ne couvre que les garanties, conditions et termes sp\u00e9cifiquement \u00e9nonc\u00e9s ici.<\/em><\/p>\n<p style=\"box-sizing: inherit;\"><em style=\"box-sizing: inherit;\">Redgrass ne fournit aucune promesse, condition ou garantie suppl\u00e9mentaire concernant le service. Redgrass ne saurait \u00eatre tenu responsable de tout dommage qui n\u2019est pas directement caus\u00e9 par Redgrass. Pour les entrepreneurs, Redgrass ne sera pas responsable de toute perte de profits ou d\u2019avantages.  <\/em><\/p>\n<p style=\"box-sizing: inherit;\"><em style=\"box-sizing: inherit;\">Si un terme est jug\u00e9 ill\u00e9gal ou inapplicable en vertu de la loi, il sera exclu de la garantie, mais la l\u00e9galit\u00e9 ou l\u2019applicabilit\u00e9 des termes restants restera inchang\u00e9e.<\/em><\/p>\n<p style=\"box-sizing: inherit;\"><span style=\"box-sizing: inherit; font-weight: bold;\">Traduction anglaise \u2013 non contraignante<\/span><\/p>\n<p style=\"box-sizing: inherit;\">Garantie limit\u00e9e d&rsquo;un an de Redgrass \u2013 Pour Redgrass R9 Desk Lamp \u2013 Kickstarter<\/p>\n<p style=\"box-sizing: inherit;\"><em style=\"box-sizing: inherit;\">Ce document d\u00e9crit la garantie limit\u00e9e d&rsquo;un (1) an fournie par Redgrass SA \u2013 \u00ab Redgrass \u00bb pour la Redgrass R9 Desk Lamp.<\/em><\/p>\n<p style=\"box-sizing: inherit;\"><em style=\"box-sizing: inherit;\"><span style=\"box-sizing: inherit; font-weight: bold;\">Comment cela se rapporte-t-il aux lois sur la protection des consommateurs?<\/span><\/em><\/p>\n<p style=\"box-sizing: inherit;\"><em style=\"box-sizing: inherit;\">Veuillez noter que cette garantie limit\u00e9e s&rsquo;ajoute \u00e0 toute loi sur la protection des consommateurs qui pourrait vous \u00eatre applicable. Elle n&rsquo;affecte aucun droit l\u00e9gal que vous avez contre Redgrass ou toute autre personne. Ces droits peuvent varier selon le pays et ne sont pas affect\u00e9s par cette garantie.  <\/em><\/p>\n<p style=\"box-sizing: inherit;\"><span style=\"box-sizing: inherit; font-weight: bold;\"><em style=\"box-sizing: inherit;\">Que couvre la garantie?<\/em><\/span><\/p>\n<p style=\"box-sizing: inherit;\"><em style=\"box-sizing: inherit;\">Redgrass garantit que la R9 Desk Lamp que vous achetez pendant la campagne Kickstarter ou les engagements tardifs sera exempte de tout d\u00e9faut de mat\u00e9riaux ou de fabrication en utilisation normale par le consommateur pendant la p\u00e9riode de garantie, tant que vous respectez les termes et conditions d\u00e9crits ci-dessous. La p\u00e9riode de garantie dure un (1) an \u00e0 partir de la date d&rsquo;achat par l&rsquo;acheteur final. Elle doit \u00eatre accompagn\u00e9e de la preuve d&rsquo;achat originale. Les unit\u00e9s sont identifi\u00e9es par leur identifiant de s\u00e9rie KS. Si des probl\u00e8mes surviennent avec la R9 Desk Lamp pendant cette p\u00e9riode de garantie, Redgrass d\u00e9cidera de r\u00e9parer ou de remplacer le produit, selon ce qui est jug\u00e9 appropri\u00e9. Toutes les pi\u00e8ces \u00e9chang\u00e9es et les produits Redgrass remplac\u00e9s sous cette garantie deviendront la propri\u00e9t\u00e9 de Redgrass.     <\/em><\/p>\n<p style=\"box-sizing: inherit;\"><span style=\"box-sizing: inherit; font-weight: bold;\"><em style=\"box-sizing: inherit;\">Que ne couvre pas la garantie?<\/em><\/span><\/p>\n<p style=\"box-sizing: inherit;\">Cette garantie ne s&rsquo;applique pas:<\/p>\n<ul>\n<li style=\"box-sizing: inherit;\"><em style=\"box-sizing: inherit;\">aux dommages esth\u00e9tiques, y compris mais sans s&rsquo;y limiter aux rayures, bosses et plastiques cass\u00e9s, sauf si la d\u00e9faillance est due \u00e0 un d\u00e9faut de mat\u00e9riaux ou de fabrication;<\/em><\/li>\n<li style=\"box-sizing: inherit;\"><em style=\"box-sizing: inherit;\">aux dommages caus\u00e9s par un accident, un abus, une mauvaise utilisation, un incendie, un tremblement de terre ou toute autre cause externe;<\/em><\/li>\n<li style=\"box-sizing: inherit;\"><em style=\"box-sizing: inherit;\">aux pi\u00e8ces consommables, telles que les rev\u00eatements de protection con\u00e7us pour diminuer avec le temps, sauf si la d\u00e9faillance est due \u00e0 un d\u00e9faut de mat\u00e9riaux ou de fabrication;<\/em><\/li>\n<li style=\"box-sizing: inherit;\"><em style=\"box-sizing: inherit;\">aux dommages caus\u00e9s par l&rsquo;utilisation avec un composant tiers;<\/em><\/li>\n<li style=\"box-sizing: inherit;\"><em style=\"box-sizing: inherit;\">aux dommages caus\u00e9s par l&rsquo;utilisation du produit Redgrass R9 en dehors des directives publi\u00e9es par Redgrass;<\/em><\/li>\n<li style=\"box-sizing: inherit;\"><em style=\"box-sizing: inherit;\">aux dommages caus\u00e9s si des personnes non autoris\u00e9es effectuent des modifications et\/ou des r\u00e9parations;<\/em><\/li>\n<li style=\"box-sizing: inherit;\"><em style=\"box-sizing: inherit;\">\u00e0 un produit Redgrass qui a \u00e9t\u00e9 modifi\u00e9 pour alt\u00e9rer sa fonctionnalit\u00e9 ou sa capacit\u00e9 sans l&rsquo;autorisation \u00e9crite de Redgrass;<\/em><\/li>\n<li style=\"box-sizing: inherit;\"><em style=\"box-sizing: inherit;\">aux dommages caus\u00e9s par l&rsquo;usure normale ou autrement dus au vieillissement normal du produit Redgrass;<\/em><\/li>\n<li style=\"box-sizing: inherit;\"><em style=\"box-sizing: inherit;\">si un num\u00e9ro de s\u00e9rie a \u00e9t\u00e9 retir\u00e9 ou effac\u00e9 du produit Redgrass;<\/em><\/li>\n<\/ul>\n<p style=\"box-sizing: inherit;\"><span style=\"box-sizing: inherit; font-weight: bold;\"><em style=\"box-sizing: inherit;\">Comment obtenir un service de garantie?<\/em><\/span><\/p>\n<p style=\"box-sizing: inherit;\"><em style=\"box-sizing: inherit;\">Veuillez acc\u00e9der et consulter nos pages FAQ et support sur <a style=\"box-sizing: inherit; text-decoration-line: underline; color: var(--accent);\" href=\"http:\/\/www.redgrasscreative.com\/\">www.redgrasscreative.com<\/a> avant de demander un service de garantie.<\/em><\/p>\n<p style=\"box-sizing: inherit;\"><em style=\"box-sizing: inherit;\">Si votre probl\u00e8me n&rsquo;est pas r\u00e9solu, veuillez utiliser les formulaires de contact disponibles dans notre section FAQ et support pour contacter Redgrass pour obtenir de l&rsquo;aide.<\/em><\/p>\n<p style=\"box-sizing: inherit;\"><span style=\"box-sizing: inherit; font-weight: bold;\"><em style=\"box-sizing: inherit;\">Options de service de garantie:<\/em><\/span><\/p>\n<p style=\"box-sizing: inherit;\"><em style=\"box-sizing: inherit;\">Si la demande de service de garantie est valide, Redgrass fournira le service de garantie par l&rsquo;une des options suivantes:<\/em><\/p>\n<p style=\"box-sizing: inherit;\"><em style=\"box-sizing: inherit;\"> <span style=\"box-sizing: inherit; font-weight: bold;\"> Service de bricolage: <\/span> si Redgrass choisit d&rsquo;offrir le service par son option de service de bricolage, Redgrass vous fournira un produit de remplacement ou des pi\u00e8ces ou accessoires facilement rempla\u00e7ables du produit, ce qui peut \u00eatre fait sans utiliser d&rsquo;outils. Redgrass n&rsquo;est pas responsable des co\u00fbts de main-d&rsquo;\u0153uvre que vous pourriez encourir en relation avec l&rsquo;option de service de bricolage.  <\/em><\/p>\n<p style=\"box-sizing: inherit;\"><em style=\"box-sizing: inherit;\"><span style=\"box-sizing: inherit; font-weight: bold;\">Service de retour et de r\u00e9paration\/remplacement:<\/span> Si Redgrass choisit d&rsquo;offrir le service par son option de retour et de r\u00e9paration\/remplacement, vous devrez exp\u00e9dier votre produit Redgrass \u00e0 l&#8217;emplacement de service d\u00e9sign\u00e9. Pour le Royaume-Uni, les \u00c9tats-Unis d&rsquo;Am\u00e9rique et l&rsquo;Union europ\u00e9enne, vous recevrez des bordereaux d&rsquo;exp\u00e9dition pr\u00e9pay\u00e9s et des instructions sur la fa\u00e7on d&#8217;emballer et d&rsquo;adresser correctement votre produit Redgrass. Pour le reste du monde, vous devrez retourner la lampe \u00e0 l&#8217;emplacement de service d\u00e9sign\u00e9 avec suivi et assurance. Une fois le service termin\u00e9, Redgrass renverra le produit Redgrass \u00e0 votre adresse en prenant en charge tous les frais d&rsquo;exp\u00e9dition impliqu\u00e9s.   <\/em><\/p>\n<p style=\"box-sizing: inherit;\"><span style=\"box-sizing: inherit; font-weight: bold;\"><em style=\"box-sizing: inherit;\">Limitation de la garantie:<\/em><\/span><\/p>\n<p style=\"box-sizing: inherit;\"><em style=\"box-sizing: inherit;\">Sauf pour les droits qui vous sont accord\u00e9s en vertu des lois sur la protection des consommateurs, comme mentionn\u00e9 au d\u00e9but de ce document, cette garantie limit\u00e9e d&rsquo;un an de Redgrass ne couvre que les garanties, conditions et termes sp\u00e9cifiquement \u00e9nonc\u00e9s ici. Redgrass ne fournit aucune promesse, condition ou garantie suppl\u00e9mentaire concernant le service. <\/em><\/p>\n<p style=\"box-sizing: inherit;\"><em style=\"box-sizing: inherit;\">Redgrass ne sera pas tenu responsable de tout dommage qui n&rsquo;est pas directement caus\u00e9 par Redgrass. Pour les entrepreneurs, Redgrass ne sera pas responsable de toute perte de profits ou de b\u00e9n\u00e9fices. <\/em><\/p>\n<p style=\"box-sizing: inherit;\"><em style=\"box-sizing: inherit;\">Si un terme est jug\u00e9 ill\u00e9gal ou inapplicable en vertu de la loi, il sera exclu de la garantie, mais la l\u00e9galit\u00e9 ou l\u2019applicabilit\u00e9 des termes restants restera inchang\u00e9e.<\/em><\/p>\n<\/div>\n\t\t\t\t\t\t\t\t<\/div>\n\t\t\t\t<\/div>\n\t\t\t\t\t<\/div>\n\t\t<\/div>\n\t\t\t\t\t<\/div>\n\t\t<\/section>\n\t\t\t\t<\/div>\n\t\t","protected":false},"excerpt":{"rendered":"<p>Garantie limit\u00e9e d\u2019un an Redgrass Une traduction anglaise de la Garantie limit\u00e9e d\u2019un an Redgrass est fournie \u00e0 titre de commodit\u00e9 et n\u2019a pas de valeur l\u00e9gale \u00e0 la fin de ce document. Veuillez vous r\u00e9f\u00e9rer aux termes et conditions de la garantie en fran\u00e7ais \u201cGarantie limit\u00e9e d\u2019un an Redgrass\u201d pour la version juridiquement contraignante [&hellip;]<\/p>\n","protected":false},"author":2,"featured_media":0,"parent":0,"menu_order":0,"comment_status":"closed","ping_status":"closed","template":"","meta":{"_acf_changed":false,"footnotes":""},"class_list":["post-394899","page","type-page","status-publish","hentry"],"acf":[],"_links":{"self":[{"href":"https:\/\/www.redgrasscreative.com\/fr\/wp-json\/wp\/v2\/pages\/394899","targetHints":{"allow":["GET"]}}],"collection":[{"href":"https:\/\/www.redgrasscreative.com\/fr\/wp-json\/wp\/v2\/pages"}],"about":[{"href":"https:\/\/www.redgrasscreative.com\/fr\/wp-json\/wp\/v2\/types\/page"}],"author":[{"embeddable":true,"href":"https:\/\/www.redgrasscreative.com\/fr\/wp-json\/wp\/v2\/users\/2"}],"replies":[{"embeddable":true,"href":"https:\/\/www.redgrasscreative.com\/fr\/wp-json\/wp\/v2\/comments?post=394899"}],"version-history":[{"count":2,"href":"https:\/\/www.redgrasscreative.com\/fr\/wp-json\/wp\/v2\/pages\/394899\/revisions"}],"predecessor-version":[{"id":395516,"href":"https:\/\/www.redgrasscreative.com\/fr\/wp-json\/wp\/v2\/pages\/394899\/revisions\/395516"}],"wp:attachment":[{"href":"https:\/\/www.redgrasscreative.com\/fr\/wp-json\/wp\/v2\/media?parent=394899"}],"curies":[{"name":"wp","href":"https:\/\/api.w.org\/{rel}","templated":true}]}}