{"id":395256,"date":"2024-10-27T11:56:39","date_gmt":"2024-10-27T10:56:39","guid":{"rendered":"https:\/\/www.redgrasscreative.com\/a-propos-de-nous\/"},"modified":"2024-10-27T11:56:42","modified_gmt":"2024-10-27T10:56:42","slug":"a-propos-de-nous","status":"publish","type":"page","link":"https:\/\/www.redgrasscreative.com\/fr\/a-propos-de-nous\/","title":{"rendered":"\u00c0 propos de nous"},"content":{"rendered":"\t\t<div data-elementor-type=\"wp-page\" data-elementor-id=\"395256\" class=\"elementor elementor-395256 elementor-292\" data-elementor-post-type=\"page\">\n\t\t\t\t\t\t<section class=\"elementor-section elementor-top-section elementor-element elementor-element-ce5a317 elementor-section-boxed elementor-section-height-default elementor-section-height-default\" data-id=\"ce5a317\" data-element_type=\"section\" data-e-type=\"section\">\n\t\t\t\t\t\t<div class=\"elementor-container elementor-column-gap-default\">\n\t\t\t\t\t<div class=\"elementor-column elementor-col-100 elementor-top-column elementor-element elementor-element-55f4e7d8\" data-id=\"55f4e7d8\" data-element_type=\"column\" data-e-type=\"column\">\n\t\t\t<div class=\"elementor-widget-wrap elementor-element-populated\">\n\t\t\t\t\t\t<div class=\"elementor-element elementor-element-4d3e85b2 elementor-widget elementor-widget-text-editor\" data-id=\"4d3e85b2\" data-element_type=\"widget\" data-e-type=\"widget\" data-widget_type=\"text-editor.default\">\n\t\t\t\t<div class=\"elementor-widget-container\">\n\t\t\t\t\t\t\t\t\t<p>Redgrass s.a est compos\u00e9 de Fabrice Massad et Vivien Massad.&nbsp; Deux fr\u00e8res qui aiment travailler ensemble et partager des milliers d&rsquo;id\u00e9es. Nous avons construit Redgrass pour refl\u00e9ter nos passions et nos valeurs : Tester de nouvelles id\u00e9es,&nbsp; l&rsquo;appr\u00e9ciation des choses bien faites et une forte affinit\u00e9 pour le design. <\/p>\n\t\t\t\t\t\t\t\t<\/div>\n\t\t\t\t<\/div>\n\t\t\t\t\t<\/div>\n\t\t<\/div>\n\t\t\t\t\t<\/div>\n\t\t<\/section>\n\t\t\t\t<\/div>\n\t\t","protected":false},"excerpt":{"rendered":"<p>Redgrass s.a est compos\u00e9 de Fabrice Massad et Vivien Massad.&nbsp; Deux fr\u00e8res qui aiment travailler ensemble et partager des milliers d&rsquo;id\u00e9es. Nous avons construit Redgrass pour refl\u00e9ter nos passions et nos valeurs : Tester de nouvelles id\u00e9es,&nbsp; l&rsquo;appr\u00e9ciation des choses bien faites et une forte affinit\u00e9 pour le design.<\/p>\n","protected":false},"author":2,"featured_media":0,"parent":0,"menu_order":0,"comment_status":"closed","ping_status":"closed","template":"","meta":{"_acf_changed":false,"footnotes":""},"class_list":["post-395256","page","type-page","status-publish","hentry"],"acf":[],"_links":{"self":[{"href":"https:\/\/www.redgrasscreative.com\/fr\/wp-json\/wp\/v2\/pages\/395256","targetHints":{"allow":["GET"]}}],"collection":[{"href":"https:\/\/www.redgrasscreative.com\/fr\/wp-json\/wp\/v2\/pages"}],"about":[{"href":"https:\/\/www.redgrasscreative.com\/fr\/wp-json\/wp\/v2\/types\/page"}],"author":[{"embeddable":true,"href":"https:\/\/www.redgrasscreative.com\/fr\/wp-json\/wp\/v2\/users\/2"}],"replies":[{"embeddable":true,"href":"https:\/\/www.redgrasscreative.com\/fr\/wp-json\/wp\/v2\/comments?post=395256"}],"version-history":[{"count":1,"href":"https:\/\/www.redgrasscreative.com\/fr\/wp-json\/wp\/v2\/pages\/395256\/revisions"}],"predecessor-version":[{"id":395259,"href":"https:\/\/www.redgrasscreative.com\/fr\/wp-json\/wp\/v2\/pages\/395256\/revisions\/395259"}],"wp:attachment":[{"href":"https:\/\/www.redgrasscreative.com\/fr\/wp-json\/wp\/v2\/media?parent=395256"}],"curies":[{"name":"wp","href":"https:\/\/api.w.org\/{rel}","templated":true}]}}