{"id":208987,"date":"2017-10-18T13:13:27","date_gmt":"2017-10-18T11:13:27","guid":{"rendered":"https:\/\/www.redgrasscreative.com\/product\/painter-bundle-pack\/"},"modified":"2025-02-28T15:40:39","modified_gmt":"2025-02-28T14:40:39","slug":"painter-bundle-pack","status":"publish","type":"product","link":"https:\/\/www.redgrasscreative.com\/fr\/produit\/painter-bundle-pack\/","title":{"rendered":"Pack Complet Painter"},"content":{"rendered":"<p><strong>Painter :<\/strong> Con\u00e7u pour les peintres de miniatures recherchant une palette humide de bonne taille, compacte et facile \u00e0 transporter. Elle est parfaite pour les petits espaces d\u00e9di\u00e9s \u00e0 la peinture. La palette humide Everlasting peut \u00eatre \u00e9tendue en utilisant le couvercle sup\u00e9rieur comme palette lat\u00e9rale.  <\/p>\n<p>&nbsp;<\/p>\n","protected":false},"excerpt":{"rendered":"<p><a href=\"https:\/\/www.redgrasscreative.com\/wp-content\/uploads\/2020\/12\/Oops.jpg\"><img decoding=\"async\" class=\"alignnone size-medium wp-image-371145\" src=\"https:\/\/www.redgrasscreative.com\/wp-content\/uploads\/2020\/12\/Oops-330x132.jpg\" alt=\"\" width=\"330\" height=\"132\" srcset=\"https:\/\/www.redgrasscreative.com\/wp-content\/uploads\/2020\/12\/Oops-330x132.jpg 330w, https:\/\/www.redgrasscreative.com\/wp-content\/uploads\/2020\/12\/Oops-150x60.jpg 150w, https:\/\/www.redgrasscreative.com\/wp-content\/uploads\/2020\/12\/Oops-360x144.jpg 360w, https:\/\/www.redgrasscreative.com\/wp-content\/uploads\/2020\/12\/Oops-60x24.jpg 60w, https:\/\/www.redgrasscreative.com\/wp-content\/uploads\/2020\/12\/Oops-110x44.jpg 110w, https:\/\/www.redgrasscreative.com\/wp-content\/uploads\/2020\/12\/Oops.jpg 500w\" sizes=\"(max-width: 330px) 100vw, 330px\" \/><\/a><\/p>\n<p class=\"woocommerce-message\"><strong>Il existe une <a style=\"color: white; text-decoration: underline;\" href=\"https:\/\/www.redgrasscreative.com\/product\/everlasting-wet-palette-painter-lite-for-miniature-painting\/\">nouvelle version<\/a> de ce produit.<\/strong><\/p>\n<p>&nbsp;<\/p>\n<p>Facile \u00e0 ranger et \u00e0 transporter. Pour un espace de travail petit \u00e0 moyen.  Dimensions : 15 cm x 20 cm (5,9&Prime; x 7,9&Prime;)<\/p>\n<p><strong>Contenu<\/strong> :<\/p>\n<ul>\n<li><strong>1<\/strong> palette humide Everlasting taille painter<\/li>\n<li><strong>2<\/strong> mousses d&rsquo;hydratation<\/li>\n<li><strong>50<\/strong> feuilles de papier d&rsquo;hydratation<\/li>\n<li><strong>1<\/strong> accessoire ondul\u00e9<\/li>\n<li><strong>1<\/strong> \u00e9lastique<\/li>\n<\/ul>\n","protected":false},"featured_media":225975,"comment_status":"closed","ping_status":"closed","template":"","meta":{"_acf_changed":false},"product_brand":[],"product_cat":[82,1235],"product_tag":[83,84],"class_list":{"0":"post-208987","1":"product","2":"type-product","3":"status-publish","4":"has-post-thumbnail","6":"product_cat-everlasting-wet-palette-fr-2","7":"product_cat-vente-au-detail","8":"product_tag-everlasting-fr","9":"product_tag-wet-palette-fr","11":"first","12":"outofstock","13":"taxable","14":"shipping-taxable","15":"purchasable","16":"product-type-simple"},"acf":[],"_links":{"self":[{"href":"https:\/\/www.redgrasscreative.com\/fr\/wp-json\/wp\/v2\/product\/208987","targetHints":{"allow":["GET"]}}],"collection":[{"href":"https:\/\/www.redgrasscreative.com\/fr\/wp-json\/wp\/v2\/product"}],"about":[{"href":"https:\/\/www.redgrasscreative.com\/fr\/wp-json\/wp\/v2\/types\/product"}],"replies":[{"embeddable":true,"href":"https:\/\/www.redgrasscreative.com\/fr\/wp-json\/wp\/v2\/comments?post=208987"}],"version-history":[{"count":2,"href":"https:\/\/www.redgrasscreative.com\/fr\/wp-json\/wp\/v2\/product\/208987\/revisions"}],"predecessor-version":[{"id":404655,"href":"https:\/\/www.redgrasscreative.com\/fr\/wp-json\/wp\/v2\/product\/208987\/revisions\/404655"}],"wp:featuredmedia":[{"embeddable":true,"href":"https:\/\/www.redgrasscreative.com\/fr\/wp-json\/wp\/v2\/media\/225975"}],"wp:attachment":[{"href":"https:\/\/www.redgrasscreative.com\/fr\/wp-json\/wp\/v2\/media?parent=208987"}],"wp:term":[{"taxonomy":"product_brand","embeddable":true,"href":"https:\/\/www.redgrasscreative.com\/fr\/wp-json\/wp\/v2\/product_brand?post=208987"},{"taxonomy":"product_cat","embeddable":true,"href":"https:\/\/www.redgrasscreative.com\/fr\/wp-json\/wp\/v2\/product_cat?post=208987"},{"taxonomy":"product_tag","embeddable":true,"href":"https:\/\/www.redgrasscreative.com\/fr\/wp-json\/wp\/v2\/product_tag?post=208987"}],"curies":[{"name":"wp","href":"https:\/\/api.w.org\/{rel}","templated":true}]}}