{"id":209006,"date":"2017-10-18T16:30:45","date_gmt":"2017-10-18T14:30:45","guid":{"rendered":"https:\/\/www.redgrasscreative.com\/product\/50-x-feuilles-de-papier-dhydratation-studio-xl\/"},"modified":"2026-03-08T18:38:49","modified_gmt":"2026-03-08T17:38:49","slug":"50-x-feuilles-de-papier-dhydratation-studio-xl","status":"publish","type":"product","link":"https:\/\/www.redgrasscreative.com\/fr\/produit\/50-x-feuilles-de-papier-dhydratation-studio-xl\/","title":{"rendered":"50 x feuilles de papier d&rsquo;hydratation pour Studio XL"},"content":{"rendered":"<p>Ce papier d\u2019hydratation est le <b>compagnon parfait<\/b> pour notre mousse. Il y adh\u00e8re et ne cr\u00e9e pas de bulles. <b>100% du papier<\/b> est en contact avec la mousse, pour une <b>hydratation parfaite<\/b>. Il ne se recourbera pas apr\u00e8s une installation facile. Il a \u00e9t\u00e9 particuli\u00e8rement s\u00e9lectionn\u00e9 pour offrir les <b>meilleures performances avec les peintures hobby<\/b> et le niveau de dilution utilis\u00e9 dans la peinture hobby.<\/p>\n","protected":false},"excerpt":{"rendered":"<p>Ce papier d\u2019hydratation est le compagnon parfait pour notre mousse. Il y adh\u00e8re et ne cr\u00e9e pas de bulles. 100% du papier est en contact avec la mousse, pour une hydratation parfaite. Il ne se recourbera pas apr\u00e8s une installation facile. Il a \u00e9t\u00e9 particuli\u00e8rement s\u00e9lectionn\u00e9 pour offrir les meilleures performances avec les peintures hobby [&hellip;]<\/p>\n","protected":false},"featured_media":209009,"comment_status":"open","ping_status":"closed","template":"","meta":{"_acf_changed":false},"product_brand":[],"product_cat":[85,742,976,1235],"product_tag":[83,84],"class_list":{"0":"post-209006","1":"product","2":"type-product","3":"status-publish","4":"has-post-thumbnail","6":"product_cat-accessoires-fr","7":"product_cat-black-friday-fr","8":"product_cat-recharges-pour-palette-humide-everlasting","9":"product_cat-vente-au-detail","10":"product_tag-everlasting-fr","11":"product_tag-wet-palette-fr","13":"first","14":"instock","15":"taxable","16":"shipping-taxable","17":"purchasable","18":"product-type-variable"},"acf":[],"_links":{"self":[{"href":"https:\/\/www.redgrasscreative.com\/fr\/wp-json\/wp\/v2\/product\/209006","targetHints":{"allow":["GET"]}}],"collection":[{"href":"https:\/\/www.redgrasscreative.com\/fr\/wp-json\/wp\/v2\/product"}],"about":[{"href":"https:\/\/www.redgrasscreative.com\/fr\/wp-json\/wp\/v2\/types\/product"}],"replies":[{"embeddable":true,"href":"https:\/\/www.redgrasscreative.com\/fr\/wp-json\/wp\/v2\/comments?post=209006"}],"version-history":[{"count":2,"href":"https:\/\/www.redgrasscreative.com\/fr\/wp-json\/wp\/v2\/product\/209006\/revisions"}],"predecessor-version":[{"id":399238,"href":"https:\/\/www.redgrasscreative.com\/fr\/wp-json\/wp\/v2\/product\/209006\/revisions\/399238"}],"wp:featuredmedia":[{"embeddable":true,"href":"https:\/\/www.redgrasscreative.com\/fr\/wp-json\/wp\/v2\/media\/209009"}],"wp:attachment":[{"href":"https:\/\/www.redgrasscreative.com\/fr\/wp-json\/wp\/v2\/media?parent=209006"}],"wp:term":[{"taxonomy":"product_brand","embeddable":true,"href":"https:\/\/www.redgrasscreative.com\/fr\/wp-json\/wp\/v2\/product_brand?post=209006"},{"taxonomy":"product_cat","embeddable":true,"href":"https:\/\/www.redgrasscreative.com\/fr\/wp-json\/wp\/v2\/product_cat?post=209006"},{"taxonomy":"product_tag","embeddable":true,"href":"https:\/\/www.redgrasscreative.com\/fr\/wp-json\/wp\/v2\/product_tag?post=209006"}],"curies":[{"name":"wp","href":"https:\/\/api.w.org\/{rel}","templated":true}]}}