{"id":209012,"date":"2017-10-18T16:29:25","date_gmt":"2017-10-18T14:29:25","guid":{"rendered":"https:\/\/www.redgrasscreative.com\/product\/50-x-feuilles-de-papier-dhydratation-painter\/"},"modified":"2026-04-12T20:21:52","modified_gmt":"2026-04-12T18:21:52","slug":"50-x-feuilles-de-papier-dhydratation-painter","status":"publish","type":"product","link":"https:\/\/www.redgrasscreative.com\/fr\/produit\/50-x-feuilles-de-papier-dhydratation-painter\/","title":{"rendered":"50 feuilles de papier d&rsquo;hydratation pour Painter v1 et Lite"},"content":{"rendered":"<p>Ce papier d&rsquo;hydratation pour <a href=\"https:\/\/www.redgrasscreative.com\/everlasting-wet-palette\/everlasting-wet-palette-painter\/\">palette humide<\/a> est <b>parfaitement adapt\u00e9<\/b> \u00e0 <a href=\"https:\/\/www.redgrasscreative.com\/product\/extra-foam-for-painter\/\">notre mousse<\/a>. Il y adh\u00e8re sans former de bulles. <b>100% du papier<\/b> est en contact avec la mousse, assurant une <b>hydratation optimale<\/b>. Il ne se gondolera pas apr\u00e8s une installation ais\u00e9e. Il a \u00e9t\u00e9 sp\u00e9cialement s\u00e9lectionn\u00e9 pour offrir <b>les meilleures performances avec les peintures hobby<\/b> et le niveau de dilution utilis\u00e9 dans la peinture hobby.   <\/p>\n","protected":false},"excerpt":{"rendered":"<p><strong>Livraison gratuite<\/strong> pour la France, l\u2019UE de l\u2019ouest, le Canada et les USA (commande de plus de 35\u20ac).<\/p>\n","protected":false},"featured_media":209015,"comment_status":"open","ping_status":"closed","template":"","meta":{"_acf_changed":false},"product_brand":[],"product_cat":[85,742,976,1235],"product_tag":[86,83,84],"class_list":{"0":"post-209012","1":"product","2":"type-product","3":"status-publish","4":"has-post-thumbnail","6":"product_cat-accessoires-fr","7":"product_cat-black-friday-fr","8":"product_cat-recharges-pour-palette-humide-everlasting","9":"product_cat-vente-au-detail","10":"product_tag-accessories-fr","11":"product_tag-everlasting-fr","12":"product_tag-wet-palette-fr","14":"first","15":"instock","16":"taxable","17":"shipping-taxable","18":"purchasable","19":"product-type-variable"},"acf":[],"_links":{"self":[{"href":"https:\/\/www.redgrasscreative.com\/fr\/wp-json\/wp\/v2\/product\/209012","targetHints":{"allow":["GET"]}}],"collection":[{"href":"https:\/\/www.redgrasscreative.com\/fr\/wp-json\/wp\/v2\/product"}],"about":[{"href":"https:\/\/www.redgrasscreative.com\/fr\/wp-json\/wp\/v2\/types\/product"}],"replies":[{"embeddable":true,"href":"https:\/\/www.redgrasscreative.com\/fr\/wp-json\/wp\/v2\/comments?post=209012"}],"version-history":[{"count":3,"href":"https:\/\/www.redgrasscreative.com\/fr\/wp-json\/wp\/v2\/product\/209012\/revisions"}],"predecessor-version":[{"id":404656,"href":"https:\/\/www.redgrasscreative.com\/fr\/wp-json\/wp\/v2\/product\/209012\/revisions\/404656"}],"wp:featuredmedia":[{"embeddable":true,"href":"https:\/\/www.redgrasscreative.com\/fr\/wp-json\/wp\/v2\/media\/209015"}],"wp:attachment":[{"href":"https:\/\/www.redgrasscreative.com\/fr\/wp-json\/wp\/v2\/media?parent=209012"}],"wp:term":[{"taxonomy":"product_brand","embeddable":true,"href":"https:\/\/www.redgrasscreative.com\/fr\/wp-json\/wp\/v2\/product_brand?post=209012"},{"taxonomy":"product_cat","embeddable":true,"href":"https:\/\/www.redgrasscreative.com\/fr\/wp-json\/wp\/v2\/product_cat?post=209012"},{"taxonomy":"product_tag","embeddable":true,"href":"https:\/\/www.redgrasscreative.com\/fr\/wp-json\/wp\/v2\/product_tag?post=209012"}],"curies":[{"name":"wp","href":"https:\/\/api.w.org\/{rel}","templated":true}]}}