{"id":209017,"date":"2017-10-18T16:15:32","date_gmt":"2017-10-18T14:15:32","guid":{"rendered":"https:\/\/www.redgrasscreative.com\/product\/2-x-mousses-studio-xl\/"},"modified":"2020-06-26T10:30:20","modified_gmt":"2020-06-26T08:30:20","slug":"2-x-mousses-studio-xl","status":"publish","type":"product","link":"https:\/\/www.redgrasscreative.com\/fr\/produit\/2-x-mousses-studio-xl\/","title":{"rendered":"2 x mousses pour Studio XL"},"content":{"rendered":"<ul>\n<li>Notre mousse sp\u00e9ciale est <strong>naturellement r\u00e9sistante aux moisissures<\/strong>. Aucun produit chimique anti-moisissure n&rsquo;a \u00e9t\u00e9 ajout\u00e9 \u00e0 la mousse, et l&rsquo;effet ne s&rsquo;usera pas dans le temps. Pas de mauvaises odeurs apr\u00e8s quelques jours, m\u00eame si la palette n&rsquo;est pas conserv\u00e9e au r\u00e9frig\u00e9rateur. Ayant une longue dur\u00e9e de vie, vous avez juste besoin de la rincer de temps en temps avec de l&rsquo;eau.<\/li>\n<\/ul>\n","protected":false},"excerpt":{"rendered":"<p>Notre mousse sp\u00e9ciale est naturellement r\u00e9sistante aux moisissures. Aucun produit chimique anti-moisissure n&rsquo;a \u00e9t\u00e9 ajout\u00e9 \u00e0 la mousse, et l&rsquo;effet ne s&rsquo;usera pas dans le temps. Pas de mauvaises odeurs apr\u00e8s quelques jours, m\u00eame si la palette n&rsquo;est pas conserv\u00e9e au r\u00e9frig\u00e9rateur. Ayant une longue dur\u00e9e de vie, vous avez juste besoin de la rincer [&hellip;]<\/p>\n","protected":false},"featured_media":0,"comment_status":"closed","ping_status":"closed","template":"","meta":{"_acf_changed":false},"product_brand":[],"product_cat":[85],"product_tag":[86,83,84],"class_list":{"0":"post-209017","1":"product","2":"type-product","3":"status-publish","5":"product_cat-accessoires-fr","6":"product_tag-accessories-fr","7":"product_tag-everlasting-fr","8":"product_tag-wet-palette-fr","10":"first","11":"outofstock","12":"taxable","13":"shipping-taxable","14":"purchasable","15":"product-type-simple"},"acf":[],"_links":{"self":[{"href":"https:\/\/www.redgrasscreative.com\/fr\/wp-json\/wp\/v2\/product\/209017","targetHints":{"allow":["GET"]}}],"collection":[{"href":"https:\/\/www.redgrasscreative.com\/fr\/wp-json\/wp\/v2\/product"}],"about":[{"href":"https:\/\/www.redgrasscreative.com\/fr\/wp-json\/wp\/v2\/types\/product"}],"replies":[{"embeddable":true,"href":"https:\/\/www.redgrasscreative.com\/fr\/wp-json\/wp\/v2\/comments?post=209017"}],"version-history":[{"count":0,"href":"https:\/\/www.redgrasscreative.com\/fr\/wp-json\/wp\/v2\/product\/209017\/revisions"}],"wp:attachment":[{"href":"https:\/\/www.redgrasscreative.com\/fr\/wp-json\/wp\/v2\/media?parent=209017"}],"wp:term":[{"taxonomy":"product_brand","embeddable":true,"href":"https:\/\/www.redgrasscreative.com\/fr\/wp-json\/wp\/v2\/product_brand?post=209017"},{"taxonomy":"product_cat","embeddable":true,"href":"https:\/\/www.redgrasscreative.com\/fr\/wp-json\/wp\/v2\/product_cat?post=209017"},{"taxonomy":"product_tag","embeddable":true,"href":"https:\/\/www.redgrasscreative.com\/fr\/wp-json\/wp\/v2\/product_tag?post=209017"}],"curies":[{"name":"wp","href":"https:\/\/api.w.org\/{rel}","templated":true}]}}