{"id":211126,"date":"2018-10-16T18:34:51","date_gmt":"2018-10-16T16:34:51","guid":{"rendered":"https:\/\/www.redgrasscreative.com\/product\/double-o\/"},"modified":"2026-04-11T17:19:55","modified_gmt":"2026-04-11T15:19:55","slug":"double-o","status":"publish","type":"product","link":"https:\/\/www.redgrasscreative.com\/fr\/produit\/double-o\/","title":{"rendered":"Pinceau : Taille 2\/0"},"content":{"rendered":"<h3 style=\"font-size: 18px;\">PEIGNEZ COMME UN PRO<\/h3>\n<p>Nous avons cr\u00e9\u00e9 les meilleurs pinceaux pour la peinture de miniature. Avec leurs pointes fines et leurs ventres larges, ils r\u00e9pondront \u00e0 tous vos besoins de peinture, avec les poils de martre naturelle les plus fins disponibles. Double 0 (taille 2\/0) est le pinceau parfait pour une pr\u00e9cision maximale. <\/p>\n","protected":false},"excerpt":{"rendered":"<ul>\n<li><strong>Parfait pour les yeux, les petits d\u00e9tails et plus encore<\/strong><\/li>\n<li><strong>Obtenez des lignes nettes sans effort<\/strong><\/li>\n<li><strong>Forme en aiguille<\/strong><\/li>\n<li><strong>Pointe effil\u00e9e pour un contr\u00f4le parfait<\/strong><\/li>\n<li><strong>Fabriqu\u00e9 en poils de martre naturelle<\/strong><\/li>\n<li><strong>Vendu dans un tube en plastique<\/strong><\/li>\n<\/ul>\n","protected":false},"featured_media":282602,"comment_status":"open","ping_status":"closed","template":"","meta":{"_acf_changed":false},"product_brand":[],"product_cat":[93,1235],"product_tag":[94],"class_list":{"0":"post-211126","1":"product","2":"type-product","3":"status-publish","4":"has-post-thumbnail","6":"product_cat-brush-fr","7":"product_cat-vente-au-detail","8":"product_tag-brush-fr","10":"first","11":"instock","12":"taxable","13":"shipping-taxable","14":"purchasable","15":"product-type-variable"},"acf":[],"_links":{"self":[{"href":"https:\/\/www.redgrasscreative.com\/fr\/wp-json\/wp\/v2\/product\/211126","targetHints":{"allow":["GET"]}}],"collection":[{"href":"https:\/\/www.redgrasscreative.com\/fr\/wp-json\/wp\/v2\/product"}],"about":[{"href":"https:\/\/www.redgrasscreative.com\/fr\/wp-json\/wp\/v2\/types\/product"}],"replies":[{"embeddable":true,"href":"https:\/\/www.redgrasscreative.com\/fr\/wp-json\/wp\/v2\/comments?post=211126"}],"version-history":[{"count":1,"href":"https:\/\/www.redgrasscreative.com\/fr\/wp-json\/wp\/v2\/product\/211126\/revisions"}],"predecessor-version":[{"id":395717,"href":"https:\/\/www.redgrasscreative.com\/fr\/wp-json\/wp\/v2\/product\/211126\/revisions\/395717"}],"wp:featuredmedia":[{"embeddable":true,"href":"https:\/\/www.redgrasscreative.com\/fr\/wp-json\/wp\/v2\/media\/282602"}],"wp:attachment":[{"href":"https:\/\/www.redgrasscreative.com\/fr\/wp-json\/wp\/v2\/media?parent=211126"}],"wp:term":[{"taxonomy":"product_brand","embeddable":true,"href":"https:\/\/www.redgrasscreative.com\/fr\/wp-json\/wp\/v2\/product_brand?post=211126"},{"taxonomy":"product_cat","embeddable":true,"href":"https:\/\/www.redgrasscreative.com\/fr\/wp-json\/wp\/v2\/product_cat?post=211126"},{"taxonomy":"product_tag","embeddable":true,"href":"https:\/\/www.redgrasscreative.com\/fr\/wp-json\/wp\/v2\/product_tag?post=211126"}],"curies":[{"name":"wp","href":"https:\/\/api.w.org\/{rel}","templated":true}]}}