{"id":334429,"date":"2021-06-10T15:01:22","date_gmt":"2021-06-10T13:01:22","guid":{"rendered":"https:\/\/www.redgrasscreative.com\/product\/painter-v2-wet-palette\/"},"modified":"2026-05-09T23:23:17","modified_gmt":"2026-05-09T21:23:17","slug":"painter-v2-wet-palette","status":"publish","type":"product","link":"https:\/\/www.redgrasscreative.com\/fr\/produit\/painter-v2-wet-palette\/","title":{"rendered":"Painter v2 Wet Palette"},"content":{"rendered":"<p>La meilleure palette humide pour miniatures est de retour, compl\u00e8tement transform\u00e9e avec une multitude de nouvelles fonctionnalit\u00e9s. Cela inclut le syst\u00e8me d\u2019hydratation incroyable. Premi\u00e8re membrane r\u00e9utilisable au monde.   Incroyable capacit\u00e9 d\u2019hydratation. Mousses plus \u00e9paisses. Un couvercle plus \u00e9tanche. Painter v2 est maintenant plus grand avec jusqu\u2019\u00e0 20% d\u2019espace de peinture en plus par rapport aux g\u00e9n\u00e9rations pr\u00e9c\u00e9dentes. Toutes ces fonctionnalit\u00e9s am\u00e9lioreront vos performances techniques en peinture.<\/p>\n<p>Ce qui est inclus :<\/p>\n<ul>\n<li class=\"list-disc\">Everlasting Wet Palette Painter v2 \u2013 Rouge Feu<\/li>\n<li class=\"list-disc\">15x Membranes R\u00e9utilisables Painter v2<\/li>\n<li class=\"list-disc\"><span class=\"bold\">2\u00d7<\/span> Painter v2 Hydration Foam<\/li>\n<\/ul>\n<p>WAVY2 ET SUPPORT DE POT DISPONIBLES S\u00c9PAR\u00c9MENT<\/p>\n","protected":false},"excerpt":{"rendered":"<p>La nouvelle taille standard \u00e9largie red\u00e9finie, facile \u00e0 ranger et \u00e0 transporter. Pour les espaces de travail de petite \u00e0 moyenne taille. Dimensions : 16,5 cm x 24 cm (6,5 \u00ab x 9,44 \u00bb).  <\/p>\n<p>Ce qui est inclus :<\/p>\n<ul>\n<li class=\"list-disc\">Everlasting Wet Palette Painter v2 &#8211; Rouge Feu<\/li>\n<li class=\"list-disc\">15x Membranes R\u00e9utilisables Painter v2<\/li>\n<li class=\"list-disc\"><span class=\"bold\">2\u00d7<\/span> Painter v2 Hydration Foam<\/li>\n<\/ul>\n","protected":false},"featured_media":336844,"comment_status":"open","ping_status":"closed","template":"","meta":{"_acf_changed":false},"product_brand":[],"product_cat":[82,806,803,1235],"product_tag":[804,84],"class_list":{"0":"post-334429","1":"product","2":"type-product","3":"status-publish","4":"has-post-thumbnail","6":"product_cat-everlasting-wet-palette-fr-2","7":"product_cat-everlasting-wet-palette-v2-series-fr","8":"product_cat-kickstarterv2-fr","9":"product_cat-vente-au-detail","10":"product_tag-best-fr","11":"product_tag-wet-palette-fr","13":"first","14":"instock","15":"taxable","16":"shipping-taxable","17":"purchasable","18":"product-type-variable"},"acf":[],"_links":{"self":[{"href":"https:\/\/www.redgrasscreative.com\/fr\/wp-json\/wp\/v2\/product\/334429","targetHints":{"allow":["GET"]}}],"collection":[{"href":"https:\/\/www.redgrasscreative.com\/fr\/wp-json\/wp\/v2\/product"}],"about":[{"href":"https:\/\/www.redgrasscreative.com\/fr\/wp-json\/wp\/v2\/types\/product"}],"replies":[{"embeddable":true,"href":"https:\/\/www.redgrasscreative.com\/fr\/wp-json\/wp\/v2\/comments?post=334429"}],"version-history":[{"count":2,"href":"https:\/\/www.redgrasscreative.com\/fr\/wp-json\/wp\/v2\/product\/334429\/revisions"}],"predecessor-version":[{"id":404702,"href":"https:\/\/www.redgrasscreative.com\/fr\/wp-json\/wp\/v2\/product\/334429\/revisions\/404702"}],"wp:featuredmedia":[{"embeddable":true,"href":"https:\/\/www.redgrasscreative.com\/fr\/wp-json\/wp\/v2\/media\/336844"}],"wp:attachment":[{"href":"https:\/\/www.redgrasscreative.com\/fr\/wp-json\/wp\/v2\/media?parent=334429"}],"wp:term":[{"taxonomy":"product_brand","embeddable":true,"href":"https:\/\/www.redgrasscreative.com\/fr\/wp-json\/wp\/v2\/product_brand?post=334429"},{"taxonomy":"product_cat","embeddable":true,"href":"https:\/\/www.redgrasscreative.com\/fr\/wp-json\/wp\/v2\/product_cat?post=334429"},{"taxonomy":"product_tag","embeddable":true,"href":"https:\/\/www.redgrasscreative.com\/fr\/wp-json\/wp\/v2\/product_tag?post=334429"}],"curies":[{"name":"wp","href":"https:\/\/api.w.org\/{rel}","templated":true}]}}