{"id":334430,"date":"2021-06-10T13:40:39","date_gmt":"2021-06-10T11:40:39","guid":{"rendered":"https:\/\/www.redgrasscreative.com\/product\/studio-v2-wet-palette\/"},"modified":"2026-03-26T02:15:57","modified_gmt":"2026-03-26T01:15:57","slug":"studio-v2-wet-palette","status":"publish","type":"product","link":"https:\/\/www.redgrasscreative.com\/fr\/produit\/studio-v2-wet-palette\/","title":{"rendered":"Studio XL v2 Wet Palette"},"content":{"rendered":"<p>La meilleure palette humide pour miniatures est de retour, compl\u00e8tement transform\u00e9e avec une multitude de nouvelles fonctionnalit\u00e9s. Cela inclut le syst\u00e8me d&rsquo;hydratation incroyable. Premi\u00e8re membrane r\u00e9utilisable au monde.   Incroyable capacit\u00e9 d&rsquo;hydratation. Mousses plus \u00e9paisses. Un couvercle plus \u00e9tanche. Studio v2 est le meilleur choix pour les peintres professionnels et les amateurs avanc\u00e9s. Toutes ces fonctionnalit\u00e9s am\u00e9lioreront vos performances techniques en peinture.<\/p>\n<p>Ce qui est inclus :<\/p>\n<ul>\n<li class=\"list-disc\">Everlasting Wet Palette Studio v2 &#8211; Ice Blue<\/li>\n<li class=\"list-disc\">15x Membranes R\u00e9utilisables Studio v2<\/li>\n<li class=\"list-disc\"><span class=\"bold\">2\u00d7<\/span> Mousses d&rsquo;Hydratation Studio v2<\/li>\n<\/ul>\n<p>WAVY2 ET SUPPORT DE POT DISPONIBLES S\u00c9PAR\u00c9MENT<\/p>\n","protected":false},"excerpt":{"rendered":"<p>La plus grande palette humide pour la peinture de miniatures. Pour les professionnels et les amateurs avanc\u00e9s. Taille : 20,5 cm x 30,5 cm (8&Prime; x 12&Prime;).  <\/p>\n<p>Ce qui est inclus :<\/p>\n<ul>\n<li class=\"list-disc\">Everlasting Wet Palette Studio v2 &#8211; Ice Blue<\/li>\n<li class=\"list-disc\">15x Membranes R\u00e9utilisables Studio v2<\/li>\n<li class=\"list-disc\"><span class=\"bold\">2\u00d7<\/span> Mousses d&rsquo;Hydratation Studio v2<\/li>\n<\/ul>\n","protected":false},"featured_media":336901,"comment_status":"open","ping_status":"closed","template":"","meta":{"_acf_changed":false},"product_brand":[],"product_cat":[82,806,803,1235],"product_tag":[84],"class_list":{"0":"post-334430","1":"product","2":"type-product","3":"status-publish","4":"has-post-thumbnail","6":"product_cat-everlasting-wet-palette-fr-2","7":"product_cat-everlasting-wet-palette-v2-series-fr","8":"product_cat-kickstarterv2-fr","9":"product_cat-vente-au-detail","10":"product_tag-wet-palette-fr","12":"first","13":"instock","14":"taxable","15":"shipping-taxable","16":"purchasable","17":"product-type-variable"},"acf":[],"_links":{"self":[{"href":"https:\/\/www.redgrasscreative.com\/fr\/wp-json\/wp\/v2\/product\/334430","targetHints":{"allow":["GET"]}}],"collection":[{"href":"https:\/\/www.redgrasscreative.com\/fr\/wp-json\/wp\/v2\/product"}],"about":[{"href":"https:\/\/www.redgrasscreative.com\/fr\/wp-json\/wp\/v2\/types\/product"}],"replies":[{"embeddable":true,"href":"https:\/\/www.redgrasscreative.com\/fr\/wp-json\/wp\/v2\/comments?post=334430"}],"version-history":[{"count":2,"href":"https:\/\/www.redgrasscreative.com\/fr\/wp-json\/wp\/v2\/product\/334430\/revisions"}],"predecessor-version":[{"id":398128,"href":"https:\/\/www.redgrasscreative.com\/fr\/wp-json\/wp\/v2\/product\/334430\/revisions\/398128"}],"wp:featuredmedia":[{"embeddable":true,"href":"https:\/\/www.redgrasscreative.com\/fr\/wp-json\/wp\/v2\/media\/336901"}],"wp:attachment":[{"href":"https:\/\/www.redgrasscreative.com\/fr\/wp-json\/wp\/v2\/media?parent=334430"}],"wp:term":[{"taxonomy":"product_brand","embeddable":true,"href":"https:\/\/www.redgrasscreative.com\/fr\/wp-json\/wp\/v2\/product_brand?post=334430"},{"taxonomy":"product_cat","embeddable":true,"href":"https:\/\/www.redgrasscreative.com\/fr\/wp-json\/wp\/v2\/product_cat?post=334430"},{"taxonomy":"product_tag","embeddable":true,"href":"https:\/\/www.redgrasscreative.com\/fr\/wp-json\/wp\/v2\/product_tag?post=334430"}],"curies":[{"name":"wp","href":"https:\/\/api.w.org\/{rel}","templated":true}]}}