{"id":336341,"date":"2022-06-29T15:49:45","date_gmt":"2022-06-29T13:49:45","guid":{"rendered":"https:\/\/www.redgrasscreative.com\/?post_type=product&#038;p=336341"},"modified":"2026-02-12T16:57:49","modified_gmt":"2026-02-12T15:57:49","slug":"50-x-feuilles-de-papier-dhydratation-painter-2","status":"publish","type":"product","link":"https:\/\/www.redgrasscreative.com\/fr\/produit\/50-x-feuilles-de-papier-dhydratation-painter-2\/","title":{"rendered":"50 x feuilles de papier d&rsquo;hydratation Painter"},"content":{"rendered":"<p>Nos feuilles de papier d\u2019hydratation\u00a0sont parfaites pour notre mousse. Elles collent dessus et ne cr\u00e9ent pas de bulles d\u2019air, ni ne se replient. <strong>100% du papier<\/strong> est en contact avec la mousse pour une <strong>parfaite hydratation<\/strong>. Elles ont \u00e9t\u00e9 particuli\u00e8rement s\u00e9lectionn\u00e9es afin d\u2019offrir la <strong>meilleure performance<\/strong> avec la peinture de hobby.<\/p>\n","protected":false},"excerpt":{"rendered":"<p>Nos feuilles de papier d\u2019hydratation\u00a0sont parfaites pour notre mousse. Elles collent dessus et ne cr\u00e9ent pas de bulles d\u2019air, ni ne se replient. 100% du papier est en contact avec la mousse pour une parfaite hydratation. Elles ont \u00e9t\u00e9 particuli\u00e8rement s\u00e9lectionn\u00e9es afin d\u2019offrir la meilleure performance avec la peinture de hobby.<\/p>\n","protected":false},"featured_media":336345,"comment_status":"open","ping_status":"closed","template":"","meta":{"_acf_changed":false},"product_brand":[],"product_cat":[85,742,976,1235],"product_tag":[86,83,84],"class_list":{"0":"post-336341","1":"product","2":"type-product","3":"status-publish","4":"has-post-thumbnail","6":"product_cat-accessoires-fr","7":"product_cat-black-friday-fr","8":"product_cat-recharges-pour-palette-humide-everlasting","9":"product_cat-vente-au-detail","10":"product_tag-accessories-fr","11":"product_tag-everlasting-fr","12":"product_tag-wet-palette-fr","14":"first","15":"instock","16":"taxable","17":"shipping-taxable","18":"purchasable","19":"product-type-variable"},"acf":[],"_links":{"self":[{"href":"https:\/\/www.redgrasscreative.com\/fr\/wp-json\/wp\/v2\/product\/336341","targetHints":{"allow":["GET"]}}],"collection":[{"href":"https:\/\/www.redgrasscreative.com\/fr\/wp-json\/wp\/v2\/product"}],"about":[{"href":"https:\/\/www.redgrasscreative.com\/fr\/wp-json\/wp\/v2\/types\/product"}],"replies":[{"embeddable":true,"href":"https:\/\/www.redgrasscreative.com\/fr\/wp-json\/wp\/v2\/comments?post=336341"}],"version-history":[{"count":0,"href":"https:\/\/www.redgrasscreative.com\/fr\/wp-json\/wp\/v2\/product\/336341\/revisions"}],"wp:featuredmedia":[{"embeddable":true,"href":"https:\/\/www.redgrasscreative.com\/fr\/wp-json\/wp\/v2\/media\/336345"}],"wp:attachment":[{"href":"https:\/\/www.redgrasscreative.com\/fr\/wp-json\/wp\/v2\/media?parent=336341"}],"wp:term":[{"taxonomy":"product_brand","embeddable":true,"href":"https:\/\/www.redgrasscreative.com\/fr\/wp-json\/wp\/v2\/product_brand?post=336341"},{"taxonomy":"product_cat","embeddable":true,"href":"https:\/\/www.redgrasscreative.com\/fr\/wp-json\/wp\/v2\/product_cat?post=336341"},{"taxonomy":"product_tag","embeddable":true,"href":"https:\/\/www.redgrasscreative.com\/fr\/wp-json\/wp\/v2\/product_tag?post=336341"}],"curies":[{"name":"wp","href":"https:\/\/api.w.org\/{rel}","templated":true}]}}