{"id":384484,"date":"2023-09-06T11:55:29","date_gmt":"2023-09-06T09:55:29","guid":{"rendered":"https:\/\/www.redgrasscreative.com\/product\/pince-pour-redgrass-r9\/"},"modified":"2026-03-10T12:31:51","modified_gmt":"2026-03-10T11:31:51","slug":"pince-pour-redgrass-r9","status":"publish","type":"product","link":"https:\/\/www.redgrasscreative.com\/fr\/produit\/pince-pour-redgrass-r9\/","title":{"rendered":"Redgrass R9 Clamp"},"content":{"rendered":"<p>Une pince suppl\u00e9mentaire pour notre Redgrass R9 Desk Lamp. Fabriqu\u00e9e en aluminium moul\u00e9, avec une extension g\u00e9n\u00e9reuse allant jusqu&rsquo;\u00e0 71 mm (2,8 pouces), elle peut \u00eatre fix\u00e9e \u00e0 la plupart des bureaux et \u00e9tablis. <\/p>\n","protected":false},"excerpt":{"rendered":"<p>Une pince suppl\u00e9mentaire pour notre Redgrass R9 Desk Lamp. Fabriqu\u00e9e en aluminium moul\u00e9, avec une extension g\u00e9n\u00e9reuse allant jusqu&rsquo;\u00e0 71 mm (2,8 pouces), elle peut \u00eatre fix\u00e9e \u00e0 la plupart des bureaux et \u00e9tablis. <\/p>\n","protected":false},"featured_media":365330,"comment_status":"open","ping_status":"closed","template":"","meta":{"_acf_changed":false},"product_brand":[],"product_cat":[918,914],"product_tag":[],"class_list":{"0":"post-384484","1":"product","2":"type-product","3":"status-publish","4":"has-post-thumbnail","6":"product_cat-exporter","7":"product_cat-luminaires","9":"first","10":"instock","11":"taxable","12":"shipping-taxable","13":"purchasable","14":"product-type-variable"},"acf":[],"_links":{"self":[{"href":"https:\/\/www.redgrasscreative.com\/fr\/wp-json\/wp\/v2\/product\/384484","targetHints":{"allow":["GET"]}}],"collection":[{"href":"https:\/\/www.redgrasscreative.com\/fr\/wp-json\/wp\/v2\/product"}],"about":[{"href":"https:\/\/www.redgrasscreative.com\/fr\/wp-json\/wp\/v2\/types\/product"}],"replies":[{"embeddable":true,"href":"https:\/\/www.redgrasscreative.com\/fr\/wp-json\/wp\/v2\/comments?post=384484"}],"version-history":[{"count":1,"href":"https:\/\/www.redgrasscreative.com\/fr\/wp-json\/wp\/v2\/product\/384484\/revisions"}],"predecessor-version":[{"id":395838,"href":"https:\/\/www.redgrasscreative.com\/fr\/wp-json\/wp\/v2\/product\/384484\/revisions\/395838"}],"wp:featuredmedia":[{"embeddable":true,"href":"https:\/\/www.redgrasscreative.com\/fr\/wp-json\/wp\/v2\/media\/365330"}],"wp:attachment":[{"href":"https:\/\/www.redgrasscreative.com\/fr\/wp-json\/wp\/v2\/media?parent=384484"}],"wp:term":[{"taxonomy":"product_brand","embeddable":true,"href":"https:\/\/www.redgrasscreative.com\/fr\/wp-json\/wp\/v2\/product_brand?post=384484"},{"taxonomy":"product_cat","embeddable":true,"href":"https:\/\/www.redgrasscreative.com\/fr\/wp-json\/wp\/v2\/product_cat?post=384484"},{"taxonomy":"product_tag","embeddable":true,"href":"https:\/\/www.redgrasscreative.com\/fr\/wp-json\/wp\/v2\/product_tag?post=384484"}],"curies":[{"name":"wp","href":"https:\/\/api.w.org\/{rel}","templated":true}]}}