{"id":384486,"date":"2023-03-20T15:41:00","date_gmt":"2023-03-20T14:41:00","guid":{"rendered":"https:\/\/www.redgrasscreative.com\/product\/4x-capuchons-interchangeables-pour-poignee-de-peinture-rgg360\/"},"modified":"2026-01-05T22:46:36","modified_gmt":"2026-01-05T21:46:36","slug":"4x-capuchons-interchangeables-pour-poignee-de-peinture-rgg360","status":"publish","type":"product","link":"https:\/\/www.redgrasscreative.com\/fr\/produit\/4x-capuchons-interchangeables-pour-poignee-de-peinture-rgg360\/","title":{"rendered":"4 capuchons interchangeables pour RGG360 Painting Handle"},"content":{"rendered":"<p>4 embouts interchangeables pour le support de figurines miniatures RGG360\u00b0 V2.<br \/>\n\u00c9changez vos figurines miniatures \u00e0 volont\u00e9, sans les toucher. Acc\u00e9l\u00e9rez votre peinture en s\u00e9rie. <\/p>\n<p>Chaque paquet contient 4 embouts suppl\u00e9mentaires pour le RGG360\u00b0<\/p>\n","protected":false},"excerpt":{"rendered":"<div class=\"serp-preview\">\n<div class=\"serp-preview-wrapper\">\n<div class=\"serp-preview-body\" tabindex=\"0\" role=\"button\">\n<div class=\"group\">\n<div class=\"serp-description\">4 capuchons interchangeables pour le support de miniatures RGG360\u00b0 V2. \u00c9changez vos miniatures \u00e0 volont\u00e9, sans les toucher. Acc\u00e9l\u00e9rez votre peinture en s\u00e9rie.  <\/div>\n<\/div>\n<\/div>\n<\/div>\n<\/div>\n","protected":false},"featured_media":388946,"comment_status":"open","ping_status":"closed","template":"","meta":{"_acf_changed":false},"product_brand":[],"product_cat":[742,181,1235],"product_tag":[],"class_list":{"0":"post-384486","1":"product","2":"type-product","3":"status-publish","4":"has-post-thumbnail","6":"product_cat-black-friday-fr","7":"product_cat-rgg-360-miniature-handle","8":"product_cat-vente-au-detail","10":"first","11":"instock","12":"taxable","13":"shipping-taxable","14":"purchasable","15":"product-type-variable"},"acf":[],"_links":{"self":[{"href":"https:\/\/www.redgrasscreative.com\/fr\/wp-json\/wp\/v2\/product\/384486","targetHints":{"allow":["GET"]}}],"collection":[{"href":"https:\/\/www.redgrasscreative.com\/fr\/wp-json\/wp\/v2\/product"}],"about":[{"href":"https:\/\/www.redgrasscreative.com\/fr\/wp-json\/wp\/v2\/types\/product"}],"replies":[{"embeddable":true,"href":"https:\/\/www.redgrasscreative.com\/fr\/wp-json\/wp\/v2\/comments?post=384486"}],"version-history":[{"count":2,"href":"https:\/\/www.redgrasscreative.com\/fr\/wp-json\/wp\/v2\/product\/384486\/revisions"}],"predecessor-version":[{"id":404645,"href":"https:\/\/www.redgrasscreative.com\/fr\/wp-json\/wp\/v2\/product\/384486\/revisions\/404645"}],"wp:featuredmedia":[{"embeddable":true,"href":"https:\/\/www.redgrasscreative.com\/fr\/wp-json\/wp\/v2\/media\/388946"}],"wp:attachment":[{"href":"https:\/\/www.redgrasscreative.com\/fr\/wp-json\/wp\/v2\/media?parent=384486"}],"wp:term":[{"taxonomy":"product_brand","embeddable":true,"href":"https:\/\/www.redgrasscreative.com\/fr\/wp-json\/wp\/v2\/product_brand?post=384486"},{"taxonomy":"product_cat","embeddable":true,"href":"https:\/\/www.redgrasscreative.com\/fr\/wp-json\/wp\/v2\/product_cat?post=384486"},{"taxonomy":"product_tag","embeddable":true,"href":"https:\/\/www.redgrasscreative.com\/fr\/wp-json\/wp\/v2\/product_tag?post=384486"}],"curies":[{"name":"wp","href":"https:\/\/api.w.org\/{rel}","templated":true}]}}