{"id":384488,"date":"2022-01-10T23:20:50","date_gmt":"2022-01-10T22:20:50","guid":{"rendered":"https:\/\/www.redgrasscreative.com\/product\/tapis-de-peinture-rgg-a2-resistant-aux-coupures\/"},"modified":"2025-02-28T15:39:12","modified_gmt":"2025-02-28T14:39:12","slug":"tapis-de-peinture-rgg-a2-resistant-aux-coupures","status":"publish","type":"product","link":"https:\/\/www.redgrasscreative.com\/fr\/produit\/tapis-de-peinture-rgg-a2-resistant-aux-coupures\/","title":{"rendered":"RGG Painting Mat A2- R\u00e9sistant aux coupures"},"content":{"rendered":"<p>RGG Painting Mat A2- R\u00e9sistant aux coupures<\/p>\n<p>Prot\u00e9gez votre bureau avec le tapis de d\u00e9coupe et de peinture Redgrassgames pour la peinture sur figurines . Ce tapis de peinture sur mesure est disponible en gris neutre pour vous aider \u00e0 vous concentrer sur votre s\u00e9ance de peinture. Disponible en format A2, il inclut juste la bonne quantit\u00e9 de guides utiles. Des v\u00e9rificateurs de socles ronds et carr\u00e9s, des taux de dilution pour les d\u00e9butants, une r\u00e8gle en pouces\/cm et la roue de couleur Redgrass ! C\u2019est aussi votre tapis de d\u00e9coupe id\u00e9al pour tous vos hobbys. Auto-cicatrisant mais aussi double face, il vous servira longtemps.<\/p>\n","protected":false},"excerpt":{"rendered":"<p>Prot\u00e9gez votre bureau avec le tapis de d\u00e9coupe et de peinture Redgrassgames pour la peinture de miniatures.<\/p>\n<p>Taille : format A2 42 x 59,4 cm \/ 16,5 x 23,4 in<\/p>\n<p>1 x Roue chromatique incluse.<\/p>\n","protected":false},"featured_media":371060,"comment_status":"open","ping_status":"closed","template":"","meta":{"_acf_changed":false},"product_brand":[],"product_cat":[135,1235],"product_tag":[],"class_list":{"0":"post-384488","1":"product","2":"type-product","3":"status-publish","4":"has-post-thumbnail","6":"product_cat-outils","7":"product_cat-vente-au-detail","9":"first","10":"outofstock","11":"taxable","12":"shipping-taxable","13":"purchasable","14":"product-type-variable"},"acf":[],"_links":{"self":[{"href":"https:\/\/www.redgrasscreative.com\/fr\/wp-json\/wp\/v2\/product\/384488","targetHints":{"allow":["GET"]}}],"collection":[{"href":"https:\/\/www.redgrasscreative.com\/fr\/wp-json\/wp\/v2\/product"}],"about":[{"href":"https:\/\/www.redgrasscreative.com\/fr\/wp-json\/wp\/v2\/types\/product"}],"replies":[{"embeddable":true,"href":"https:\/\/www.redgrasscreative.com\/fr\/wp-json\/wp\/v2\/comments?post=384488"}],"version-history":[{"count":3,"href":"https:\/\/www.redgrasscreative.com\/fr\/wp-json\/wp\/v2\/product\/384488\/revisions"}],"predecessor-version":[{"id":404644,"href":"https:\/\/www.redgrasscreative.com\/fr\/wp-json\/wp\/v2\/product\/384488\/revisions\/404644"}],"wp:featuredmedia":[{"embeddable":true,"href":"https:\/\/www.redgrasscreative.com\/fr\/wp-json\/wp\/v2\/media\/371060"}],"wp:attachment":[{"href":"https:\/\/www.redgrasscreative.com\/fr\/wp-json\/wp\/v2\/media?parent=384488"}],"wp:term":[{"taxonomy":"product_brand","embeddable":true,"href":"https:\/\/www.redgrasscreative.com\/fr\/wp-json\/wp\/v2\/product_brand?post=384488"},{"taxonomy":"product_cat","embeddable":true,"href":"https:\/\/www.redgrasscreative.com\/fr\/wp-json\/wp\/v2\/product_cat?post=384488"},{"taxonomy":"product_tag","embeddable":true,"href":"https:\/\/www.redgrasscreative.com\/fr\/wp-json\/wp\/v2\/product_tag?post=384488"}],"curies":[{"name":"wp","href":"https:\/\/api.w.org\/{rel}","templated":true}]}}