{"id":384490,"date":"2021-10-22T11:58:44","date_gmt":"2021-10-22T09:58:44","guid":{"rendered":"https:\/\/www.redgrasscreative.com\/product\/palette-en-verre-rgg-painter-v2\/"},"modified":"2026-01-12T11:55:48","modified_gmt":"2026-01-12T10:55:48","slug":"palette-en-verre-rgg-painter-v2","status":"publish","type":"product","link":"https:\/\/www.redgrasscreative.com\/fr\/produit\/palette-en-verre-rgg-painter-v2\/","title":{"rendered":"RGG Glass Palette &#8211; Painter v2"},"content":{"rendered":"<p>Palette en verre RGG pour Painter v2 !<\/p>\n<p>Les peintures \u00e0 l\u2019huile offrent un ensemble unique de caract\u00e9ristiques et de r\u00e9compenses pour les peintres de miniatures. Elles peuvent \u00eatre travaill\u00e9es pendant longtemps pour cr\u00e9er facilement des effets avanc\u00e9s, tels que le superposition et le m\u00e9lange lisse. <\/p>\n<p>Nous avons con\u00e7u un insert en plaque de verre, vous permettant ainsi de transformer votre palette humide RGG en une palette s\u00e8che. Celle-ci est id\u00e9ale pour la peinture \u00e0 l\u2019huile et les techniques de vieillissement. Lorsqu\u2019elle est herm\u00e9tiquement ferm\u00e9e dans notre bo\u00eetier Painter v2, elle pr\u00e9servera la fra\u00eecheur de vos peintures \u00e0 l\u2019huile plus longtemps. Vos peintures seront pr\u00eates \u00e0 l\u2019emploi o\u00f9 que vous soyez et \u00e0 tout moment.   <\/p>\n<p>Cette palette s\u00e8che vous servira de mani\u00e8re fiable pendant une longue p\u00e9riode. La palette est fabriqu\u00e9e en verre tremp\u00e9, avec des bords biseaut\u00e9s et des coins arrondis pour une manipulation ais\u00e9e et s\u00e9curis\u00e9e. Le fond gris neutre vous offrira la meilleure perception des couleurs. La surface elle-m\u00eame peut \u00eatre nettoy\u00e9e facilement. Quatre pieds durables assureront sa stabilit\u00e9.    <\/p>\n<p>La palette en verre RGG Painter v2, compatible avec Painter v2, offrira une surface de travail de 225 x 150 mm (8,8 \u00ab x 5,9 \u00bb).<\/p>\n<p>Contenu de la bo\u00eete :<\/p>\n<ul>\n<li>RGG Glass Palette pour Painter v2 \u2013 Gris Naturel<\/li>\n<li>4 pieds en caoutchouc<\/li>\n<\/ul>\n","protected":false},"excerpt":{"rendered":"<p>La palette en verre RGG Painter v2 offrira une surface de plus de 225 x 150 mm (8,8 \u00ab x 5,9 \u00bb).<\/p>\n<p>Compatible avec nos bo\u00eetiers Painter v2, pour pr\u00e9server vos peintures en toute s\u00e9curit\u00e9 et pendant une longue p\u00e9riode lorsqu&rsquo;elle est ferm\u00e9e.<\/p>\n<p>Fabriqu\u00e9e en verre tremp\u00e9, avec des bords biseaut\u00e9s et des coins arrondis pour une manipulation ais\u00e9e et s\u00e9curis\u00e9e, cette palette s\u00e8che vous servira de mani\u00e8re fiable pendant une longue p\u00e9riode.<\/p>\n<p>Sp\u00e9cialement con\u00e7ue pour les peintures \u00e0 l&rsquo;huile, elle est \u00e9galement compatible avec les acryliques lorsque vous devez travailler avec des techniques s\u00e8ches.<\/p>\n<p>Le fond gris neutre que nous utilisons vous donnera la meilleure perception des couleurs.<\/p>\n<p>La surface elle-m\u00eame peut \u00eatre facilement nettoy\u00e9e. 4 pieds en caoutchouc la maintiendront stable. <\/p>\n","protected":false},"featured_media":311857,"comment_status":"open","ping_status":"closed","template":"","meta":{"_acf_changed":false},"product_brand":[],"product_cat":[742,917,1235],"product_tag":[],"class_list":{"0":"post-384490","1":"product","2":"type-product","3":"status-publish","4":"has-post-thumbnail","6":"product_cat-black-friday-fr","7":"product_cat-palette-en-verre","8":"product_cat-vente-au-detail","10":"first","11":"instock","12":"taxable","13":"shipping-taxable","14":"purchasable","15":"product-type-variable"},"acf":[],"_links":{"self":[{"href":"https:\/\/www.redgrasscreative.com\/fr\/wp-json\/wp\/v2\/product\/384490","targetHints":{"allow":["GET"]}}],"collection":[{"href":"https:\/\/www.redgrasscreative.com\/fr\/wp-json\/wp\/v2\/product"}],"about":[{"href":"https:\/\/www.redgrasscreative.com\/fr\/wp-json\/wp\/v2\/types\/product"}],"replies":[{"embeddable":true,"href":"https:\/\/www.redgrasscreative.com\/fr\/wp-json\/wp\/v2\/comments?post=384490"}],"version-history":[{"count":3,"href":"https:\/\/www.redgrasscreative.com\/fr\/wp-json\/wp\/v2\/product\/384490\/revisions"}],"predecessor-version":[{"id":404699,"href":"https:\/\/www.redgrasscreative.com\/fr\/wp-json\/wp\/v2\/product\/384490\/revisions\/404699"}],"wp:featuredmedia":[{"embeddable":true,"href":"https:\/\/www.redgrasscreative.com\/fr\/wp-json\/wp\/v2\/media\/311857"}],"wp:attachment":[{"href":"https:\/\/www.redgrasscreative.com\/fr\/wp-json\/wp\/v2\/media?parent=384490"}],"wp:term":[{"taxonomy":"product_brand","embeddable":true,"href":"https:\/\/www.redgrasscreative.com\/fr\/wp-json\/wp\/v2\/product_brand?post=384490"},{"taxonomy":"product_cat","embeddable":true,"href":"https:\/\/www.redgrasscreative.com\/fr\/wp-json\/wp\/v2\/product_cat?post=384490"},{"taxonomy":"product_tag","embeddable":true,"href":"https:\/\/www.redgrasscreative.com\/fr\/wp-json\/wp\/v2\/product_tag?post=384490"}],"curies":[{"name":"wp","href":"https:\/\/api.w.org\/{rel}","templated":true}]}}